{"id":3533,"date":"2022-07-07T08:52:30","date_gmt":"2022-07-07T06:52:30","guid":{"rendered":"https:\/\/www.corteco.com\/impressum\/"},"modified":"2026-02-03T13:50:42","modified_gmt":"2026-02-03T12:50:42","slug":"impressum","status":"publish","type":"page","link":"https:\/\/www.corteco.com\/de\/impressum\/","title":{"rendered":"Impressum"},"content":{"rendered":"\n<section class=\"wp-block-custom-container alignwide block-content  block-content--spacing-top block-content--spacing-bottom block-content--margin-top\"><style>.block-content{position:relative}.block-content--spacing-top{padding-top:5rem}@media (min-width: 992px){.block-content--spacing-top{padding-top:9rem}}.block-content--spacing-bottom{padding-bottom:5rem}@media (min-width: 992px){.block-content--spacing-bottom{padding-bottom:9rem}}.block-content--margin-top{margin-top:5rem}@media (min-width: 992px){.block-content--margin-top{margin-top:9rem}}.block-content--margin-bottom{margin-bottom:5rem}@media (min-width: 992px){.block-content--margin-bottom{margin-bottom:9rem}}.block-content .container{position:relative;z-index:1}.block-content .container--full{padding:0}.block-content .container-overlay{position:absolute;z-index:0;top:0;right:0;bottom:0;left:0}\n<\/style><div class=\"container container--wide\"><div class=\"container__body\">\n<h1 class=\"wp-block-heading\" id=\"cc-m-header-5545516462\">Impressum<\/h1>\n\n\n\n<p>Corteco GmbH<br>Im Tiefgewann 4<br>69469 Weinheim<br>Deutschland<\/p>\n\n\n\n<p>Telefon: +49 (0) 6201 25 96 4-0<br>E-Mail: <a href=\"javascript:linkTo_UnCryptMailto('jxfiql7pbosfzbXzloqbzl+ab');\">service@corteco.de<\/a><br>Internet: <a href=\"http:\/\/www.corteco.com\/\" target=\"_blank\" rel=\"noreferrer noopener\">www.corteco.com<\/a><\/p>\n\n\n\n<p>Verantwortlich f\u00fcr den Inhalt gem\u00e4\u00df \u00a7 55 Abs. 2 RStV:<br>Kerstin Borrs<br>Alexander J\u00f6rn<\/p>\n\n\n\n<p><br><strong>Rechtlicher Hinweis<\/strong><br>Die folgenden rechtlichen Hinweise regeln den Zugang zu und die Nutzung unserer Website. Bitte lesen Sie die nachstehenden Bedingungen sorgf\u00e4ltig durch, denn mit der Nutzung dieser Website erkl\u00e4ren Sie sich mit diesen Bedingungen in ihrer jeweils g\u00fcltigen Form einverstanden.<br><br><strong>Gesch\u00e4ftsf\u00fchrung<\/strong><br>Kerstin Borrs<br>Alexander J\u00f6rn<br><br><strong>Handelsregister\/ Registernummer<\/strong><br>Registergericht: Amtsgericht Mannheim<br>Registernummer: HRB 432465<br>Umsatzsteuer-Identifikationsnummer: DE 812054877<br><br><strong>Copyright<\/strong><br>Corteco GmbH, Weinheim, Deutschland<\/p>\n\n\n\n<p>Die Verwendung und Vervielf\u00e4ltigung von Texten oder Bildern aus dieser Website ist nur mit ausdr\u00fccklicher vorheriger Zustimmung der Corteco GmbH gestattet.<\/p>\n\n\n\n<p>Wir aktualisieren und \u00fcberwachen den Inhalt dieser Website st\u00e4ndig. Wir \u00fcbernehmen keine Haftung oder Garantie f\u00fcr die Aktualit\u00e4t, Korrektheit und Vollst\u00e4ndigkeit der ver\u00f6ffentlichten Informationen.<br>Dies gilt auch f\u00fcr die Websites, zu denen wir Hyperlinks eingerichtet haben. Corteco GmbH ist nicht verantwortlich f\u00fcr den Inhalt dieser Websites.<\/p>\n\n\n\n<p><\/p>\n\n\n\n<div class=\"wp-block-custom-spacing spacing-element spacing-mobile--small spacing-tablet--small spacing-small-desktop--small spacing-desktop--small\"><\/div>\n\n\n\n<div class=\"wp-block-custom-spacing spacing-element spacing-mobile--small spacing-tablet--small spacing-small-desktop--small spacing-desktop--small\"><\/div>\n\n\n\n<div class=\"wp-block-custom-spacing spacing-element spacing-mobile--small spacing-tablet--small spacing-small-desktop--small spacing-desktop--small\"><\/div>\n<\/div><\/div><\/section>\n","protected":false},"excerpt":{"rendered":"","protected":false},"author":1,"featured_media":0,"parent":0,"menu_order":0,"comment_status":"closed","ping_status":"closed","template":"","meta":{"_acf_changed":false,"footnotes":""},"class_list":["post-3533","page","type-page","status-publish","hentry"],"acf":[],"_links":{"self":[{"href":"https:\/\/www.corteco.com\/de\/wp-json\/wp\/v2\/pages\/3533","targetHints":{"allow":["GET"]}}],"collection":[{"href":"https:\/\/www.corteco.com\/de\/wp-json\/wp\/v2\/pages"}],"about":[{"href":"https:\/\/www.corteco.com\/de\/wp-json\/wp\/v2\/types\/page"}],"author":[{"embeddable":true,"href":"https:\/\/www.corteco.com\/de\/wp-json\/wp\/v2\/users\/1"}],"replies":[{"embeddable":true,"href":"https:\/\/www.corteco.com\/de\/wp-json\/wp\/v2\/comments?post=3533"}],"version-history":[{"count":16,"href":"https:\/\/www.corteco.com\/de\/wp-json\/wp\/v2\/pages\/3533\/revisions"}],"predecessor-version":[{"id":12107,"href":"https:\/\/www.corteco.com\/de\/wp-json\/wp\/v2\/pages\/3533\/revisions\/12107"}],"wp:attachment":[{"href":"https:\/\/www.corteco.com\/de\/wp-json\/wp\/v2\/media?parent=3533"}],"curies":[{"name":"wp","href":"https:\/\/api.w.org\/{rel}","templated":true}]}}