{"id":3581,"date":"2022-07-07T08:53:10","date_gmt":"2022-07-07T06:53:10","guid":{"rendered":"https:\/\/www.corteco.com\/datensicherheit\/"},"modified":"2025-11-03T15:06:15","modified_gmt":"2025-11-03T14:06:15","slug":"datensicherheit","status":"publish","type":"page","link":"https:\/\/www.corteco.com\/de\/datensicherheit\/","title":{"rendered":"Datensicherheit"},"content":{"rendered":"\n<section class=\"wp-block-custom-container alignwide block-content  block-content--spacing-top block-content--spacing-bottom block-content--margin-top\"><style>.block-content{position:relative}.block-content--spacing-top{padding-top:5rem}@media (min-width: 992px){.block-content--spacing-top{padding-top:9rem}}.block-content--spacing-bottom{padding-bottom:5rem}@media (min-width: 992px){.block-content--spacing-bottom{padding-bottom:9rem}}.block-content--margin-top{margin-top:5rem}@media (min-width: 992px){.block-content--margin-top{margin-top:9rem}}.block-content--margin-bottom{margin-bottom:5rem}@media (min-width: 992px){.block-content--margin-bottom{margin-bottom:9rem}}.block-content .container{position:relative;z-index:1}.block-content .container--full{padding:0}.block-content .container-overlay{position:absolute;z-index:0;top:0;right:0;bottom:0;left:0}\n<\/style><div class=\"container container--wide\"><div class=\"container__body\">\n<h1 class=\"wp-block-heading\">DATENSCHUTZERKL\u00c4RUNG<\/h1>\n<\/div><\/div><\/section>\n\n\n\n<section class=\"wp-block-custom-container alignwide block-content  block-content--spacing-bottom block-content--margin-bottom\"><div class=\"container container--wide\"><div class=\"container__body\">\n<p>1. Information \u00fcber die Erhebung personenbezogener Daten<\/p>\n\n\n\n<p>Wir freuen uns \u00fcber Ihren Besuch auf unserer Web-Site und \u00fcber Ihr Interesse an unserem Unternehmen. Den Schutz Ihrer pers\u00f6nlichen Daten nehmen wir sehr ernst. Wir m\u00f6chten, dass Sie sich beim Besuch auf unseren Internetseiten wohl und sicher f\u00fchlen. Wir verarbeiten pers\u00f6nliche Daten gem\u00e4\u00df den datenschutzrechtlichen Bestimmungen des Landes, indem die verantwortliche Stelle ihren Sitz hat. Diese Erkl\u00e4rung zum Datenschutz gilt nur f\u00fcr die Webseite von Corteco GmbH und nicht f\u00fcr Webseiten, auf die evtl. verlinkt wird.<\/p>\n\n\n\n<p>Im Folgenden informieren wir \u00fcber die Erhebung personenbezogener Daten bei Nutzung unserer Website. Personenbezogene Daten sind alle Daten, die auf Sie pers\u00f6nlich beziehbar sind, z.\u2009B. Name, Adresse, E-Mail-Adressen, Nutzerverhalten.<\/p>\n\n\n\n<p>1. Verantwortlicher gem. Art. 4 Abs. 7 EU-Datenschutz-Grundverordnung (DS-GVO) ist<\/p>\n\n\n\n<ol class=\"wp-block-list\" type=\"1\">\n<li><\/li>\n<\/ol>\n\n\n\n<p>Corteco GmbH<br>Badener Str. 4<br>69493 Hirschberg<br>Deutschland<\/p>\n\n\n\n<p>Tel: +49 6201 25964 0<br>Fax: +49 6201 25964-11<br>E-Mail:&nbsp;<a href=\"javascript:linkTo_UnCryptMailto('jxfiql7pbosfzbXzloqbzl+ab');\">service@corteco.de<\/a>&nbsp;<\/p>\n\n\n\n<p>2. Unseren Datenschutzbeauftragten erreichen Sie unter:<\/p>\n\n\n\n<p>legitimis GmbH<br>Ball 1<br>51429 Bergisch Gladbach<\/p>\n\n\n\n<p>datenschutz-corteco@legitimis.com<br>Telefon: +49 2202 28 941-0<\/p>\n\n\n\n<p>3. Bei Ihrer Kontaktaufnahme mit uns per E-Mail oder \u00fcber ein Kontaktformular werden die von Ihnen mitgeteilten Daten (Ihre E-Mail-Adresse, ggf. Ihr Name und Ihre Telefonnummer) von uns gespeichert, um Ihre Fragen zu beantworten. Die in diesem Zusammenhang anfallenden Daten l\u00f6schen wir, nachdem die Speicherung nicht mehr erforderlich ist, oder schr\u00e4nken die Verarbeitung ein, falls gesetzliche Aufbewahrungspflichten bestehen.<\/p>\n\n\n\n<p>Falls wir f\u00fcr einzelne Funktionen unseres Angebots auf beauftragte Dienstleister zur\u00fcckgreifen oder Ihre Daten f\u00fcr werbliche Zwecke nutzen m\u00f6chten, werden wir Sie untenstehend im Detail \u00fcber die jeweiligen Vorg\u00e4nge informieren. Dabei nennen wir auch die festgelegten Kriterien der Speicherdauer.<\/p>\n\n\n\n<p>4. Ihre Rechte<\/p>\n\n\n\n<p>Sie haben gegen\u00fcber uns folgende Rechte hinsichtlich der Sie betreffenden personenbezogenen Daten:<\/p>\n\n\n\n<ul class=\"wp-block-list\">\n<li>Recht auf Auskunft,<\/li>\n\n\n\n<li>Recht auf Berichtigung oder L\u00f6schung,<\/li>\n\n\n\n<li>Recht auf Einschr\u00e4nkung der Verarbeitung,<\/li>\n\n\n\n<li>Recht auf Widerspruch gegen die Verarbeitung,<\/li>\n\n\n\n<li>Recht auf Daten\u00fcbertragbarkeit.<\/li>\n<\/ul>\n\n\n\n<p>Sie haben zudem das Recht, sich bei einer Datenschutz-Aufsichtsbeh\u00f6rde \u00fcber die Verarbeitung Ihrer personenbezogenen Daten durch uns zu beschweren. Eine \u00dcbersicht der Landesaufsichtsbeh\u00f6rden finden Sie hier: <a href=\"https:\/\/www.bfdi.bund.de\/DE\/Service\/Anschriften\/Laender\/Laender-node.html\" target=\"_blank\" rel=\"noopener\">https:\/\/www.bfdi.bund.de\/DE\/Service\/Anschriften\/Laender\/Laender-node.html<\/a>.<\/p>\n\n\n\n<p>5. Erhebung personenbezogener Daten bei Besuch unserer Website<\/p>\n\n\n\n<p>Bei der blo\u00df informatorischen Nutzung der Website, also wenn Sie sich nicht registrieren oder uns anderweitig Informationen \u00fcbermitteln, erheben wir nur die personenbezogenen Daten, die Ihr Browser an unseren Server \u00fcbermittelt. Wenn Sie unsere Website betrachten m\u00f6chten, erheben wir die folgenden Daten, die f\u00fcr uns technisch erforderlich sind, um Ihnen unsere Website anzuzeigen und die Stabilit\u00e4t und Sicherheit zu gew\u00e4hrleisten (Rechtsgrundlage ist Art. 6 Abs. 1 S. 1 lit. f DS-GVO):<\/p>\n\n\n\n<ul class=\"wp-block-list\">\n<li>IP-Adresse<\/li>\n\n\n\n<li>Datum und Uhrzeit der Anfrage<\/li>\n\n\n\n<li>Zeitzonendifferenz zur Greenwich Mean Time (GMT)<\/li>\n\n\n\n<li>Inhalt der Anforderung (konkrete Seite)<\/li>\n\n\n\n<li>Zugriffsstatus\/HTTP-Statuscode<\/li>\n\n\n\n<li>jeweils \u00fcbertragene Datenmenge<\/li>\n\n\n\n<li>Website, von der die Anforderung kommt<\/li>\n\n\n\n<li>Browser<\/li>\n\n\n\n<li>Betriebssystem und dessen Oberfl\u00e4che<\/li>\n\n\n\n<li>Sprache und Version der Browsersoftware.<\/li>\n<\/ul>\n\n\n\n<p>6. Einsatz von Cookies:<\/p>\n\n\n\n<p>Weiterhin werden bei Nutzung der Website Cookies auf Ihrem Rechner gespeichert. Bei Cookies handelt es sich um kleine Textdateien, die auf Ihrer Festplatte dem von Ihnen verwendeten Browser zugeordnet gespeichert werden und durch welche der Stelle, die den Cookie setzt (in diesem Fall also uns), bestimmte Informationen zuflie\u00dfen. Cookies k\u00f6nnen keine Programme ausf\u00fchren oder Viren auf Ihren Computer \u00fcbertragen. Sie dienen dazu, das Internetangebot insgesamt nutzerfreundlicher und effektiver zu machen.<br>Unsere Website nutzt die Consent-Technologie von Borlabs Cookie, um Ihre Einwilligung zur Speicherung bestimmter Cookies in Ihrem Browser oder zum Einsatz bestimmter Technologien einzuholen und diese datenschutzkonform zu dokumentieren. Anbieter dieser Technologie ist die Borlabs GmbH, R\u00fcbenkamp 32, 22305 Hamburg (im Folgenden Borlabs).<\/p>\n\n\n\n<p>Wenn Sie unsere Website betreten, wird ein Borlabs-Cookie in Ihrem Browser gespeichert, in dem die von Ihnen erteilten Einwilligungen oder der Widerruf dieser Einwilligungen gespeichert werden. Diese Daten werden nicht an den Anbieter von Borlabs Cookie weitergegeben.<\/p>\n\n\n\n<p>Die erfassten Daten werden gespeichert, bis Sie uns zur L\u00f6schung auffordern bzw. das Borlabs-Cookie selbst l\u00f6schen oder der Zweck f\u00fcr die Datenspeicherung entf\u00e4llt. Zwingende gesetzliche Aufbewahrungsfristen bleiben unber\u00fchrt. Details zur Datenverarbeitung von Borlabs Cookie finden Sie unter <a href=\"https:\/\/eur02.safelinks.protection.outlook.com\/?url=https%3A%2F%2Fde.borlabs.io%2Fkb%2Fwelche-daten-speichert-borlabs-cookie%2F&amp;data=05%7C02%7CLarissa.Schaefer%40corteco.de%7Cc9ea78e5d4b747ac230408dc69251eab%7C2314cb5ce44b4288b20551ab43ecb122%7C1%7C0%7C638500855361215248%7CUnknown%7CTWFpbGZsb3d8eyJWIjoiMC4wLjAwMDAiLCJQIjoiV2luMzIiLCJBTiI6Ik1haWwiLCJXVCI6Mn0%3D%7C0%7C%7C%7C&amp;sdata=7bLFxKoH4yyl0aGRGuFtQSx%2BrBAOP80a7usHEdjgob4%3D&amp;reserved=0\" target=\"_blank\" rel=\"noopener\">https:\/\/de.borlabs.io\/kb\/welche-daten-speichert-borlabs-cookie\/<\/a>.<\/p>\n\n\n\n<p>Eine Auflistung der einzelnen Cookies k\u00f6nnen \u00fcber das Plug-in von Borlabs in der Fu\u00dfleiste der Corteco Website eingesehen werden und bietet die M\u00f6glichkeit zum Widerruf der Einwilligung.<\/p>\n\n\n\n<p>7. Weitere Funktionen und Angebote unserer Website<\/p>\n\n\n\n<p>(1) Neben der rein informatorischen Nutzung unserer Website bieten wir verschiedene Leistungen an, die Sie bei Interesse nutzen k\u00f6nnen. Dazu m\u00fcssen Sie in der Regel weitere personenbezogene Daten angeben, die wir zur Erbringung der jeweiligen Leistung nutzen und f\u00fcr die die zuvor genannten Grunds\u00e4tze zur Datenverarbeitung gelten.<\/p>\n\n\n\n<p>(2) Teilweise bedienen wir uns zur Verarbeitung Ihrer Daten externer Dienstleister. Diese wurden von uns sorgf\u00e4ltig ausgew\u00e4hlt und beauftragt, sind an unsere Weisungen gebunden und werden regelm\u00e4\u00dfig kontrolliert.<\/p>\n\n\n\n<p>(3) Weiterhin k\u00f6nnen wir Ihre personenbezogenen Daten an Dritte weitergeben, wenn Aktionsteilnahmen, Gewinnspiele, Vertragsabschl\u00fcsse oder \u00e4hnliche Leistungen von uns gemeinsam mit Partnern angeboten werden. N\u00e4here Informationen hierzu erhalten Sie bei Angabe Ihrer personenbezogenen Daten oder untenstehend in der Beschreibung des Angebotes.<\/p>\n\n\n\n<p>(4) Soweit unsere Dienstleister oder Partner ihren Sitz in einem Staat au\u00dferhalb des Europ\u00e4ischen Wirtschaftsraumen (EWR) haben, informieren wir Sie \u00fcber die Folgen dieses Umstands in der Beschreibung des Angebotes.<\/p>\n\n\n\n<p>(5) Falls Sie eine Einwilligung zur Verarbeitung Ihrer Daten erteilt haben, k\u00f6nnen Sie diese jederzeit widerrufen. Ein solcher Widerruf beeinflusst die Zul\u00e4ssigkeit der Verarbeitung Ihrer personenbezogenen Daten, nachdem Sie ihn gegen\u00fcber uns ausgesprochen haben.<\/p>\n\n\n\n<p>(6) Soweit wir die Verarbeitung Ihrer personenbezogenen Daten auf die Interessenabw\u00e4gung st\u00fctzen, k\u00f6nnen Sie Widerspruch gegen die Verarbeitung einlegen. Dies ist der Fall, wenn die Verarbeitung insbesondere nicht zur Erf\u00fcllung eines Vertrags mit Ihnen erforderlich ist, was von uns jeweils bei der nachfolgenden Beschreibung der Funktionen dargestellt wird. Bei Aus\u00fcbung eines solchen Widerspruchs bitten wir um Darlegung der Gr\u00fcnde, weshalb wir Ihre personenbezogenen Daten nicht wie von uns durchgef\u00fchrt verarbeiten sollten. Im Falle Ihres begr\u00fcndeten Widerspruchs pr\u00fcfen wir die Sachlage und werden entweder die Datenverarbeitung einstellen bzw. anpassen oder Ihnen unsere zwingenden schutzw\u00fcrdigen Gr\u00fcnde aufzeigen, aufgrund derer wir die Verarbeitung fortf\u00fchren.<\/p>\n\n\n\n<p>(7) Selbstverst\u00e4ndlich k\u00f6nnen Sie der Verarbeitung Ihrer personenbezogenen Daten f\u00fcr Zwecke der Werbung und Datenanalyse jederzeit widersprechen. \u00dcber Ihren Werbewiderspruch k\u00f6nnen Sie uns unter folgenden Kontaktdaten informieren: <a href=\"javascript:linkTo_UnCryptMailto('jxfiql7pbosfzbXzloqbzl+ab');\">service@corteco.de<\/a>.<\/p>\n\n\n\n<p>8. Kundendaten und Newsletter<\/p>\n\n\n\n<p>(1) Mit Ihrer Einwilligung k\u00f6nnen Sie unseren Newsletter abonnieren, mit dem wir Sie \u00fcber unsere aktuellen interessanten Angebote informieren. Die beworbenen Waren und Dienstleistungen sind in der Einwilligungserkl\u00e4rung benannt. Wir erheben ebenso personenbezogene Daten im Rahmen unserer Kundendatenmanagements bspw. im Rahmen unserer Gespr\u00e4che mit Interessenten und Vertriebspartnern oder aus \u00f6ffentlich zug\u00e4nglichen Quellen (z.B. beruflichen Netzwerken).<\/p>\n\n\n\n<p>(2) F\u00fcr die Anmeldung zu unserem Newsletter verwenden wir das sog. Double-opt-in-Verfahren. Das hei\u00dft, dass wir Ihnen nach Ihrer Anmeldung eine E-Mail an die angegebene E-Mail-Adresse senden, in welcher wir Sie um Best\u00e4tigung bitten, dass Sie den Versand des Newsletters w\u00fcnschen. Wenn Sie dies nicht innerhalb von einundzwanzig Tagen best\u00e4tigen, wird Ihre Anmeldung automatisch gel\u00f6scht. Wir speichern Ihre E-Mail-Adresse so lange, bis Sie den Newsletter abbestellen. Die Speicherung dient allein dem Zweck, Ihnen den Newsletter zusenden zu k\u00f6nnen.<\/p>\n\n\n\n<p>(3) Wir erheben personenbezogene Daten f\u00fcr die \u00dcbersendung des Newsletters oder zur Ansprache unserer Kunden wie Vertriebs und Ansprechpartner und Interessenten. Dabei werden Kontaktdaten wie Anrede, Vorname, Nachname und E-Mail-Adresse in unserem CRM (MS Dynamics 365) gespeichert. Die Speicherung erfolgt auf Servern im europ\u00e4ischen Wirtschaftsraum.<\/p>\n\n\n\n<p>Rechtsgrundlage f\u00fcr die Zusendung des Newsletters ist Ihre ausdr\u00fcckliche Zustimmung i.S. des Art. 6 Abs. 1 S. 1 lit. a DS-GVO sowie f\u00fcr das Kundendatenmanagement unser berechtigtes Interesse gem. Art. 6 Abs. 1 S. 1 lit. f DS-GVO.<\/p>\n\n\n\n<p>(4) Ihre Einwilligung in die \u00dcbersendung des Newsletters k\u00f6nnen Sie jederzeit widerrufen und den Newsletter abbestellen. Den Widerruf k\u00f6nnen Sie durch Klick auf den in jeder Newsletter-E-Mail bereitgestellten Link Meldung oder per E-Mail an <a href=\"javascript:linkTo_UnCryptMailto('jxfiql7pbosfzbXzloqbzl+ab');\">service@corteco.de<\/a> oder durch eine Nachricht an die im Impressum angegebenen Kontaktdaten erkl\u00e4ren. Auch der Speicherung in unserem Kundendatensystem k\u00f6nnen Sie widersprechen wenn nicht gewichtige Gr\u00fcnde wie die Geltendmachung, Aus\u00fcbung oder Verteidigung von Rechtsanspr\u00fcchen vorliegen.<\/p>\n\n\n\n<p>(5) Wir weisen Sie darauf hin, dass wir bei Versand des Newsletters Ihr Nutzerverhalten auswerten. F\u00fcr diese Auswertung beinhalten die versendeten E-Mails sogenannte Web-Beacons, auch Tracking-Pixel genannt. Dies sind Ein-Pixel-Bilddateien, die auf unsere Website verlinken und uns so erm\u00f6glichen, Ihr Nutzerverhalten auszuwerten. Auch im Newsletter erhaltene Links enthalten diese ID. Die Daten werden personenbezogenen erhoben, die IDs werden mit Ihren weiteren pers\u00f6nlichen Daten in unserem CRM-System (MS Dynamics 365 Marketing) zu Marketing- und Optimierungszwecken verkn\u00fcpft. Sie k\u00f6nnen diesem Tracking jederzeit widersprechen, indem Sie den Newsletter widerrufen. Dies k\u00f6nnen Sie durch Klick auf den in jeder Newsletter-E-Mail bereitgestellten Link am Ende jeder Mail oder per E-Mail an dataprivacy@fst.com durchf\u00fchren. Ein solches Tracking ist auch dann nicht m\u00f6glich, wenn Sie in Ihrem E-Mail-Programm die Anzeige von Bildern standardm\u00e4\u00dfig deaktiviert haben. In diesem Fall wird Ihnen der Newsletter jedoch m\u00f6glicherweise nicht vollst\u00e4ndig angezeigt und Sie k\u00f6nnen eventuell nicht alle Funktionen nutzen. Wenn Sie die Bilder manuell anzeigen lassen, erfolgt das oben genannte Tracking.<\/p>\n\n\n\n<p>Mit den so gewonnen Daten erstellen wir ein Nutzerprofil, um den Newsletter zu optimieren und Ihnen bestm\u00f6gliche Informationen bereitzustellen. Dabei erfassen wir, wann Sie unsere Newsletter lesen, welche Links Sie in diesen anklicken und folgern daraus Ihre pers\u00f6nlichen Interessen.<\/p>\n\n\n\n<p>9. Einsatz von Google Analytics 4 und Google Tag Manager<\/p>\n\n\n\n<p>(1) Diese Website benutzt Google Analytics, einen Webanalysedienst der Google Inc. (\u201eGoogle\u201c). Google Analytics verwendet sog. \u201eCookies\u201c, Textdateien, die auf Ihrem Computer gespeichert werden und die eine Analyse der Benutzung der Website durch Sie erm\u00f6glichen. Die durch den Cookie erzeugten Informationen \u00fcber Ihre Benutzung dieser Website werden in der Regel an einen Server von Google in den USA \u00fcbertragen und dort gespeichert. Im Falle der Aktivierung der IP-Anonymisierung auf dieser Website, wird Ihre IP-Adresse von Google jedoch innerhalb von Mitgliedstaaten der Europ\u00e4ischen Union oder in anderen Vertragsstaaten des Abkommens \u00fcber den Europ\u00e4ischen Wirtschaftsraum zuvor gek\u00fcrzt. Nur in Ausnahmef\u00e4llen wird die volle IP-Adresse an einen Server von Google in den USA \u00fcbertragen und dort gek\u00fcrzt. Im Auftrag des Betreibers dieser Website wird Google diese Informationen benutzen, um Ihre Nutzung der Website auszuwerten, um Reports \u00fcber die Website-Aktivit\u00e4ten zusammenzustellen und um weitere mit der Website-Nutzung und der Internetnutzung verbundene Dienstleistungen gegen\u00fcber dem Website-Betreiber zu erbringen.<\/p>\n\n\n\n<p>(2) Die im Rahmen von Google Analytics von Ihrem Browser \u00fcbermittelte IP-Adresse wird nicht mit anderen Daten von Google zusammengef\u00fchrt.<\/p>\n\n\n\n<p>(3) Sie k\u00f6nnen die Speicherung der Cookies durch eine entsprechende Einstellung Ihrer Browser-Software verhindern; wir weisen Sie jedoch darauf hin, dass Sie in diesem Fall gegebenenfalls nicht s\u00e4mtliche Funktionen dieser Website vollumf\u00e4nglich werden nutzen k\u00f6nnen. Sie k\u00f6nnen dar\u00fcber hinaus die Erfassung der durch das Cookie erzeugten und auf Ihre Nutzung der Website bezogenen Daten (inkl. Ihrer IP-Adresse) an Google sowie die Verarbeitung dieser Daten durch Google verhindern, indem sie das unter dem folgenden Link verf\u00fcgbare Browser-Plug-in herunterladen und installieren: http:\/\/tools.google.com\/dlpage\/gaoptout?hl=de.<\/p>\n\n\n\n<p>(4) Wir nutzen Google Analytics, um die Nutzung unserer Website analysieren und regelm\u00e4\u00dfig verbessern zu k\u00f6nnen. \u00dcber die gewonnenen Statistiken k\u00f6nnen wir unser Angebot verbessern und f\u00fcr Sie als Nutzer interessanter ausgestalten.<\/p>\n\n\n\n<p>(5) Informationen des Drittanbieters: Google Dublin, Google Ireland Ltd., Gordon House, Barrow Street, Dublin 4, Ireland, Fax: +353 (1) 436\u20091001. Die Nutzerbedingungen finden Sie hier: http:\/\/www.google.com\/analytics\/terms\/de.html<\/p>\n\n\n\n<p>\u00dcbersicht zum Datenschutz: http:\/\/www.google.com\/intl\/de\/analytics\/learn\/privacy.html, sowie die Datenschutzerkl\u00e4rung: http:\/\/www.google.de\/intl\/de\/policies\/privacy.<\/p>\n\n\n\n<p>(6) Diese Website verwendet Google Analytics zudem f\u00fcr eine ger\u00e4te\u00fcbergreifende Analyse von Besucherstr\u00f6men, die \u00fcber eine User-ID durchgef\u00fchrt wird. Sie k\u00f6nnen in Ihrem Kundenkonto unter \u201eMeine Daten\u201c, \u201epers\u00f6nliche Daten\u201c die ger\u00e4te\u00fcbergreifende Analyse Ihrer Nutzung deaktivieren unter https:\/\/myaccount.google.com<\/p>\n\n\n\n<p>(7) Daten auf Nutzer- und Ereignisebene, die mit Cookies, Nutzerkennungen (z. B. User ID) und Werbe-IDs (z. B. DoubleClick-Cookies, Android-Werbe-ID, IDFA [Apple-Kennung f\u00fcr Werbetreibende]) verkn\u00fcpft sind werden von uns 14 Monate aufbewahrt, bevor Sie automatisch gel\u00f6scht werden.<\/p>\n\n\n\n<p>(8) Einsatz des Google Tag Manager: Google Tag Manager ist eine L\u00f6sung, mit der Vermarkter Website-Tags \u00fcber eine Oberfl\u00e4che verwalten k\u00f6nnen. Das Tool Tag Manager selbst (das die Tags implementiert) ist eine cookielose Domain und erfasst keine personenbezogenen Daten. Das Tool sorgt f\u00fcr die Ausl\u00f6sung anderer Tags, die ihrerseits unter Umst\u00e4nden Daten erfassen. Google Tag Manager greift nicht auf diese Daten zu. Wenn auf Domain-oder Cookie-Ebene eine Deaktivierung vorgenommen wurde, bleibt diese f\u00fcr alle Tracking-Tags bestehen, die mit Google Tag Manager implementiert werden. <a href=\"https:\/\/marketingplatform.google.com\/about\/analytics\/tag-manager\/use-policy\/\" target=\"_blank\" rel=\"noopener\">https:\/\/marketingplatform.google.com\/about\/analytics\/tag-manager\/use-policy\/<\/a> Klicken Sie hier, um von der Erfassung \u00fcber den Google Tag Manager ausgeschlossen zu werden.<\/p>\n\n\n\n<p>10. Einbindung der Dienste Dritter<\/p>\n\n\n\n<p>Youtube<\/p>\n\n\n\n<p>(1) Wir haben YouTube-Videos in unser Online-Angebot eingebunden, die auf https:\/\/www.youtube.com\/ gespeichert sind und von unserer Website aus direkt abspielbar sind. Diese sind alle im \u201eerweiterten Datenschutz-Modus\u201c eingebunden, d. h. dass keine Daten \u00fcber Sie als Nutzer an YouTube \u00fcbertragen werden, wenn Sie die Videos nicht abspielen. Erst wenn Sie die Videos abspielen, werden die in Abs. 2 genannten Daten \u00fcbertragen. Auf diese Daten\u00fcbertragung haben wir keinen Einfluss.<\/p>\n\n\n\n<p>(2) Durch den Besuch auf der Website erh\u00e4lt der Drittanbieter die Information, dass Sie die entsprechende Unterseite unserer Website aufgerufen haben. Zudem werden die in dieser Erkl\u00e4rung genannten Daten \u00fcbermittelt. Dies erfolgt unabh\u00e4ngig davon, ob dieser Drittanbieter ein Nutzerkonto bereitstellt, \u00fcber das Sie eingeloggt sind, oder ob kein Nutzerkonto besteht. Wenn Sie bei dem Plug-in-Anbieter eingeloggt sind, werden diese Daten direkt Ihrem Konto zugeordnet. Wenn Sie die Zuordnung mit Ihrem Profil bei dem Plug-in-Anbieter nicht w\u00fcnschen, m\u00fcssen Sie sich vor Aktivierung des Buttons ausloggen.<\/p>\n\n\n\n<p>(3) Der Plug-in-Anbieter speichert diese Daten als Nutzungsprofile und nutzt diese f\u00fcr Zwecke der Werbung, Marktforschung und\/oder bedarfsgerechten Gestaltung seiner Website. Eine solche Auswertung erfolgt insbesondere (auch f\u00fcr nicht eingeloggte Nutzer) zur Erbringung von bedarfsgerechter Werbung und um andere Nutzer des sozialen Netzwerks \u00fcber Ihre Aktivit\u00e4ten auf unserer Website zu informieren. Ihnen steht ein Widerspruchsrecht zu gegen die Bildung dieser Nutzerprofile, wobei Sie sich zur Aus\u00fcbung dessen an den jeweiligen Plug-in-Anbieter richten m\u00fcssen.<\/p>\n\n\n\n<p>(4) Weitere Informationen zu Zweck und Umfang der Datenerhebung und ihrer Verarbeitung durch den Plug-in-Anbieter erhalten Sie in den im Folgenden mitgeteilten Datenschutzerkl\u00e4rungen dieser Anbieter. Dort erhalten Sie auch weitere Informationen zu Ihren diesbez\u00fcglichen Rechten und Einstellungsm\u00f6glichkeiten zum Schutze Ihrer Privatsph\u00e4re: https:\/\/www.google.de\/intl\/de\/policies\/privacy<\/p>\n\n\n\n<p>11. Nutzung von Microsoft Diensten<\/p>\n\n\n\n<p>Wir nutzen verschiedene Dienste der Microsoft\u00ae Corporation f\u00fcr Telefonkonferenzen, Terminvereinbarungen, Umfragen oder zur Zusammenarbeit mit unseren Mitarbeitern, Kunden, Interessenten und Bewerbern. Die Datenschutzhinweise diesbez\u00fcglich finden Sie hier: https:\/\/www.corteco.com\/de\/datensicherheit-microsoft\/<\/p>\n\n\n\n<p>12. Flockler<\/p>\n\n\n\n<p>(1)&nbsp;Art und Zweck der Verarbeitung: Auf unserer Seite werden Inhalte der Social-Media-Auftritte von Corteco geb\u00fcndelt \u00fcber eine Plug-in L\u00f6sung des Anbieters Flockler Oy, Rautatienkatu 21 B, 33100, Tampere, Finnland eingebunden. Flockler ist ein Social- Media-Aggregator-Tool, um Social-Media-Feeds zu kuratieren und Social-Media-Inhalte zu pr\u00e4sentieren. Die aggregierten Inhalte enthalten externe Links auf die Social-Media-Plattformen. Durch Anklicken der Links besuchen Sie diese Webseiten.<\/p>\n\n\n\n<p>(2)&nbsp;Rechtsgrundlage: Flockler speichert keine Informationen \u00fcber Ihren Besuch. Die aggregierten Inhalte werden so angeboten, dass Daten erst nach Ihrer Einwilligung (Art. 6 Abs. 1 lit. a) DSGVO) mittels einer sogenannten \u201eZwei-Klick-L\u00f6sung\u201c \u00fcbertragen werden k\u00f6nnen. Im Zuge der \u201eZwei-Klick-L\u00f6sung\u201c werden Sie dazu aufgefordert, ausdr\u00fccklich und wissentlich zu entscheiden, ob Sie Flockler auf unserer Seite nutzen m\u00f6chten. Erst nach dieser Einwilligung k\u00f6nnen Sie auf diese Inhalte zugreifen.<\/p>\n\n\n\n<p>(3)&nbsp;Empf\u00e4nger: Empf\u00e4nger der Daten sind ggf. technische Dienstleister, die f\u00fcr den Betrieb und die Wartung unserer Website als Auftragsverarbeiter t\u00e4tig werden. Weitere Empf\u00e4nger entnehmen finden Sie in den Cookie-Einstellungen. Durch Zustimmung zur Nutzung von Flockler (im Rahmen der 2-Klick-L\u00f6sung erkl\u00e4ren Sie sich mit dem Laden dieser Inhalte und den Datentransfer zu Flocker einverstanden. F\u00fcr weitere Informationen lesen Sie die Datenschutzbestimmungen des Dienstes Flockler:&nbsp;<a href=\"https:\/\/flockler.com\/privacy-\" target=\"_blank\" rel=\"noreferrer noopener\">https:\/\/flockler.com\/privacy- policy und https:\/\/flockler.com\/de\/dsgvo<\/a><\/p>\n\n\n\n<p>(4)&nbsp;Speicherdauer: Die Daten werden gel\u00f6scht, sobald Sie Ihre Einwilligung widerrufen haben oder die Daten zur Erreichung des Zweckes ihrer Erhebung nicht mehr erforderlich sind.<\/p>\n\n\n\n<p>(5)&nbsp;Bereitstellung vorgeschrieben oder erforderlich: Die Bereitstellung Ihrer Daten erfolgt freiwillig, allein auf Basis Ihrer Einwilligung. Sofern Sie den Zugriff unterbinden, kann es hierdurch zu Funktionseinschr\u00e4nkungen auf der Website kommen.<\/p>\n\n\n\n<p>(6)&nbsp;Widerruf der Einwilligung: Sie k\u00f6nnen Ihre Einwilligung in den Cookie-Einstellungen f\u00fcr die Zukunft widerrufen.<\/p>\n\n\n\n<p>13. Soziale Netzwerke<\/p>\n\n\n\n<p>Wir haben unseren eigenen Auftritt in unterschiedlichen sozialen Medien, um uns zu pr\u00e4sentieren, Informationen zur Verf\u00fcgung zu stellen, mit den jeweiligen Nutzern in Kontakt zu treten und um mit ihnen zu kommunizieren. Hinweise zum Datenschutz finden Sie hier: https:\/\/www.corteco.com\/de\/datensicherheit-soziale-medien\/<\/p>\n\n\n\n<p>14. Einsatz von MS Dynamics und Sally AI Meeting Agent<\/p>\n\n\n\n<p>Wir nutzen MS Dynamics f\u00fcr das Kundenbeziehungsmanagement sowie KI-basierte Dienste f\u00fcr die Kundenkommunikation. Die Datenschutzhinweise finden Sie unter https:\/\/www.corteco.com\/de\/datensicherheit-microsoft\/<\/p>\n\n\n\n<p>Letzte Aktualisierung: 03.11.2025<\/p>\n<\/div><\/div><\/section>\n","protected":false},"excerpt":{"rendered":"","protected":false},"author":1,"featured_media":0,"parent":0,"menu_order":0,"comment_status":"closed","ping_status":"closed","template":"","meta":{"_acf_changed":false,"footnotes":""},"class_list":["post-3581","page","type-page","status-publish","hentry"],"acf":[],"_links":{"self":[{"href":"https:\/\/www.corteco.com\/de\/wp-json\/wp\/v2\/pages\/3581","targetHints":{"allow":["GET"]}}],"collection":[{"href":"https:\/\/www.corteco.com\/de\/wp-json\/wp\/v2\/pages"}],"about":[{"href":"https:\/\/www.corteco.com\/de\/wp-json\/wp\/v2\/types\/page"}],"author":[{"embeddable":true,"href":"https:\/\/www.corteco.com\/de\/wp-json\/wp\/v2\/users\/1"}],"replies":[{"embeddable":true,"href":"https:\/\/www.corteco.com\/de\/wp-json\/wp\/v2\/comments?post=3581"}],"version-history":[{"count":4,"href":"https:\/\/www.corteco.com\/de\/wp-json\/wp\/v2\/pages\/3581\/revisions"}],"predecessor-version":[{"id":10752,"href":"https:\/\/www.corteco.com\/de\/wp-json\/wp\/v2\/pages\/3581\/revisions\/10752"}],"wp:attachment":[{"href":"https:\/\/www.corteco.com\/de\/wp-json\/wp\/v2\/media?parent=3581"}],"curies":[{"name":"wp","href":"https:\/\/api.w.org\/{rel}","templated":true}]}}