{"id":4784,"date":"2024-05-17T11:10:22","date_gmt":"2024-05-17T09:10:22","guid":{"rendered":"https:\/\/www.corteco.com\/?page_id=4784"},"modified":"2024-05-17T14:49:30","modified_gmt":"2024-05-17T12:49:30","slug":"datensicherheit-microsoft","status":"publish","type":"page","link":"https:\/\/www.corteco.com\/de\/datensicherheit-microsoft\/","title":{"rendered":"Datensicherheit &#8211; Microsoft Services"},"content":{"rendered":"\n<section class=\"wp-block-custom-container alignwide block-content  block-content--spacing-top block-content--spacing-bottom block-content--margin-top\"><style>.block-content{position:relative}.block-content--spacing-top{padding-top:5rem}@media (min-width: 992px){.block-content--spacing-top{padding-top:9rem}}.block-content--spacing-bottom{padding-bottom:5rem}@media (min-width: 992px){.block-content--spacing-bottom{padding-bottom:9rem}}.block-content--margin-top{margin-top:5rem}@media (min-width: 992px){.block-content--margin-top{margin-top:9rem}}.block-content--margin-bottom{margin-bottom:5rem}@media (min-width: 992px){.block-content--margin-bottom{margin-bottom:9rem}}.block-content .container{position:relative;z-index:1}.block-content .container--full{padding:0}.block-content .container-overlay{position:absolute;z-index:0;top:0;right:0;bottom:0;left:0}\n<\/style><div class=\"container container--wide\"><div class=\"container__body\">\n<h1 class=\"wp-block-heading\"><strong>Datenschutzinformationen f\u00fcr Microsoft-Dienste<\/strong><\/h1>\n<\/div><\/div><\/section>\n\n\n\n<section class=\"wp-block-custom-container alignwide block-content  block-content--spacing-bottom block-content--margin-bottom\"><div class=\"container container--wide\"><div class=\"container__body\">\n<p>Corteco setzt auf Produkte der M365-Suite der Microsoft\u00aeCorporation mit Datenhaltung auf europ\u00e4ischen Rechenzentren. Dazu hat Corteco eine Vereinbarung zur Auftragsverarbeitung mit Microsoft\u00ae geschlossen. Bei Inanspruchnahme dieser online-basierten Dienste werden verschiedene Daten von Mitarbeitenden der Corteco wie auch Kunden- oder Interessentendaten durch Microsoft\u00ae und Corteco verarbeitet. Corteco erf\u00fcllt seine Informationspflichten gem. Art 13 DSGVO gegen\u00fcber Mitarbeitern und Kunden durch Ver\u00f6ffentlichung auf der Webseite der Unternehmensgruppe.<\/p>\n\n\n\n<p>Diese Dienste dienen verschiedenen Zwecken:<\/p>\n\n\n\n<p>F\u00fcr alle folgenden Verarbeitungen ist der Verantwortliche gem. Art. 4 Abs. 7 EU-Datenschutz-Grundverordnung (DS-GVO) die:<\/p>\n\n\n\n<p>Corteco GmbH<br>Badener Str. 4 <br>69493 Hirschberg<br>Deutschland<\/p>\n\n\n\n<p>Tel: +49 6201 25964 0<br>Fax: +49 6201 25964-11<br>E-Mail: service@corteco.de<\/p>\n\n\n\n<p>Unseren Datenschutzbeauftragten erreichen Sie unter:<\/p>\n\n\n\n<p>legitimis GmbH<br>Ball 1<br>51429 Bergisch Gladbach<\/p>\n\n\n\n<p>Telefon: +49 2202 28 941-0<br>datenschutz-corteco@legitimis.com<\/p>\n\n\n\n<p><\/p>\n\n\n\n<p><strong>1.<\/strong> I<strong>hre Rechte als Betroffene\/r<\/strong><\/p>\n\n\n\n<p>Sie haben das Recht auf Auskunft \u00fcber die Sie betreffenden personenbezogenen Daten. Sie k\u00f6nnen sich f\u00fcr eine Auskunft jederzeit an uns wenden. Bei einer Auskunftsanfrage, die nicht schriftlich erfolgt, bitten wir um Verst\u00e4ndnis daf\u00fcr, dass wir ggf. Nachweise von Ihnen verlangen, die belegen, dass Sie die Person sind, f\u00fcr die Sie sich ausgeben. Ferner haben Sie ein Recht auf Berichtigung oder L\u00f6schung oder auf Einschr\u00e4nkung der Verarbeitung, soweit Ihnen dies gesetzlich zusteht. Schlie\u00dflich haben Sie ein Widerspruchsrecht gegen die Verarbeitung im Rahmen der gesetzlichen Vorgaben. Ein Recht auf Daten\u00fcbertragbarkeit besteht ebenfalls im Rahmen der datenschutzrechtlichen Vorgaben.<\/p>\n\n\n\n<p><strong>2. L\u00f6schung von Daten<\/strong><\/p>\n\n\n\n<p>Wir l\u00f6schen personenbezogene Daten grunds\u00e4tzlich dann, wenn kein Erfordernis f\u00fcr eine weitere Speicherung besteht. Ein Erfordernis kann insbesondere dann bestehen, wenn die Daten noch ben\u00f6tigt werden, um vertragliche Leistungen zur erf\u00fcllen, Gew\u00e4hrleistungs- und ggf. Garantieanspr\u00fcche pr\u00fcfen und gew\u00e4hren oder abwehren zu k\u00f6nnen. Im Falle von gesetzlichen Aufbewahrungspflichten kommt eine L\u00f6schung erst nach Ablauf der jeweiligen Aufbewahrungspflicht in Betracht.<\/p>\n\n\n\n<p><strong>3. Empf\u00e4nger \/ Weitergabe von Daten<\/strong><\/p>\n\n\n\n<p>Personenbezogene Daten, die im Zusammenhang mit der Teilnahme an Videokonferenzen verarbeitet werden, werden grunds\u00e4tzlich nicht an Dritte weitergegeben, sofern sie nicht gerade zur Weitergabe bestimmt sind. Beachten Sie bitte, dass Inhalte aus den beschriebenen Diensten wie auch bei pers\u00f6nlichen Treffen h\u00e4ufig gerade dazu dienen, um Informationen mit Kunden, Interessenten oder Lieferanten zu teilen und damit zur Weitergabe bestimmt sind.<\/p>\n\n\n\n<p>Der Anbieter von besagten Microsoft\u00ae Diensten, hier die Microsoft\u00aeCorporation, erh\u00e4lt notwendigerweise Kenntnis von den beschriebenen Daten, soweit dies im Rahmen unseres Auftragsverarbeitungsvertrages mit Microsoft vorgesehen ist.<\/p>\n\n\n\n<p><strong>4. Datenverarbeitung au\u00dferhalb der Europ\u00e4ischen Union<\/strong><\/p>\n\n\n\n<p>Eine Datenverarbeitung au\u00dferhalb der Europ\u00e4ischen Union (EU) erfolgt grunds\u00e4tzlich nicht, da wir unseren Speicherort auf Rechenzentren in der Europ\u00e4ischen Union beschr\u00e4nkt haben. Wir k\u00f6nnen aber nicht ausschlie\u00dfen, dass das Routing von Daten \u00fcber Internetserver erfolgt, die sich au\u00dferhalb der EU befinden. Dies kann insbesondere dann der Fall sein, wenn sich Teilnehmende an Microsoft Diensten in einem Drittland aufhalten. Des Weiteren kann eine Auswertung von Telemetriedaten durch Microsoft erfolgen. Hierbei ist eine \u00dcbermittlung in ein Drittland, bspw. die USA nicht ausgeschlossen. Microsoft ist bestrebt hier Schutzmechanismen einzuhalten wie die erfolgte Zertifizierung durch das DataPrivacyFramework (<a href=\"https:\/\/www.dataprivacyframework.gov\/s\/participant-search\/participant-detail?id=a2zt0000000KzNaAAK&amp;status=Active\" target=\"_blank\" rel=\"noopener\">https:\/\/www.dataprivacyframework.gov\/s\/participant-search\/participant-detail?id=a2zt0000000KzNaAAK&amp;status=Active<\/a>). Weiter Informationen erhalten Sie hier <a href=\"https:\/\/privacy.microsoft.com\/de-de\/privacystatement\" target=\"_blank\" rel=\"noopener\">https:\/\/privacy.microsoft.com\/de-de\/privacystatement<\/a>. &nbsp;<\/p>\n\n\n\n<p>Die Daten sind w\u00e4hrend des Transports \u00fcber das Internet jedoch verschl\u00fcsselt und somit vor einem unbefugten Zugriff durch Dritte weitestgehend gesichert.<\/p>\n\n\n\n<p><strong>5. Beschwerderecht bei einer Aufsichtsbeh\u00f6rde<\/strong><\/p>\n\n\n\n<p>Sie haben das Recht, sich \u00fcber die Verarbeitung personenbezogenen Daten durch uns bei einer Aufsichtsbeh\u00f6rde f\u00fcr den Datenschutz zu beschweren. Online finden Sie eine \u00dcbersicht \u00fcber die Datenschutzaufsichtsbeh\u00f6rden in Deutschland auf der Webseite des Bundesbeauftragten f\u00fcr Datenschutz.<\/p>\n\n\n\n<figure class=\"wp-block-embed\"><div class=\"wp-block-embed__wrapper\">\nhttps:\/\/www.bfdi.bund.de\/DE\/Service\/Anschriften\/Laender\/Laender-node.html\n<\/div><\/figure>\n\n\n\n<p><strong>6.<\/strong> <strong>Durchf\u00fchrung von Online-Meetings, Telefonkonferenzen und Webinare via Microsoft\u00ae Teams\u00ae<\/strong><\/p>\n\n\n\n<p><strong>Zweck der Datenverarbeitung<\/strong><\/p>\n\n\n\n<p>Wir nutzen das Tool Teams\u00ae, um Telefonkonferenzen, Videokonferenzen und\/oder Webinare durchzuf\u00fchren (nachfolgend: \u201eVideokonferenzen\u201c). Soweit Sie die Internetseite von Teams\u00ae aufrufen, ist der Anbieter von Teams\u00ae f\u00fcr die Datenverarbeitung verantwortlich. Ein Aufruf der Internetseite ist f\u00fcr die Nutzung von Teams\u00ae jedoch nur erforderlich, um sich die Software f\u00fcr die Nutzung von Teams\u00ae herunterzuladen.<\/p>\n\n\n\n<p>Wenn Sie die Teams\u00ae-App nicht nutzen wollen oder k\u00f6nnen, k\u00f6nnen Sie Teams\u00ae auch \u00fcber Ihren Browser nutzen. Der Dienst wird dann insoweit auch \u00fcber die Website von Microsoft\u00ae erbracht.<\/p>\n\n\n\n<p><strong>Verarbeitung personenbezogener Daten<\/strong><\/p>\n\n\n\n<p>Bei der Nutzung von Microsoft\u00ae Teams\u00ae werden verschiedene Datenarten verarbeitet. Der Umfang der Daten h\u00e4ngt dabei auch davon ab, welche Angaben zu Daten Sie vor bzw. bei der Teilnahme an einer Videokonferenz machen. Folgende personenbezogene Daten sind i.d.R. Gegenstand der Verarbeitung:<\/p>\n\n\n\n<ul class=\"wp-block-list\">\n<li><strong>Angaben zum Benutzer:<\/strong> z. B. Anzeigename (\u201eDisplay name\u201c), E-Mail-Adresse, Profilbild (optional), Bevorzugte Sprache<\/li>\n\n\n\n<li><strong>Meeting-Metadaten:<\/strong> z. B. Datum, Uhrzeit, Meeting-ID, Telefonnummern, Ort<\/li>\n\n\n\n<li><strong>Text-, Audio- und Videodaten:<\/strong> Sie haben ggf. die M\u00f6glichkeit, in einer Videokonferenz die Chatfunktion zu nutzen. Insoweit werden die von Ihnen gemachten Texteingaben verarbeitet, um diese in der Videokonferenz anzuzeigen. Um die Anzeige von Video und die Wiedergabe von Audio zu erm\u00f6glichen, werden entsprechend w\u00e4hrend der Dauer des Meetings die Daten vom Mikrofon Ihres Endger\u00e4ts sowie von einer etwaigen Videokamera des Endger\u00e4ts verarbeitet. Sie k\u00f6nnen die Kamera oder das Mikrofon jederzeit selbst \u00fcber die Teams\u00ae-Applikationen abschalten bzw. stummstellen.<\/li>\n<\/ul>\n\n\n\n<p><strong>Umfang der Verarbeitung<\/strong><\/p>\n\n\n\n<p>Wenn wir Videokonferenzen aufzeichnen wollen, werden wir Ihnen das im Vorfeld transparent mitteilen und \u2013 soweit erforderlich \u2013 um eine Zustimmung bitten. Wenn es f\u00fcr die Zwecke der Protokollierung von Ergebnissen einer Videokonferenzen erforderlich ist, werden wir die Chatinhalte protokollieren. Das wird jedoch in der Regel nicht der Fall sein. Eine automatisierte Entscheidungsfindung i.S.d. Art. 22 DSGVO kommt nicht zum Einsatz.<\/p>\n\n\n\n<p><strong>Rechtsgrundlagen<\/strong><\/p>\n\n\n\n<p>Soweit personenbezogene Daten von Besch\u00e4ftigten der Corteco GmbH verarbeitet werden, ist Art 6 Abs. 1 b), der Arbeitsvertrag unser Rechtsgrundlage. Dies gilt auch im Gespr\u00e4ch mit potentiellen Bewerbern wenn es der Anbahnung eines Arbeitsvertragsverh\u00e4ltnisses mit Corteco dient. Erg\u00e4nzend kann Art 6 Abs. 1 f), DSGVO, unser berechtigtes Interesse, die Rechtsgrundlage der Datenverarbeitung. Hier besteht das berechtigte Interesse an der Bereitstellung von Videokonferenzen im Zuge der Kunden- und Mitarbeiterkommunikation. Ihre Teilnahme oder Inanspruchnahme erfolgt auf freiwilliger Basis gem. Art 6 Abs. 1 a), wenn Sie den Dienst als externe Person in Anspruch nehmen.<\/p>\n\n\n\n<p><strong>7. Durchf\u00fchrung von Umfragen via Microsoft Forms\u00ae<\/strong><\/p>\n\n\n\n<p>Wir nutzen die Informationen, erhoben durch Microsoft Forms\u00ae, zur Produktverbesserung und zur Durchf\u00fchrung von Kundenumfragen und zur Steigerung der Kundenzufriedenheit. Wir sind bestrebt die Umfragen anonym und datenschutzfreundlich zu gestalten, bspw. durch vorgegebene Antwortoptionen.&nbsp;<\/p>\n\n\n\n<p><strong>Zweck der Datenverarbeitung<\/strong><\/p>\n\n\n\n<p>Wir nutzen Microsoft\u00ae Forms\u00ae zur Produktverbesserung und Steigerung der Kunden- und Mitarbeiterzufriedenheit. Microsoft\u00ae Forms\u00ae ist ein Service der Microsoft Corporation. Soweit Sie Forms\u00ae aufrufen, ist Microsoft f\u00fcr die Datenverarbeitung mitverantwortlich. Informationen zur Nutzung von Forms\u00ae finden Sie unter: <a href=\"https:\/\/www.microsoft.com\/de-de\/servicesagreement\/default.aspx\" target=\"_blank\" rel=\"noopener\">https:\/\/www.microsoft.com\/de-de\/servicesagreement\/default.aspx<\/a> und <a href=\"https:\/\/support.microsoft.com\/de-de\/office\/sicherheit-und-datenschutz-in-microsoft-forms-7e57f9ba-4aeb-4b1b-9e21-b75318532cd9\" target=\"_blank\" rel=\"noopener\">https:\/\/support.microsoft.com\/de-de\/office\/sicherheit-und-datenschutz-in-microsoft-forms-7e57f9ba-4aeb-4b1b-9e21-b75318532cd9<\/a>.<\/p>\n\n\n\n<p><strong>Verarbeitung personenbezogener Daten<\/strong><\/p>\n\n\n\n<p>Bei der Nutzung von Forms\u00ae werden verschiedene Datenarten verarbeitet. Der Umfang der Daten h\u00e4ngt unter anderem davon ab, welche Eingabe von Daten Sie machen. Es ist nicht m\u00f6glich eine abschlie\u00dfende Liste zu erstellen, da es immer m\u00f6glich ist uns personenbezogene Daten zu senden, wenn Sie bspw. offen gestellte Fragen beantworten. Folgende personenbezogene Daten sind Gegenstand der Verarbeitung:<\/p>\n\n\n\n<ul class=\"wp-block-list\">\n<li><strong>Angaben zum Benutzer<\/strong>: z. B. Profilinformationen, E-Mail-Adresse (im Falle einer internen Nutzung bei Corteco)<\/li>\n\n\n\n<li><strong>Nutzungsdaten<\/strong>: z. B. Datum und Uhrzeit der Eingabe<\/li>\n\n\n\n<li><strong>Textdaten in Antwortfeldern<\/strong>: Sie entscheiden hierbei, welche personenbezogenen Daten sie uns \u00fcbermitteln.<\/li>\n<\/ul>\n\n\n\n<p><strong>Umfang der Verarbeitung<\/strong><\/p>\n\n\n\n<p>Wir verwenden Forms\u00ae, um R\u00fcckmeldung unserer Kunden und Mitarbeiter zu sammeln. Dies k\u00f6nnen Informationen zu Produkten und Dienstleistungen der Corteco sein oder f\u00fcr internen Verwaltungszwecke erfolgen. Eine automatisierte Entscheidungsfindung i.S.d. Art. 22 DSGVO kommt nicht zum Einsatz.<\/p>\n\n\n\n<p><strong>Rechtsgrundlagen<\/strong><\/p>\n\n\n\n<p>Soweit personenbezogene Daten von Besch\u00e4ftigten der Corteco verarbeitet werden, ist Art 6 Abs. 1 b), der Arbeitsvertrag unsere Rechtsgrundlage. Dies k\u00f6nnen die erw\u00e4hnten Verwaltungszwecke sein. Erg\u00e4nzend kann Art 6 Abs. 1 f) DSGVO, unser berechtigtes Interesse, die Rechtsgrundlage der Datenverarbeitung sein. Unser Interesse besteht in diesen F\u00e4llen an der Produktverbesserung und der Kunden- und Mitarbeiterzufriedenheit. Ihre Teilnahme an derartigen Umfragen erfolgt auf freiwilliger Basis gem. Art 6 Abs. 1 a) DSGVO, wenn Sie den Dienst als externe Person in Anspruch nehmen.<\/p>\n\n\n\n<p><strong>8. Durchf\u00fchrung von Terminvereinbarungen via Microsoft\u00ae Bookings\u00ae und FindTime\u00ae<\/strong><\/p>\n\n\n\n<p>Wir bieten Kunden, Mitarbeiter, Bewerbern und Lieferanten die Terminplanung via Microsoft\u00ae Bookings\u00ae oder Microsoft FindTime\u00ae an. Dies erm\u00f6glicht uns Ihnen Terminangebote zu unterbreiten f\u00fcr pers\u00f6nliche Treffen, Videokonferenzen, Telefonate oder Webinare. &nbsp;&nbsp;<\/p>\n\n\n\n<p><strong>Zweck der Datenverarbeitung<\/strong><\/p>\n\n\n\n<p>Wir nutzen Bookings\u00ae und FindTime\u00ae zur effizienten Termin- und Ereignisplanung. Soweit Sie Bookings\u00ae oder FindTime\u00ae von online aufrufen, ist Microsoft\u00ae f\u00fcr die Datenverarbeitung mitverantwortlich. Informationen zur Nutzung von Bookings\u00ae finden Sie unter: <a href=\"https:\/\/learn.microsoft.com\/de-de\/microsoft-365\/bookings\/bookings-faq?view=o365-worldwide\" target=\"_blank\" rel=\"noopener\">https:\/\/learn.microsoft.com\/de-de\/microsoft-365\/bookings\/bookings-faq?view=o365-worldwide<\/a> sowie zu FindTime\u00ae finden Sie hier: <a href=\"https:\/\/support.microsoft.com\/de-de\/office\/datenschutz-und-schutz-personenbezogener-daten-in-findtime-7dbbeb41-245c-4573-97ea-50fcb8610cde\" target=\"_blank\" rel=\"noopener\">https:\/\/support.microsoft.com\/de-de\/office\/datenschutz-und-schutz-personenbezogener-daten-in-findtime-7dbbeb41-245c-4573-97ea-50fcb8610cde<\/a><\/p>\n\n\n\n<p><strong>Verarbeitung personenbezogener Daten<\/strong><\/p>\n\n\n\n<p>Bei der Nutzung von Bookings\u00ae und FindTime\u00ae werden vordergr\u00fcndig Kontakt- und Termindaten verarbeitet. Folgende personenbezogene Daten sind Gegenstand der Verarbeitung:<\/p>\n\n\n\n<ul class=\"wp-block-list\">\n<li><strong>Angaben zum Benutzer<\/strong>: z. B. Profilinformationen, E-Mail-Adresse, Unternehmensinformationen<\/li>\n\n\n\n<li><strong>Termindaten<\/strong>: z. B. gew\u00e4hlter Zeitraum, Termin- und Ereignisdaten wie Ort, Organisator u.\u00e4.<\/li>\n<\/ul>\n\n\n\n<p><strong>Umfang der Verarbeitung<\/strong><\/p>\n\n\n\n<p>Wir verwenden Bookings\u00ae und FindTime\u00ae zur effizienten Zusammenarbeit und Terminfindung. Eine automatisierte Entscheidungsfindung i.S.d. Art. 22 DSGVO kommt nicht zum Einsatz.<\/p>\n\n\n\n<p><strong>Rechtsgrundlagen<\/strong><\/p>\n\n\n\n<p>Soweit personenbezogene Daten von Besch\u00e4ftigten der Corteco verarbeitet werden, ist Art 6 Abs. 1 b), der Arbeitsvertrag unsere Rechtsgrundlage. Dies k\u00f6nnen Verwaltungs- und Schulungszwecke sein. Erg\u00e4nzend kann Art 6 Abs. 1 f) DSGVO, unser berechtigtes Interesse, die Rechtsgrundlage der Datenverarbeitung sein. Unser Interesse besteht in diesen F\u00e4llen an der Prozessoptimierung und Zeitersparnis in der Abstimmung. Ihre Teilnahme an Terminplanungen erfolgt auf freiwilliger Basis gem. Art 6 Abs. 1 a) DSGVO, wenn Sie den Dienst als externe Person in Anspruch nehmen.<\/p>\n\n\n\n<p><strong>9. Kollaboration im Rahmen von Gastzug\u00e4ngen via SharedChannels\u00ae<\/strong><\/p>\n\n\n\n<p>Wir arbeiten mit Gesch\u00e4ftspartner im Rahmen der Produkt- und Forschungskollaboration, mit Mitarbeitern anderer Unternehmen und anderen Dienstleistern zusammen. Dabei k\u00f6nnen ggfs. Gastzug\u00e4nge auf Systeme wie Teams\u00ae erstellt werden.<\/p>\n\n\n\n<p><strong>Zweck der Datenverarbeitung<\/strong><\/p>\n\n\n\n<p>SharedChannels\u00ae ist eine Funktionalit\u00e4t von Teams\u00ae und damit ein Service der Microsoft Corporation. Er dient der effizienten Zusammenarbeit auf Basis der M365 Suite und seinen integrierten Applikationen. Weitere Informationen erhalten Sie unter: <a href=\"https:\/\/support.microsoft.com\/en-us\/office\/what-is-a-shared-channel-in-microsoft-teams-e70a8c22-fee4-4d6e-986f-9e0781d7d11d\" target=\"_blank\" rel=\"noopener\">https:\/\/support.microsoft.com\/en-us\/office\/what-is-a-shared-channel-in-microsoft-teams-e70a8c22-fee4-4d6e-986f-9e0781d7d11d<\/a><\/p>\n\n\n\n<p><strong>Verarbeitung personenbezogener Daten<\/strong><\/p>\n\n\n\n<p>Bei der Nutzung von <strong>SharedChannels\u00ae <\/strong>werden verschiedene Datenarten verarbeitet. Der Umfang der Daten h\u00e4ngt unter anderem davon ab, welche Rechte und Rollen Ihnen zugewiesen werden. Es ist nicht m\u00f6glich eine abschlie\u00dfende Liste zu erstellen, da dies immer situationsabh\u00e4ngig ist. Folgende personenbezogene Daten sind in der Regel Gegenstand der Verarbeitung:<\/p>\n\n\n\n<ul class=\"wp-block-list\">\n<li><strong>Angaben zum Benutzer<\/strong>: z. B. Profilinformationen, Kontaktdaten<\/li>\n\n\n\n<li><strong>Nutzungsdaten<\/strong>: z. B. Logindaten, \u00c4nderungen an Dokumenten<\/li>\n\n\n\n<li><strong>Projektdaten<\/strong>: Dokumente, Pr\u00e4sentationen, Audio- und Videodaten (nicht abschlie\u00dfend)<\/li>\n<\/ul>\n\n\n\n<p><strong>Umfang der Verarbeitung<\/strong><\/p>\n\n\n\n<p>Wir verwenden SharedChannels\u00ae und Teams\u00ae zur besagten Kollaboration im Rahmen des gesch\u00e4ftlichen Wirkens der Corteco. Eine automatisierte Entscheidungsfindung i.S.d. Art. 22 DSGVO kommt nicht zum Einsatz.<\/p>\n\n\n\n<p><strong>Rechtsgrundlagen<\/strong><\/p>\n\n\n\n<p>Soweit personenbezogene Daten von Besch\u00e4ftigten der Corteco verarbeitet werden, ist Art 6 Abs. 1 b) DSGVO, der Arbeitsvertrag unsere Rechtsgrundlage. Erg\u00e4nzend kann Art 6 Abs. 1 f) DSGVO, unser berechtigtes Interesse, die Rechtsgrundlage der Datenverarbeitung sein. Unser Interesse besteht in diesen F\u00e4llen an der Kollaboration innerhalb der Unternehmensgruppe und mit unseren Kunden, Lieferanten und Dienstleistern.<\/p>\n\n\n\n<p><\/p>\n<\/div><\/div><\/section>\n","protected":false},"excerpt":{"rendered":"","protected":false},"author":13,"featured_media":0,"parent":0,"menu_order":0,"comment_status":"closed","ping_status":"closed","template":"","meta":{"_acf_changed":false,"footnotes":""},"class_list":["post-4784","page","type-page","status-publish","hentry"],"acf":[],"_links":{"self":[{"href":"https:\/\/www.corteco.com\/de\/wp-json\/wp\/v2\/pages\/4784","targetHints":{"allow":["GET"]}}],"collection":[{"href":"https:\/\/www.corteco.com\/de\/wp-json\/wp\/v2\/pages"}],"about":[{"href":"https:\/\/www.corteco.com\/de\/wp-json\/wp\/v2\/types\/page"}],"author":[{"embeddable":true,"href":"https:\/\/www.corteco.com\/de\/wp-json\/wp\/v2\/users\/13"}],"replies":[{"embeddable":true,"href":"https:\/\/www.corteco.com\/de\/wp-json\/wp\/v2\/comments?post=4784"}],"version-history":[{"count":8,"href":"https:\/\/www.corteco.com\/de\/wp-json\/wp\/v2\/pages\/4784\/revisions"}],"predecessor-version":[{"id":4876,"href":"https:\/\/www.corteco.com\/de\/wp-json\/wp\/v2\/pages\/4784\/revisions\/4876"}],"wp:attachment":[{"href":"https:\/\/www.corteco.com\/de\/wp-json\/wp\/v2\/media?parent=4784"}],"curies":[{"name":"wp","href":"https:\/\/api.w.org\/{rel}","templated":true}]}}