{"id":5726,"date":"2024-07-02T17:07:22","date_gmt":"2024-07-02T15:07:22","guid":{"rendered":"https:\/\/www.corteco.com\/?page_id=5726"},"modified":"2024-07-02T17:10:44","modified_gmt":"2024-07-02T15:10:44","slug":"gewinnspiel-teilnahmebedingungen","status":"publish","type":"page","link":"https:\/\/www.corteco.com\/de\/gewinnspiel-teilnahmebedingungen\/","title":{"rendered":"Teilnahmebedingungen und Datenschutzhinweise"},"content":{"rendered":"\n<section class=\"wp-block-custom-container alignwide block-content  block-content--spacing-top block-content--spacing-bottom block-content--margin-top\"><style>.block-content{position:relative}.block-content--spacing-top{padding-top:5rem}@media (min-width: 992px){.block-content--spacing-top{padding-top:9rem}}.block-content--spacing-bottom{padding-bottom:5rem}@media (min-width: 992px){.block-content--spacing-bottom{padding-bottom:9rem}}.block-content--margin-top{margin-top:5rem}@media (min-width: 992px){.block-content--margin-top{margin-top:9rem}}.block-content--margin-bottom{margin-bottom:5rem}@media (min-width: 992px){.block-content--margin-bottom{margin-bottom:9rem}}.block-content .container{position:relative;z-index:1}.block-content .container--full{padding:0}.block-content .container-overlay{position:absolute;z-index:0;top:0;right:0;bottom:0;left:0}\n<\/style><div class=\"container container--wide\"><div class=\"container__body\">\n<h1 class=\"wp-block-heading\">Teilnahmebedingungen und Datenschutzhinweise<\/h1>\n<\/div><\/div><\/section>\n\n\n\n<section class=\"wp-block-custom-container alignwide block-content  block-content--spacing-bottom block-content--margin-bottom\"><div class=\"container container--wide\"><div class=\"container__body\">\n<p>Diese Teilnahmebedingungen und Datenschutzhinweise (nachfolgend zusammenfassend bezeichnet als &#8222;Teilnahmebedingungen&#8220;) gelten f\u00fcr die Teilnahme an unseren auf sie verweisenden Gewinnspielen und Wettbewerben (nachfolgend bezeichnet als &#8222;Gewinnspiel\/e&#8220;).<\/p>\n\n\n\n<p>Die Teilnahmebedingungen enthalten Regeln, u.a. f\u00fcr die Teilnahme, Hinweise zu den Gewinnen und zur Verarbeitung der Daten der Teilnehmer und deren Widerspruchs- sowie Widerrufsrechte. Die verwendeten Begriffe sind nicht geschlechtsspezifisch.<\/p>\n\n\n\n<p>Inhalts\u00fcbersicht<\/p>\n\n\n\n<ul class=\"wp-block-list\">\n<li>Veranstalter<\/li>\n\n\n\n<li>Einf\u00fchrung<\/li>\n\n\n\n<li>Altersbeschr\u00e4nkung<\/li>\n\n\n\n<li>\u00d6rtliche Beschr\u00e4nkung<\/li>\n\n\n\n<li>Weitere Teilnahmekriterien<\/li>\n\n\n\n<li>Beginn und Ende des Gewinnspiels<\/li>\n\n\n\n<li>Angaben zu Gewinnen<\/li>\n\n\n\n<li>Weitere Hinweise zum Gewinnen<\/li>\n\n\n\n<li>Verantwortlichkeit der Teilnehmer<\/li>\n\n\n\n<li>Nutzung der Gewinnspielbeitr\u00e4ge<\/li>\n\n\n\n<li>Nennung der Gewinnspielteilnehmer<\/li>\n\n\n\n<li>Gewinnspiele innerhalb von Online-Plattformen<\/li>\n\n\n\n<li>Hinweise zur Gew\u00e4hrleistung und Haftung<\/li>\n\n\n\n<li>Datenschutzhinweise<\/li>\n\n\n\n<li>Schlussbestimmungen<\/li>\n<\/ul>\n\n\n\n<p>Veranstalter<\/p>\n\n\n\n<p>Corteco GmbH<br>Badenerstra\u00dfe 4<br>69493 Hirschberg<\/p>\n\n\n\n<p>Impressum:<\/p>\n\n\n\n<p><a href=\"https:\/\/www.corteco.com\/de\/impressum\/\">https:\/\/www.corteco.com\/de\/impressum\/<\/a><\/p>\n\n\n\n<p>E-Mail-Adresse:<\/p>\n\n\n\n<p><a href=\"mailto:service@corteco.de\"><\/a><a href=\"mailto:service@corteco.de\">service@corteco.de<\/a><\/p>\n\n\n\n<p>Telefon:<\/p>\n\n\n\n<p>+49 (0) 6201 25 96 4-0<\/p>\n\n\n\n<p>1. Altersbeschr\u00e4nkung<\/p>\n\n\n\n<p>Die Teilnahme ist erst ab Vollendung des 18ten Lebensjahres m\u00f6glich.<\/p>\n\n\n\n<p>2. \u00d6rtliche Beschr\u00e4nkung<\/p>\n\n\n\n<p>Die Teilnahme setzt voraus, dass Sie Ihren Wohnsitz, Sitz oder den Ort Ihres gew\u00f6hnlichen Aufenthalts in der oder die nachfolgend genannte Region haben:<\/p>\n\n\n\n<p>Deutschland.<\/p>\n\n\n\n<p>3. Weitere Teilnahmekriterien<\/p>\n\n\n\n<p>F\u00fcr unser Gewinnspiel gelten die folgenden Teilnahmevoraussetzungen bzw.. Teilnahmebeschr\u00e4nkungen:<\/p>\n\n\n\n<p>Ausschluss von Mitarbeitern und anderen Beteiligten: Von der Teilnahme ausgeschlossen sind unsere Mitarbeiter und die Mitarbeiter unserer Sponsoren, die mit der Erstellung oder Abwicklung dieses Gewinnspiels besch\u00e4ftigt sind oder waren, sowie deren Ehe- oder Lebenspartner, Eltern, Kinder, Geschwister oder im gleichen Haushalt lebende Personen, sofern diesen die vorgenannte Befassung der Mitarbeiter mit dem Gewinnspiel bekannt war oder h\u00e4tte bekannt sein m\u00fcssen.<\/p>\n\n\n\n<p>Einreichung von Beitr\u00e4gen: Die Teilnahme am Gewinnspiel setzt die Einreichung bzw.. den Upload von Beitr\u00e4gen entsprechend der Gewinnspielank\u00fcndigung voraus.<\/p>\n\n\n\n<p>Fan oder Follower werden: Die Teilnahme am Gewinnspiel steht nur solchen Teilnehmern offen, die Fans, Follower, bzw. Anh\u00e4nger sind. Abonnenten der, in der Gewinnspielank\u00fcndigung genannten Social Media Accounts oder der Social Media Accounts auf denen das Gewinnspiel veranstaltet wird, werden.<\/p>\n\n\n\n<p>Teilnahme an einer Veranstaltung: Die Teilnahme an dem Gewinnspiel setzt voraus, dass Sie an der Veranstaltung (bzw. dem Event) teilgenommen haben, in deren Rahmen das Gewinnspiel veranstaltet wurde.<\/p>\n\n\n\n<p>4. Beginn und Ende des Gewinnspiels<\/p>\n\n\n\n<p>Beginn des Gewinnspiels:<\/p>\n\n\n\n<p>02.07.2023<\/p>\n\n\n\n<p>Ende des Gewinnspiels:<\/p>\n\n\n\n<p>06.07.2023<\/p>\n\n\n\n<p>5. Angaben zu Gewinnen<\/p>\n\n\n\n<p>Im Anschluss daran kl\u00e4ren wir die Teilnehmer \u00fcber die von uns verlosten Gewinne sowie deren Modalit\u00e4ten auf.<\/p>\n\n\n\n<p>Der Gewinn ist ein Deutschland Fan Paket im Wert von 8 Euro.<\/p>\n\n\n\n<p>Bestimmung der Gewinner: Die Gewinner werden per Zufallsauswahl bestimmt.<\/p>\n\n\n\n<p>Gewinnen kann, wer dem Instagram Account &#8222;corteco_official&#8220; folgt, den Gewinnspiel-Beitrag liked und Kommentar hinterl\u00e4sst.<\/p>\n\n\n\n<p>6. Weitere Hinweise zum Gewinnen<\/p>\n\n\n\n<p>Bitte beachten Sie die weiteren Hinweise zu den Gewinnen:<\/p>\n\n\n\n<p>Ausschluss der \u00dcbertragung und Auszahlung von Gewinnen: Der Gewinnanspruch ist nicht \u00fcbertragbar. Eine Auszahlung der Gewinne in bar oder ein Tausch ist nicht m\u00f6glich.<\/p>\n\n\n\n<p>7. Verantwortlichkeit der Teilnehmer<\/p>\n\n\n\n<p>Wir sind f\u00fcr das Verhalten und die im Rahmen des Gewinnspiels durch die Teilnehmer publizierten Inhalte nicht verantwortlich und machen uns diese nicht zu eigen. Wir sind ferner nicht zu deren Pr\u00fcfung verpflichtet, behalten uns jedoch vor, deren Ver\u00f6ffentlichung r\u00fcckg\u00e4ngig zu machen, wenn konkrete Anhaltspunkte daf\u00fcr vorliegen, dass die Inhalte gegen gesetzliche Vorgaben, beh\u00f6rdliche Verbote, Rechte Dritter oder gegen die guten Sitten versto\u00dfen.<\/p>\n\n\n\n<p>Ausschluss bei Missbrauch: Wir behalten uns das Recht vor, Teilnehmer, die ohne, dass dies ausdr\u00fccklich erlaubt ist, mehrere E-Mail-Adressen, Social-Media-Accounts oder Dergleichen zur Erh\u00f6hung der Gewinnchancen verwenden, das Gewinnspiel oder den Spielablauf technisch manipulieren oder anderweitig gegen diese Teilnahmebedingungen oder das Gesetz versto\u00dfen, jederzeit und ohne Vorank\u00fcndigung von der Teilnahme an dem Gewinnspiel unter Beachtung der Zumutbarkeitskriterien auszuschlie\u00dfen.<\/p>\n\n\n\n<p>Keine Bel\u00e4stigung anderer Personen: Die Teilnehmer d\u00fcrfen andere Personen im Rahmen des Gewinnspiels nicht bel\u00e4stigen. Zum Beispiel d\u00fcrfen etwaige Mitteilungs-, Weiterleitungs- oder Teilen-Funktionen nicht f\u00fcr den Versand von Mitteilungen genutzt werden, wenn damit zu rechnen ist, dass deren Erhalt seitens der Empf\u00e4nger unerw\u00fcnscht ist.<\/p>\n\n\n\n<p>Ausschluss von Gewinnspielteilnahmevermittlern: Die Teilnahme von Gewinnspielagenturen und sonstiger automatisch generierter Massenteilnahmeverfahren wird ausdr\u00fccklich ausgeschlossen und bei der Ermittlung der Gewinnspielgewinner nicht ber\u00fccksichtigt.<\/p>\n\n\n\n<p>Ausschluss von Klickgeneratoren und \u00e4hnlichen Massenabstimmungsverfahren: Zu den untersagten Manipulationen geh\u00f6rt der Einsatz von &#8222;Click-Workern&#8220;, Klickgeneratoren, Erwerb von Stimmzahlen und Likes oder vergleichbaren Diensten. Vor allem bei Beschwerden m\u00fcssen wir in solchen F\u00e4llen zum Schutz anderer Teilnehmer und deren fairer Gewinnchancen einschreiten.<\/p>\n\n\n\n<p>Ausschlussentscheidungen treffen wir im angemessenen Umfang und auf Grundlage sachlicher Kriterien sowie objektiver Anhaltspunkte, wie z.B. des rasanten Anstiegs einer Abstimmung innerhalb eines sehr kurzen Zeitraums. Im Falle eines Ausschlusses k\u00f6nnen Gewinne und Vorteile auch noch nachtr\u00e4glich aberkannt und zur\u00fcckgefordert werden.<\/p>\n\n\n\n<p>Verantwortlichkeit f\u00fcr Inhalte: Die Teilnehmer sind f\u00fcr die von ihnen im Rahmen des Gewinnspiels publizierten Inhalte verantwortlich. Wir (und soweit genannt Sponsoren) sind f\u00fcr das Verhalten der Teilnehmer und die im Rahmen des Gewinnspiels durch die Teilnehmer publizierten Inhalte nicht verantwortlich und machen uns diese nicht zu eigen. Wir sind ferner nicht zur Pr\u00fcfung solcher Inhalte verpflichtet, behalten uns als der Veranstalter des Gewinnspiels jedoch vor, deren Ver\u00f6ffentlichung zu l\u00f6schen, wenn konkrete Anhaltspunkte daf\u00fcr vorliegen, dass die Inhalte gegen gesetzliche Vorgaben, beh\u00f6rdliche Verbote, Rechte Dritter oder gegen die guten Sitten versto\u00dfen.<\/p>\n\n\n\n<p>Die Teilnehmer haben sicherzustellen, dass ihnen an den Inhalten die notwendigen Nutzungsrechte f\u00fcr die Teilnahme an diesem Gewinnspiel zustehen und deren Nutzung im Rahmen dieser Teilnahmebedingungen nicht gegen gesetzliche Vorschriften, die guten Sitten und\/oder gegen Rechte Dritter verst\u00f6\u00dft.<\/p>\n\n\n\n<p>Wenn auf Fotos oder Videos neben den Teilnehmern noch andere Personen zu erkennen sind, ist die Einreichung solcher Fotos oder Videos nur zul\u00e4ssig, soweit die Zustimmung der abgebildeten Personen hierzu vorliegt und deren Pers\u00f6nlichkeits- und Datenschutzrechte nicht verletzt werden. Nicht selbst aufgenommene Fotos oder Videos d\u00fcrfen nur eingereicht werden, wenn deren Urheber dem zugestimmt haben.<\/p>\n\n\n\n<p>Freistellung: Soweit wir oder unser Sponsor wegen gegen das Gesetz oder beh\u00f6rdliche Anordnungen, gegen Rechte Dritter oder gegen diese Teilnahmebedingungen versto\u00dfende Inhalte in Anspruch genommen werden, die von Teilnehmern zu vertreten sind, stellen die Teilnehmer uns bzw.. unsere Sponsor(en) von den Anspr\u00fcchen frei und unterst\u00fctzen uns bzw.. den Sponsor bei der Abwehr der Anspr\u00fcche. Die Freistellung umfasst die erforderlichen Rechtsverteidigungskosten.<\/p>\n\n\n\n<p>8. Nutzung der Gewinnspielbeitr\u00e4ge<\/p>\n\n\n\n<p>Die Teilnehmer r\u00e4umen uns zu Zwecken der Berichterstattung \u00fcber das Gewinnspiel, dessen Bewerbung und der Pr\u00e4sentation der Teilnehmerbeitr\u00e4ge und Gewinner durch uns oder durch unseren Sponsor(en) in Onlinemedien (z.B. auf Webseiten und in Social Media) oder in Printmedien unentgeltlich, zeitlich und \u00f6rtlich unbeschr\u00e4nkt das einfache Recht ein, die uns von ihnen im Rahmen des Gewinnspiels \u00fcberlassenen Teilnehmerbeitr\u00e4ge zu vervielf\u00e4ltigen, zu verbreiten, \u00f6ffentlich zug\u00e4nglich zu machen, unter Wahrung der Pers\u00f6nlichkeitsrechte der Teilnehmer zu bearbeiten sowie die Wahrnehmung dieser Rechte auf beauftragte Dritte, wie z.B. technische Dienstleister oder Agenturen, zu \u00fcbertragen. Die gesetzlichen Widerrufsrechte bleiben unber\u00fchrt.<\/p>\n\n\n\n<p>9. Nennung der Gewinnspielteilnehmer<\/p>\n\n\n\n<p>Die Namen der Teilnehmer k\u00f6nnen im Zusammenhang mit dem Gewinnspiel oder Pr\u00e4sentation der Teilnehmerbeitr\u00e4ge und Gewinner durch uns oder durch unsere Sponsor(en) in Onlinemedien (z.B. auf Webseiten und in Social Media) oder in Printmedien \u00f6ffentlich bekannt gegeben werden. Die Teilnehmer k\u00f6nnen dem jederzeit f\u00fcr die Zukunft widersprechen.<\/p>\n\n\n\n<p>10. Gewinnspiele innerhalb von Online-Plattformen<\/p>\n\n\n\n<p>Findet das Gewinnspiel innerhalb einer Online-Plattform oder eines sozialen Netzwerks (z.B. Facebook oder Instagram, nachfolgend bezeichnet als &#8222;Online-Plattform&#8220;) statt, gelten zus\u00e4tzlich die nachfolgenden Bestimmungen.<\/p>\n\n\n\n<p>Die Teilnehmer k\u00f6nnen gegen\u00fcber der Online-Plattform keine Anspr\u00fcche geltend machen, die im Zusammenhang mit der Teilnahme am Gewinnspiel oder dessen Nutzung entstehen. Die Teilnehmer erkennen an, dass das Gewinnspiel in keiner Weise von der Online-Plattform gesponsert, unterst\u00fctzt oder organisiert wird, bzw.. in keiner Verbindung zu der Online-Plattform steht. Alle Informationen und Daten, die im Rahmen des Gewinnspiels durch die Teilnehmer mitgeteilt oder von diesen erhoben werden, werden nur uns und nicht der Online-Plattform bereitgestellt. Wir bitten darum, s\u00e4mtliche Anfragen und Hinweise bez\u00fcglich des Gewinnspiels an uns und nicht an die Online-Plattform zu richten.<\/p>\n\n\n\n<p>Sofern wir Daten der Teilnehmer auf Grundlage von deren Erlaubnis oder einer anderen gesetzlichen Berechtigung von der Online-Plattform erhalten, erfolgt die Nutzung, die Speicherung und die sonstige Verarbeitung dieser Daten nur zu den im Rahmen des Gewinnspiels genannten Zwecken (z.B., wenn wir die E-Mailadresse der Nutzer in ein Gewinnspielformular voreintragen k\u00f6nnen).<\/p>\n\n\n\n<p>Sollten Teilnehmer zur Eingabe von Zugangsdaten aufgefordert werden, dann werden diese Daten von dem Anbieter der Online-Plattform verarbeitet. Wir erhalten insbesondere keinen Zugang zu den Passw\u00f6rtern der Teilnehmer.<\/p>\n\n\n\n<p>Neben diesen Teilnahmebedingungen gelten im Verh\u00e4ltnis zu der Online-Plattform deren anwendbare Gesch\u00e4ftsbedingungen und Datenschutzhinweise. Weitere Informationen zu dem Einwilligungsvorgang, Informationen \u00fcber erteilte Einwilligungen sowie M\u00f6glichkeiten, diese zu widerrufen, ergeben sich aus den Datenschutzhinweisen der Online-Plattform.<\/p>\n\n\n\n<p>11. Hinweise zur Gew\u00e4hrleistung und Haftung<\/p>\n\n\n\n<p>Wir weisen darauf hin, dass es sich bei dem Gewinnspiel und den Gewinnen um freiwillige Leistungen unsererseits handelt, f\u00fcr die nicht derselbe Gew\u00e4hrleistungs- und Haftungsumfang, wie z.B. bei einem vom Gewinnspiel unabh\u00e4ngigen Erwerb der verlosten Preise.<\/p>\n\n\n\n<p>Beschr\u00e4nkungen der Gew\u00e4hrleistung f\u00fcr Gewinne: Wir haften, vorbehaltlich eigenen Verschuldens nach Ma\u00dfgabe der Regelungen in den Haftungshinweisen dieser Teilnahmebedingungen, nicht f\u00fcr gewonnene Sachen und Leistungen, die nicht von uns selbst angeboten werden. Im \u00dcbrigen gelten die Gew\u00e4hrleistungs- und Garantiebedingungen der jeweiligen Anbieter der Sachen und Leistungen, sofern diese die Teilnehmer nicht einschr\u00e4nken und von uns auf die Teilnehmer \u00fcbertragen werden k\u00f6nnen.<\/p>\n\n\n\n<p>Abweichungen bei Gewinnen: Die im Rahmen der Gewinnspielbeschreibung gezeigten Gewinne k\u00f6nnen von den, den Gewinnern \u00fcberreichten Sachen oder Leistungen abweichen, sofern sie im Hinblick auf die beschriebenen Gewinne aus der Sicht eines durchschnittlichen Teilnehmers gleichwertig sind. Nach dieser Ma\u00dfgabe k\u00f6nnen Abweichungen hinsichtlich Modell, Farbe, Lokalit\u00e4t o. \u00e4. bestehen.<\/p>\n\n\n\n<p>Haftung: F\u00fcr unsere Haftung auf Schadensersatz gelten unbeschadet der sonstigen gesetzlichen Anspruchsvoraussetzungen die folgenden Haftungsausschl\u00fcsse und Haftungsbegrenzungen.<\/p>\n\n\n\n<p>Soweit die Haftung unsererseits ausgeschlossen oder beschr\u00e4nkt ist, gilt dies auch f\u00fcr die pers\u00f6nliche Haftung von unseren Arbeitnehmern, Vertretern und Erf\u00fcllungsgehilfen sowie f\u00fcr eine Haftung der Sponsor(en). Wir haften f\u00fcr die leicht fahrl\u00e4ssige Verletzung von wesentlichen Pflichten, deren Verletzung die Erreichung des Vertragszwecks gef\u00e4hrdet, oder f\u00fcr die Verletzung von Pflichten, deren Erf\u00fcllung die ordnungsgem\u00e4\u00dfe Durchf\u00fchrung des Gewinnspiels \u00fcberhaupt erst erm\u00f6glicht und auf deren Einhaltung die Vertragspartner regelm\u00e4\u00dfig vertrauen (sog. Kardinalspflichten). In diesem Fall haften wir jedoch nur f\u00fcr den vorhersehbaren, vertragstypischen Schaden. Wir haften nicht f\u00fcr die leicht fahrl\u00e4ssige Verletzung der in den vorstehenden S\u00e4tzen genannten Pflichten durch andere. Wir haften unbeschr\u00e4nkt, soweit die Schadensursache auf Vorsatz oder grober Fahrl\u00e4ssigkeit beruht. Im Fall grob fahrl\u00e4ssiger Pflichtverletzung durch unsere Erf\u00fcllungsgehilfen gelten die vorgenannten Einschr\u00e4nkungen f\u00fcr die leicht fahrl\u00e4ssige Verletzung von wesentlichen Pflichten.<\/p>\n\n\n\n<p>Die vorstehenden Haftungsbeschr\u00e4nkungen gelten nicht bei Verletzung von Leben, K\u00f6rper und Gesundheit, f\u00fcr einen Mangel nach \u00dcbernahme von Beschaffenheitsgarantien f\u00fcr die Beschaffenheit eines Produktes und bei arglistig verschwiegenen M\u00e4ngeln. Die Haftung nach dem Produkthaftungsgesetz bleibt unber\u00fchrt.<\/p>\n\n\n\n<p>Rechtsweg: Der Rechtsweg ist im Hinblick auf die Ziehung der Gewinner und die etwaige Beurteilung der eingereichten Gewinnspielbeitr\u00e4ge ausgeschlossen.<\/p>\n\n\n\n<p>12. Datenschutzhinweise<\/p>\n\n\n\n<p>Wir verarbeiten personenbezogene Daten (im Folgenden auch als &#8222;Daten&#8220; bezeichnet) der Teilnehmer von Gewinnspielen und Wettbewerben nur unter Einhaltung der einschl\u00e4gigen Datenschutzbestimmungen, soweit die Verarbeitung zur Bereitstellung, Durchf\u00fchrung und Abwicklung des Gewinnspiels erforderlich ist (Art. 6 Abs. 1 S. 1 lit. b. DSGVO), die Teilnehmer in die Verarbeitung eingewilligt haben (Art. 6 Abs. 1 S. 1 lit. a DSGVO) oder die Verarbeitung gem. Art. 6 Abs. 1 S. 1 Lit. f DSGVO unseren berechtigten Interessen an der Sicherheit des Gewinnspiels oder am Schutz unserer Interessen vor Missbrauch dient.<\/p>\n\n\n\n<p>Die Daten der Teilnehmer werden nur dann an andere Stellen \u00fcbermittelt, wenn dies f\u00fcr die Durchf\u00fchrung des Gewinnspiels erforderlich ist (z.B. zum Versand von Gewinnen durch Sponsor(en) oder an im Zusammenhang mit der Durchf\u00fchrung beauftragte technische Dienstleister oder Agenturen) oder ein Teilnehmer in die \u00dcbermittlung eingewilligt hat.<\/p>\n\n\n\n<p>Wir weisen die Teilnehmer im Rahmen des Gewinnspiels darauf hin, welche ihrer Angaben f\u00fcr die Teilnahme erforderlich sind.<\/p>\n\n\n\n<p>Die Daten der Teilnehmer werden gel\u00f6scht, sobald das Gewinnspiel beendet ist und die Daten nicht mehr erforderlich sind, um die Gewinner zu informieren oder weil mit R\u00fcckfragen zum Gewinnspiel zu rechnen ist. Grunds\u00e4tzlich werden die Daten der Teilnehmer sp\u00e4testens 6 Monate nach Ende des Gewinnspiels gel\u00f6scht. Daten der Gewinner k\u00f6nnen l\u00e4nger einbehalten werden, um z.B. R\u00fcckfragen zu den Gewinnen zu beantworten oder die Gewinnleistungen zu erf\u00fcllen; in diesem Fall richtet sich die Aufbewahrungsdauer nach der Art des Gewinns und betr\u00e4gt z.B. bei Sachen oder Leistungen bis zu drei Jahren, um z.B. Gew\u00e4hrleistungsf\u00e4lle bearbeiten zu k\u00f6nnen. Ferner k\u00f6nnen die Daten der Teilnehmer l\u00e4nger gespeichert werden, z.B. im Rahmen einer (datenschutzkonformen) Berichterstattung zum Gewinnspiel in Online- und Offline-Medien oder im Fall von Teilnahmebeitr\u00e4gen, die in sozialen Medien ver\u00f6ffentlicht werden.<\/p>\n\n\n\n<p>Sofern Daten im Rahmen des Gewinnspiels auch zu anderen Zwecken erhoben wurden, richten sich deren Verarbeitung und die Aufbewahrungsdauer nach den Datenschutzhinweisen zu dieser Nutzung (z.B. im Fall einer Anmeldung zum Newsletter im Rahmen eines Gewinnspiels).<\/p>\n\n\n\n<p>Soweit wir im \u00dcbrigen Ihre Daten verarbeiten oder zus\u00e4tzliche Informationen zu der Verarbeitung Ihrer Daten bereithalten, geben wir einen Link zu unserer Datenschutzerkl\u00e4rung an und verweisen auf diese.<\/p>\n\n\n\n<p>Den Teilnehmern stehen als Betroffene nach der DSGVO verschiedene Rechte zu, die sich insbesondere aus Art. 15 bis 21 DSGVO ergeben:<\/p>\n\n\n\n<ul class=\"wp-block-list\">\n<li><strong>Widerspruchsrecht:<\/strong> Sie haben das Recht, aus Gr\u00fcnden, die sich aus Ihrer besonderen Situation ergeben, jederzeit gegen die Verarbeitung der Sie betreffenden personenbezogenen Daten, die aufgrund von Art. 6 Abs. 1 Lit. e oder f DSGVO erfolgt, Widerspruch einlegen; dies gilt auch f\u00fcr ein auf diese Bestimmungen gest\u00fctztes Profiling. Werden die Sie betreffenden personenbezogenen Daten verarbeitet, um Direktwerbung zu betreiben, haben Sie das Recht, jederzeit Widerspruch gegen die Verarbeitung der Sie betreffenden personenbezogenen Daten zum Zwecke derartiger Werbung einzulegen; dies gilt auch f\u00fcr das Profiling, soweit es mit solcher Direktwerbung in Verbindung steht.<\/li>\n\n\n\n<li><strong>Widerrufsrecht bei Einwilligungen:<\/strong> Sie haben das Recht, erteilte Einwilligungen jederzeit zu widerrufen.<\/li>\n\n\n\n<li><strong>Auskunftsrecht:<\/strong> Sie haben das Recht, eine Best\u00e4tigung dar\u00fcber zu verlangen, ob betreffende Daten verarbeitet werden und auf Auskunft \u00fcber diese Daten sowie auf weitere Informationen und Kopie der Daten entsprechend den gesetzlichen Vorgaben.<\/li>\n\n\n\n<li><strong>Recht auf Berichtigung:<\/strong> Sie haben entsprechend den gesetzlichen Vorgaben das Recht, die Vervollst\u00e4ndigung der Sie betreffenden Daten oder die Berichtigung der Sie betreffenden unrichtigen Daten zu verlangen.<\/li>\n\n\n\n<li><strong>Recht auf L\u00f6schung und Einschr\u00e4nkung der Verarbeitung:<\/strong> Sie haben nach Ma\u00dfgabe der gesetzlichen Vorgaben das Recht, zu verlangen, dass die Sie betreffenden Daten unverz\u00fcglich gel\u00f6scht werden, bzw.. alternativ nach Ma\u00dfgabe der gesetzlichen Vorgaben eine Einschr\u00e4nkung der Verarbeitung der Daten zu verlangen.<\/li>\n\n\n\n<li><strong>Recht auf Daten\u00fcbertragbarkeit:<\/strong> Sie haben das Recht, Sie betreffende Daten, die Sie uns bereitgestellt haben, nach Ma\u00dfgabe der gesetzlichen Vorgaben in einem strukturierten, g\u00e4ngigen und maschinenlesbaren Format zu erhalten oder deren \u00dcbermittlung an einen anderen Verantwortlichen zu fordern.<\/li>\n\n\n\n<li><strong>Beschwerde bei Aufsichtsbeh\u00f6rde:<\/strong> Sie haben ferner nach Ma\u00dfgabe der gesetzlichen Vorgaben das Recht, bei einer Aufsichtsbeh\u00f6rde, insbesondere in dem Mitgliedstaat Ihres gew\u00f6hnlichen Aufenthaltsorts, Ihres Arbeitsplatzes oder des Orts des mutma\u00dflichen Versto\u00dfes eine Beschwerde einzulegen, wenn Sie der Ansicht sind, dass die Verarbeitung der Sie betreffenden personenbezogenen Daten gegen die DSGVO verst\u00f6\u00dft.<\/li>\n<\/ul>\n\n\n\n<p>13. Schlussbestimmungen<\/p>\n\n\n\n<p>Abweichende Bedingungen: Das Gewinnspiel bestimmt sich allein nach unseren Teilnahmebedingungen. Abweichende Bedingungen der Teilnehmer finden ohne unser ausdr\u00fcckliches Einverst\u00e4ndnis keine Geltung.<\/p>\n\n\n\n<p>Anwendbares Recht, Erf\u00fcllungsort und Gerichtsstand: Die Rechtsbeziehung zwischen uns und den Teilnehmern unterliegt ausschlie\u00dflich dem Recht der Bundesrepublik Deutschland. Vorbehaltlich anderer Angaben, ist der Erf\u00fcllungsort f\u00fcr Anspr\u00fcche im Zusammenhang mit dem Gewinnspiel unser Sitz. Ausschlie\u00dflicher Gerichtsstand f\u00fcr alle Streitigkeiten aus oder im Zusammenhang mit dem Gewinnspiel ist unser Sitz, sofern ein Teilnehmer Kaufmann, juristische Person des \u00f6ffentlichen Rechts oder \u00f6ffentlich-rechtliches Sonderverm\u00f6gen ist oder der Teilnehmer in der Bundesrepublik Deutschland keinen Gerichtsstand hat. Wir behalten uns vor, unsere Anspr\u00fcche an dem gesetzlichen Gerichtsstand geltend zu machen.<\/p>\n<\/div><\/div><\/section>\n","protected":false},"excerpt":{"rendered":"","protected":false},"author":13,"featured_media":0,"parent":0,"menu_order":0,"comment_status":"closed","ping_status":"closed","template":"","meta":{"_acf_changed":false,"footnotes":""},"class_list":["post-5726","page","type-page","status-publish","hentry"],"acf":[],"_links":{"self":[{"href":"https:\/\/www.corteco.com\/de\/wp-json\/wp\/v2\/pages\/5726","targetHints":{"allow":["GET"]}}],"collection":[{"href":"https:\/\/www.corteco.com\/de\/wp-json\/wp\/v2\/pages"}],"about":[{"href":"https:\/\/www.corteco.com\/de\/wp-json\/wp\/v2\/types\/page"}],"author":[{"embeddable":true,"href":"https:\/\/www.corteco.com\/de\/wp-json\/wp\/v2\/users\/13"}],"replies":[{"embeddable":true,"href":"https:\/\/www.corteco.com\/de\/wp-json\/wp\/v2\/comments?post=5726"}],"version-history":[{"count":4,"href":"https:\/\/www.corteco.com\/de\/wp-json\/wp\/v2\/pages\/5726\/revisions"}],"predecessor-version":[{"id":5739,"href":"https:\/\/www.corteco.com\/de\/wp-json\/wp\/v2\/pages\/5726\/revisions\/5739"}],"wp:attachment":[{"href":"https:\/\/www.corteco.com\/de\/wp-json\/wp\/v2\/media?parent=5726"}],"curies":[{"name":"wp","href":"https:\/\/api.w.org\/{rel}","templated":true}]}}