{"id":11114,"date":"2025-12-03T16:22:27","date_gmt":"2025-12-03T15:22:27","guid":{"rendered":"https:\/\/www.corteco.com\/?page_id=11114"},"modified":"2026-02-05T12:31:54","modified_gmt":"2026-02-05T11:31:54","slug":"carga-pesada-2","status":"publish","type":"page","link":"https:\/\/www.corteco.com\/es\/mercados\/carga-pesada-2\/","title":{"rendered":"Carga pesada"},"content":{"rendered":"<section class=\"block-slider\">\n    <style>.block-slider{padding-top:6rem;position:relative;margin:0 0 2rem}@media (min-width: 1024px){.block-slider{margin:0 0 2rem}}@media (min-width: 1200px){.block-slider{padding-top:11rem}}@media (min-width: 1380px){.block-slider{margin:0}}.block-slider::before,.block-slider::after{content:'';position:absolute;right:0;bottom:2px;left:0;width:100%;height:100%;pointer-events:none}.block-slider::before{background:#fff;background:linear-gradient(180deg, #fff 0%, #cecece 50%, #000 100%);mix-blend-mode:multiply;opacity:0.5;z-index:1}.block-slider::after{bottom:-1px;background-size:contain;background-repeat:no-repeat;background-position:bottom center;background-image:url(\"https:\/\/www.corteco.com\/wp-content\/themes\/ATLAS\/images\/svg\/corteco_welle_white.svg\");z-index:2}@media (min-width: 1200px){.block-slider__wrapper--half-width .slick-dots{text-align:left}}@media (min-width: 1380px){.block-slider .slick-dots{bottom:15px}}@media (min-width: 1380px){.block-slider .slick-dots button{background-color:#fff}}.single-slide{position:relative}.single-slide:not(:first-child){display:none}.slick-initialized .single-slide{display:block}.single-slide::before{display:block;content:\"\";width:100%;height:50%;min-height:50vh}@media (min-width: 1024px){.single-slide::before{height:75%;min-height:75vh}}.small .single-slide::before{height:35%;min-height:35vh}@media (min-width: 1024px){.small .single-slide::before{height:40%;min-height:40vh}}.single-slide__wrapper{position:absolute;top:0;right:0;bottom:0;left:0}.single-slide__bg{position:absolute;top:0;right:0;bottom:0;left:0}.single-slide__bg--desktop{display:none}@media (min-width: 1024px){.single-slide__bg--desktop{display:block;height:100%}}.single-slide__bg--mobile{display:block;height:100%}@media (min-width: 1024px){.single-slide__bg--mobile{display:none}}.single-slide__bg img{width:100%;height:100%;object-fit:cover}.single-slide__bg.video{min-height:100%}.single-slide__bg-vid{min-height:100%;position:relative}.single-slide__bg-video{display:inline-block;position:absolute;top:0;left:0;right:0;bottom:0;margin:0;padding:0;width:100%;height:100%;max-width:none;max-height:none;-o-object-fit:cover;object-fit:cover;outline:none;border:none;box-shadow:none;z-index:0}.single-slide__bg-vid .mejs-controls{display:none}.single-slide__content{color:#fff}.single-slide--content-bg .single-slide__content{background:#fff}.single-slide__content .h1{margin:0 0 .6rem;font-weight:700;color:#E30613;letter-spacing:0;font-size:4.6rem;line-height:1.13043478}@media (min-width: 1380px){.single-slide__content .h1{font-size:8rem;line-height:1.175}}.single-slide__content-wrapper{position:absolute;top:0;right:0;bottom:0;left:0;display:flex;align-items:flex-start}@media (min-width: 1024px){.single-slide__content-wrapper{align-items:center}}.single-slide__content-container{height:100%}@media (min-width: 1380px){.single-slide__content-container{padding-bottom:10rem}}.single-slide__content-row{position:relative;display:flex;align-items:flex-start;justify-content:space-between;flex-flow:column nowrap;height:100%;width:100%;max-width:100%}@media (min-width: 1024px){.single-slide__content-row{max-width:50%;justify-content:center}}@media (min-width: 1380px){.single-slide__content-row{padding:2rem 0}}.single-slide__slogan{display:none;position:absolute;left:0;bottom:0rem;color:#ff0;font-weight:700}@media (min-width: 1024px){.single-slide__slogan{display:block}}.single-slide__buttons{display:flex;flex-wrap:wrap;align-items:center;justify-content:flex-start;margin:2rem 0 0}.single-slide__buttons .wp-block-button{margin:0 2rem 1rem 0}.single-slide--half-width{background-color:#BDBDBD}.single-slide--half-width .single-slide__bg{width:100%;right:0;left:auto}@media (min-width: 1380px){.single-slide--half-width .single-slide__bg{width:50%}}.single-slide--image-left .single-slide__bg{right:auto;left:0}\n<\/style>    <style>.slick-arrow{width:3rem;height:3rem;position:absolute;z-index:1;top:50%;margin-top:-15px;font-size:0;line-height:0;border:none;background-color:transparent;cursor:pointer;transition:background-color .2s}@media (min-width: 992px){.slick-arrow{width:5rem;height:5rem}}@media (min-width: 1200px){.slick-arrow{top:50%}}.slick-arrow:hover{background-color:#414141}html.touch-device .slick-arrow:hover{background-color:#414141}.slick-arrow:after{content:'';display:block;width:10px;height:20px;position:absolute;top:50%;left:51%;transform:translate(-50%, -50%);background-image:url(\"https:\/\/www.corteco.com\/wp-content\/themes\/ATLAS\/images\/svg\/slider_arrow-right_white.svg\");background-repeat:no-repeat;background-size:10px 20px}@media (min-width: 992px){.slick-arrow:after{width:14px;height:30px;background-position:contain;background-size:14px 30px}}.slick-arrow.slick-prev{right:auto;left:10px;transform:rotate(180deg)}@media (min-width: 992px){.slick-arrow.slick-prev{left:20px}}@media (min-width: 1380px){.slick-arrow.slick-prev{left:30px}}.slick-arrow.slick-next{right:10px;left:auto}@media (min-width: 992px){.slick-arrow.slick-next{right:20px}}@media (min-width: 1380px){.slick-arrow.slick-next{right:30px}}.slick-slide:focus{outline:none}.slick-dots{width:100%;max-width:1105px;padding:0 4rem;position:absolute;bottom:21px;left:50%;transform:translate(-50%, 0);margin:0 auto;text-align:center;list-style:none}@media (min-width: 992px){.slick-dots{bottom:27px}}.slick-dots li{display:inline-block;margin:0 7px}.slick-dots li.slick-active button{background-color:#E30613}.slick-dots button{width:15px;height:15px;font-size:0;line-height:0;border:0;border-radius:50%;background:transparent;background:#414141;box-shadow:none;transition:background-color .2s linear}.slick-autoplay-toggle-button{display:none}\n<\/style>    <style>\/* Slider *\/\n.slick-slider {\n  position: relative;\n  display: block;\n  box-sizing: border-box;\n  -webkit-touch-callout: none;\n  -webkit-user-select: none;\n  -khtml-user-select: none;\n  -moz-user-select: none;\n  -ms-user-select: none;\n  user-select: none;\n  -ms-touch-action: pan-y;\n  touch-action: pan-y;\n  -webkit-tap-highlight-color: transparent;\n}\n\n.slick-list {\n  position: relative;\n  overflow: hidden;\n  display: block;\n  margin: 0;\n  padding: 0;\n}\n\n.slick-list:focus {\n  outline: none;\n}\n\n.slick-list.dragging {\n  cursor: pointer;\n  cursor: hand;\n}\n\n.slick-slider .slick-track,\n.slick-slider .slick-list {\n  -webkit-transform: translate3d(0, 0, 0);\n  -moz-transform: translate3d(0, 0, 0);\n  -ms-transform: translate3d(0, 0, 0);\n  -o-transform: translate3d(0, 0, 0);\n  transform: translate3d(0, 0, 0);\n}\n\n.slick-track {\n  position: relative;\n  left: 0;\n  top: 0;\n  display: block;\n  margin-left: auto;\n  margin-right: auto;\n}\n\n.slick-track:before, .slick-track:after {\n  content: \"\";\n  display: table;\n}\n\n.slick-track:after {\n  clear: both;\n}\n\n.slick-loading .slick-track {\n  visibility: hidden;\n}\n\n.slick-slide {\n  float: left;\n  height: 100%;\n  min-height: 1px;\n  display: none;\n}\n\n[dir=\"rtl\"] .slick-slide {\n  float: right;\n}\n\n.slick-slide img {\n  display: block;\n}\n\n.slick-slide.slick-loading img {\n  display: none;\n}\n\n.slick-slide.dragging img {\n  pointer-events: none;\n}\n\n.slick-initialized .slick-slide {\n  display: block;\n}\n\n.slick-loading .slick-slide {\n  visibility: hidden;\n}\n\n.slick-vertical .slick-slide {\n  display: block;\n  height: auto;\n  border: 1px solid transparent;\n}\n\n.slick-arrow.slick-hidden {\n  display: none;\n}\n<\/style>    <div class=\"block-slider__container\">\n        <div class=\"block-slider__wrapper block-slider__wrapper--full-width small\" data-slider=\"block_0545075acd167aff008ba21b52243f58\">\n                            <div class=\"single-slide single-slide--full-width\">\n                        <div class=\"single-slide__wrapper\">\n                \n                                        <div class=\"single-slide__bg\">\n                                                    <div class=\"single-slide__bg--desktop\"><img decoding=\"async\" width=\"1920\" height=\"1920\" src=\"https:\/\/www.corteco.com\/wp-content\/uploads\/2024\/03\/construction.jpg\" class=\"attachment-full size-full\" alt=\"\" data-object-fit=\"\" srcset=\"https:\/\/www.corteco.com\/wp-content\/uploads\/2024\/03\/construction.jpg 1920w, https:\/\/www.corteco.com\/wp-content\/uploads\/2024\/03\/construction-300x300.jpg 300w, https:\/\/www.corteco.com\/wp-content\/uploads\/2024\/03\/construction-1024x1024.jpg 1024w, https:\/\/www.corteco.com\/wp-content\/uploads\/2024\/03\/construction-150x150.jpg 150w, https:\/\/www.corteco.com\/wp-content\/uploads\/2024\/03\/construction-768x768.jpg 768w, https:\/\/www.corteco.com\/wp-content\/uploads\/2024\/03\/construction-1536x1536.jpg 1536w, https:\/\/www.corteco.com\/wp-content\/uploads\/2024\/03\/construction-123x123.jpg 123w, https:\/\/www.corteco.com\/wp-content\/uploads\/2024\/03\/construction-524x524.jpg 524w\" sizes=\"(max-width: 1920px) 100vw, 1920px\" \/><\/div>\n                            <div class=\"single-slide__bg--mobile\"><img decoding=\"async\" width=\"1920\" height=\"1920\" src=\"https:\/\/www.corteco.com\/wp-content\/uploads\/2024\/03\/construction.jpg\" class=\"attachment-full size-full\" alt=\"\" data-object-fit=\"\" srcset=\"https:\/\/www.corteco.com\/wp-content\/uploads\/2024\/03\/construction.jpg 1920w, https:\/\/www.corteco.com\/wp-content\/uploads\/2024\/03\/construction-300x300.jpg 300w, https:\/\/www.corteco.com\/wp-content\/uploads\/2024\/03\/construction-1024x1024.jpg 1024w, https:\/\/www.corteco.com\/wp-content\/uploads\/2024\/03\/construction-150x150.jpg 150w, https:\/\/www.corteco.com\/wp-content\/uploads\/2024\/03\/construction-768x768.jpg 768w, https:\/\/www.corteco.com\/wp-content\/uploads\/2024\/03\/construction-1536x1536.jpg 1536w, https:\/\/www.corteco.com\/wp-content\/uploads\/2024\/03\/construction-123x123.jpg 123w, https:\/\/www.corteco.com\/wp-content\/uploads\/2024\/03\/construction-524x524.jpg 524w\" sizes=\"(max-width: 1920px) 100vw, 1920px\" \/><\/div>\n                                            <\/div>\n                                        \n                    <!-- Readd content wrapper if needed -->\n                <\/div>\n                    <\/div>\n        \n                <\/div>\n    <\/div>\n<\/section>\n\n<section class=\"wp-block-custom-container alignwide block-content  block-content--spacing-bottom\"><style>.block-content{position:relative}.block-content--spacing-top{padding-top:5rem}@media (min-width: 992px){.block-content--spacing-top{padding-top:9rem}}.block-content--spacing-bottom{padding-bottom:5rem}@media (min-width: 992px){.block-content--spacing-bottom{padding-bottom:9rem}}.block-content--margin-top{margin-top:5rem}@media (min-width: 992px){.block-content--margin-top{margin-top:9rem}}.block-content--margin-bottom{margin-bottom:5rem}@media (min-width: 992px){.block-content--margin-bottom{margin-bottom:9rem}}.block-content .container{position:relative;z-index:1}.block-content .container--full{padding:0}.block-content .container-overlay{position:absolute;z-index:0;top:0;right:0;bottom:0;left:0}\n<\/style><div class=\"container container--wide\"><div class=\"container__body\">\n<div class=\"wp-block-custom-spacing spacing-element spacing-mobile--small spacing-tablet--small spacing-small-desktop--medium spacing-desktop--medium\"><\/div>\n\n\n\n<h1 class=\"wp-block-heading\"><strong><strong>construction machinery<\/strong> spare parts with <\/strong><br\/><strong>OE DNA<\/strong><\/h1>\n\n\n\n<h4 class=\"wp-block-heading\">Robust. <strong>Precisely fitting. Unstoppable.<\/strong><\/h4>\n\n\n\n<p>Construction sites are unforgiving places, where dirt, mud, dust, water and extreme temperatures take their toll on people and machinery. Wheel loaders, excavators, bulldozers and vibratory plates work in environments where stresses are high and can be destructive.<br\/>In these conditions, every component, seal, bearing and connection must fit perfectly.<br\/>Corteco supplies spare parts that can withstand the toughest conditions and deliver impressive performance even when used continuously. As the aftermarket specialist of the Freudenberg Group, we offer a wide range of spare parts for the construction industry that are developed and tested to the strict standards of leading construction machinery manufacturers.<\/p>\n\n\n\n<p>For mechanics, this means parts that fit precisely and can be installed quickly and easily. This leads to less downtime and higher productivity. Workshops benefit from fewer returns, more predictable processes, and maximum safety. Low return rates, broad product coverage and worldwide availability ensure reliable planning for parts dealers and purchasers.<\/p>\n\n\n\n<h4 class=\"wp-block-heading\"><strong>Great for building sites.<\/strong><\/h4>\n\n\n\n<p>&#8216;Heavy duty&#8217; does not start with the product, but with the challenges of everyday life. Shocks, vibrations, dirt, moisture and high load changes are not a problem for our products \u2014 they are the benchmark. Corteco brings Freudenberg&#8217;s original equipment (OE) quality directly to the aftermarket, offering everything from oil seals and hydraulic components to vibration control solutions such as Ultra bushings.<\/p>\n\n\n\n<p>Thanks to the Freudenberg Group&#8217;s global manufacturing expertise and material know-how, our products are manufactured to the same testing and quality standards as original equipment. This makes every Corteco spare part a reliable system component, available worldwide and ready for tough construction site use.<\/p>\n\n\n\n<div class=\"wp-block-custom-spacing spacing-element spacing-mobile--small spacing-tablet--small spacing-small-desktop--small spacing-desktop--small\"><\/div>\n\n\n\n<h2 class=\"wp-block-heading\">Nuestras CATEGOR\u00cdAS DE PRODUCTOS<\/h2>\n\n\n\n<div class=\"wp-block-custom-columns columns-row row small-gutter\"><style>.columns-row--spacing-top{padding-top:5rem}@media (min-width: 992px){.columns-row--spacing-top{padding-top:9rem}}.columns-row--spacing-bottom{padding-bottom:5rem}@media (min-width: 992px){.columns-row--spacing-bottom{padding-bottom:9rem}}.columns-row--margin-top{margin-top:5rem}@media (min-width: 992px){.columns-row--margin-top{margin-top:9rem}}.columns-row--margin-bottom{margin-bottom:5rem}@media (min-width: 992px){.columns-row--margin-bottom{margin-bottom:9rem}}\n<\/style>\n<div class=\"wp-block-custom-column col col-12 col-md-6 col-xl-4\"><a class=\"acf-block block-product-teaser align block-product-teaser--full\" href=\"https:\/\/www.corteco.com\/products\/sealing\/\" target=\"_self\">\n\t<style>.block-product-teaser{position:relative;display:flex;min-height:100%;align-items:flex-start;background-color:#fff;padding-bottom:3rem;-webkit-box-shadow:0px 0px 15px 5px rgba(0,0,0,0.1);box-shadow:0px 0px 15px 5px rgba(0,0,0,0.1);transition:background-color 0.2s}.block-product-teaser:hover{background-color:#D20A10}.block-product-teaser:hover .block-product-teaser__title,.block-product-teaser:hover .block-product-teaser__content{color:#fff}.block-product-teaser:hover .block-product-teaser__link::after{right:-5px;background-image:url(\"https:\/\/www.corteco.com\/wp-content\/themes\/ATLAS\/images\/svg\/slider_arrow-right_white.svg\")}.block-product-teaser:hover .block-product-teaser__img-wrapper img{transform:scale(1.1)}.block-product-teaser__row{display:block;width:100%}.block-product-teaser__title{max-width:100%;text-transform:uppercase;margin:0 0 2rem}.block-product-teaser__content{margin:0 0 2rem;min-height:10rem;color:#707070}.block-product-teaser__img-wrapper{position:relative;padding-bottom:70%;max-width:100%;overflow:hidden;text-align:center}.block-product-teaser__img-wrapper img{position:absolute;top:-1px;right:-1px;left:-1px;bottom:-1px;height:102%;width:102%;object-fit:cover;transition:transform 0.2s}.block-product-teaser__content-wrapper{max-width:100%;padding:2rem 2rem;transition:background-color 0.2s}.block-product-teaser__link{display:block;position:absolute;width:calc(100% - 2rem);height:3rem;right:2rem;bottom:2rem}.block-product-teaser__link::after{content:'';position:absolute;top:50%;right:0;transform:translateY(-50%);width:1.4rem;height:3rem;background-size:contain;background-position:center center;background-repeat:no-repeat;background-image:url(\"https:\/\/www.corteco.com\/wp-content\/themes\/ATLAS\/images\/svg\/slider_arrow-right_secondary.svg\");transition:right 0.2s}\n<\/style>\t<div class=\"block-product-teaser__row\">\n\t\t\t<div class=\"block-product-teaser__img-wrapper\">\n\t\t\t<img decoding=\"async\" width=\"760\" height=\"688\" src=\"https:\/\/www.corteco.com\/wp-content\/uploads\/2024\/03\/Sealing-Gruppe_web.jpg\" class=\"attachment-teaser-big size-teaser-big\" alt=\"\" data-object-fit=\"\" srcset=\"https:\/\/www.corteco.com\/wp-content\/uploads\/2024\/03\/Sealing-Gruppe_web.jpg 760w, https:\/\/www.corteco.com\/wp-content\/uploads\/2024\/03\/Sealing-Gruppe_web-300x272.jpg 300w\" sizes=\"(max-width: 760px) 100vw, 760px\" \/>\t\t<\/div>\n\t\t\t<div class=\"block-product-teaser__content-wrapper\">\n\t\t\t\t\t<h3 class=\"block-product-teaser__title h4\">Sealing<\/h3>\n\t\t\t\t\t\t\t<div class=\"block-product-teaser__content\">Our precision-engineered oil seals and gaskets, represented by the iconic Simmerring\u00ae, ensure unparalleled performance and durability in every application. Here excellence meets reliability in every seal and gasket.<\/div>\n\t\t\t\t\t\t\t<div class=\"block-product-teaser__link\"><\/div>\n\t\t\t\t<\/div>\n\t<\/div>\n\n<\/a>\n<\/div>\n\n\n\n<div class=\"wp-block-custom-column col col-12 col-md-6 col-xl-4\"><a class=\"acf-block block-product-teaser align block-product-teaser--full\" href=\"https:\/\/www.corteco.com\/products\/rubber-metal-parts\/\" target=\"_self\">\n\t\t<div class=\"block-product-teaser__row\">\n\t\t\t<div class=\"block-product-teaser__img-wrapper\">\n\t\t\t<img decoding=\"async\" width=\"760\" height=\"688\" src=\"https:\/\/www.corteco.com\/wp-content\/uploads\/2024\/03\/Rubber-Metal-Gruppe_web.jpg\" class=\"attachment-teaser-big size-teaser-big\" alt=\"\" data-object-fit=\"\" srcset=\"https:\/\/www.corteco.com\/wp-content\/uploads\/2024\/03\/Rubber-Metal-Gruppe_web.jpg 760w, https:\/\/www.corteco.com\/wp-content\/uploads\/2024\/03\/Rubber-Metal-Gruppe_web-300x272.jpg 300w\" sizes=\"(max-width: 760px) 100vw, 760px\" \/>\t\t<\/div>\n\t\t\t<div class=\"block-product-teaser__content-wrapper\">\n\t\t\t\t\t<h3 class=\"block-product-teaser__title h4\">Rubber Metal Parts<\/h3>\n\t\t\t\t\t\t\t<div class=\"block-product-teaser__content\">Corteco&#8217;s rubber-to-metal components combine quality and expertise to enhance your driving experience.<\/div>\n\t\t\t\t\t\t\t<div class=\"block-product-teaser__link\"><\/div>\n\t\t\t\t<\/div>\n\t<\/div>\n\n<\/a>\n<\/div>\n\n\n\n<div class=\"wp-block-custom-column col col-12 col-md-6 col-xl-4\"><a class=\"acf-block block-product-teaser align block-product-teaser--full\" href=\"https:\/\/www.corteco.com\/products\/filtration\/\" target=\"_self\">\n\t\t<div class=\"block-product-teaser__row\">\n\t\t\t<div class=\"block-product-teaser__img-wrapper\">\n\t\t\t<img decoding=\"async\" width=\"760\" height=\"688\" src=\"https:\/\/www.corteco.com\/wp-content\/uploads\/2024\/03\/Filter-Gruppe_web.jpg\" class=\"attachment-teaser-big size-teaser-big\" alt=\"\" data-object-fit=\"\" srcset=\"https:\/\/www.corteco.com\/wp-content\/uploads\/2024\/03\/Filter-Gruppe_web.jpg 760w, https:\/\/www.corteco.com\/wp-content\/uploads\/2024\/03\/Filter-Gruppe_web-300x272.jpg 300w\" sizes=\"(max-width: 760px) 100vw, 760px\" \/>\t\t<\/div>\n\t\t\t<div class=\"block-product-teaser__content-wrapper\">\n\t\t\t\t\t<h3 class=\"block-product-teaser__title h4\">Filtration<\/h3>\n\t\t\t\t\t\t\t<div class=\"block-product-teaser__content\">Corteco&#8217;s filtration portfolio offers a wide selection of cabin air filters with approximately 850 different variations.<\/div>\n\t\t\t\t\t\t\t<div class=\"block-product-teaser__link\"><\/div>\n\t\t\t\t<\/div>\n\t<\/div>\n\n<\/a>\n<\/div>\n\n\n\n<div class=\"wp-block-custom-column col col-12 col-md-6 col-xl-4\"><\/div>\n\n\n\n<div class=\"wp-block-custom-column col col-12 col-lg-8\"><\/div>\n<\/div>\n<\/div><\/div><\/section>\n\n<section class=\"wp-block-custom-container alignwide block-content has-text-light-background-color block-content--spacing-top block-content--spacing-bottom has-secondary-lightest-background-color\" style=\"background-color:#ffffff\"><div class=\"container container--wide\"><div class=\"container__body\"><style>.wp-block-media-text .wp-block-media-text__content{padding:2rem 0;padding-left:4rem}@media (min-width: 1380px){.wp-block-media-text .wp-block-media-text__content{padding-left:10rem}}@media (max-width: 600px){.wp-block-media-text .wp-block-media-text__content{padding-left:0}}.wp-block-media-text.has-media-on-the-right .wp-block-media-text__content{padding:2rem 0;padding-left:unset;padding-right:4rem}@media (min-width: 1380px){.wp-block-media-text.has-media-on-the-right .wp-block-media-text__content{padding-right:10rem}}@media (max-width: 600px){.wp-block-media-text.has-media-on-the-right .wp-block-media-text__content{padding-right:0}}.wp-block-media-text .wp-block-media-text__media{height:100%}.wp-block-media-text .wp-block-media-text__media img{width:100%;height:100%;object-fit:contain}.wp-block-media-text.is-image-fill img{object-fit:cover}\n<\/style>\n<div class=\"wp-block-media-text alignwide has-media-on-the-right is-stacked-on-mobile\" style=\"grid-template-columns:auto 33%\"><div class=\"wp-block-media-text__content\">\n<h3 class=\"wp-block-heading\">Agricultura<\/h3>\n\n\n\n<p>Rendimiento fiable para maquinaria agr\u00edcola: Los productos de Estanqueidad agr\u00edcola de Corteco est\u00e1n dise\u00f1ados para ofrecer un rendimiento fiable en los exigentes entornos de las operaciones agr\u00edcolas. Con Juntas, Retenes y juntas t\u00f3ricas, nuestras soluciones mantienen la maquinaria agr\u00edcola funcionando sin problemas, incluso en las condiciones m\u00e1s duras. <\/p>\n\n\n\n<p>Componentes duraderos para maquinaria agr\u00edcola: Descubre la amplia selecci\u00f3n de soluciones en estanqueidad de alta resistencia de Corteco, optimizadas para maquinaria agr\u00edcola. Dise\u00f1ados para soportar las exigencias del trabajo agr\u00edcola, nuestros productos proporcionan un escudo fiable contra las fugas y la contaminaci\u00f3n, aumentando la eficacia y la longevidad de los equipos agr\u00edcolas. <\/p>\n<\/div><figure class=\"wp-block-media-text__media\"><img decoding=\"async\" width=\"1024\" height=\"1024\" src=\"https:\/\/www.corteco.com\/wp-content\/uploads\/2024\/03\/agriculture-1024x1024.jpg\" alt=\"\" class=\"wp-image-2344 size-full\" srcset=\"https:\/\/www.corteco.com\/wp-content\/uploads\/2024\/03\/agriculture-1024x1024.jpg 1024w, https:\/\/www.corteco.com\/wp-content\/uploads\/2024\/03\/agriculture-300x300.jpg 300w, https:\/\/www.corteco.com\/wp-content\/uploads\/2024\/03\/agriculture-150x150.jpg 150w, https:\/\/www.corteco.com\/wp-content\/uploads\/2024\/03\/agriculture-768x768.jpg 768w, https:\/\/www.corteco.com\/wp-content\/uploads\/2024\/03\/agriculture-1536x1536.jpg 1536w, https:\/\/www.corteco.com\/wp-content\/uploads\/2024\/03\/agriculture-123x123.jpg 123w, https:\/\/www.corteco.com\/wp-content\/uploads\/2024\/03\/agriculture-524x524.jpg 524w, https:\/\/www.corteco.com\/wp-content\/uploads\/2024\/03\/agriculture.jpg 1920w\" sizes=\"(max-width: 1024px) 100vw, 1024px\" \/><\/figure><\/div>\n\n\n\n<div class=\"wp-block-custom-spacing spacing-element spacing-mobile--small spacing-tablet--small spacing-small-desktop--medium spacing-desktop--large\"><\/div>\n\n\n\n<div class=\"wp-block-media-text alignwide is-stacked-on-mobile\" style=\"grid-template-columns:33% auto\"><figure class=\"wp-block-media-text__media\"><img decoding=\"async\" width=\"1024\" height=\"1024\" src=\"https:\/\/www.corteco.com\/wp-content\/uploads\/2024\/03\/commercial-transportation-1024x1024.jpg\" alt=\"\" class=\"wp-image-2348 size-full\" srcset=\"https:\/\/www.corteco.com\/wp-content\/uploads\/2024\/03\/commercial-transportation-1024x1024.jpg 1024w, https:\/\/www.corteco.com\/wp-content\/uploads\/2024\/03\/commercial-transportation-300x300.jpg 300w, https:\/\/www.corteco.com\/wp-content\/uploads\/2024\/03\/commercial-transportation-150x150.jpg 150w, https:\/\/www.corteco.com\/wp-content\/uploads\/2024\/03\/commercial-transportation-768x768.jpg 768w, https:\/\/www.corteco.com\/wp-content\/uploads\/2024\/03\/commercial-transportation-1536x1536.jpg 1536w, https:\/\/www.corteco.com\/wp-content\/uploads\/2024\/03\/commercial-transportation-123x123.jpg 123w, https:\/\/www.corteco.com\/wp-content\/uploads\/2024\/03\/commercial-transportation-524x524.jpg 524w, https:\/\/www.corteco.com\/wp-content\/uploads\/2024\/03\/commercial-transportation.jpg 1920w\" sizes=\"(max-width: 1024px) 100vw, 1024px\" \/><\/figure><div class=\"wp-block-media-text__content\">\n<h3 class=\"wp-block-heading\">Transporte comercial<\/h3>\n\n\n\n<p>Rendimiento \u00f3ptimo para aplicaciones en camiones: Las soluciones en estanqueidad de Corteco para camiones est\u00e1n dise\u00f1adas para satisfacer las exigencias del transporte pesado. Tanto si se trata de camiones de largo recorrido como de veh\u00edculos comerciales, nuestros productos ofrecen un rendimiento \u00f3ptimo para garantizar la fiabilidad y la durabilidad en carretera.  <\/p>\n\n\n\n<p>Retenes robustos para veh\u00edculos industriales: explora la l\u00ednea de juntas, retenes y juntas t\u00f3ricas de Corteco, dise\u00f1adas espec\u00edficamente para veh\u00edculos industriales. Construidas para soportar los exigentes requisitos de las aplicaciones para camiones, nuestras soluciones en estanqueidad proporcionan un sellado fiable que minimiza el riesgo de fugas y garantiza un funcionamiento ininterrumpido en carretera. <\/p>\n<\/div><\/div>\n\n\n\n<div class=\"wp-block-custom-spacing spacing-element spacing-mobile--small spacing-tablet--small spacing-small-desktop--medium spacing-desktop--medium\"><\/div>\n<\/div><\/div><\/section>\n","protected":false},"excerpt":{"rendered":"","protected":false},"author":13,"featured_media":0,"parent":3839,"menu_order":0,"comment_status":"closed","ping_status":"closed","template":"","meta":{"_acf_changed":false,"footnotes":""},"class_list":["post-11114","page","type-page","status-publish","hentry"],"acf":[],"_links":{"self":[{"href":"https:\/\/www.corteco.com\/es\/wp-json\/wp\/v2\/pages\/11114","targetHints":{"allow":["GET"]}}],"collection":[{"href":"https:\/\/www.corteco.com\/es\/wp-json\/wp\/v2\/pages"}],"about":[{"href":"https:\/\/www.corteco.com\/es\/wp-json\/wp\/v2\/types\/page"}],"author":[{"embeddable":true,"href":"https:\/\/www.corteco.com\/es\/wp-json\/wp\/v2\/users\/13"}],"replies":[{"embeddable":true,"href":"https:\/\/www.corteco.com\/es\/wp-json\/wp\/v2\/comments?post=11114"}],"version-history":[{"count":0,"href":"https:\/\/www.corteco.com\/es\/wp-json\/wp\/v2\/pages\/11114\/revisions"}],"up":[{"embeddable":true,"href":"https:\/\/www.corteco.com\/es\/wp-json\/wp\/v2\/pages\/3839"}],"wp:attachment":[{"href":"https:\/\/www.corteco.com\/es\/wp-json\/wp\/v2\/media?parent=11114"}],"curies":[{"name":"wp","href":"https:\/\/api.w.org\/{rel}","templated":true}]}}