{"id":3547,"date":"2022-07-07T08:52:30","date_gmt":"2022-07-07T06:52:30","guid":{"rendered":"https:\/\/www.corteco.com\/pie-de-imprenta\/"},"modified":"2026-02-03T16:53:00","modified_gmt":"2026-02-03T15:53:00","slug":"pie-de-imprenta","status":"publish","type":"page","link":"https:\/\/www.corteco.com\/es\/pie-de-imprenta\/","title":{"rendered":"Pie de imprenta"},"content":{"rendered":"\n<section class=\"wp-block-custom-container alignwide block-content  block-content--spacing-top block-content--spacing-bottom block-content--margin-top\"><style>.block-content{position:relative}.block-content--spacing-top{padding-top:5rem}@media (min-width: 992px){.block-content--spacing-top{padding-top:9rem}}.block-content--spacing-bottom{padding-bottom:5rem}@media (min-width: 992px){.block-content--spacing-bottom{padding-bottom:9rem}}.block-content--margin-top{margin-top:5rem}@media (min-width: 992px){.block-content--margin-top{margin-top:9rem}}.block-content--margin-bottom{margin-bottom:5rem}@media (min-width: 992px){.block-content--margin-bottom{margin-bottom:9rem}}.block-content .container{position:relative;z-index:1}.block-content .container--full{padding:0}.block-content .container-overlay{position:absolute;z-index:0;top:0;right:0;bottom:0;left:0}\n<\/style><div class=\"container container--wide\"><div class=\"container__body\">\n<h1 class=\"wp-block-heading\" id=\"cc-m-header-5545516462\">Pie de imprenta<\/h1>\n\n\n\n<p>Corteco GmbH<br>Im Tiefgewann 4<br>69469 Weinheim<br>Alemania<\/p>\n\n\n\n<p>Tel\u00e9fono: +49 (0) 6201 25 96 4-0<br>Correo electr\u00f3nico: <a href=\"javascript:linkTo_UnCryptMailto('jxfiql7pbosfzbXzloqbzl+ab');\">service@corteco.de<\/a><br>Internet: <a href=\"http:\/\/www.corteco.com\/\" target=\"_blank\" rel=\"noreferrer noopener\">www.corteco.com<\/a><\/p>\n\n\n\n<p>Responsable del contenido seg\u00fan \u00a7 55 Abs. 2 RStV:<br>Kerstin Borrs<br>Alexander J\u00f6rn<\/p>\n\n\n\n<p><br><strong>Aviso legal<\/strong><br>Los siguientes avisos legales rigen el acceso y el uso de nuestro sitio web. Lea atentamente los t\u00e9rminos y condiciones que se establecen a continuaci\u00f3n, ya que el uso de este sitio implica la aceptaci\u00f3n de estos t\u00e9rminos y condiciones en su forma v\u00e1lida.<br><br><strong>Consejo de Administraci\u00f3n<\/strong><br>Kerstin Borrs<br>Alexander J\u00f6rn<br><br><strong>Registro Mercantil\/ N\u00famero de Registro<\/strong><br>Tribunal de Registro: Juzgado de Primera Instancia de Mannheim<br>N\u00famero de registro: HRB 432465<br>N\u00famero de identificaci\u00f3n a efectos del IVA: DE 812054877<br><br><strong>Derechos de autor<\/strong><br>Corteco GmbH, Weinheim, Alemania<\/p>\n\n\n\n<p>El uso y reproducci\u00f3n de textos o im\u00e1genes de este sitio web s\u00f3lo est\u00e1 permitido con el consentimiento previo y expreso de Corteco GmbH.<\/p>\n\n\n\n<p>Actualizamos y controlamos constantemente el contenido de este sitio web. No nos hacemos responsables ni garantizamos la actualidad, exactitud e integridad de la informaci\u00f3n publicada.<br>Esto tambi\u00e9n se aplica a los sitios web para los que hemos proporcionado hiperv\u00ednculos. Corteco GmbH no es responsable del contenido de estos sitios web.<\/p>\n\n\n\n<div class=\"wp-block-custom-spacing spacing-element spacing-mobile--small spacing-tablet--small spacing-small-desktop--small spacing-desktop--small\"><\/div>\n\n\n\n<div class=\"wp-block-custom-spacing spacing-element spacing-mobile--small spacing-tablet--small spacing-small-desktop--small spacing-desktop--small\"><\/div>\n\n\n\n<div class=\"wp-block-custom-spacing spacing-element spacing-mobile--small spacing-tablet--small spacing-small-desktop--small spacing-desktop--small\"><\/div>\n<\/div><\/div><\/section>\n","protected":false},"excerpt":{"rendered":"","protected":false},"author":1,"featured_media":0,"parent":0,"menu_order":0,"comment_status":"closed","ping_status":"closed","template":"","meta":{"_acf_changed":false,"footnotes":""},"class_list":["post-3547","page","type-page","status-publish","hentry"],"acf":[],"_links":{"self":[{"href":"https:\/\/www.corteco.com\/es\/wp-json\/wp\/v2\/pages\/3547","targetHints":{"allow":["GET"]}}],"collection":[{"href":"https:\/\/www.corteco.com\/es\/wp-json\/wp\/v2\/pages"}],"about":[{"href":"https:\/\/www.corteco.com\/es\/wp-json\/wp\/v2\/types\/page"}],"author":[{"embeddable":true,"href":"https:\/\/www.corteco.com\/es\/wp-json\/wp\/v2\/users\/1"}],"replies":[{"embeddable":true,"href":"https:\/\/www.corteco.com\/es\/wp-json\/wp\/v2\/comments?post=3547"}],"version-history":[{"count":16,"href":"https:\/\/www.corteco.com\/es\/wp-json\/wp\/v2\/pages\/3547\/revisions"}],"predecessor-version":[{"id":12110,"href":"https:\/\/www.corteco.com\/es\/wp-json\/wp\/v2\/pages\/3547\/revisions\/12110"}],"wp:attachment":[{"href":"https:\/\/www.corteco.com\/es\/wp-json\/wp\/v2\/media?parent=3547"}],"curies":[{"name":"wp","href":"https:\/\/api.w.org\/{rel}","templated":true}]}}