{"id":3617,"date":"2024-03-06T11:42:24","date_gmt":"2024-03-06T10:42:24","guid":{"rendered":"https:\/\/www.corteco.com\/carrera-profesional\/"},"modified":"2025-01-22T15:07:11","modified_gmt":"2025-01-22T14:07:11","slug":"carrera-profesional","status":"publish","type":"page","link":"https:\/\/www.corteco.com\/es\/empresa\/carrera-profesional\/","title":{"rendered":"Carrera profesional"},"content":{"rendered":"<section class=\"block-slider\">\n    <style>.block-slider{padding-top:6rem;position:relative;margin:0 0 2rem}@media (min-width: 1024px){.block-slider{margin:0 0 2rem}}@media (min-width: 1200px){.block-slider{padding-top:11rem}}@media (min-width: 1380px){.block-slider{margin:0}}.block-slider::before,.block-slider::after{content:'';position:absolute;right:0;bottom:2px;left:0;width:100%;height:100%;pointer-events:none}.block-slider::before{background:#fff;background:linear-gradient(180deg, #fff 0%, #cecece 50%, #000 100%);mix-blend-mode:multiply;opacity:0.5;z-index:1}.block-slider::after{bottom:-1px;background-size:contain;background-repeat:no-repeat;background-position:bottom center;background-image:url(\"https:\/\/www.corteco.com\/wp-content\/themes\/ATLAS\/images\/svg\/corteco_welle_white.svg\");z-index:2}@media (min-width: 1200px){.block-slider__wrapper--half-width .slick-dots{text-align:left}}@media (min-width: 1380px){.block-slider .slick-dots{bottom:15px}}@media (min-width: 1380px){.block-slider .slick-dots button{background-color:#fff}}.single-slide{position:relative}.single-slide:not(:first-child){display:none}.slick-initialized .single-slide{display:block}.single-slide::before{display:block;content:\"\";width:100%;height:50%;min-height:50vh}@media (min-width: 1024px){.single-slide::before{height:75%;min-height:75vh}}.small .single-slide::before{height:35%;min-height:35vh}@media (min-width: 1024px){.small .single-slide::before{height:40%;min-height:40vh}}.single-slide__wrapper{position:absolute;top:0;right:0;bottom:0;left:0}.single-slide__bg{position:absolute;top:0;right:0;bottom:0;left:0}.single-slide__bg--desktop{display:none}@media (min-width: 1024px){.single-slide__bg--desktop{display:block;height:100%}}.single-slide__bg--mobile{display:block;height:100%}@media (min-width: 1024px){.single-slide__bg--mobile{display:none}}.single-slide__bg img{width:100%;height:100%;object-fit:cover}.single-slide__bg.video{min-height:100%}.single-slide__bg-vid{min-height:100%;position:relative}.single-slide__bg-video{display:inline-block;position:absolute;top:0;left:0;right:0;bottom:0;margin:0;padding:0;width:100%;height:100%;max-width:none;max-height:none;-o-object-fit:cover;object-fit:cover;outline:none;border:none;box-shadow:none;z-index:0}.single-slide__bg-vid .mejs-controls{display:none}.single-slide__content{color:#fff}.single-slide--content-bg .single-slide__content{background:#fff}.single-slide__content .h1{margin:0 0 .6rem;font-weight:700;color:#E30613;letter-spacing:0;font-size:4.6rem;line-height:1.13043478}@media (min-width: 1380px){.single-slide__content .h1{font-size:8rem;line-height:1.175}}.single-slide__content-wrapper{position:absolute;top:0;right:0;bottom:0;left:0;display:flex;align-items:flex-start}@media (min-width: 1024px){.single-slide__content-wrapper{align-items:center}}.single-slide__content-container{height:100%}@media (min-width: 1380px){.single-slide__content-container{padding-bottom:10rem}}.single-slide__content-row{position:relative;display:flex;align-items:flex-start;justify-content:space-between;flex-flow:column nowrap;height:100%;width:100%;max-width:100%}@media (min-width: 1024px){.single-slide__content-row{max-width:50%;justify-content:center}}@media (min-width: 1380px){.single-slide__content-row{padding:2rem 0}}.single-slide__slogan{display:none;position:absolute;left:0;bottom:0rem;color:#ff0;font-weight:700}@media (min-width: 1024px){.single-slide__slogan{display:block}}.single-slide__buttons{display:flex;flex-wrap:wrap;align-items:center;justify-content:flex-start;margin:2rem 0 0}.single-slide__buttons .wp-block-button{margin:0 2rem 1rem 0}.single-slide--half-width{background-color:#BDBDBD}.single-slide--half-width .single-slide__bg{width:100%;right:0;left:auto}@media (min-width: 1380px){.single-slide--half-width .single-slide__bg{width:50%}}.single-slide--image-left .single-slide__bg{right:auto;left:0}\n<\/style>    <style>.slick-arrow{width:3rem;height:3rem;position:absolute;z-index:1;top:50%;margin-top:-15px;font-size:0;line-height:0;border:none;background-color:transparent;cursor:pointer;transition:background-color .2s}@media (min-width: 992px){.slick-arrow{width:5rem;height:5rem}}@media (min-width: 1200px){.slick-arrow{top:50%}}.slick-arrow:hover{background-color:#414141}html.touch-device .slick-arrow:hover{background-color:#414141}.slick-arrow:after{content:'';display:block;width:10px;height:20px;position:absolute;top:50%;left:51%;transform:translate(-50%, -50%);background-image:url(\"https:\/\/www.corteco.com\/wp-content\/themes\/ATLAS\/images\/svg\/slider_arrow-right_white.svg\");background-repeat:no-repeat;background-size:10px 20px}@media (min-width: 992px){.slick-arrow:after{width:14px;height:30px;background-position:contain;background-size:14px 30px}}.slick-arrow.slick-prev{right:auto;left:10px;transform:rotate(180deg)}@media (min-width: 992px){.slick-arrow.slick-prev{left:20px}}@media (min-width: 1380px){.slick-arrow.slick-prev{left:30px}}.slick-arrow.slick-next{right:10px;left:auto}@media (min-width: 992px){.slick-arrow.slick-next{right:20px}}@media (min-width: 1380px){.slick-arrow.slick-next{right:30px}}.slick-slide:focus{outline:none}.slick-dots{width:100%;max-width:1105px;padding:0 4rem;position:absolute;bottom:21px;left:50%;transform:translate(-50%, 0);margin:0 auto;text-align:center;list-style:none}@media (min-width: 992px){.slick-dots{bottom:27px}}.slick-dots li{display:inline-block;margin:0 7px}.slick-dots li.slick-active button{background-color:#E30613}.slick-dots button{width:15px;height:15px;font-size:0;line-height:0;border:0;border-radius:50%;background:transparent;background:#414141;box-shadow:none;transition:background-color .2s linear}.slick-autoplay-toggle-button{display:none}\n<\/style>    <style>\/* Slider *\/\n.slick-slider {\n  position: relative;\n  display: block;\n  box-sizing: border-box;\n  -webkit-touch-callout: none;\n  -webkit-user-select: none;\n  -khtml-user-select: none;\n  -moz-user-select: none;\n  -ms-user-select: none;\n  user-select: none;\n  -ms-touch-action: pan-y;\n  touch-action: pan-y;\n  -webkit-tap-highlight-color: transparent;\n}\n\n.slick-list {\n  position: relative;\n  overflow: hidden;\n  display: block;\n  margin: 0;\n  padding: 0;\n}\n\n.slick-list:focus {\n  outline: none;\n}\n\n.slick-list.dragging {\n  cursor: pointer;\n  cursor: hand;\n}\n\n.slick-slider .slick-track,\n.slick-slider .slick-list {\n  -webkit-transform: translate3d(0, 0, 0);\n  -moz-transform: translate3d(0, 0, 0);\n  -ms-transform: translate3d(0, 0, 0);\n  -o-transform: translate3d(0, 0, 0);\n  transform: translate3d(0, 0, 0);\n}\n\n.slick-track {\n  position: relative;\n  left: 0;\n  top: 0;\n  display: block;\n  margin-left: auto;\n  margin-right: auto;\n}\n\n.slick-track:before, .slick-track:after {\n  content: \"\";\n  display: table;\n}\n\n.slick-track:after {\n  clear: both;\n}\n\n.slick-loading .slick-track {\n  visibility: hidden;\n}\n\n.slick-slide {\n  float: left;\n  height: 100%;\n  min-height: 1px;\n  display: none;\n}\n\n[dir=\"rtl\"] .slick-slide {\n  float: right;\n}\n\n.slick-slide img {\n  display: block;\n}\n\n.slick-slide.slick-loading img {\n  display: none;\n}\n\n.slick-slide.dragging img {\n  pointer-events: none;\n}\n\n.slick-initialized .slick-slide {\n  display: block;\n}\n\n.slick-loading .slick-slide {\n  visibility: hidden;\n}\n\n.slick-vertical .slick-slide {\n  display: block;\n  height: auto;\n  border: 1px solid transparent;\n}\n\n.slick-arrow.slick-hidden {\n  display: none;\n}\n<\/style>    <div class=\"block-slider__container\">\n        <div class=\"block-slider__wrapper block-slider__wrapper--full-width small\" data-slider=\"block_52818323b320631cdf12bda3fc0f37b0\">\n                            <div class=\"single-slide single-slide--full-width\">\n                        <div class=\"single-slide__wrapper\">\n                \n                                        <div class=\"single-slide__bg\">\n                                                    <div class=\"single-slide__bg--desktop\"><img decoding=\"async\" width=\"1920\" height=\"525\" src=\"https:\/\/www.corteco.com\/wp-content\/uploads\/2024\/03\/career_header.jpg\" class=\"attachment-full size-full\" alt=\"\" data-object-fit=\"\" srcset=\"https:\/\/www.corteco.com\/wp-content\/uploads\/2024\/03\/career_header.jpg 1920w, https:\/\/www.corteco.com\/wp-content\/uploads\/2024\/03\/career_header-300x82.jpg 300w, https:\/\/www.corteco.com\/wp-content\/uploads\/2024\/03\/career_header-1024x280.jpg 1024w, https:\/\/www.corteco.com\/wp-content\/uploads\/2024\/03\/career_header-768x210.jpg 768w, https:\/\/www.corteco.com\/wp-content\/uploads\/2024\/03\/career_header-1536x420.jpg 1536w\" sizes=\"(max-width: 1920px) 100vw, 1920px\" \/><\/div>\n                            <div class=\"single-slide__bg--mobile\"><img decoding=\"async\" width=\"1920\" height=\"1774\" src=\"https:\/\/www.corteco.com\/wp-content\/uploads\/2024\/03\/career_header-mobile.jpg\" class=\"attachment-full size-full\" alt=\"\" data-object-fit=\"\" srcset=\"https:\/\/www.corteco.com\/wp-content\/uploads\/2024\/03\/career_header-mobile.jpg 1920w, https:\/\/www.corteco.com\/wp-content\/uploads\/2024\/03\/career_header-mobile-300x277.jpg 300w, https:\/\/www.corteco.com\/wp-content\/uploads\/2024\/03\/career_header-mobile-1024x946.jpg 1024w, https:\/\/www.corteco.com\/wp-content\/uploads\/2024\/03\/career_header-mobile-768x710.jpg 768w, https:\/\/www.corteco.com\/wp-content\/uploads\/2024\/03\/career_header-mobile-1536x1419.jpg 1536w, https:\/\/www.corteco.com\/wp-content\/uploads\/2024\/03\/career_header-mobile-560x516.jpg 560w\" sizes=\"(max-width: 1920px) 100vw, 1920px\" \/><\/div>\n                                            <\/div>\n                                        \n                    <!-- Readd content wrapper if needed -->\n                <\/div>\n                    <\/div>\n        \n                <\/div>\n    <\/div>\n<\/section>\n\n\n\n<section class=\"wp-block-custom-container alignwide block-content  block-content--spacing-bottom\"><style>.block-content{position:relative}.block-content--spacing-top{padding-top:5rem}@media (min-width: 992px){.block-content--spacing-top{padding-top:9rem}}.block-content--spacing-bottom{padding-bottom:5rem}@media (min-width: 992px){.block-content--spacing-bottom{padding-bottom:9rem}}.block-content--margin-top{margin-top:5rem}@media (min-width: 992px){.block-content--margin-top{margin-top:9rem}}.block-content--margin-bottom{margin-bottom:5rem}@media (min-width: 992px){.block-content--margin-bottom{margin-bottom:9rem}}.block-content .container{position:relative;z-index:1}.block-content .container--full{padding:0}.block-content .container-overlay{position:absolute;z-index:0;top:0;right:0;bottom:0;left:0}\n<\/style><div class=\"container container--wide\"><div class=\"container__body\">\n<div class=\"wp-block-custom-spacing spacing-element spacing-mobile--small spacing-tablet--small spacing-small-desktop--medium spacing-desktop--medium\"><\/div>\n\n\n\n<h1 class=\"wp-block-heading\">Carrera profesional<\/h1>\n\n\n\n<p>Bienvenido a Corteco, donde te esperan diversos retos en entornos nacionales e internacionales. Como orgulloso miembro del Grupo Global Freudenberg, Corteco se dedica a ofrecer importantes oportunidades para tu desarrollo profesional y personal. Explora nuevos horizontes y convi\u00e9rtete en parte integrante de nuestro din\u00e1mico equipo. <\/p>\n<\/div><\/div><\/section>\n\n\n\n<section class=\"wp-block-custom-container alignwide block-content has-secondary-lightest-background-color block-content--spacing-top block-content--spacing-bottom\" style=\"background-color:#E3E3E3\"><div class=\"container container--wide\"><div class=\"container__body\">\n<h2 class=\"wp-block-heading\"><strong>\u00bfPor qu\u00e9 elegir Corteco? <\/strong> <\/h2>\n\n\n\n<div class=\"wp-block-custom-spacing spacing-element spacing-mobile--small spacing-tablet--small spacing-small-desktop--small spacing-desktop--medium\"><\/div>\n\n\n<style>.wp-block-media-text .wp-block-media-text__content{padding:2rem 0;padding-left:4rem}@media (min-width: 1380px){.wp-block-media-text .wp-block-media-text__content{padding-left:10rem}}@media (max-width: 600px){.wp-block-media-text .wp-block-media-text__content{padding-left:0}}.wp-block-media-text.has-media-on-the-right .wp-block-media-text__content{padding:2rem 0;padding-left:unset;padding-right:4rem}@media (min-width: 1380px){.wp-block-media-text.has-media-on-the-right .wp-block-media-text__content{padding-right:10rem}}@media (max-width: 600px){.wp-block-media-text.has-media-on-the-right .wp-block-media-text__content{padding-right:0}}.wp-block-media-text .wp-block-media-text__media{height:100%}.wp-block-media-text .wp-block-media-text__media img{width:100%;height:100%;object-fit:contain}.wp-block-media-text.is-image-fill img{object-fit:cover}\n<\/style>\n<div class=\"wp-block-media-text alignwide has-media-on-the-right is-stacked-on-mobile\"><div class=\"wp-block-media-text__content\">\n<h3 class=\"wp-block-heading\"><strong>Libera tu potencial<\/strong> <\/h3>\n\n\n\n<p>En Corteco, creemos en liberar todo el potencial de los miembros de nuestro equipo. Proporcionamos un entorno que fomenta la innovaci\u00f3n, la creatividad y el aprendizaje continuo. Tu crecimiento profesional es nuestra prioridad, y nos comprometemos a apoyarte en cada paso del camino. <\/p>\n\n\n\n<h3 class=\"wp-block-heading\"><strong><strong>Infinidad de oportunidades<\/strong> <\/strong><\/h3>\n\n\n\n<p>Corteco ofrece numerosas oportunidades de promoci\u00f3n profesional. Tanto si eres un profesional experimentado como si acabas de iniciar tu carrera, nuestra organizaci\u00f3n te ofrece una plataforma para prosperar. Toma las riendas de tu futuro y explora las posibilidades que te ofrece Corteco. <\/p>\n<\/div><figure class=\"wp-block-media-text__media\"><img decoding=\"async\" width=\"1024\" height=\"1024\" src=\"https:\/\/www.corteco.com\/wp-content\/uploads\/2024\/03\/Breakfast-Portrait-cropped-1024x1024.jpg\" alt=\"\" class=\"wp-image-2068 size-full\" srcset=\"https:\/\/www.corteco.com\/wp-content\/uploads\/2024\/03\/Breakfast-Portrait-cropped-1024x1024.jpg 1024w, https:\/\/www.corteco.com\/wp-content\/uploads\/2024\/03\/Breakfast-Portrait-cropped-300x300.jpg 300w, https:\/\/www.corteco.com\/wp-content\/uploads\/2024\/03\/Breakfast-Portrait-cropped-150x150.jpg 150w, https:\/\/www.corteco.com\/wp-content\/uploads\/2024\/03\/Breakfast-Portrait-cropped-768x768.jpg 768w, https:\/\/www.corteco.com\/wp-content\/uploads\/2024\/03\/Breakfast-Portrait-cropped-1536x1536.jpg 1536w, https:\/\/www.corteco.com\/wp-content\/uploads\/2024\/03\/Breakfast-Portrait-cropped-123x123.jpg 123w, https:\/\/www.corteco.com\/wp-content\/uploads\/2024\/03\/Breakfast-Portrait-cropped-524x524.jpg 524w, https:\/\/www.corteco.com\/wp-content\/uploads\/2024\/03\/Breakfast-Portrait-cropped.jpg 1920w\" sizes=\"(max-width: 1024px) 100vw, 1024px\" \/><\/figure><\/div>\n<\/div><\/div><\/section>\n\n\n\n<section class=\"wp-block-custom-container alignwide block-content has-secondary-lightest-background-color block-content--spacing-bottom\" style=\"background-color:#E3E3E3\"><div class=\"container container--wide\"><div class=\"container__body\">\n<div class=\"wp-block-media-text alignwide is-stacked-on-mobile\"><figure class=\"wp-block-media-text__media\"><img decoding=\"async\" width=\"1024\" height=\"1024\" src=\"https:\/\/www.corteco.com\/wp-content\/uploads\/2024\/03\/BASF-Firmencup-cropped-1024x1024.jpg\" alt=\"\" class=\"wp-image-2070 size-full\" srcset=\"https:\/\/www.corteco.com\/wp-content\/uploads\/2024\/03\/BASF-Firmencup-cropped-1024x1024.jpg 1024w, https:\/\/www.corteco.com\/wp-content\/uploads\/2024\/03\/BASF-Firmencup-cropped-300x300.jpg 300w, https:\/\/www.corteco.com\/wp-content\/uploads\/2024\/03\/BASF-Firmencup-cropped-150x150.jpg 150w, https:\/\/www.corteco.com\/wp-content\/uploads\/2024\/03\/BASF-Firmencup-cropped-768x768.jpg 768w, https:\/\/www.corteco.com\/wp-content\/uploads\/2024\/03\/BASF-Firmencup-cropped-1536x1536.jpg 1536w, https:\/\/www.corteco.com\/wp-content\/uploads\/2024\/03\/BASF-Firmencup-cropped-123x123.jpg 123w, https:\/\/www.corteco.com\/wp-content\/uploads\/2024\/03\/BASF-Firmencup-cropped-524x524.jpg 524w, https:\/\/www.corteco.com\/wp-content\/uploads\/2024\/03\/BASF-Firmencup-cropped.jpg 1920w\" sizes=\"(max-width: 1024px) 100vw, 1024px\" \/><\/figure><div class=\"wp-block-media-text__content\">\n<h3 class=\"wp-block-heading\"><strong><strong>Alcance mundial, impacto local<\/strong> <\/strong><\/h3>\n\n\n\n<p>Como miembro del Grupo Freudenberg, Corteco opera en todo el mundo y te ofrece la oportunidad de trabajar en proyectos locales y globales. Tu trabajo no s\u00f3lo ayudar\u00e1 a dar forma al futuro de nuestra empresa, sino que tambi\u00e9n tendr\u00e1 un impacto positivo en las comunidades de todo el mundo. <\/p>\n\n\n\n<h3 class=\"wp-block-heading\"><strong><strong><strong>Esp\u00edritu de equipo<\/strong> <\/strong><\/strong><\/h3>\n\n\n\n<p>Unirse a Corteco significa formar parte de un equipo fuerte y colaborador. Valoramos la diversidad de nuestra plantilla y creemos que la fuerza de nuestro equipo reside en las habilidades y perspectivas \u00fanicas que aporta cada miembro. Juntos, afrontamos los retos y celebramos los \u00e9xitos. <\/p>\n<\/div><\/div>\n<\/div><\/div><\/section>\n\n\n\n<section class=\"wp-block-custom-container alignwide block-content  block-content--spacing-top block-content--spacing-bottom\"><div class=\"container container--wide\"><div class=\"container__body\">\n<p>\u00danete a Corteco, \u00a1forma tu futuro! Emb\u00e1rcate en un viaje satisfactorio con Corteco, donde cada d\u00eda presenta nuevos retos y oportunidades de crecimiento. Forma parte de una familia global que valora tus contribuciones \u00fanicas y te anima a marcar la diferencia. Tu \u00e9xito es nuestro \u00e9xito, y juntos podemos alcanzar la grandeza. Descubre tus oportunidades en Corteco y convi\u00e9rtete en una parte esencial de nuestra historia de \u00e9xito global. \u00a1Tu viaje comienza aqu\u00ed! <\/p>\n\n\n\n<p>Encuentra ofertas de trabajo actuales en Corteco en la p\u00e1gina de empleo de Freudenberg. <\/p>\n\n\n\n<div class=\"wp-block-buttons is-layout-flex wp-block-buttons-is-layout-flex\"><style>.wp-block-button{margin:0 0 2.7rem}.wp-block-button:last-child,.wp-block-button:only-child{margin-bottom:0}.wp-block-button.align-center{text-align:center}.wp-block-button.align-right{text-align:right}.wp-block-columns+.wp-block-button{margin-top:6.3rem}.wp-block-button.is-style-icon-only{font-size:0}.wp-block-button__link{display:inline-block;padding:1.2rem 1.5rem;color:#fff;font-weight:700;text-align:center;text-decoration:none;text-transform:uppercase;border:1px solid #E30613;border-radius:.2rem;background-color:#E30613;cursor:pointer;font-size:1.2rem;line-height:1}@media (min-width: 992px){.wp-block-button__link{min-width:160px;padding:1.8rem 2rem;font-size:1.4rem;line-height:1}}.wp-block-button:not(.is-style-link-only):not(.is-style-outline):not(.is-style-fill-secondary):not(.is-style-icon-only) .wp-block-button__link{position:relative}.wp-block-button:not(.is-style-link-only):not(.is-style-outline):not(.is-style-fill-secondary):not(.is-style-icon-only) .wp-block-button__link:hover,.wp-block-button:not(.is-style-link-only):not(.is-style-outline):not(.is-style-fill-secondary):not(.is-style-icon-only) .wp-block-button__link:focus{color:#fff !important;border-color:#414141 !important;background-color:#414141 !important}.wp-block-button .wp-block-button__link{transition:.2s}.is-style-fill-secondary .wp-block-button__link{color:#fff;border-color:#414141;background-color:#414141}.is-style-fill-secondary .wp-block-button__link:hover,.is-style-fill-secondary .wp-block-button__link:focus{color:#fff !important;border-color:#E30613 !important;background-color:#E30613 !important}.footer-anhang .is-style-fill-secondary .wp-block-button__link{color:#414141;border-color:#fff;background-color:#fff}@media (min-width: 992px){.footer-anhang .is-style-fill-secondary .wp-block-button__link{padding:1.2rem 2rem}}.footer-anhang .is-style-fill-secondary .wp-block-button__link:hover,.footer-anhang .is-style-fill-secondary .wp-block-button__link:focus{color:#fff !important;border-color:#414141 !important;background-color:#414141 !important}.is-style-outline .wp-block-button__link{padding:1.2rem 1.5rem !important;color:#E30613 !important;border:1px solid #E30613 !important;background-color:transparent}@media (min-width: 992px){.is-style-outline .wp-block-button__link{padding:1.8rem 2rem !important}}.is-style-outline .wp-block-button__link:hover,.is-style-outline .wp-block-button__link:focus{color:#fff !important;border-color:#E30613 !important;background-color:#E30613 !important}.has-secondary-light-background-color .is-style-outline .wp-block-button__link,.has-secondary-background-color .is-style-outline .wp-block-button__link,.has-primary-background-color .is-style-outline .wp-block-button__link,.has-primary-dark-background-color .is-style-outline .wp-block-button__link,.has-primary-darker-background-color .is-style-outline .wp-block-button__link{color:#fff !important;border:1px solid #fff !important}.has-secondary-light-background-color .is-style-outline .wp-block-button__link:hover,.has-secondary-light-background-color .is-style-outline .wp-block-button__link:focus,.has-secondary-background-color .is-style-outline .wp-block-button__link:hover,.has-secondary-background-color .is-style-outline .wp-block-button__link:focus,.has-primary-background-color .is-style-outline .wp-block-button__link:hover,.has-primary-background-color .is-style-outline .wp-block-button__link:focus,.has-primary-dark-background-color .is-style-outline .wp-block-button__link:hover,.has-primary-dark-background-color .is-style-outline .wp-block-button__link:focus,.has-primary-darker-background-color .is-style-outline .wp-block-button__link:hover,.has-primary-darker-background-color .is-style-outline .wp-block-button__link:focus{color:#E30613 !important;border-color:#fff !important;background-color:#fff !important}.is-style-link-only .wp-block-button__link{min-width:0;padding:0;position:relative;font-weight:700;color:#E30613;text-decoration:underline solid #E30613 .2rem;letter-spacing:0;text-transform:none;border:none;background-color:transparent;transition:color .2s,text-decoration-color .2s;font-size:1.4rem;line-height:1}.is-style-link-only .wp-block-button__link:before{content:'';display:block;height:1px;position:absolute;right:0;bottom:0;left:0;background:currentColor}.is-style-link-only .wp-block-button__link:hover,.is-style-link-only .wp-block-button__link:focus{color:#414141;text-decoration-color:#414141}.is-style-icon-only .wp-block-button__link{min-width:0;width:2rem;height:3rem;padding:0;font-size:0;position:relative;border:none;color:transparent;background-color:transparent;position:relative}.is-style-icon-only .wp-block-button__link::after{content:'';display:inline-block;width:2rem;height:3rem;position:absolute;top:0;right:0;background-image:url(\"https:\/\/www.corteco.com\/wp-content\/themes\/ATLAS\/images\/arrow\/header_arrow_black.svg\");background-repeat:no-repeat;background-size:contain;transition:right 0.2s}.is-style-icon-only .wp-block-button__link:hover,.is-style-icon-only .wp-block-button__link:focus{color:transparent !important;background-color:transparent !important}.is-style-icon-only .wp-block-button__link:hover::after,.is-style-icon-only .wp-block-button__link:focus::after{right:-5px}\n<\/style>\n<div class=\"wp-block-button\"><a class=\"wp-block-button__link wp-element-button\" href=\"https:\/\/jobs.freudenberg.com\/freudenberg\/?location=ES\" target=\"_blank\" rel=\"noopener\">Vacantes | Grupo Freudenberg <\/a><\/div>\n<\/div>\n\n\n\n<div style=\"height:100px\" aria-hidden=\"true\" class=\"wp-block-spacer\"><\/div>\n\n\n\n<figure class=\"wp-block-image size-large is-resized\"><a href=\"https:\/\/jobs.freudenberg.com\/freudenberg\/?location=ES\" target=\"_blank\" rel=\"noopener\"><img decoding=\"async\" src=\"https:\/\/www.corteco.com\/wp-content\/uploads\/2025\/01\/Corteco_Website_Bewerbungsprozess_ES-1024x435.png\" alt=\"\" class=\"wp-image-7194\" width=\"1179\" height=\"501\" srcset=\"https:\/\/www.corteco.com\/wp-content\/uploads\/2025\/01\/Corteco_Website_Bewerbungsprozess_ES-1024x435.png 1024w, https:\/\/www.corteco.com\/wp-content\/uploads\/2025\/01\/Corteco_Website_Bewerbungsprozess_ES-300x127.png 300w, https:\/\/www.corteco.com\/wp-content\/uploads\/2025\/01\/Corteco_Website_Bewerbungsprozess_ES-768x326.png 768w, https:\/\/www.corteco.com\/wp-content\/uploads\/2025\/01\/Corteco_Website_Bewerbungsprozess_ES-1536x652.png 1536w, https:\/\/www.corteco.com\/wp-content\/uploads\/2025\/01\/Corteco_Website_Bewerbungsprozess_ES.png 1920w\" sizes=\"(max-width: 1179px) 100vw, 1179px\" \/><\/a><\/figure>\n<\/div><\/div><\/section>\n\n\n\n<section class=\"wp-block-custom-container alignwide block-content has-secondary-lightest-background-color block-content--spacing-top block-content--spacing-bottom\" style=\"background-color:#E3E3E3\"><div class=\"container container--wide\"><div class=\"container__body\">\n<figure class=\"wp-block-embed is-type-video is-provider-youtube wp-block-embed-youtube wp-embed-aspect-16-9 wp-has-aspect-ratio\"><div class=\"wp-block-embed__wrapper\">\n<div class=\"epyt-video-wrapper\"><iframe loading=\"lazy\"  id=\"_ytid_29419\"  width=\"1280\" height=\"720\"  data-origwidth=\"1280\" data-origheight=\"720\"  data-relstop=\"1\" src=\"https:\/\/www.youtube.com\/embed\/-jatUhxAtXo?enablejsapi=1&#038;autoplay=0&#038;cc_load_policy=0&#038;cc_lang_pref=&#038;iv_load_policy=1&#038;loop=0&#038;rel=0&#038;fs=1&#038;playsinline=0&#038;autohide=2&#038;theme=dark&#038;color=red&#038;controls=1&#038;disablekb=0&#038;\" class=\"__youtube_prefs__  epyt-is-override  no-lazyload\" title=\"YouTube player\"  allow=\"fullscreen; accelerometer; autoplay; clipboard-write; encrypted-media; gyroscope; picture-in-picture; web-share\" referrerpolicy=\"strict-origin-when-cross-origin\" allowfullscreen data-no-lazy=\"1\" data-skipgform_ajax_framebjll=\"\"><\/iframe><\/div>\n<\/div><\/figure>\n<\/div><\/div><\/section>\n","protected":false},"excerpt":{"rendered":"","protected":false},"author":12,"featured_media":0,"parent":3647,"menu_order":0,"comment_status":"closed","ping_status":"closed","template":"","meta":{"_acf_changed":false,"footnotes":""},"class_list":["post-3617","page","type-page","status-publish","hentry"],"acf":[],"_links":{"self":[{"href":"https:\/\/www.corteco.com\/es\/wp-json\/wp\/v2\/pages\/3617","targetHints":{"allow":["GET"]}}],"collection":[{"href":"https:\/\/www.corteco.com\/es\/wp-json\/wp\/v2\/pages"}],"about":[{"href":"https:\/\/www.corteco.com\/es\/wp-json\/wp\/v2\/types\/page"}],"author":[{"embeddable":true,"href":"https:\/\/www.corteco.com\/es\/wp-json\/wp\/v2\/users\/12"}],"replies":[{"embeddable":true,"href":"https:\/\/www.corteco.com\/es\/wp-json\/wp\/v2\/comments?post=3617"}],"version-history":[{"count":8,"href":"https:\/\/www.corteco.com\/es\/wp-json\/wp\/v2\/pages\/3617\/revisions"}],"predecessor-version":[{"id":7278,"href":"https:\/\/www.corteco.com\/es\/wp-json\/wp\/v2\/pages\/3617\/revisions\/7278"}],"up":[{"embeddable":true,"href":"https:\/\/www.corteco.com\/es\/wp-json\/wp\/v2\/pages\/3647"}],"wp:attachment":[{"href":"https:\/\/www.corteco.com\/es\/wp-json\/wp\/v2\/media?parent=3617"}],"curies":[{"name":"wp","href":"https:\/\/api.w.org\/{rel}","templated":true}]}}