{"id":3737,"date":"2024-03-04T10:24:27","date_gmt":"2024-03-04T09:24:27","guid":{"rendered":"https:\/\/www.corteco.com\/empresa\/sostenibilidad\/"},"modified":"2026-01-29T16:58:55","modified_gmt":"2026-01-29T15:58:55","slug":"sostenibilidad","status":"publish","type":"page","link":"https:\/\/www.corteco.com\/es\/empresa\/sostenibilidad\/","title":{"rendered":"Sostenibilidad"},"content":{"rendered":"<section class=\"block-slider\">\n    <style>.block-slider{padding-top:6rem;position:relative;margin:0 0 2rem}@media (min-width: 1024px){.block-slider{margin:0 0 2rem}}@media (min-width: 1200px){.block-slider{padding-top:11rem}}@media (min-width: 1380px){.block-slider{margin:0}}.block-slider::before,.block-slider::after{content:'';position:absolute;right:0;bottom:2px;left:0;width:100%;height:100%;pointer-events:none}.block-slider::before{background:#fff;background:linear-gradient(180deg, #fff 0%, #cecece 50%, #000 100%);mix-blend-mode:multiply;opacity:0.5;z-index:1}.block-slider::after{bottom:-1px;background-size:contain;background-repeat:no-repeat;background-position:bottom center;background-image:url(\"https:\/\/www.corteco.com\/wp-content\/themes\/ATLAS\/images\/svg\/corteco_welle_white.svg\");z-index:2}@media (min-width: 1200px){.block-slider__wrapper--half-width .slick-dots{text-align:left}}@media (min-width: 1380px){.block-slider .slick-dots{bottom:15px}}@media (min-width: 1380px){.block-slider .slick-dots button{background-color:#fff}}.single-slide{position:relative}.single-slide:not(:first-child){display:none}.slick-initialized .single-slide{display:block}.single-slide::before{display:block;content:\"\";width:100%;height:50%;min-height:50vh}@media (min-width: 1024px){.single-slide::before{height:75%;min-height:75vh}}.small .single-slide::before{height:35%;min-height:35vh}@media (min-width: 1024px){.small .single-slide::before{height:40%;min-height:40vh}}.single-slide__wrapper{position:absolute;top:0;right:0;bottom:0;left:0}.single-slide__bg{position:absolute;top:0;right:0;bottom:0;left:0}.single-slide__bg--desktop{display:none}@media (min-width: 1024px){.single-slide__bg--desktop{display:block;height:100%}}.single-slide__bg--mobile{display:block;height:100%}@media (min-width: 1024px){.single-slide__bg--mobile{display:none}}.single-slide__bg img{width:100%;height:100%;object-fit:cover}.single-slide__bg.video{min-height:100%}.single-slide__bg-vid{min-height:100%;position:relative}.single-slide__bg-video{display:inline-block;position:absolute;top:0;left:0;right:0;bottom:0;margin:0;padding:0;width:100%;height:100%;max-width:none;max-height:none;-o-object-fit:cover;object-fit:cover;outline:none;border:none;box-shadow:none;z-index:0}.single-slide__bg-vid .mejs-controls{display:none}.single-slide__content{color:#fff}.single-slide--content-bg .single-slide__content{background:#fff}.single-slide__content .h1{margin:0 0 .6rem;font-weight:700;color:#E30613;letter-spacing:0;font-size:4.6rem;line-height:1.13043478}@media (min-width: 1380px){.single-slide__content .h1{font-size:8rem;line-height:1.175}}.single-slide__content-wrapper{position:absolute;top:0;right:0;bottom:0;left:0;display:flex;align-items:flex-start}@media (min-width: 1024px){.single-slide__content-wrapper{align-items:center}}.single-slide__content-container{height:100%}@media (min-width: 1380px){.single-slide__content-container{padding-bottom:10rem}}.single-slide__content-row{position:relative;display:flex;align-items:flex-start;justify-content:space-between;flex-flow:column nowrap;height:100%;width:100%;max-width:100%}@media (min-width: 1024px){.single-slide__content-row{max-width:50%;justify-content:center}}@media (min-width: 1380px){.single-slide__content-row{padding:2rem 0}}.single-slide__slogan{display:none;position:absolute;left:0;bottom:0rem;color:#ff0;font-weight:700}@media (min-width: 1024px){.single-slide__slogan{display:block}}.single-slide__buttons{display:flex;flex-wrap:wrap;align-items:center;justify-content:flex-start;margin:2rem 0 0}.single-slide__buttons .wp-block-button{margin:0 2rem 1rem 0}.single-slide--half-width{background-color:#BDBDBD}.single-slide--half-width .single-slide__bg{width:100%;right:0;left:auto}@media (min-width: 1380px){.single-slide--half-width .single-slide__bg{width:50%}}.single-slide--image-left .single-slide__bg{right:auto;left:0}\n<\/style>    <style>.slick-arrow{width:3rem;height:3rem;position:absolute;z-index:1;top:50%;margin-top:-15px;font-size:0;line-height:0;border:none;background-color:transparent;cursor:pointer;transition:background-color .2s}@media (min-width: 992px){.slick-arrow{width:5rem;height:5rem}}@media (min-width: 1200px){.slick-arrow{top:50%}}.slick-arrow:hover{background-color:#414141}html.touch-device .slick-arrow:hover{background-color:#414141}.slick-arrow:after{content:'';display:block;width:10px;height:20px;position:absolute;top:50%;left:51%;transform:translate(-50%, -50%);background-image:url(\"https:\/\/www.corteco.com\/wp-content\/themes\/ATLAS\/images\/svg\/slider_arrow-right_white.svg\");background-repeat:no-repeat;background-size:10px 20px}@media (min-width: 992px){.slick-arrow:after{width:14px;height:30px;background-position:contain;background-size:14px 30px}}.slick-arrow.slick-prev{right:auto;left:10px;transform:rotate(180deg)}@media (min-width: 992px){.slick-arrow.slick-prev{left:20px}}@media (min-width: 1380px){.slick-arrow.slick-prev{left:30px}}.slick-arrow.slick-next{right:10px;left:auto}@media (min-width: 992px){.slick-arrow.slick-next{right:20px}}@media (min-width: 1380px){.slick-arrow.slick-next{right:30px}}.slick-slide:focus{outline:none}.slick-dots{width:100%;max-width:1105px;padding:0 4rem;position:absolute;bottom:21px;left:50%;transform:translate(-50%, 0);margin:0 auto;text-align:center;list-style:none}@media (min-width: 992px){.slick-dots{bottom:27px}}.slick-dots li{display:inline-block;margin:0 7px}.slick-dots li.slick-active button{background-color:#E30613}.slick-dots button{width:15px;height:15px;font-size:0;line-height:0;border:0;border-radius:50%;background:transparent;background:#414141;box-shadow:none;transition:background-color .2s linear}.slick-autoplay-toggle-button{display:none}\n<\/style>    <style>\/* Slider *\/\n.slick-slider {\n  position: relative;\n  display: block;\n  box-sizing: border-box;\n  -webkit-touch-callout: none;\n  -webkit-user-select: none;\n  -khtml-user-select: none;\n  -moz-user-select: none;\n  -ms-user-select: none;\n  user-select: none;\n  -ms-touch-action: pan-y;\n  touch-action: pan-y;\n  -webkit-tap-highlight-color: transparent;\n}\n\n.slick-list {\n  position: relative;\n  overflow: hidden;\n  display: block;\n  margin: 0;\n  padding: 0;\n}\n\n.slick-list:focus {\n  outline: none;\n}\n\n.slick-list.dragging {\n  cursor: pointer;\n  cursor: hand;\n}\n\n.slick-slider .slick-track,\n.slick-slider .slick-list {\n  -webkit-transform: translate3d(0, 0, 0);\n  -moz-transform: translate3d(0, 0, 0);\n  -ms-transform: translate3d(0, 0, 0);\n  -o-transform: translate3d(0, 0, 0);\n  transform: translate3d(0, 0, 0);\n}\n\n.slick-track {\n  position: relative;\n  left: 0;\n  top: 0;\n  display: block;\n  margin-left: auto;\n  margin-right: auto;\n}\n\n.slick-track:before, .slick-track:after {\n  content: \"\";\n  display: table;\n}\n\n.slick-track:after {\n  clear: both;\n}\n\n.slick-loading .slick-track {\n  visibility: hidden;\n}\n\n.slick-slide {\n  float: left;\n  height: 100%;\n  min-height: 1px;\n  display: none;\n}\n\n[dir=\"rtl\"] .slick-slide {\n  float: right;\n}\n\n.slick-slide img {\n  display: block;\n}\n\n.slick-slide.slick-loading img {\n  display: none;\n}\n\n.slick-slide.dragging img {\n  pointer-events: none;\n}\n\n.slick-initialized .slick-slide {\n  display: block;\n}\n\n.slick-loading .slick-slide {\n  visibility: hidden;\n}\n\n.slick-vertical .slick-slide {\n  display: block;\n  height: auto;\n  border: 1px solid transparent;\n}\n\n.slick-arrow.slick-hidden {\n  display: none;\n}\n<\/style>    <div class=\"block-slider__container\">\n        <div class=\"block-slider__wrapper block-slider__wrapper--full-width small\" data-slider=\"block_e276380b5b974a89668bb4acfdb4ea8c\">\n                            <div class=\"single-slide single-slide--full-width\">\n                        <div class=\"single-slide__wrapper\">\n                \n                                        <div class=\"single-slide__bg\">\n                                                    <div class=\"single-slide__bg--desktop\"><img decoding=\"async\" width=\"1920\" height=\"525\" src=\"https:\/\/www.corteco.com\/wp-content\/uploads\/2024\/03\/sustainability_header.jpg\" class=\"attachment-full size-full\" alt=\"\" data-object-fit=\"\" srcset=\"https:\/\/www.corteco.com\/wp-content\/uploads\/2024\/03\/sustainability_header.jpg 1920w, https:\/\/www.corteco.com\/wp-content\/uploads\/2024\/03\/sustainability_header-300x82.jpg 300w, https:\/\/www.corteco.com\/wp-content\/uploads\/2024\/03\/sustainability_header-1024x280.jpg 1024w, https:\/\/www.corteco.com\/wp-content\/uploads\/2024\/03\/sustainability_header-768x210.jpg 768w, https:\/\/www.corteco.com\/wp-content\/uploads\/2024\/03\/sustainability_header-1536x420.jpg 1536w\" sizes=\"(max-width: 1920px) 100vw, 1920px\" \/><\/div>\n                            <div class=\"single-slide__bg--mobile\"><img decoding=\"async\" width=\"1920\" height=\"1774\" src=\"https:\/\/www.corteco.com\/wp-content\/uploads\/2024\/03\/sustainability_header_mobil.jpg\" class=\"attachment-full size-full\" alt=\"\" data-object-fit=\"\" srcset=\"https:\/\/www.corteco.com\/wp-content\/uploads\/2024\/03\/sustainability_header_mobil.jpg 1920w, https:\/\/www.corteco.com\/wp-content\/uploads\/2024\/03\/sustainability_header_mobil-300x277.jpg 300w, https:\/\/www.corteco.com\/wp-content\/uploads\/2024\/03\/sustainability_header_mobil-1024x946.jpg 1024w, https:\/\/www.corteco.com\/wp-content\/uploads\/2024\/03\/sustainability_header_mobil-768x710.jpg 768w, https:\/\/www.corteco.com\/wp-content\/uploads\/2024\/03\/sustainability_header_mobil-1536x1419.jpg 1536w, https:\/\/www.corteco.com\/wp-content\/uploads\/2024\/03\/sustainability_header_mobil-560x516.jpg 560w\" sizes=\"(max-width: 1920px) 100vw, 1920px\" \/><\/div>\n                                            <\/div>\n                                        \n                    <!-- Readd content wrapper if needed -->\n                <\/div>\n                    <\/div>\n        \n                <\/div>\n    <\/div>\n<\/section>\n\n\n\n<section class=\"wp-block-custom-container alignwide block-content  block-content--spacing-bottom block-content--margin-bottom\"><style>.block-content{position:relative}.block-content--spacing-top{padding-top:5rem}@media (min-width: 992px){.block-content--spacing-top{padding-top:9rem}}.block-content--spacing-bottom{padding-bottom:5rem}@media (min-width: 992px){.block-content--spacing-bottom{padding-bottom:9rem}}.block-content--margin-top{margin-top:5rem}@media (min-width: 992px){.block-content--margin-top{margin-top:9rem}}.block-content--margin-bottom{margin-bottom:5rem}@media (min-width: 992px){.block-content--margin-bottom{margin-bottom:9rem}}.block-content .container{position:relative;z-index:1}.block-content .container--full{padding:0}.block-content .container-overlay{position:absolute;z-index:0;top:0;right:0;bottom:0;left:0}\n<\/style><div class=\"container container--wide\"><div class=\"container__body\">\n<div class=\"wp-block-custom-spacing spacing-element spacing-mobile--small spacing-tablet--small spacing-small-desktop--medium spacing-desktop--medium\"><\/div>\n\n\n\n<h1 class=\"wp-block-heading\">Sostenibilidad<\/h1>\n\n\n\n<p>En Corteco y en todo el Grupo Freudenberg, la sostenibilidad no es s\u00f3lo una palabra de moda; es un compromiso que est\u00e1 en nuestro ADN. Reconocemos el profundo impacto que las empresas pueden tener en el planeta y nos comprometemos a liderar el camino hacia un futuro m\u00e1s sostenible y responsable. <\/p>\n\n\n<style>.wp-block-media-text .wp-block-media-text__content{padding:2rem 0;padding-left:4rem}@media (min-width: 1380px){.wp-block-media-text .wp-block-media-text__content{padding-left:10rem}}@media (max-width: 600px){.wp-block-media-text .wp-block-media-text__content{padding-left:0}}.wp-block-media-text.has-media-on-the-right .wp-block-media-text__content{padding:2rem 0;padding-left:unset;padding-right:4rem}@media (min-width: 1380px){.wp-block-media-text.has-media-on-the-right .wp-block-media-text__content{padding-right:10rem}}@media (max-width: 600px){.wp-block-media-text.has-media-on-the-right .wp-block-media-text__content{padding-right:0}}.wp-block-media-text .wp-block-media-text__media{height:100%}.wp-block-media-text .wp-block-media-text__media img{width:100%;height:100%;object-fit:contain}.wp-block-media-text.is-image-fill img{object-fit:cover}\n<\/style>\n<div class=\"wp-block-media-text alignwide is-stacked-on-mobile\"><figure class=\"wp-block-media-text__media\"><img decoding=\"async\" width=\"1024\" height=\"683\" src=\"https:\/\/www.corteco.com\/wp-content\/uploads\/2024\/05\/23052024_Corteco_Sustainability_Trailer-1024x683.jpg\" alt=\"\" class=\"wp-image-5386 size-full\" srcset=\"https:\/\/www.corteco.com\/wp-content\/uploads\/2024\/05\/23052024_Corteco_Sustainability_Trailer-1024x683.jpg 1024w, https:\/\/www.corteco.com\/wp-content\/uploads\/2024\/05\/23052024_Corteco_Sustainability_Trailer-300x200.jpg 300w, https:\/\/www.corteco.com\/wp-content\/uploads\/2024\/05\/23052024_Corteco_Sustainability_Trailer-768x512.jpg 768w, https:\/\/www.corteco.com\/wp-content\/uploads\/2024\/05\/23052024_Corteco_Sustainability_Trailer-1536x1024.jpg 1536w, https:\/\/www.corteco.com\/wp-content\/uploads\/2024\/05\/23052024_Corteco_Sustainability_Trailer.jpg 1920w\" sizes=\"(max-width: 1024px) 100vw, 1024px\" \/><\/figure><div class=\"wp-block-media-text__content\">\n<p>Nuestra visi\u00f3n de la sostenibilidad abarca varias \u00e1reas clave. La protecci\u00f3n del medio ambiente es primordial, y Corteco y Freudenberg somos firmes en nuestro compromiso de minimizar nuestra huella medioambiental. Utilizamos tecnolog\u00edas innovadoras, procesos eficientes y abastecimiento responsable para reducir el consumo de recursos, el uso de energ\u00eda y los residuos. <\/p>\n\n\n\n<p>La innovaci\u00f3n de productos es otro aspecto clave de nuestros esfuerzos en sostenibilidad. Creemos en el desarrollo de productos que no s\u00f3lo cumplan las normas de calidad m\u00e1s exigentes, sino que tambi\u00e9n den prioridad a la sostenibilidad. Nuestros equipos trabajan activamente para crear soluciones respetuosas con el medio ambiente, energ\u00e9ticamente eficientes y que contribuyan a una econom\u00eda circular. <\/p>\n<\/div><\/div>\n\n\n\n<div class=\"wp-block-custom-spacing spacing-element spacing-mobile--small spacing-tablet--small spacing-small-desktop--small spacing-desktop--small\"><\/div>\n\n\n\n<p>Pero la sostenibilidad no se refiere s\u00f3lo al medio ambiente, sino tambi\u00e9n a las comunidades en las que operamos. Corteco y Freudenberg est\u00e1n comprometidos con iniciativas de responsabilidad social, apoyando a las comunidades locales, promoviendo la inclusi\u00f3n y la diversidad y garantizando pr\u00e1cticas empresariales justas y \u00e9ticas. <\/p>\n\n\n\n<div class=\"wp-block-custom-spacing spacing-element spacing-mobile--small spacing-tablet--small spacing-small-desktop--small spacing-desktop--small\"><\/div>\n\n\n\n<div class=\"wp-block-media-text alignwide has-media-on-the-right is-stacked-on-mobile\"><div class=\"wp-block-media-text__content\">\n<p>En Corteco estamos aplicando activamente iniciativas clave para avanzar en nuestros objetivos de sostenibilidad. Por ejemplo, hemos pasado nuestro transporte entre empresas al intermodal, reduciendo significativamente nuestra huella de carbono. Al conducir 33.600 kil\u00f3metros menos por carretera al a\u00f1o, se emiten un 51% menos de part\u00edculas y ahorramos 17.428 kg de CO2. Tambi\u00e9n mejoramos continuamente nuestros envases para reducir el uso de pl\u00e1stico e incorporar materiales reciclados, como nuestro envase del tap\u00f3n de vaciado de aceite del carter. Adem\u00e1s, participamos en iniciativas locales que benefician al medio ambiente, como el cambio a cinta sostenible y el mantenimiento de colmenas. <\/p>\n\n\n\n<p>Forma parte de nuestro compromiso con la sostenibilidad mientras nos esforzamos por crear un futuro m\u00e1s verde. As\u00f3ciate con nosotros, una empresa que valora la responsabilidad medioambiental, el impacto social y la innovaci\u00f3n continua. <\/p>\n<\/div><figure class=\"wp-block-media-text__media\"><img decoding=\"async\" width=\"1024\" height=\"691\" src=\"https:\/\/www.corteco.com\/wp-content\/uploads\/2024\/03\/sustainability_02_cropped-1024x691.jpg\" alt=\"\" class=\"wp-image-2012 size-full\" srcset=\"https:\/\/www.corteco.com\/wp-content\/uploads\/2024\/03\/sustainability_02_cropped-1024x691.jpg 1024w, https:\/\/www.corteco.com\/wp-content\/uploads\/2024\/03\/sustainability_02_cropped-300x203.jpg 300w, https:\/\/www.corteco.com\/wp-content\/uploads\/2024\/03\/sustainability_02_cropped-768x518.jpg 768w, https:\/\/www.corteco.com\/wp-content\/uploads\/2024\/03\/sustainability_02_cropped-1536x1037.jpg 1536w, https:\/\/www.corteco.com\/wp-content\/uploads\/2024\/03\/sustainability_02_cropped.jpg 1920w\" sizes=\"(max-width: 1024px) 100vw, 1024px\" \/><\/figure><\/div>\n\n\n\n<div class=\"wp-block-custom-spacing spacing-element spacing-mobile--small spacing-tablet--small spacing-small-desktop--small spacing-desktop--small\"><\/div>\n\n\n\n<div class=\"wp-block-custom-spacing spacing-element spacing-mobile--small spacing-tablet--small spacing-small-desktop--small spacing-desktop--small\"><\/div>\n\n\n\n<div class=\"wp-block-custom-spacing spacing-element spacing-mobile--small spacing-tablet--small spacing-small-desktop--small spacing-desktop--small\"><\/div>\n\n\n\n<p><strong>Certificados ISO<\/strong><br><a href=\"https:\/\/www.corteco.com\/es\/certificados-iso\/\" target=\"_blank\" rel=\"noreferrer noopener\">Aqu\u00ed<\/a> puedes encontrar nuestros certificados ISO para Corteco GmbH<\/p>\n<\/div><\/div><\/section>\n","protected":false},"excerpt":{"rendered":"","protected":false},"author":12,"featured_media":0,"parent":3647,"menu_order":0,"comment_status":"closed","ping_status":"closed","template":"","meta":{"_acf_changed":false,"footnotes":""},"class_list":["post-3737","page","type-page","status-publish","hentry"],"acf":[],"_links":{"self":[{"href":"https:\/\/www.corteco.com\/es\/wp-json\/wp\/v2\/pages\/3737","targetHints":{"allow":["GET"]}}],"collection":[{"href":"https:\/\/www.corteco.com\/es\/wp-json\/wp\/v2\/pages"}],"about":[{"href":"https:\/\/www.corteco.com\/es\/wp-json\/wp\/v2\/types\/page"}],"author":[{"embeddable":true,"href":"https:\/\/www.corteco.com\/es\/wp-json\/wp\/v2\/users\/12"}],"replies":[{"embeddable":true,"href":"https:\/\/www.corteco.com\/es\/wp-json\/wp\/v2\/comments?post=3737"}],"version-history":[{"count":7,"href":"https:\/\/www.corteco.com\/es\/wp-json\/wp\/v2\/pages\/3737\/revisions"}],"predecessor-version":[{"id":12014,"href":"https:\/\/www.corteco.com\/es\/wp-json\/wp\/v2\/pages\/3737\/revisions\/12014"}],"up":[{"embeddable":true,"href":"https:\/\/www.corteco.com\/es\/wp-json\/wp\/v2\/pages\/3647"}],"wp:attachment":[{"href":"https:\/\/www.corteco.com\/es\/wp-json\/wp\/v2\/media?parent=3737"}],"curies":[{"name":"wp","href":"https:\/\/api.w.org\/{rel}","templated":true}]}}