{"id":3834,"date":"2024-03-20T15:15:09","date_gmt":"2024-03-20T14:15:09","guid":{"rendered":"https:\/\/www.corteco.com\/empresa\/calidad\/"},"modified":"2024-05-22T15:06:24","modified_gmt":"2024-05-22T13:06:24","slug":"calidad","status":"publish","type":"page","link":"https:\/\/www.corteco.com\/es\/empresa\/calidad\/","title":{"rendered":"Calidad"},"content":{"rendered":"<section class=\"block-slider\">\n    <style>.block-slider{padding-top:6rem;position:relative;margin:0 0 2rem}@media (min-width: 1024px){.block-slider{margin:0 0 2rem}}@media (min-width: 1200px){.block-slider{padding-top:11rem}}@media (min-width: 1380px){.block-slider{margin:0}}.block-slider::before,.block-slider::after{content:'';position:absolute;right:0;bottom:2px;left:0;width:100%;height:100%;pointer-events:none}.block-slider::before{background:#fff;background:linear-gradient(180deg, #fff 0%, #cecece 50%, #000 100%);mix-blend-mode:multiply;opacity:0.5;z-index:1}.block-slider::after{bottom:-1px;background-size:contain;background-repeat:no-repeat;background-position:bottom center;background-image:url(\"https:\/\/www.corteco.com\/wp-content\/themes\/ATLAS\/images\/svg\/corteco_welle_white.svg\");z-index:2}@media (min-width: 1200px){.block-slider__wrapper--half-width .slick-dots{text-align:left}}@media (min-width: 1380px){.block-slider .slick-dots{bottom:15px}}@media (min-width: 1380px){.block-slider .slick-dots button{background-color:#fff}}.single-slide{position:relative}.single-slide:not(:first-child){display:none}.slick-initialized .single-slide{display:block}.single-slide::before{display:block;content:\"\";width:100%;height:50%;min-height:50vh}@media (min-width: 1024px){.single-slide::before{height:75%;min-height:75vh}}.small .single-slide::before{height:35%;min-height:35vh}@media (min-width: 1024px){.small .single-slide::before{height:40%;min-height:40vh}}.single-slide__wrapper{position:absolute;top:0;right:0;bottom:0;left:0}.single-slide__bg{position:absolute;top:0;right:0;bottom:0;left:0}.single-slide__bg--desktop{display:none}@media (min-width: 1024px){.single-slide__bg--desktop{display:block;height:100%}}.single-slide__bg--mobile{display:block;height:100%}@media (min-width: 1024px){.single-slide__bg--mobile{display:none}}.single-slide__bg img{width:100%;height:100%;object-fit:cover}.single-slide__bg.video{min-height:100%}.single-slide__bg-vid{min-height:100%;position:relative}.single-slide__bg-video{display:inline-block;position:absolute;top:0;left:0;right:0;bottom:0;margin:0;padding:0;width:100%;height:100%;max-width:none;max-height:none;-o-object-fit:cover;object-fit:cover;outline:none;border:none;box-shadow:none;z-index:0}.single-slide__bg-vid .mejs-controls{display:none}.single-slide__content{color:#fff}.single-slide--content-bg .single-slide__content{background:#fff}.single-slide__content .h1{margin:0 0 .6rem;font-weight:700;color:#E30613;letter-spacing:0;font-size:4.6rem;line-height:1.13043478}@media (min-width: 1380px){.single-slide__content .h1{font-size:8rem;line-height:1.175}}.single-slide__content-wrapper{position:absolute;top:0;right:0;bottom:0;left:0;display:flex;align-items:flex-start}@media (min-width: 1024px){.single-slide__content-wrapper{align-items:center}}.single-slide__content-container{height:100%}@media (min-width: 1380px){.single-slide__content-container{padding-bottom:10rem}}.single-slide__content-row{position:relative;display:flex;align-items:flex-start;justify-content:space-between;flex-flow:column nowrap;height:100%;width:100%;max-width:100%}@media (min-width: 1024px){.single-slide__content-row{max-width:50%;justify-content:center}}@media (min-width: 1380px){.single-slide__content-row{padding:2rem 0}}.single-slide__slogan{display:none;position:absolute;left:0;bottom:0rem;color:#ff0;font-weight:700}@media (min-width: 1024px){.single-slide__slogan{display:block}}.single-slide__buttons{display:flex;flex-wrap:wrap;align-items:center;justify-content:flex-start;margin:2rem 0 0}.single-slide__buttons .wp-block-button{margin:0 2rem 1rem 0}.single-slide--half-width{background-color:#BDBDBD}.single-slide--half-width .single-slide__bg{width:100%;right:0;left:auto}@media (min-width: 1380px){.single-slide--half-width .single-slide__bg{width:50%}}.single-slide--image-left .single-slide__bg{right:auto;left:0}\n<\/style>    <style>.slick-arrow{width:3rem;height:3rem;position:absolute;z-index:1;top:50%;margin-top:-15px;font-size:0;line-height:0;border:none;background-color:transparent;cursor:pointer;transition:background-color .2s}@media (min-width: 992px){.slick-arrow{width:5rem;height:5rem}}@media (min-width: 1200px){.slick-arrow{top:50%}}.slick-arrow:hover{background-color:#414141}html.touch-device .slick-arrow:hover{background-color:#414141}.slick-arrow:after{content:'';display:block;width:10px;height:20px;position:absolute;top:50%;left:51%;transform:translate(-50%, -50%);background-image:url(\"https:\/\/www.corteco.com\/wp-content\/themes\/ATLAS\/images\/svg\/slider_arrow-right_white.svg\");background-repeat:no-repeat;background-size:10px 20px}@media (min-width: 992px){.slick-arrow:after{width:14px;height:30px;background-position:contain;background-size:14px 30px}}.slick-arrow.slick-prev{right:auto;left:10px;transform:rotate(180deg)}@media (min-width: 992px){.slick-arrow.slick-prev{left:20px}}@media (min-width: 1380px){.slick-arrow.slick-prev{left:30px}}.slick-arrow.slick-next{right:10px;left:auto}@media (min-width: 992px){.slick-arrow.slick-next{right:20px}}@media (min-width: 1380px){.slick-arrow.slick-next{right:30px}}.slick-slide:focus{outline:none}.slick-dots{width:100%;max-width:1105px;padding:0 4rem;position:absolute;bottom:21px;left:50%;transform:translate(-50%, 0);margin:0 auto;text-align:center;list-style:none}@media (min-width: 992px){.slick-dots{bottom:27px}}.slick-dots li{display:inline-block;margin:0 7px}.slick-dots li.slick-active button{background-color:#E30613}.slick-dots button{width:15px;height:15px;font-size:0;line-height:0;border:0;border-radius:50%;background:transparent;background:#414141;box-shadow:none;transition:background-color .2s linear}.slick-autoplay-toggle-button{display:none}\n<\/style>    <style>\/* Slider *\/\n.slick-slider {\n  position: relative;\n  display: block;\n  box-sizing: border-box;\n  -webkit-touch-callout: none;\n  -webkit-user-select: none;\n  -khtml-user-select: none;\n  -moz-user-select: none;\n  -ms-user-select: none;\n  user-select: none;\n  -ms-touch-action: pan-y;\n  touch-action: pan-y;\n  -webkit-tap-highlight-color: transparent;\n}\n\n.slick-list {\n  position: relative;\n  overflow: hidden;\n  display: block;\n  margin: 0;\n  padding: 0;\n}\n\n.slick-list:focus {\n  outline: none;\n}\n\n.slick-list.dragging {\n  cursor: pointer;\n  cursor: hand;\n}\n\n.slick-slider .slick-track,\n.slick-slider .slick-list {\n  -webkit-transform: translate3d(0, 0, 0);\n  -moz-transform: translate3d(0, 0, 0);\n  -ms-transform: translate3d(0, 0, 0);\n  -o-transform: translate3d(0, 0, 0);\n  transform: translate3d(0, 0, 0);\n}\n\n.slick-track {\n  position: relative;\n  left: 0;\n  top: 0;\n  display: block;\n  margin-left: auto;\n  margin-right: auto;\n}\n\n.slick-track:before, .slick-track:after {\n  content: \"\";\n  display: table;\n}\n\n.slick-track:after {\n  clear: both;\n}\n\n.slick-loading .slick-track {\n  visibility: hidden;\n}\n\n.slick-slide {\n  float: left;\n  height: 100%;\n  min-height: 1px;\n  display: none;\n}\n\n[dir=\"rtl\"] .slick-slide {\n  float: right;\n}\n\n.slick-slide img {\n  display: block;\n}\n\n.slick-slide.slick-loading img {\n  display: none;\n}\n\n.slick-slide.dragging img {\n  pointer-events: none;\n}\n\n.slick-initialized .slick-slide {\n  display: block;\n}\n\n.slick-loading .slick-slide {\n  visibility: hidden;\n}\n\n.slick-vertical .slick-slide {\n  display: block;\n  height: auto;\n  border: 1px solid transparent;\n}\n\n.slick-arrow.slick-hidden {\n  display: none;\n}\n<\/style>    <div class=\"block-slider__container\">\n        <div class=\"block-slider__wrapper block-slider__wrapper--full-width small\" data-slider=\"block_80e81d305e8b3594d4211b5deaffc0fa\">\n                            <div class=\"single-slide single-slide--full-width\">\n                        <div class=\"single-slide__wrapper\">\n                \n                                        <div class=\"single-slide__bg\">\n                                                    <div class=\"single-slide__bg--desktop\"><img decoding=\"async\" width=\"1920\" height=\"525\" src=\"https:\/\/www.corteco.com\/wp-content\/uploads\/2024\/03\/quality_header.jpg\" class=\"attachment-full size-full\" alt=\"\" data-object-fit=\"\" srcset=\"https:\/\/www.corteco.com\/wp-content\/uploads\/2024\/03\/quality_header.jpg 1920w, https:\/\/www.corteco.com\/wp-content\/uploads\/2024\/03\/quality_header-300x82.jpg 300w, https:\/\/www.corteco.com\/wp-content\/uploads\/2024\/03\/quality_header-1024x280.jpg 1024w, https:\/\/www.corteco.com\/wp-content\/uploads\/2024\/03\/quality_header-768x210.jpg 768w, https:\/\/www.corteco.com\/wp-content\/uploads\/2024\/03\/quality_header-1536x420.jpg 1536w\" sizes=\"(max-width: 1920px) 100vw, 1920px\" \/><\/div>\n                            <div class=\"single-slide__bg--mobile\"><img decoding=\"async\" width=\"1920\" height=\"1774\" src=\"https:\/\/www.corteco.com\/wp-content\/uploads\/2024\/03\/quality_header_mobil.jpg\" class=\"attachment-full size-full\" alt=\"\" data-object-fit=\"\" srcset=\"https:\/\/www.corteco.com\/wp-content\/uploads\/2024\/03\/quality_header_mobil.jpg 1920w, https:\/\/www.corteco.com\/wp-content\/uploads\/2024\/03\/quality_header_mobil-300x277.jpg 300w, https:\/\/www.corteco.com\/wp-content\/uploads\/2024\/03\/quality_header_mobil-1024x946.jpg 1024w, https:\/\/www.corteco.com\/wp-content\/uploads\/2024\/03\/quality_header_mobil-768x710.jpg 768w, https:\/\/www.corteco.com\/wp-content\/uploads\/2024\/03\/quality_header_mobil-1536x1419.jpg 1536w, https:\/\/www.corteco.com\/wp-content\/uploads\/2024\/03\/quality_header_mobil-560x516.jpg 560w\" sizes=\"(max-width: 1920px) 100vw, 1920px\" \/><\/div>\n                                            <\/div>\n                                        \n                    <!-- Readd content wrapper if needed -->\n                <\/div>\n                    <\/div>\n        \n                <\/div>\n    <\/div>\n<\/section>\n\n<section class=\"wp-block-custom-container alignwide block-content  block-content--spacing-bottom\"><style>.block-content{position:relative}.block-content--spacing-top{padding-top:5rem}@media (min-width: 992px){.block-content--spacing-top{padding-top:9rem}}.block-content--spacing-bottom{padding-bottom:5rem}@media (min-width: 992px){.block-content--spacing-bottom{padding-bottom:9rem}}.block-content--margin-top{margin-top:5rem}@media (min-width: 992px){.block-content--margin-top{margin-top:9rem}}.block-content--margin-bottom{margin-bottom:5rem}@media (min-width: 992px){.block-content--margin-bottom{margin-bottom:9rem}}.block-content .container{position:relative;z-index:1}.block-content .container--full{padding:0}.block-content .container-overlay{position:absolute;z-index:0;top:0;right:0;bottom:0;left:0}\n<\/style><div class=\"container container--wide\"><div class=\"container__body\">\n<div class=\"wp-block-custom-spacing spacing-element spacing-mobile--small spacing-tablet--small spacing-small-desktop--medium spacing-desktop--medium\"><\/div>\n\n\n\n<h1 class=\"wp-block-heading\">Calidad<\/h1>\n\n\n\n<p>Descubre con Corteco una calidad sin igual en el Mercado Independiente de Recambios. Como divisi\u00f3n del aftermarket de Freudenberg Sealing Technologies, priorizamos la excelencia en las piezas de repuesto sin concesiones. Al estar m\u00e1s cerca del desarrollo en serie que la mayor\u00eda de proveedores, la distinci\u00f3n entre la calidad OEM y las alternativas de calidad inferior queda clara al visitar las instalaciones de pruebas de \u00faltima generaci\u00f3n de Freudenberg. <\/p>\n\n\n\n<p>Benef\u00edciate de nuestra amplia experiencia y de los estrictos est\u00e1ndares de calidad heredados del desarrollo de veh\u00edculos en serie. Con todos los centros de producci\u00f3n de Freudenberg equipados con capacidad de ensayo directo y m\u00e1s de 300 puestos de ensayo dedicados a Retenes aceite, contamos con el mayor laboratorio de este tipo en todo el mundo. Nuestras rigurosas pruebas garantizan la fiabilidad durante una vida \u00fatil de 300.000 km, reproduciendo condiciones del mundo real en entornos controlados. <\/p>\n<\/div><\/div><\/section>\n\n<section class=\"wp-block-custom-container alignwide block-content\"><div class=\"container container--wide\"><div class=\"container__body\">\n<section class=\"wp-block-custom-container alignwide block-content\" style=\"background-image:url(https:\/\/www.corteco.com\/wp-content\/uploads\/2024\/04\/M09A_Bau_120_Portraits_189_web.jpg);background-position:37% 0%;background-repeat:no-repeat;background-size:cover\"><div class=\"container container--wide\"><div class=\"container__body\">\n<div class=\"wp-block-custom-spacing spacing-element spacing-mobile--large spacing-tablet--none spacing-small-desktop--none spacing-desktop--none\"><\/div>\n\n\n\n<div class=\"wp-block-custom-spacing spacing-element spacing-mobile--large spacing-tablet--none spacing-small-desktop--none spacing-desktop--none\"><\/div>\n\n\n\n<div class=\"wp-block-custom-spacing spacing-element spacing-mobile--large spacing-tablet--small spacing-small-desktop--medium spacing-desktop--large\"><\/div>\n\n\n\n<div class=\"wp-block-custom-spacing spacing-element spacing-mobile--large spacing-tablet--none spacing-small-desktop--none spacing-desktop--none\"><\/div>\n\n\n\n<div class=\"wp-block-custom-spacing spacing-element spacing-mobile--large spacing-tablet--none spacing-small-desktop--none spacing-desktop--none\"><\/div>\n\n\n\n<div class=\"wp-block-custom-spacing spacing-element spacing-mobile--large spacing-tablet--none spacing-small-desktop--none spacing-desktop--none\"><\/div>\n\n\n\n<div class=\"wp-block-custom-spacing spacing-element spacing-mobile--large spacing-tablet--none spacing-small-desktop--none spacing-desktop--none\"><\/div>\n\n\n\n<div class=\"wp-block-custom-spacing spacing-element spacing-mobile--large spacing-tablet--none spacing-small-desktop--none spacing-desktop--none\"><\/div>\n\n\n\n<div class=\"wp-block-custom-columns columns-row row small-gutter\"><style>.columns-row--spacing-top{padding-top:5rem}@media (min-width: 992px){.columns-row--spacing-top{padding-top:9rem}}.columns-row--spacing-bottom{padding-bottom:5rem}@media (min-width: 992px){.columns-row--spacing-bottom{padding-bottom:9rem}}.columns-row--margin-top{margin-top:5rem}@media (min-width: 992px){.columns-row--margin-top{margin-top:9rem}}.columns-row--margin-bottom{margin-bottom:5rem}@media (min-width: 992px){.columns-row--margin-bottom{margin-bottom:9rem}}\n<\/style>\n<div class=\"wp-block-custom-column col col-12 col-lg-4 col-xl-4\">\n<p class=\"has-text-light-color has-text-color\"><\/p>\n<\/div>\n\n\n\n<div class=\"wp-block-custom-column col col-12 col-lg-4 col-xl-4\">\n<p class=\"has-text-light-color has-text-color\"><\/p>\n<\/div>\n\n\n\n<div class=\"wp-block-custom-column col col-12 col-md-6 col-lg-4 offset-md-6 offset-lg-0\">\n<p class=\"has-text-light-color has-secondary-background-color has-text-color has-background\">\u00ab\u00bfPor qu\u00e9 hacer concesiones cuando puedes confiar en una tecnolog\u00eda de serie probada que ha sido sometida a pruebas exhaustivas? En Corteco, obtendr\u00e1s un producto fiable con una calidad de serie sin concesiones\u00bb.  <\/p>\n\n\n\n<h5 class=\"wp-block-heading has-text-light-color has-secondary-background-color has-text-color has-background\"><strong>Christian Dickopf, Vicepresidente Senior de Corteco<\/strong><\/h5>\n<\/div>\n<\/div>\n\n\n\n<div class=\"wp-block-custom-spacing spacing-element spacing-mobile--none spacing-tablet--large spacing-small-desktop--large spacing-desktop--large\"><\/div>\n<\/div><\/div><div class=\"container-overlay\" style=\"background:linear-gradient(76deg,rgba(232,232,232,0) 16%,rgb(33,33,33) 88%);opacity:0.5\"><\/div><\/section>\n<\/div><\/div><\/section>\n\n<section class=\"wp-block-custom-container alignwide block-content  block-content--spacing-top block-content--spacing-bottom\"><div class=\"container container--wide\"><div class=\"container__body\">\n<p>Desde la simulaci\u00f3n de la exposici\u00f3n al barro hasta las pruebas con composiciones de polvo espec\u00edficas adaptadas a los mercados mundiales, no se pasa por alto ning\u00fan detalle en nuestro compromiso con una garant\u00eda de calidad. Nuestra experiencia va m\u00e1s all\u00e1 de los Retenes y abarca un conocimiento exhaustivo de los sistemas tribol\u00f3gicos, garantizando una longevidad y compatibilidad precisas. <\/p>\n\n\n\n<p>Colabora con Corteco para obtener recambios de primera calidad que cumplan o superen las normas del fabricante original. Los rigurosos protocolos de prueba de Freudenberg Sealing Technologies garantizan la satisfacci\u00f3n de talleres mec\u00e1nicos, distribuidores y consumidores finales por igual. Experimenta la tranquilidad de saber que cada producto que sale de nuestras instalaciones mantiene una calidad de serie sin concesiones, salvaguardando el rendimiento y la longevidad de tu veh\u00edculo.  <\/p>\n<\/div><\/div><\/section>\n\n<section class=\"wp-block-custom-container alignwide block-content has-secondary-lightest-background-color block-content--spacing-top block-content--spacing-bottom\" style=\"background-color:#E3E3E3\"><div class=\"container container--wide\"><div class=\"container__body\">\n<h2 class=\"wp-block-heading\">Calidad en el servicio<\/h2>\n\n\n\n<p>Experimenta una calidad y eficacia operativa sin igual con Corteco en el Mercado Independiente de Recambios. Como l\u00edderes del sector, damos prioridad no s\u00f3lo a la calidad de nuestros productos, sino tambi\u00e9n a la experiencia sin fisuras de nuestros clientes.  <\/p>\n\n\n\n<p>A trav\u00e9s de la mayor plataforma de posventa B2B, TecCom, garantizamos una comunicaci\u00f3n y unas transacciones fluidas desde el pedido hasta la factura, respaldadas por una calidad de datos impecable. Nuestro compromiso con la excelencia qued\u00f3 ejemplificado en nuestra participaci\u00f3n en el \u00abPrograma de Excelencia\u00bb de TecAlliance en 2022.  <\/p>\n\n\n\n<p>Al recibir inicialmente una calificaci\u00f3n de 3 estrellas, nos embarcamos en un viaje de mejora, colaborando estrechamente con nuestros socios para perfeccionar nuestros procesos y satisfacer mejor las necesidades de los clientes. \u00bfEl resultado? Una impresionante puntuaci\u00f3n de 4,5 puntos, que refleja nuestra dedicaci\u00f3n a la mejora continua.  <\/p>\n<\/div><\/div><\/section>\n\n<section class=\"wp-block-custom-container alignwide block-content  block-content--spacing-top block-content--spacing-bottom\"><div class=\"container container--wide\"><div class=\"container__body\">\n<section class=\"wp-block-custom-container alignwide block-content\" style=\"background-image:url(https:\/\/www.corteco.com\/wp-content\/uploads\/2024\/04\/25Jun2021_CarstenSchwartau39_BO2I9652_web_2.jpg);background-position:74% 68%;background-repeat:no-repeat;background-size:cover\"><div class=\"container container--wide\"><div class=\"container__body\">\n<div class=\"wp-block-custom-spacing spacing-element spacing-mobile--large spacing-tablet--large spacing-small-desktop--large spacing-desktop--large\"><\/div>\n\n\n\n<div class=\"wp-block-custom-spacing spacing-element spacing-mobile--large spacing-tablet--large spacing-small-desktop--large spacing-desktop--large\"><\/div>\n\n\n\n<div class=\"wp-block-custom-spacing spacing-element spacing-mobile--large spacing-tablet--small spacing-small-desktop--medium spacing-desktop--large\"><\/div>\n\n\n\n<div class=\"wp-block-custom-spacing spacing-element spacing-mobile--large spacing-tablet--none spacing-small-desktop--none spacing-desktop--none\"><\/div>\n\n\n\n<div class=\"wp-block-custom-spacing spacing-element spacing-mobile--large spacing-tablet--none spacing-small-desktop--none spacing-desktop--none\"><\/div>\n\n\n\n<div class=\"wp-block-custom-spacing spacing-element spacing-mobile--large spacing-tablet--none spacing-small-desktop--none spacing-desktop--none\"><\/div>\n\n\n\n<div class=\"wp-block-custom-spacing spacing-element spacing-mobile--large spacing-tablet--none spacing-small-desktop--none spacing-desktop--none\"><\/div>\n\n\n\n<div class=\"wp-block-custom-columns columns-row row\">\n<div class=\"wp-block-custom-column col col-12 col-md-6 col-lg-6 col-xl-4 offset-lg-0 offset-xl-1\">\n<p class=\"has-text-light-color has-secondary-background-color has-text-color has-background\">\u00abEl resultado final: aumento de la eficacia operativa, la calidad y la satisfacci\u00f3n del cliente\u00bb.<\/p>\n\n\n\n<h5 class=\"wp-block-heading has-text-light-color has-secondary-background-color has-text-color has-background\"><strong>Carsten Schwartau, Director de Atenci\u00f3n al Cliente de Corteco  <\/strong><\/h5>\n<\/div>\n\n\n\n<div class=\"wp-block-custom-column col col-12 col-lg-4 col-xl-4\">\n<p class=\"has-text-light-color has-text-color\"><\/p>\n<\/div>\n\n\n\n<div class=\"wp-block-custom-column col col-12 col-md-6 col-lg-4 offset-md-6 offset-lg-0\">\n<p class=\"has-text-light-color has-text-color\"><\/p>\n<\/div>\n<\/div>\n\n\n\n<div class=\"wp-block-custom-spacing spacing-element spacing-mobile--none spacing-tablet--large spacing-small-desktop--large spacing-desktop--large\"><\/div>\n<\/div><\/div><div class=\"container-overlay\" style=\"background:linear-gradient(76deg,rgba(232,232,232,0) 49%,rgb(33,33,33) 100%);opacity:0.5\"><\/div><\/section>\n<\/div><\/div><\/section>\n\n<section class=\"wp-block-custom-container alignwide block-content has-secondary-lightest-background-color block-content--spacing-top block-content--spacing-bottom\" style=\"background-color:#E3E3E3\"><div class=\"container container--wide\"><div class=\"container__body\">\n<p>Sin embargo, nuestra b\u00fasqueda de la excelencia no acaba ah\u00ed. Carsten Schwartau, nuestro Director de Atenci\u00f3n al Cliente, nos fija unos objetivos ambiciosos, con el prop\u00f3sito de alcanzar entre 4,7 y 5 estrellas para 2024.  <\/p>\n\n\n\n<p>Nuestro enfoque en el perfeccionamiento de los procesos de intercambio de datos y la adopci\u00f3n de la transformaci\u00f3n digital garantiza una base para el \u00e9xito sostenido. Con m\u00e1s de 27.000 registros de datos meticulosamente comprobados, confiamos en ofrecer un servicio y una documentaci\u00f3n inigualables.  <\/p>\n\n\n\n<p>Nos enorgullecemos de nuestros logros y esperamos superar las expectativas mientras nos esforzamos por alcanzar la excelencia en el intercambio de datos y el servicio al cliente. Extendemos nuestra m\u00e1s sincera gratitud a nuestro dedicado equipo y a nuestros leales clientes por su inquebrantable apoyo y confianza en Corteco.  <\/p>\n\n\n\n<div class=\"wp-block-custom-spacing spacing-element spacing-mobile--medium spacing-tablet--medium spacing-small-desktop--large spacing-desktop--large\"><\/div>\n<\/div><\/div><\/section>\n","protected":false},"excerpt":{"rendered":"","protected":false},"author":1,"featured_media":0,"parent":3647,"menu_order":0,"comment_status":"closed","ping_status":"closed","template":"","meta":{"_acf_changed":false,"footnotes":""},"class_list":["post-3834","page","type-page","status-publish","hentry"],"acf":[],"_links":{"self":[{"href":"https:\/\/www.corteco.com\/es\/wp-json\/wp\/v2\/pages\/3834","targetHints":{"allow":["GET"]}}],"collection":[{"href":"https:\/\/www.corteco.com\/es\/wp-json\/wp\/v2\/pages"}],"about":[{"href":"https:\/\/www.corteco.com\/es\/wp-json\/wp\/v2\/types\/page"}],"author":[{"embeddable":true,"href":"https:\/\/www.corteco.com\/es\/wp-json\/wp\/v2\/users\/1"}],"replies":[{"embeddable":true,"href":"https:\/\/www.corteco.com\/es\/wp-json\/wp\/v2\/comments?post=3834"}],"version-history":[{"count":16,"href":"https:\/\/www.corteco.com\/es\/wp-json\/wp\/v2\/pages\/3834\/revisions"}],"predecessor-version":[{"id":5232,"href":"https:\/\/www.corteco.com\/es\/wp-json\/wp\/v2\/pages\/3834\/revisions\/5232"}],"up":[{"embeddable":true,"href":"https:\/\/www.corteco.com\/es\/wp-json\/wp\/v2\/pages\/3647"}],"wp:attachment":[{"href":"https:\/\/www.corteco.com\/es\/wp-json\/wp\/v2\/media?parent=3834"}],"curies":[{"name":"wp","href":"https:\/\/api.w.org\/{rel}","templated":true}]}}