{"id":3556,"date":"2022-07-07T08:52:30","date_gmt":"2022-07-07T06:52:30","guid":{"rendered":"https:\/\/www.corteco.com\/impression\/"},"modified":"2026-02-03T13:52:32","modified_gmt":"2026-02-03T12:52:32","slug":"impression","status":"publish","type":"page","link":"https:\/\/www.corteco.com\/fr\/impression\/","title":{"rendered":"Impression"},"content":{"rendered":"\n<section class=\"wp-block-custom-container alignwide block-content  block-content--spacing-top block-content--spacing-bottom block-content--margin-top\"><style>.block-content{position:relative}.block-content--spacing-top{padding-top:5rem}@media (min-width: 992px){.block-content--spacing-top{padding-top:9rem}}.block-content--spacing-bottom{padding-bottom:5rem}@media (min-width: 992px){.block-content--spacing-bottom{padding-bottom:9rem}}.block-content--margin-top{margin-top:5rem}@media (min-width: 992px){.block-content--margin-top{margin-top:9rem}}.block-content--margin-bottom{margin-bottom:5rem}@media (min-width: 992px){.block-content--margin-bottom{margin-bottom:9rem}}.block-content .container{position:relative;z-index:1}.block-content .container--full{padding:0}.block-content .container-overlay{position:absolute;z-index:0;top:0;right:0;bottom:0;left:0}\n<\/style><div class=\"container container--wide\"><div class=\"container__body\">\n<h1 class=\"wp-block-heading\" id=\"cc-m-header-5545516462\">Impression<\/h1>\n\n\n\n<p>Corteco GmbH<br>Im Tiefgewann 4<br>69469 Weinheim<br>Allemagne<\/p>\n\n\n\n<p>T\u00e9l\u00e9phone : +49 (0) 6201 25 96 4-0<br>E-mail : <a href=\"javascript:linkTo_UnCryptMailto('jxfiql7pbosfzbXzloqbzl+ab') ;\">service@corteco.de<\/a><br>Internet : <a href=\"http:\/\/www.corteco.com\/\" target=\"_blank\" rel=\"noreferrer noopener\">www.corteco.com<\/a><\/p>\n\n\n\n<p>Responsable du contenu conform\u00e9ment au par. 55 al. 2 du RStV :<br>Kerstin Borrs<br>Alexander J\u00f6rn<\/p>\n\n\n\n<p><br><strong>Avis juridique<\/strong><br>Les avis juridiques suivants r\u00e9gissent l&rsquo;acc\u00e8s et l&rsquo;utilisation de notre site Web. Veuillez lire attentivement les conditions g\u00e9n\u00e9rales \u00e9nonc\u00e9es ci-dessous, car l&rsquo;utilisation de ce site constitue une acceptation de ces conditions g\u00e9n\u00e9rales dans leur forme valide.<br><br><strong>Conseil d&rsquo;administration<\/strong><br>Kerstin Borrs<br>Alexander J\u00f6rn<br><br><strong>Registre du commerce\/ Num\u00e9ro de registre<\/strong><br>Tribunal de registre : tribunal local de Mannheim<br>Num\u00e9ro de registre : HRB 432465<br>Num\u00e9ro d&rsquo;identification TVA : DE 812054877<br><br><strong>Droit d&rsquo;auteur<\/strong><br>Corteco GmbH, Weinheim, Allemagne<\/p>\n\n\n\n<p>L&rsquo;utilisation et la reproduction de textes ou d&rsquo;images de ce site Web ne sont autoris\u00e9es qu&rsquo;avec l&rsquo;accord pr\u00e9alable de Corteco GmbH.<\/p>\n\n\n\n<p>Nous mettons \u00e0 jour et contr\u00f4lons en permanence le contenu de ce site Web. Nous ne sommes ni responsables ni garants de l&rsquo;actualit\u00e9, de l&rsquo;exactitude et de l&rsquo;exhaustivit\u00e9 des informations publi\u00e9es.<br>Ceci s&rsquo;applique \u00e9galement aux sites Web pour lesquels nous avons fourni des hyperliens. Corteco GmbH n&rsquo;est pas responsable du contenu de ces sites.<\/p>\n\n\n\n<div class=\"wp-block-custom-spacing spacing-element spacing-mobile--small spacing-tablet--small spacing-small-desktop--small spacing-desktop--small\"><\/div>\n\n\n\n<div class=\"wp-block-custom-spacing spacing-element spacing-mobile--small spacing-tablet--small spacing-small-desktop--small spacing-desktop--small\"><\/div>\n\n\n\n<div class=\"wp-block-custom-spacing spacing-element spacing-mobile--small spacing-tablet--small spacing-small-desktop--small spacing-desktop--small\"><\/div>\n<\/div><\/div><\/section>\n","protected":false},"excerpt":{"rendered":"","protected":false},"author":1,"featured_media":0,"parent":0,"menu_order":0,"comment_status":"closed","ping_status":"closed","template":"","meta":{"_acf_changed":false,"footnotes":""},"class_list":["post-3556","page","type-page","status-publish","hentry"],"acf":[],"_links":{"self":[{"href":"https:\/\/www.corteco.com\/fr\/wp-json\/wp\/v2\/pages\/3556","targetHints":{"allow":["GET"]}}],"collection":[{"href":"https:\/\/www.corteco.com\/fr\/wp-json\/wp\/v2\/pages"}],"about":[{"href":"https:\/\/www.corteco.com\/fr\/wp-json\/wp\/v2\/types\/page"}],"author":[{"embeddable":true,"href":"https:\/\/www.corteco.com\/fr\/wp-json\/wp\/v2\/users\/1"}],"replies":[{"embeddable":true,"href":"https:\/\/www.corteco.com\/fr\/wp-json\/wp\/v2\/comments?post=3556"}],"version-history":[{"count":17,"href":"https:\/\/www.corteco.com\/fr\/wp-json\/wp\/v2\/pages\/3556\/revisions"}],"predecessor-version":[{"id":12108,"href":"https:\/\/www.corteco.com\/fr\/wp-json\/wp\/v2\/pages\/3556\/revisions\/12108"}],"wp:attachment":[{"href":"https:\/\/www.corteco.com\/fr\/wp-json\/wp\/v2\/media?parent=3556"}],"curies":[{"name":"wp","href":"https:\/\/api.w.org\/{rel}","templated":true}]}}