{"id":3666,"date":"2024-02-20T14:04:47","date_gmt":"2024-02-20T13:04:47","guid":{"rendered":"https:\/\/www.corteco.com\/telechargements\/"},"modified":"2025-01-22T10:43:17","modified_gmt":"2025-01-22T09:43:17","slug":"telechargements","status":"publish","type":"page","link":"https:\/\/www.corteco.com\/fr\/telechargements\/","title":{"rendered":"T\u00e9l\u00e9chargements"},"content":{"rendered":"<section class=\"block-slider\">\n    <style>.block-slider{padding-top:6rem;position:relative;margin:0 0 2rem}@media (min-width: 1024px){.block-slider{margin:0 0 2rem}}@media (min-width: 1200px){.block-slider{padding-top:11rem}}@media (min-width: 1380px){.block-slider{margin:0}}.block-slider::before,.block-slider::after{content:'';position:absolute;right:0;bottom:2px;left:0;width:100%;height:100%;pointer-events:none}.block-slider::before{background:#fff;background:linear-gradient(180deg, #fff 0%, #cecece 50%, #000 100%);mix-blend-mode:multiply;opacity:0.5;z-index:1}.block-slider::after{bottom:-1px;background-size:contain;background-repeat:no-repeat;background-position:bottom center;background-image:url(\"https:\/\/www.corteco.com\/wp-content\/themes\/ATLAS\/images\/svg\/corteco_welle_white.svg\");z-index:2}@media (min-width: 1200px){.block-slider__wrapper--half-width .slick-dots{text-align:left}}@media (min-width: 1380px){.block-slider .slick-dots{bottom:15px}}@media (min-width: 1380px){.block-slider .slick-dots button{background-color:#fff}}.single-slide{position:relative}.single-slide:not(:first-child){display:none}.slick-initialized .single-slide{display:block}.single-slide::before{display:block;content:\"\";width:100%;height:50%;min-height:50vh}@media (min-width: 1024px){.single-slide::before{height:75%;min-height:75vh}}.small .single-slide::before{height:35%;min-height:35vh}@media (min-width: 1024px){.small .single-slide::before{height:40%;min-height:40vh}}.single-slide__wrapper{position:absolute;top:0;right:0;bottom:0;left:0}.single-slide__bg{position:absolute;top:0;right:0;bottom:0;left:0}.single-slide__bg--desktop{display:none}@media (min-width: 1024px){.single-slide__bg--desktop{display:block;height:100%}}.single-slide__bg--mobile{display:block;height:100%}@media (min-width: 1024px){.single-slide__bg--mobile{display:none}}.single-slide__bg img{width:100%;height:100%;object-fit:cover}.single-slide__bg.video{min-height:100%}.single-slide__bg-vid{min-height:100%;position:relative}.single-slide__bg-video{display:inline-block;position:absolute;top:0;left:0;right:0;bottom:0;margin:0;padding:0;width:100%;height:100%;max-width:none;max-height:none;-o-object-fit:cover;object-fit:cover;outline:none;border:none;box-shadow:none;z-index:0}.single-slide__bg-vid .mejs-controls{display:none}.single-slide__content{color:#fff}.single-slide--content-bg .single-slide__content{background:#fff}.single-slide__content .h1{margin:0 0 .6rem;font-weight:700;color:#E30613;letter-spacing:0;font-size:4.6rem;line-height:1.13043478}@media (min-width: 1380px){.single-slide__content .h1{font-size:8rem;line-height:1.175}}.single-slide__content-wrapper{position:absolute;top:0;right:0;bottom:0;left:0;display:flex;align-items:flex-start}@media (min-width: 1024px){.single-slide__content-wrapper{align-items:center}}.single-slide__content-container{height:100%}@media (min-width: 1380px){.single-slide__content-container{padding-bottom:10rem}}.single-slide__content-row{position:relative;display:flex;align-items:flex-start;justify-content:space-between;flex-flow:column nowrap;height:100%;width:100%;max-width:100%}@media (min-width: 1024px){.single-slide__content-row{max-width:50%;justify-content:center}}@media (min-width: 1380px){.single-slide__content-row{padding:2rem 0}}.single-slide__slogan{display:none;position:absolute;left:0;bottom:0rem;color:#ff0;font-weight:700}@media (min-width: 1024px){.single-slide__slogan{display:block}}.single-slide__buttons{display:flex;flex-wrap:wrap;align-items:center;justify-content:flex-start;margin:2rem 0 0}.single-slide__buttons .wp-block-button{margin:0 2rem 1rem 0}.single-slide--half-width{background-color:#BDBDBD}.single-slide--half-width .single-slide__bg{width:100%;right:0;left:auto}@media (min-width: 1380px){.single-slide--half-width .single-slide__bg{width:50%}}.single-slide--image-left .single-slide__bg{right:auto;left:0}\n<\/style>    <style>.slick-arrow{width:3rem;height:3rem;position:absolute;z-index:1;top:50%;margin-top:-15px;font-size:0;line-height:0;border:none;background-color:transparent;cursor:pointer;transition:background-color .2s}@media (min-width: 992px){.slick-arrow{width:5rem;height:5rem}}@media (min-width: 1200px){.slick-arrow{top:50%}}.slick-arrow:hover{background-color:#414141}html.touch-device .slick-arrow:hover{background-color:#414141}.slick-arrow:after{content:'';display:block;width:10px;height:20px;position:absolute;top:50%;left:51%;transform:translate(-50%, -50%);background-image:url(\"https:\/\/www.corteco.com\/wp-content\/themes\/ATLAS\/images\/svg\/slider_arrow-right_white.svg\");background-repeat:no-repeat;background-size:10px 20px}@media (min-width: 992px){.slick-arrow:after{width:14px;height:30px;background-position:contain;background-size:14px 30px}}.slick-arrow.slick-prev{right:auto;left:10px;transform:rotate(180deg)}@media (min-width: 992px){.slick-arrow.slick-prev{left:20px}}@media (min-width: 1380px){.slick-arrow.slick-prev{left:30px}}.slick-arrow.slick-next{right:10px;left:auto}@media (min-width: 992px){.slick-arrow.slick-next{right:20px}}@media (min-width: 1380px){.slick-arrow.slick-next{right:30px}}.slick-slide:focus{outline:none}.slick-dots{width:100%;max-width:1105px;padding:0 4rem;position:absolute;bottom:21px;left:50%;transform:translate(-50%, 0);margin:0 auto;text-align:center;list-style:none}@media (min-width: 992px){.slick-dots{bottom:27px}}.slick-dots li{display:inline-block;margin:0 7px}.slick-dots li.slick-active button{background-color:#E30613}.slick-dots button{width:15px;height:15px;font-size:0;line-height:0;border:0;border-radius:50%;background:transparent;background:#414141;box-shadow:none;transition:background-color .2s linear}.slick-autoplay-toggle-button{display:none}\n<\/style>    <style>\/* Slider *\/\n.slick-slider {\n  position: relative;\n  display: block;\n  box-sizing: border-box;\n  -webkit-touch-callout: none;\n  -webkit-user-select: none;\n  -khtml-user-select: none;\n  -moz-user-select: none;\n  -ms-user-select: none;\n  user-select: none;\n  -ms-touch-action: pan-y;\n  touch-action: pan-y;\n  -webkit-tap-highlight-color: transparent;\n}\n\n.slick-list {\n  position: relative;\n  overflow: hidden;\n  display: block;\n  margin: 0;\n  padding: 0;\n}\n\n.slick-list:focus {\n  outline: none;\n}\n\n.slick-list.dragging {\n  cursor: pointer;\n  cursor: hand;\n}\n\n.slick-slider .slick-track,\n.slick-slider .slick-list {\n  -webkit-transform: translate3d(0, 0, 0);\n  -moz-transform: translate3d(0, 0, 0);\n  -ms-transform: translate3d(0, 0, 0);\n  -o-transform: translate3d(0, 0, 0);\n  transform: translate3d(0, 0, 0);\n}\n\n.slick-track {\n  position: relative;\n  left: 0;\n  top: 0;\n  display: block;\n  margin-left: auto;\n  margin-right: auto;\n}\n\n.slick-track:before, .slick-track:after {\n  content: \"\";\n  display: table;\n}\n\n.slick-track:after {\n  clear: both;\n}\n\n.slick-loading .slick-track {\n  visibility: hidden;\n}\n\n.slick-slide {\n  float: left;\n  height: 100%;\n  min-height: 1px;\n  display: none;\n}\n\n[dir=\"rtl\"] .slick-slide {\n  float: right;\n}\n\n.slick-slide img {\n  display: block;\n}\n\n.slick-slide.slick-loading img {\n  display: none;\n}\n\n.slick-slide.dragging img {\n  pointer-events: none;\n}\n\n.slick-initialized .slick-slide {\n  display: block;\n}\n\n.slick-loading .slick-slide {\n  visibility: hidden;\n}\n\n.slick-vertical .slick-slide {\n  display: block;\n  height: auto;\n  border: 1px solid transparent;\n}\n\n.slick-arrow.slick-hidden {\n  display: none;\n}\n<\/style>    <div class=\"block-slider__container\">\n        <div class=\"block-slider__wrapper block-slider__wrapper--full-width small\" data-slider=\"block_58ccae1a7d7168417f17a71b063f38a0\">\n                            <div class=\"single-slide single-slide--full-width\">\n                        <div class=\"single-slide__wrapper\">\n                \n                                        <div class=\"single-slide__bg\">\n                                                    <div class=\"single-slide__bg--desktop\"><img decoding=\"async\" width=\"1920\" height=\"525\" src=\"https:\/\/www.corteco.com\/wp-content\/uploads\/2024\/03\/downloads-header.jpg\" class=\"attachment-full size-full\" alt=\"\" data-object-fit=\"\" srcset=\"https:\/\/www.corteco.com\/wp-content\/uploads\/2024\/03\/downloads-header.jpg 1920w, https:\/\/www.corteco.com\/wp-content\/uploads\/2024\/03\/downloads-header-300x82.jpg 300w, https:\/\/www.corteco.com\/wp-content\/uploads\/2024\/03\/downloads-header-1024x280.jpg 1024w, https:\/\/www.corteco.com\/wp-content\/uploads\/2024\/03\/downloads-header-768x210.jpg 768w, https:\/\/www.corteco.com\/wp-content\/uploads\/2024\/03\/downloads-header-1536x420.jpg 1536w\" sizes=\"(max-width: 1920px) 100vw, 1920px\" \/><\/div>\n                            <div class=\"single-slide__bg--mobile\"><img decoding=\"async\" width=\"1920\" height=\"1774\" src=\"https:\/\/www.corteco.com\/wp-content\/uploads\/2024\/03\/downloads-header_mobil.jpg\" class=\"attachment-full size-full\" alt=\"\" data-object-fit=\"\" srcset=\"https:\/\/www.corteco.com\/wp-content\/uploads\/2024\/03\/downloads-header_mobil.jpg 1920w, https:\/\/www.corteco.com\/wp-content\/uploads\/2024\/03\/downloads-header_mobil-300x277.jpg 300w, https:\/\/www.corteco.com\/wp-content\/uploads\/2024\/03\/downloads-header_mobil-1024x946.jpg 1024w, https:\/\/www.corteco.com\/wp-content\/uploads\/2024\/03\/downloads-header_mobil-768x710.jpg 768w, https:\/\/www.corteco.com\/wp-content\/uploads\/2024\/03\/downloads-header_mobil-1536x1419.jpg 1536w, https:\/\/www.corteco.com\/wp-content\/uploads\/2024\/03\/downloads-header_mobil-560x516.jpg 560w\" sizes=\"(max-width: 1920px) 100vw, 1920px\" \/><\/div>\n                                            <\/div>\n                                        \n                    <!-- Readd content wrapper if needed -->\n                <\/div>\n                    <\/div>\n        \n                <\/div>\n    <\/div>\n<\/section>\n\n\n\n<section class=\"wp-block-custom-container alignwide block-content  block-content--spacing-bottom\"><style>.block-content{position:relative}.block-content--spacing-top{padding-top:5rem}@media (min-width: 992px){.block-content--spacing-top{padding-top:9rem}}.block-content--spacing-bottom{padding-bottom:5rem}@media (min-width: 992px){.block-content--spacing-bottom{padding-bottom:9rem}}.block-content--margin-top{margin-top:5rem}@media (min-width: 992px){.block-content--margin-top{margin-top:9rem}}.block-content--margin-bottom{margin-bottom:5rem}@media (min-width: 992px){.block-content--margin-bottom{margin-bottom:9rem}}.block-content .container{position:relative;z-index:1}.block-content .container--full{padding:0}.block-content .container-overlay{position:absolute;z-index:0;top:0;right:0;bottom:0;left:0}\n<\/style><div class=\"container container--wide\"><div class=\"container__body\">\n<div class=\"wp-block-custom-spacing spacing-element spacing-mobile--small spacing-tablet--small spacing-small-desktop--medium spacing-desktop--medium\"><\/div>\n\n\n\n<h1 class=\"wp-block-heading\">T\u00e9l\u00e9chargements<\/h1>\n\n\n\n<p>Bienvenue dans la section de t\u00e9l\u00e9chargement de Corteco. Vous trouverez ici une s\u00e9lection de d\u00e9pliants et de brochures qui vous fourniront des informations d\u00e9taill\u00e9es sur nos produits et services. N&rsquo;h\u00e9sitez pas \u00e0 consulter et \u00e0 t\u00e9l\u00e9charger ces documents pour en savoir plus \u00e0 votre convenance. <\/p>\n\n\n\n<div class=\"wp-block-custom-spacing spacing-element spacing-mobile--small spacing-tablet--small spacing-small-desktop--small spacing-desktop--small\"><\/div>\n\n\n\n<p class=\"has-large-font-size\">Aper\u00e7u T\u00e9l\u00e9chargements :<\/p>\n\n\n\n<div class=\"wp-block-buttons is-layout-flex wp-block-buttons-is-layout-flex\"><style>.wp-block-button{margin:0 0 2.7rem}.wp-block-button:last-child,.wp-block-button:only-child{margin-bottom:0}.wp-block-button.align-center{text-align:center}.wp-block-button.align-right{text-align:right}.wp-block-columns+.wp-block-button{margin-top:6.3rem}.wp-block-button.is-style-icon-only{font-size:0}.wp-block-button__link{display:inline-block;padding:1.2rem 1.5rem;color:#fff;font-weight:700;text-align:center;text-decoration:none;text-transform:uppercase;border:1px solid #E30613;border-radius:.2rem;background-color:#E30613;cursor:pointer;font-size:1.2rem;line-height:1}@media (min-width: 992px){.wp-block-button__link{min-width:160px;padding:1.8rem 2rem;font-size:1.4rem;line-height:1}}.wp-block-button:not(.is-style-link-only):not(.is-style-outline):not(.is-style-fill-secondary):not(.is-style-icon-only) .wp-block-button__link{position:relative}.wp-block-button:not(.is-style-link-only):not(.is-style-outline):not(.is-style-fill-secondary):not(.is-style-icon-only) .wp-block-button__link:hover,.wp-block-button:not(.is-style-link-only):not(.is-style-outline):not(.is-style-fill-secondary):not(.is-style-icon-only) .wp-block-button__link:focus{color:#fff !important;border-color:#414141 !important;background-color:#414141 !important}.wp-block-button .wp-block-button__link{transition:.2s}.is-style-fill-secondary .wp-block-button__link{color:#fff;border-color:#414141;background-color:#414141}.is-style-fill-secondary .wp-block-button__link:hover,.is-style-fill-secondary .wp-block-button__link:focus{color:#fff !important;border-color:#E30613 !important;background-color:#E30613 !important}.footer-anhang .is-style-fill-secondary .wp-block-button__link{color:#414141;border-color:#fff;background-color:#fff}@media (min-width: 992px){.footer-anhang .is-style-fill-secondary .wp-block-button__link{padding:1.2rem 2rem}}.footer-anhang .is-style-fill-secondary .wp-block-button__link:hover,.footer-anhang .is-style-fill-secondary .wp-block-button__link:focus{color:#fff !important;border-color:#414141 !important;background-color:#414141 !important}.is-style-outline .wp-block-button__link{padding:1.2rem 1.5rem !important;color:#E30613 !important;border:1px solid #E30613 !important;background-color:transparent}@media (min-width: 992px){.is-style-outline .wp-block-button__link{padding:1.8rem 2rem !important}}.is-style-outline .wp-block-button__link:hover,.is-style-outline .wp-block-button__link:focus{color:#fff !important;border-color:#E30613 !important;background-color:#E30613 !important}.has-secondary-light-background-color .is-style-outline .wp-block-button__link,.has-secondary-background-color .is-style-outline .wp-block-button__link,.has-primary-background-color .is-style-outline .wp-block-button__link,.has-primary-dark-background-color .is-style-outline .wp-block-button__link,.has-primary-darker-background-color .is-style-outline .wp-block-button__link{color:#fff !important;border:1px solid #fff !important}.has-secondary-light-background-color .is-style-outline .wp-block-button__link:hover,.has-secondary-light-background-color .is-style-outline .wp-block-button__link:focus,.has-secondary-background-color .is-style-outline .wp-block-button__link:hover,.has-secondary-background-color .is-style-outline .wp-block-button__link:focus,.has-primary-background-color .is-style-outline .wp-block-button__link:hover,.has-primary-background-color .is-style-outline .wp-block-button__link:focus,.has-primary-dark-background-color .is-style-outline .wp-block-button__link:hover,.has-primary-dark-background-color .is-style-outline .wp-block-button__link:focus,.has-primary-darker-background-color .is-style-outline .wp-block-button__link:hover,.has-primary-darker-background-color .is-style-outline .wp-block-button__link:focus{color:#E30613 !important;border-color:#fff !important;background-color:#fff !important}.is-style-link-only .wp-block-button__link{min-width:0;padding:0;position:relative;font-weight:700;color:#E30613;text-decoration:underline solid #E30613 .2rem;letter-spacing:0;text-transform:none;border:none;background-color:transparent;transition:color .2s,text-decoration-color .2s;font-size:1.4rem;line-height:1}.is-style-link-only .wp-block-button__link:before{content:'';display:block;height:1px;position:absolute;right:0;bottom:0;left:0;background:currentColor}.is-style-link-only .wp-block-button__link:hover,.is-style-link-only .wp-block-button__link:focus{color:#414141;text-decoration-color:#414141}.is-style-icon-only .wp-block-button__link{min-width:0;width:2rem;height:3rem;padding:0;font-size:0;position:relative;border:none;color:transparent;background-color:transparent;position:relative}.is-style-icon-only .wp-block-button__link::after{content:'';display:inline-block;width:2rem;height:3rem;position:absolute;top:0;right:0;background-image:url(\"https:\/\/www.corteco.com\/wp-content\/themes\/ATLAS\/images\/arrow\/header_arrow_black.svg\");background-repeat:no-repeat;background-size:contain;transition:right 0.2s}.is-style-icon-only .wp-block-button__link:hover,.is-style-icon-only .wp-block-button__link:focus{color:transparent !important;background-color:transparent !important}.is-style-icon-only .wp-block-button__link:hover::after,.is-style-icon-only .wp-block-button__link:focus::after{right:-5px}\n<\/style>\n<div class=\"wp-block-button\"><a class=\"wp-block-button__link wp-element-button\" href=\"https:\/\/www.corteco.com\/fr\/telechargements\/etancheite\/\">T\u00e9l\u00e9chargements concernant l&rsquo;\u00e9tanch\u00e9it\u00e9<\/a><\/div>\n\n\n\n<div class=\"wp-block-button\"><a class=\"wp-block-button__link wp-element-button\" href=\"https:\/\/www.corteco.com\/fr\/telechargements\/controle-des-vibrations\/\">T\u00e9l\u00e9chargements concernant le contr\u00f4le des vibrations<\/a><\/div>\n\n\n\n<div class=\"wp-block-button\"><a class=\"wp-block-button__link wp-element-button\" href=\"https:\/\/www.corteco.com\/fr\/telechargements\/filtration\/\">T\u00e9l\u00e9chargements concernant la filtration<\/a><\/div>\n<\/div>\n<\/div><\/div><\/section>\n\n\n\n<section class=\"wp-block-custom-container alignwide block-content  block-content--spacing-bottom\" style=\"background:linear-gradient(180deg, rgba(255,255,255,1) 0%, rgba(232,232,232,1) 60%, rgba(227,227,227,1) 100%)\"><div class=\"container container--wide\"><div class=\"container__body\">\n<h3 class=\"wp-block-heading\">Corteco<\/h3>\n\n\n\n<div class=\"wp-block-custom-columns columns-row row\"><style>.columns-row--spacing-top{padding-top:5rem}@media (min-width: 992px){.columns-row--spacing-top{padding-top:9rem}}.columns-row--spacing-bottom{padding-bottom:5rem}@media (min-width: 992px){.columns-row--spacing-bottom{padding-bottom:9rem}}.columns-row--margin-top{margin-top:5rem}@media (min-width: 992px){.columns-row--margin-top{margin-top:9rem}}.columns-row--margin-bottom{margin-bottom:5rem}@media (min-width: 992px){.columns-row--margin-bottom{margin-bottom:9rem}}\n<\/style>\n<div class=\"wp-block-custom-column col col-12 col-md-6 col-lg-4 col-xl-3\"><section class='__wpdm_gb_section __wpdm_gb_package'><div class='w3eden'><!-- WPDM Link Template: CORTECO -->\n\n<a href=\"https:\/\/www.corteco.com\/download\/corteco-company-overview-2\/?wpdmdl=7165&#038;refresh=69d5da230c4fe1775622691\" class=\"download download__card\">\n    <div class=\"download__body\">\n        <div class=\"download__content\">\n            <div class=\"download__image\">\n                <img class='wpdm-thumb wpdm-thumb-300x420 wpdm-thumb-7165' src='https:\/\/www.corteco.com\/wp-content\/uploads\/wpdm-cache\/9963b3c2d2aa9c2266584581a22adc52.jpg' alt='Corteco Company Overview' \/>\n            <\/div>\n            <div class=\"download__text\">\n                <h3 class=\"download__title\">Corteco Company Overview<\/h3>\n                <div class=\"download__file\">\n                    <span class=\"download__size\">16.77 MB<\/span> \n                    <span class=\"download__type\">, pdf<\/span>\n                <\/div>\n            <\/div>\n        <\/div>\n    <\/div>\n    <!-- <div class=\"download__footer\">\n        <div class=\"download__button\"><a class='wpdm-download-link download-on-click btn btn-primary btn-lg' rel='nofollow' href='#' data-downloadurl=\"https:\/\/www.corteco.com\/download\/corteco-company-overview-2\/?wpdmdl=7165&refresh=69d5da230c4fe1775622691\">T\u00e9l\u00e9charger<\/a><\/div>\n    <\/div> -->\n<\/a><\/div><\/section><\/div>\n\n\n\n<div class=\"wp-block-custom-column col col-12 col-md-6 col-lg-4 col-xl-3\"><section class='__wpdm_gb_section __wpdm_gb_package'><div class='w3eden'><!-- WPDM Link Template: CORTECO -->\n\n<a href=\"https:\/\/www.corteco.com\/download\/corteco-product-overview\/?wpdmdl=2426&#038;refresh=69d5da23667b01775622691\" class=\"download download__card\">\n    <div class=\"download__body\">\n        <div class=\"download__content\">\n            <div class=\"download__image\">\n                <img class='wpdm-thumb wpdm-thumb-300x420 wpdm-thumb-2426' src='https:\/\/www.corteco.com\/wp-content\/uploads\/wpdm-cache\/4947b61f55653ff804e425675b014639.jpg' alt='Corteco Product Overview' \/>\n            <\/div>\n            <div class=\"download__text\">\n                <h3 class=\"download__title\">Corteco Product Overview<\/h3>\n                <div class=\"download__file\">\n                    <span class=\"download__size\">5.99 MB<\/span> \n                    <span class=\"download__type\">, pdf<\/span>\n                <\/div>\n            <\/div>\n        <\/div>\n    <\/div>\n    <!-- <div class=\"download__footer\">\n        <div class=\"download__button\"><a class='wpdm-download-link download-on-click btn btn-primary btn-lg' rel='nofollow' href='#' data-downloadurl=\"https:\/\/www.corteco.com\/download\/corteco-product-overview\/?wpdmdl=2426&refresh=69d5da23667b01775622691\">T\u00e9l\u00e9charger<\/a><\/div>\n    <\/div> -->\n<\/a><\/div><\/section><\/div>\n\n\n\n<div class=\"wp-block-custom-column col col-12 col-md-6 col-lg-4 col-xl-3\"><section class='__wpdm_gb_section __wpdm_gb_package'><div class='w3eden'><!-- WPDM Link Template: CORTECO -->\n\n<a href=\"https:\/\/www.corteco.com\/download\/corteco-asian-range\/?wpdmdl=2429&#038;refresh=69d5da23ac8a91775622691\" class=\"download download__card\">\n    <div class=\"download__body\">\n        <div class=\"download__content\">\n            <div class=\"download__image\">\n                <img class='wpdm-thumb wpdm-thumb-300x420 wpdm-thumb-2429' src='https:\/\/www.corteco.com\/wp-content\/uploads\/wpdm-cache\/df20089f37298aea536cfe27894cc44f.jpg' alt='Corteco Asian Range' \/>\n            <\/div>\n            <div class=\"download__text\">\n                <h3 class=\"download__title\">Corteco Asian Range<\/h3>\n                <div class=\"download__file\">\n                    <span class=\"download__size\">6.24 MB<\/span> \n                    <span class=\"download__type\">, pdf<\/span>\n                <\/div>\n            <\/div>\n        <\/div>\n    <\/div>\n    <!-- <div class=\"download__footer\">\n        <div class=\"download__button\"><a class='wpdm-download-link download-on-click btn btn-primary btn-lg' rel='nofollow' href='#' data-downloadurl=\"https:\/\/www.corteco.com\/download\/corteco-asian-range\/?wpdmdl=2429&refresh=69d5da23ac8a91775622691\">T\u00e9l\u00e9charger<\/a><\/div>\n    <\/div> -->\n<\/a><\/div><\/section><\/div>\n<\/div>\n<\/div><\/div><\/section>\n","protected":false},"excerpt":{"rendered":"","protected":false},"author":1,"featured_media":0,"parent":0,"menu_order":0,"comment_status":"closed","ping_status":"closed","template":"","meta":{"_acf_changed":false,"footnotes":""},"class_list":["post-3666","page","type-page","status-publish","hentry"],"acf":[],"_links":{"self":[{"href":"https:\/\/www.corteco.com\/fr\/wp-json\/wp\/v2\/pages\/3666","targetHints":{"allow":["GET"]}}],"collection":[{"href":"https:\/\/www.corteco.com\/fr\/wp-json\/wp\/v2\/pages"}],"about":[{"href":"https:\/\/www.corteco.com\/fr\/wp-json\/wp\/v2\/types\/page"}],"author":[{"embeddable":true,"href":"https:\/\/www.corteco.com\/fr\/wp-json\/wp\/v2\/users\/1"}],"replies":[{"embeddable":true,"href":"https:\/\/www.corteco.com\/fr\/wp-json\/wp\/v2\/comments?post=3666"}],"version-history":[{"count":4,"href":"https:\/\/www.corteco.com\/fr\/wp-json\/wp\/v2\/pages\/3666\/revisions"}],"predecessor-version":[{"id":7176,"href":"https:\/\/www.corteco.com\/fr\/wp-json\/wp\/v2\/pages\/3666\/revisions\/7176"}],"wp:attachment":[{"href":"https:\/\/www.corteco.com\/fr\/wp-json\/wp\/v2\/media?parent=3666"}],"curies":[{"name":"wp","href":"https:\/\/api.w.org\/{rel}","templated":true}]}}