{"id":3876,"date":"2024-03-20T15:15:09","date_gmt":"2024-03-20T14:15:09","guid":{"rendered":"https:\/\/www.corteco.com\/entreprise\/qualite\/"},"modified":"2024-05-22T15:06:24","modified_gmt":"2024-05-22T13:06:24","slug":"qualite","status":"publish","type":"page","link":"https:\/\/www.corteco.com\/fr\/entreprise\/qualite\/","title":{"rendered":"Qualit\u00e9"},"content":{"rendered":"<section class=\"block-slider\">\n    <style>.block-slider{padding-top:6rem;position:relative;margin:0 0 2rem}@media (min-width: 1024px){.block-slider{margin:0 0 2rem}}@media (min-width: 1200px){.block-slider{padding-top:11rem}}@media (min-width: 1380px){.block-slider{margin:0}}.block-slider::before,.block-slider::after{content:'';position:absolute;right:0;bottom:2px;left:0;width:100%;height:100%;pointer-events:none}.block-slider::before{background:#fff;background:linear-gradient(180deg, #fff 0%, #cecece 50%, #000 100%);mix-blend-mode:multiply;opacity:0.5;z-index:1}.block-slider::after{bottom:-1px;background-size:contain;background-repeat:no-repeat;background-position:bottom center;background-image:url(\"https:\/\/www.corteco.com\/wp-content\/themes\/ATLAS\/images\/svg\/corteco_welle_white.svg\");z-index:2}@media (min-width: 1200px){.block-slider__wrapper--half-width .slick-dots{text-align:left}}@media (min-width: 1380px){.block-slider .slick-dots{bottom:15px}}@media (min-width: 1380px){.block-slider .slick-dots button{background-color:#fff}}.single-slide{position:relative}.single-slide:not(:first-child){display:none}.slick-initialized .single-slide{display:block}.single-slide::before{display:block;content:\"\";width:100%;height:50%;min-height:50vh}@media (min-width: 1024px){.single-slide::before{height:75%;min-height:75vh}}.small .single-slide::before{height:35%;min-height:35vh}@media (min-width: 1024px){.small .single-slide::before{height:40%;min-height:40vh}}.single-slide__wrapper{position:absolute;top:0;right:0;bottom:0;left:0}.single-slide__bg{position:absolute;top:0;right:0;bottom:0;left:0}.single-slide__bg--desktop{display:none}@media (min-width: 1024px){.single-slide__bg--desktop{display:block;height:100%}}.single-slide__bg--mobile{display:block;height:100%}@media (min-width: 1024px){.single-slide__bg--mobile{display:none}}.single-slide__bg img{width:100%;height:100%;object-fit:cover}.single-slide__bg.video{min-height:100%}.single-slide__bg-vid{min-height:100%;position:relative}.single-slide__bg-video{display:inline-block;position:absolute;top:0;left:0;right:0;bottom:0;margin:0;padding:0;width:100%;height:100%;max-width:none;max-height:none;-o-object-fit:cover;object-fit:cover;outline:none;border:none;box-shadow:none;z-index:0}.single-slide__bg-vid .mejs-controls{display:none}.single-slide__content{color:#fff}.single-slide--content-bg .single-slide__content{background:#fff}.single-slide__content .h1{margin:0 0 .6rem;font-weight:700;color:#E30613;letter-spacing:0;font-size:4.6rem;line-height:1.13043478}@media (min-width: 1380px){.single-slide__content .h1{font-size:8rem;line-height:1.175}}.single-slide__content-wrapper{position:absolute;top:0;right:0;bottom:0;left:0;display:flex;align-items:flex-start}@media (min-width: 1024px){.single-slide__content-wrapper{align-items:center}}.single-slide__content-container{height:100%}@media (min-width: 1380px){.single-slide__content-container{padding-bottom:10rem}}.single-slide__content-row{position:relative;display:flex;align-items:flex-start;justify-content:space-between;flex-flow:column nowrap;height:100%;width:100%;max-width:100%}@media (min-width: 1024px){.single-slide__content-row{max-width:50%;justify-content:center}}@media (min-width: 1380px){.single-slide__content-row{padding:2rem 0}}.single-slide__slogan{display:none;position:absolute;left:0;bottom:0rem;color:#ff0;font-weight:700}@media (min-width: 1024px){.single-slide__slogan{display:block}}.single-slide__buttons{display:flex;flex-wrap:wrap;align-items:center;justify-content:flex-start;margin:2rem 0 0}.single-slide__buttons .wp-block-button{margin:0 2rem 1rem 0}.single-slide--half-width{background-color:#BDBDBD}.single-slide--half-width .single-slide__bg{width:100%;right:0;left:auto}@media (min-width: 1380px){.single-slide--half-width .single-slide__bg{width:50%}}.single-slide--image-left .single-slide__bg{right:auto;left:0}\n<\/style>    <style>.slick-arrow{width:3rem;height:3rem;position:absolute;z-index:1;top:50%;margin-top:-15px;font-size:0;line-height:0;border:none;background-color:transparent;cursor:pointer;transition:background-color .2s}@media (min-width: 992px){.slick-arrow{width:5rem;height:5rem}}@media (min-width: 1200px){.slick-arrow{top:50%}}.slick-arrow:hover{background-color:#414141}html.touch-device .slick-arrow:hover{background-color:#414141}.slick-arrow:after{content:'';display:block;width:10px;height:20px;position:absolute;top:50%;left:51%;transform:translate(-50%, -50%);background-image:url(\"https:\/\/www.corteco.com\/wp-content\/themes\/ATLAS\/images\/svg\/slider_arrow-right_white.svg\");background-repeat:no-repeat;background-size:10px 20px}@media (min-width: 992px){.slick-arrow:after{width:14px;height:30px;background-position:contain;background-size:14px 30px}}.slick-arrow.slick-prev{right:auto;left:10px;transform:rotate(180deg)}@media (min-width: 992px){.slick-arrow.slick-prev{left:20px}}@media (min-width: 1380px){.slick-arrow.slick-prev{left:30px}}.slick-arrow.slick-next{right:10px;left:auto}@media (min-width: 992px){.slick-arrow.slick-next{right:20px}}@media (min-width: 1380px){.slick-arrow.slick-next{right:30px}}.slick-slide:focus{outline:none}.slick-dots{width:100%;max-width:1105px;padding:0 4rem;position:absolute;bottom:21px;left:50%;transform:translate(-50%, 0);margin:0 auto;text-align:center;list-style:none}@media (min-width: 992px){.slick-dots{bottom:27px}}.slick-dots li{display:inline-block;margin:0 7px}.slick-dots li.slick-active button{background-color:#E30613}.slick-dots button{width:15px;height:15px;font-size:0;line-height:0;border:0;border-radius:50%;background:transparent;background:#414141;box-shadow:none;transition:background-color .2s linear}.slick-autoplay-toggle-button{display:none}\n<\/style>    <style>\/* Slider *\/\n.slick-slider {\n  position: relative;\n  display: block;\n  box-sizing: border-box;\n  -webkit-touch-callout: none;\n  -webkit-user-select: none;\n  -khtml-user-select: none;\n  -moz-user-select: none;\n  -ms-user-select: none;\n  user-select: none;\n  -ms-touch-action: pan-y;\n  touch-action: pan-y;\n  -webkit-tap-highlight-color: transparent;\n}\n\n.slick-list {\n  position: relative;\n  overflow: hidden;\n  display: block;\n  margin: 0;\n  padding: 0;\n}\n\n.slick-list:focus {\n  outline: none;\n}\n\n.slick-list.dragging {\n  cursor: pointer;\n  cursor: hand;\n}\n\n.slick-slider .slick-track,\n.slick-slider .slick-list {\n  -webkit-transform: translate3d(0, 0, 0);\n  -moz-transform: translate3d(0, 0, 0);\n  -ms-transform: translate3d(0, 0, 0);\n  -o-transform: translate3d(0, 0, 0);\n  transform: translate3d(0, 0, 0);\n}\n\n.slick-track {\n  position: relative;\n  left: 0;\n  top: 0;\n  display: block;\n  margin-left: auto;\n  margin-right: auto;\n}\n\n.slick-track:before, .slick-track:after {\n  content: \"\";\n  display: table;\n}\n\n.slick-track:after {\n  clear: both;\n}\n\n.slick-loading .slick-track {\n  visibility: hidden;\n}\n\n.slick-slide {\n  float: left;\n  height: 100%;\n  min-height: 1px;\n  display: none;\n}\n\n[dir=\"rtl\"] .slick-slide {\n  float: right;\n}\n\n.slick-slide img {\n  display: block;\n}\n\n.slick-slide.slick-loading img {\n  display: none;\n}\n\n.slick-slide.dragging img {\n  pointer-events: none;\n}\n\n.slick-initialized .slick-slide {\n  display: block;\n}\n\n.slick-loading .slick-slide {\n  visibility: hidden;\n}\n\n.slick-vertical .slick-slide {\n  display: block;\n  height: auto;\n  border: 1px solid transparent;\n}\n\n.slick-arrow.slick-hidden {\n  display: none;\n}\n<\/style>    <div class=\"block-slider__container\">\n        <div class=\"block-slider__wrapper block-slider__wrapper--full-width small\" data-slider=\"block_365435dc138983b60c9f9c2109ae8d66\">\n                            <div class=\"single-slide single-slide--full-width\">\n                        <div class=\"single-slide__wrapper\">\n                \n                                        <div class=\"single-slide__bg\">\n                                                    <div class=\"single-slide__bg--desktop\"><img decoding=\"async\" width=\"1920\" height=\"525\" src=\"https:\/\/www.corteco.com\/wp-content\/uploads\/2024\/03\/quality_header.jpg\" class=\"attachment-full size-full\" alt=\"\" data-object-fit=\"\" srcset=\"https:\/\/www.corteco.com\/wp-content\/uploads\/2024\/03\/quality_header.jpg 1920w, https:\/\/www.corteco.com\/wp-content\/uploads\/2024\/03\/quality_header-300x82.jpg 300w, https:\/\/www.corteco.com\/wp-content\/uploads\/2024\/03\/quality_header-1024x280.jpg 1024w, https:\/\/www.corteco.com\/wp-content\/uploads\/2024\/03\/quality_header-768x210.jpg 768w, https:\/\/www.corteco.com\/wp-content\/uploads\/2024\/03\/quality_header-1536x420.jpg 1536w\" sizes=\"(max-width: 1920px) 100vw, 1920px\" \/><\/div>\n                            <div class=\"single-slide__bg--mobile\"><img decoding=\"async\" width=\"1920\" height=\"1774\" src=\"https:\/\/www.corteco.com\/wp-content\/uploads\/2024\/03\/quality_header_mobil.jpg\" class=\"attachment-full size-full\" alt=\"\" data-object-fit=\"\" srcset=\"https:\/\/www.corteco.com\/wp-content\/uploads\/2024\/03\/quality_header_mobil.jpg 1920w, https:\/\/www.corteco.com\/wp-content\/uploads\/2024\/03\/quality_header_mobil-300x277.jpg 300w, https:\/\/www.corteco.com\/wp-content\/uploads\/2024\/03\/quality_header_mobil-1024x946.jpg 1024w, https:\/\/www.corteco.com\/wp-content\/uploads\/2024\/03\/quality_header_mobil-768x710.jpg 768w, https:\/\/www.corteco.com\/wp-content\/uploads\/2024\/03\/quality_header_mobil-1536x1419.jpg 1536w, https:\/\/www.corteco.com\/wp-content\/uploads\/2024\/03\/quality_header_mobil-560x516.jpg 560w\" sizes=\"(max-width: 1920px) 100vw, 1920px\" \/><\/div>\n                                            <\/div>\n                                        \n                    <!-- Readd content wrapper if needed -->\n                <\/div>\n                    <\/div>\n        \n                <\/div>\n    <\/div>\n<\/section>\n\n<section class=\"wp-block-custom-container alignwide block-content  block-content--spacing-bottom\"><style>.block-content{position:relative}.block-content--spacing-top{padding-top:5rem}@media (min-width: 992px){.block-content--spacing-top{padding-top:9rem}}.block-content--spacing-bottom{padding-bottom:5rem}@media (min-width: 992px){.block-content--spacing-bottom{padding-bottom:9rem}}.block-content--margin-top{margin-top:5rem}@media (min-width: 992px){.block-content--margin-top{margin-top:9rem}}.block-content--margin-bottom{margin-bottom:5rem}@media (min-width: 992px){.block-content--margin-bottom{margin-bottom:9rem}}.block-content .container{position:relative;z-index:1}.block-content .container--full{padding:0}.block-content .container-overlay{position:absolute;z-index:0;top:0;right:0;bottom:0;left:0}\n<\/style><div class=\"container container--wide\"><div class=\"container__body\">\n<div class=\"wp-block-custom-spacing spacing-element spacing-mobile--small spacing-tablet--small spacing-small-desktop--medium spacing-desktop--medium\"><\/div>\n\n\n\n<h1 class=\"wp-block-heading\">Qualit\u00e9<\/h1>\n\n\n\n<p>D\u00e9couvrez la qualit\u00e9 in\u00e9gal\u00e9e de Corteco sur le march\u00e9 independant des pi\u00e8ces d\u00e9tach\u00e9es. En tant que division ind\u00e9pendante du march\u00e9 des pi\u00e8ces d\u00e9tach\u00e9es de Freudenberg Sealing Technologies, nous donnons la priorit\u00e9 \u00e0 l&rsquo;excellence des pi\u00e8ces d\u00e9tach\u00e9es, sans compromis. Plus proche du d\u00e9veloppement des s\u00e9ries que la plupart des fournisseurs, la distinction entre la qualit\u00e9 OEM et les alternatives de qualit\u00e9 inf\u00e9rieure devient \u00e9vidente lors de la visite des installations d&rsquo;essai de pointe de Freudenberg. <\/p>\n\n\n\n<p>B\u00e9n\u00e9ficiez de notre vaste exp\u00e9rience et de nos normes strictes h\u00e9rit\u00e9es du d\u00e9veloppement de s\u00e9ries automobiles. Avec chaque site de production de Freudenberg \u00e9quip\u00e9 d&rsquo;installations permettant des essais directs et plus de 300 stations d&rsquo;essais d\u00e9di\u00e9es aux joints d&rsquo;huile, nous sommes fiers de disposer du plus grand laboratoire de ce type au monde. Nos essais rigoureux garantissent la fiabilit\u00e9 sur une dur\u00e9e de vie de 300 000 km, reproduisant les conditions r\u00e9elles dans des environnements contr\u00f4l\u00e9s.  <\/p>\n<\/div><\/div><\/section>\n\n<section class=\"wp-block-custom-container alignwide block-content\"><div class=\"container container--wide\"><div class=\"container__body\">\n<section class=\"wp-block-custom-container alignwide block-content\" style=\"background-image:url(https:\/\/www.corteco.com\/wp-content\/uploads\/2024\/04\/M09A_Bau_120_Portraits_189_web.jpg);background-position:37% 0%;background-repeat:no-repeat;background-size:cover\"><div class=\"container container--wide\"><div class=\"container__body\">\n<div class=\"wp-block-custom-spacing spacing-element spacing-mobile--large spacing-tablet--none spacing-small-desktop--none spacing-desktop--none\"><\/div>\n\n\n\n<div class=\"wp-block-custom-spacing spacing-element spacing-mobile--large spacing-tablet--none spacing-small-desktop--none spacing-desktop--none\"><\/div>\n\n\n\n<div class=\"wp-block-custom-spacing spacing-element spacing-mobile--large spacing-tablet--small spacing-small-desktop--medium spacing-desktop--large\"><\/div>\n\n\n\n<div class=\"wp-block-custom-spacing spacing-element spacing-mobile--large spacing-tablet--none spacing-small-desktop--none spacing-desktop--none\"><\/div>\n\n\n\n<div class=\"wp-block-custom-spacing spacing-element spacing-mobile--large spacing-tablet--none spacing-small-desktop--none spacing-desktop--none\"><\/div>\n\n\n\n<div class=\"wp-block-custom-spacing spacing-element spacing-mobile--large spacing-tablet--none spacing-small-desktop--none spacing-desktop--none\"><\/div>\n\n\n\n<div class=\"wp-block-custom-spacing spacing-element spacing-mobile--large spacing-tablet--none spacing-small-desktop--none spacing-desktop--none\"><\/div>\n\n\n\n<div class=\"wp-block-custom-spacing spacing-element spacing-mobile--large spacing-tablet--none spacing-small-desktop--none spacing-desktop--none\"><\/div>\n\n\n\n<div class=\"wp-block-custom-columns columns-row row small-gutter\"><style>.columns-row--spacing-top{padding-top:5rem}@media (min-width: 992px){.columns-row--spacing-top{padding-top:9rem}}.columns-row--spacing-bottom{padding-bottom:5rem}@media (min-width: 992px){.columns-row--spacing-bottom{padding-bottom:9rem}}.columns-row--margin-top{margin-top:5rem}@media (min-width: 992px){.columns-row--margin-top{margin-top:9rem}}.columns-row--margin-bottom{margin-bottom:5rem}@media (min-width: 992px){.columns-row--margin-bottom{margin-bottom:9rem}}\n<\/style>\n<div class=\"wp-block-custom-column col col-12 col-lg-4 col-xl-4\">\n<p class=\"has-text-light-color has-text-color\"><\/p>\n<\/div>\n\n\n\n<div class=\"wp-block-custom-column col col-12 col-lg-4 col-xl-4\">\n<p class=\"has-text-light-color has-text-color\"><\/p>\n<\/div>\n\n\n\n<div class=\"wp-block-custom-column col col-12 col-md-6 col-lg-4 offset-md-6 offset-lg-0\">\n<p class=\"has-text-light-color has-secondary-background-color has-text-color has-background\">\u00ab\u00a0Pourquoi faire des compromis lorsque vous pouvez compter sur une technologie de s\u00e9rie \u00e9prouv\u00e9e qui a \u00e9t\u00e9 test\u00e9e de mani\u00e8re approfondie ? Chez Corteco, vous obtiendrez un produit fiable avec une qualit\u00e9 de s\u00e9rie sans compromis.\u00a0\u00bb <\/p>\n\n\n\n<h5 class=\"wp-block-heading has-text-light-color has-secondary-background-color has-text-color has-background\"><strong>Christian Dickopf, vice-pr\u00e9sident senior de Corteco<\/strong><\/h5>\n<\/div>\n<\/div>\n\n\n\n<div class=\"wp-block-custom-spacing spacing-element spacing-mobile--none spacing-tablet--large spacing-small-desktop--large spacing-desktop--large\"><\/div>\n<\/div><\/div><div class=\"container-overlay\" style=\"background:linear-gradient(76deg,rgba(232,232,232,0) 16%,rgb(33,33,33) 88%);opacity:0.5\"><\/div><\/section>\n<\/div><\/div><\/section>\n\n<section class=\"wp-block-custom-container alignwide block-content  block-content--spacing-top block-content--spacing-bottom\"><div class=\"container container--wide\"><div class=\"container__body\">\n<p>De la simulation de l&rsquo;exposition \u00e0 la boue aux essais avec des compositions de poussi\u00e8res sp\u00e9cifiques adapt\u00e9es aux march\u00e9s mondiaux, aucun d\u00e9tail n&rsquo;est n\u00e9glig\u00e9 dans notre engagement en faveur de l&rsquo;assurance qualit\u00e9. Notre expertise s&rsquo;\u00e9tend au-del\u00e0 de l&rsquo;\u00e9tanch\u00e9it\u00e9, englobant une compr\u00e9hension compl\u00e8te des syst\u00e8mes tribologiques, garantissant une compatibilit\u00e9 et une long\u00e9vit\u00e9 pr\u00e9cises. <\/p>\n\n\n\n<p>Faites appel \u00e0 Corteco pour obtenir des pi\u00e8ces de rechange de qualit\u00e9 sup\u00e9rieure qui respectent ou d\u00e9passent les normes du fabricant d&rsquo;origine. Les protocoles d&rsquo;essai rigoureux de Freudenberg Sealing Technologies garantissent la satisfaction des ateliers de r\u00e9paration, des distributeurs et des consommateurs finaux. Ayez l&rsquo;esprit tranquille en sachant que chaque produit quittant nos installations respecte une qualit\u00e9 de s\u00e9rie sans compromis, pr\u00e9servant ainsi les performances et la long\u00e9vit\u00e9 de votre v\u00e9hicule.  <\/p>\n<\/div><\/div><\/section>\n\n<section class=\"wp-block-custom-container alignwide block-content has-secondary-lightest-background-color block-content--spacing-top block-content--spacing-bottom\" style=\"background-color:#E3E3E3\"><div class=\"container container--wide\"><div class=\"container__body\">\n<h2 class=\"wp-block-heading\">Qualit\u00e9 du service<\/h2>\n\n\n\n<p>Faites l&rsquo;exp\u00e9rience d&rsquo;une qualit\u00e9 et d&rsquo;une efficacit\u00e9 op\u00e9rationnelle in\u00e9gal\u00e9es avec Corteco sur le march\u00e9 ind\u00e9pendant des pi\u00e8ces d\u00e9tach\u00e9es. En tant que leader de l&rsquo;industrie, nous donnons la priorit\u00e9 non seulement \u00e0 la qualit\u00e9 de nos produits, mais aussi \u00e0 l&rsquo;exp\u00e9rience sans faille de nos clients.  <\/p>\n\n\n\n<p>Gr\u00e2ce \u00e0 TecCom, la plus grande plateforme B2B pour le march\u00e9 de l&rsquo;apr\u00e8s-vente, nous assurons une communication et des transactions fluides de la commande \u00e0 la facture, \u00e9tay\u00e9es par une qualit\u00e9 de donn\u00e9es irr\u00e9prochable. Notre engagement en faveur de l&rsquo;excellence a \u00e9t\u00e9 illustr\u00e9 par notre participation au \u00ab\u00a0Programme d&rsquo;excellence\u00a0\u00bb de TecAlliance en 2022.  <\/p>\n\n\n\n<p>Ayant d&rsquo;abord re\u00e7u une note de 3 \u00e9toiles, nous nous sommes engag\u00e9s dans un parcours d&rsquo;am\u00e9lioration, en collaborant \u00e9troitement avec nos partenaires pour am\u00e9liorer nos processus et mieux r\u00e9pondre aux besoins de nos clients. Le r\u00e9sultat ? Une note impressionnante de 4,5 points, qui t\u00e9moigne de notre volont\u00e9 d&rsquo;am\u00e9lioration continue.  <\/p>\n<\/div><\/div><\/section>\n\n<section class=\"wp-block-custom-container alignwide block-content  block-content--spacing-top block-content--spacing-bottom\"><div class=\"container container--wide\"><div class=\"container__body\">\n<section class=\"wp-block-custom-container alignwide block-content\" style=\"background-image:url(https:\/\/www.corteco.com\/wp-content\/uploads\/2024\/04\/25Jun2021_CarstenSchwartau39_BO2I9652_web_2.jpg);background-position:74% 68%;background-repeat:no-repeat;background-size:cover\"><div class=\"container container--wide\"><div class=\"container__body\">\n<div class=\"wp-block-custom-spacing spacing-element spacing-mobile--large spacing-tablet--large spacing-small-desktop--large spacing-desktop--large\"><\/div>\n\n\n\n<div class=\"wp-block-custom-spacing spacing-element spacing-mobile--large spacing-tablet--large spacing-small-desktop--large spacing-desktop--large\"><\/div>\n\n\n\n<div class=\"wp-block-custom-spacing spacing-element spacing-mobile--large spacing-tablet--small spacing-small-desktop--medium spacing-desktop--large\"><\/div>\n\n\n\n<div class=\"wp-block-custom-spacing spacing-element spacing-mobile--large spacing-tablet--none spacing-small-desktop--none spacing-desktop--none\"><\/div>\n\n\n\n<div class=\"wp-block-custom-spacing spacing-element spacing-mobile--large spacing-tablet--none spacing-small-desktop--none spacing-desktop--none\"><\/div>\n\n\n\n<div class=\"wp-block-custom-spacing spacing-element spacing-mobile--large spacing-tablet--none spacing-small-desktop--none spacing-desktop--none\"><\/div>\n\n\n\n<div class=\"wp-block-custom-spacing spacing-element spacing-mobile--large spacing-tablet--none spacing-small-desktop--none spacing-desktop--none\"><\/div>\n\n\n\n<div class=\"wp-block-custom-columns columns-row row\">\n<div class=\"wp-block-custom-column col col-12 col-md-6 col-lg-6 col-xl-4 offset-lg-0 offset-xl-1\">\n<p class=\"has-text-light-color has-secondary-background-color has-text-color has-background\">\u00ab\u00a0Le r\u00e9sultat final est une augmentation de l&rsquo;efficacit\u00e9 op\u00e9rationnelle, de la qualit\u00e9 et de la satisfaction des clients.\u00a0\u00bb<\/p>\n\n\n\n<h5 class=\"wp-block-heading has-text-light-color has-secondary-background-color has-text-color has-background\"><strong>Carsten Schwartau, directeur du service client\u00e8le de Corteco  <\/strong><\/h5>\n<\/div>\n\n\n\n<div class=\"wp-block-custom-column col col-12 col-lg-4 col-xl-4\">\n<p class=\"has-text-light-color has-text-color\"><\/p>\n<\/div>\n\n\n\n<div class=\"wp-block-custom-column col col-12 col-md-6 col-lg-4 offset-md-6 offset-lg-0\">\n<p class=\"has-text-light-color has-text-color\"><\/p>\n<\/div>\n<\/div>\n\n\n\n<div class=\"wp-block-custom-spacing spacing-element spacing-mobile--none spacing-tablet--large spacing-small-desktop--large spacing-desktop--large\"><\/div>\n<\/div><\/div><div class=\"container-overlay\" style=\"background:linear-gradient(76deg,rgba(232,232,232,0) 49%,rgb(33,33,33) 100%);opacity:0.5\"><\/div><\/section>\n<\/div><\/div><\/section>\n\n<section class=\"wp-block-custom-container alignwide block-content has-secondary-lightest-background-color block-content--spacing-top block-content--spacing-bottom\" style=\"background-color:#E3E3E3\"><div class=\"container container--wide\"><div class=\"container__body\">\n<p>Mais notre qu\u00eate d&rsquo;excellence ne s&rsquo;arr\u00eate pas l\u00e0. Carsten Schwartau, notre directeur du service client\u00e8le, nous fixe des objectifs ambitieux, visant \u00e0 obtenir entre 4,7 et 5 \u00e9toiles d&rsquo;ici 2024.  <\/p>\n\n\n\n<p>L&rsquo;attention que nous portons \u00e0 l&rsquo;am\u00e9lioration des processus d&rsquo;\u00e9change de donn\u00e9es et \u00e0 l&rsquo;adoption de la transformation num\u00e9rique garantit les bases d&rsquo;un succ\u00e8s durable. Avec plus de 27 000 enregistrements de donn\u00e9es m\u00e9ticuleusement v\u00e9rifi\u00e9s, nous sommes s\u00fbrs de fournir un service et une documentation in\u00e9gal\u00e9s.  <\/p>\n\n\n\n<p>Nous sommes fiers de nos r\u00e9alisations et nous sommes impatients d&rsquo;aller au-del\u00e0 des attentes, car nous nous effor\u00e7ons constamment d&rsquo;atteindre l&rsquo;excellence en mati\u00e8re d&rsquo;\u00e9change de donn\u00e9es et de service \u00e0 la client\u00e8le. Nous exprimons notre sinc\u00e8re gratitude \u00e0 notre \u00e9quipe d\u00e9vou\u00e9e et \u00e0 nos fid\u00e8les clients pour leur soutien ind\u00e9fectible et la confiance qu&rsquo;ils accordent \u00e0 Corteco.  <\/p>\n\n\n\n<div class=\"wp-block-custom-spacing spacing-element spacing-mobile--medium spacing-tablet--medium spacing-small-desktop--large spacing-desktop--large\"><\/div>\n<\/div><\/div><\/section>\n","protected":false},"excerpt":{"rendered":"","protected":false},"author":1,"featured_media":0,"parent":3636,"menu_order":0,"comment_status":"closed","ping_status":"closed","template":"","meta":{"_acf_changed":false,"footnotes":""},"class_list":["post-3876","page","type-page","status-publish","hentry"],"acf":[],"_links":{"self":[{"href":"https:\/\/www.corteco.com\/fr\/wp-json\/wp\/v2\/pages\/3876","targetHints":{"allow":["GET"]}}],"collection":[{"href":"https:\/\/www.corteco.com\/fr\/wp-json\/wp\/v2\/pages"}],"about":[{"href":"https:\/\/www.corteco.com\/fr\/wp-json\/wp\/v2\/types\/page"}],"author":[{"embeddable":true,"href":"https:\/\/www.corteco.com\/fr\/wp-json\/wp\/v2\/users\/1"}],"replies":[{"embeddable":true,"href":"https:\/\/www.corteco.com\/fr\/wp-json\/wp\/v2\/comments?post=3876"}],"version-history":[{"count":18,"href":"https:\/\/www.corteco.com\/fr\/wp-json\/wp\/v2\/pages\/3876\/revisions"}],"predecessor-version":[{"id":5228,"href":"https:\/\/www.corteco.com\/fr\/wp-json\/wp\/v2\/pages\/3876\/revisions\/5228"}],"up":[{"embeddable":true,"href":"https:\/\/www.corteco.com\/fr\/wp-json\/wp\/v2\/pages\/3636"}],"wp:attachment":[{"href":"https:\/\/www.corteco.com\/fr\/wp-json\/wp\/v2\/media?parent=3876"}],"curies":[{"name":"wp","href":"https:\/\/api.w.org\/{rel}","templated":true}]}}