{"id":3909,"date":"2024-03-20T15:15:09","date_gmt":"2024-03-20T14:15:09","guid":{"rendered":"https:\/\/www.corteco.com\/azienda\/qualita\/"},"modified":"2024-06-10T10:47:43","modified_gmt":"2024-06-10T08:47:43","slug":"qualita","status":"publish","type":"page","link":"https:\/\/www.corteco.com\/it\/azienda\/qualita\/","title":{"rendered":"Qualit\u00e0"},"content":{"rendered":"<section class=\"block-slider\">\n    <style>.block-slider{padding-top:6rem;position:relative;margin:0 0 2rem}@media (min-width: 1024px){.block-slider{margin:0 0 2rem}}@media (min-width: 1200px){.block-slider{padding-top:11rem}}@media (min-width: 1380px){.block-slider{margin:0}}.block-slider::before,.block-slider::after{content:'';position:absolute;right:0;bottom:2px;left:0;width:100%;height:100%;pointer-events:none}.block-slider::before{background:#fff;background:linear-gradient(180deg, #fff 0%, #cecece 50%, #000 100%);mix-blend-mode:multiply;opacity:0.5;z-index:1}.block-slider::after{bottom:-1px;background-size:contain;background-repeat:no-repeat;background-position:bottom center;background-image:url(\"https:\/\/www.corteco.com\/wp-content\/themes\/ATLAS\/images\/svg\/corteco_welle_white.svg\");z-index:2}@media (min-width: 1200px){.block-slider__wrapper--half-width .slick-dots{text-align:left}}@media (min-width: 1380px){.block-slider .slick-dots{bottom:15px}}@media (min-width: 1380px){.block-slider .slick-dots button{background-color:#fff}}.single-slide{position:relative}.single-slide:not(:first-child){display:none}.slick-initialized .single-slide{display:block}.single-slide::before{display:block;content:\"\";width:100%;height:50%;min-height:50vh}@media (min-width: 1024px){.single-slide::before{height:75%;min-height:75vh}}.small .single-slide::before{height:35%;min-height:35vh}@media (min-width: 1024px){.small .single-slide::before{height:40%;min-height:40vh}}.single-slide__wrapper{position:absolute;top:0;right:0;bottom:0;left:0}.single-slide__bg{position:absolute;top:0;right:0;bottom:0;left:0}.single-slide__bg--desktop{display:none}@media (min-width: 1024px){.single-slide__bg--desktop{display:block;height:100%}}.single-slide__bg--mobile{display:block;height:100%}@media (min-width: 1024px){.single-slide__bg--mobile{display:none}}.single-slide__bg img{width:100%;height:100%;object-fit:cover}.single-slide__bg.video{min-height:100%}.single-slide__bg-vid{min-height:100%;position:relative}.single-slide__bg-video{display:inline-block;position:absolute;top:0;left:0;right:0;bottom:0;margin:0;padding:0;width:100%;height:100%;max-width:none;max-height:none;-o-object-fit:cover;object-fit:cover;outline:none;border:none;box-shadow:none;z-index:0}.single-slide__bg-vid .mejs-controls{display:none}.single-slide__content{color:#fff}.single-slide--content-bg .single-slide__content{background:#fff}.single-slide__content .h1{margin:0 0 .6rem;font-weight:700;color:#E30613;letter-spacing:0;font-size:4.6rem;line-height:1.13043478}@media (min-width: 1380px){.single-slide__content .h1{font-size:8rem;line-height:1.175}}.single-slide__content-wrapper{position:absolute;top:0;right:0;bottom:0;left:0;display:flex;align-items:flex-start}@media (min-width: 1024px){.single-slide__content-wrapper{align-items:center}}.single-slide__content-container{height:100%}@media (min-width: 1380px){.single-slide__content-container{padding-bottom:10rem}}.single-slide__content-row{position:relative;display:flex;align-items:flex-start;justify-content:space-between;flex-flow:column nowrap;height:100%;width:100%;max-width:100%}@media (min-width: 1024px){.single-slide__content-row{max-width:50%;justify-content:center}}@media (min-width: 1380px){.single-slide__content-row{padding:2rem 0}}.single-slide__slogan{display:none;position:absolute;left:0;bottom:0rem;color:#ff0;font-weight:700}@media (min-width: 1024px){.single-slide__slogan{display:block}}.single-slide__buttons{display:flex;flex-wrap:wrap;align-items:center;justify-content:flex-start;margin:2rem 0 0}.single-slide__buttons .wp-block-button{margin:0 2rem 1rem 0}.single-slide--half-width{background-color:#BDBDBD}.single-slide--half-width .single-slide__bg{width:100%;right:0;left:auto}@media (min-width: 1380px){.single-slide--half-width .single-slide__bg{width:50%}}.single-slide--image-left .single-slide__bg{right:auto;left:0}\n<\/style>    <style>.slick-arrow{width:3rem;height:3rem;position:absolute;z-index:1;top:50%;margin-top:-15px;font-size:0;line-height:0;border:none;background-color:transparent;cursor:pointer;transition:background-color .2s}@media (min-width: 992px){.slick-arrow{width:5rem;height:5rem}}@media (min-width: 1200px){.slick-arrow{top:50%}}.slick-arrow:hover{background-color:#414141}html.touch-device .slick-arrow:hover{background-color:#414141}.slick-arrow:after{content:'';display:block;width:10px;height:20px;position:absolute;top:50%;left:51%;transform:translate(-50%, -50%);background-image:url(\"https:\/\/www.corteco.com\/wp-content\/themes\/ATLAS\/images\/svg\/slider_arrow-right_white.svg\");background-repeat:no-repeat;background-size:10px 20px}@media (min-width: 992px){.slick-arrow:after{width:14px;height:30px;background-position:contain;background-size:14px 30px}}.slick-arrow.slick-prev{right:auto;left:10px;transform:rotate(180deg)}@media (min-width: 992px){.slick-arrow.slick-prev{left:20px}}@media (min-width: 1380px){.slick-arrow.slick-prev{left:30px}}.slick-arrow.slick-next{right:10px;left:auto}@media (min-width: 992px){.slick-arrow.slick-next{right:20px}}@media (min-width: 1380px){.slick-arrow.slick-next{right:30px}}.slick-slide:focus{outline:none}.slick-dots{width:100%;max-width:1105px;padding:0 4rem;position:absolute;bottom:21px;left:50%;transform:translate(-50%, 0);margin:0 auto;text-align:center;list-style:none}@media (min-width: 992px){.slick-dots{bottom:27px}}.slick-dots li{display:inline-block;margin:0 7px}.slick-dots li.slick-active button{background-color:#E30613}.slick-dots button{width:15px;height:15px;font-size:0;line-height:0;border:0;border-radius:50%;background:transparent;background:#414141;box-shadow:none;transition:background-color .2s linear}.slick-autoplay-toggle-button{display:none}\n<\/style>    <style>\/* Slider *\/\n.slick-slider {\n  position: relative;\n  display: block;\n  box-sizing: border-box;\n  -webkit-touch-callout: none;\n  -webkit-user-select: none;\n  -khtml-user-select: none;\n  -moz-user-select: none;\n  -ms-user-select: none;\n  user-select: none;\n  -ms-touch-action: pan-y;\n  touch-action: pan-y;\n  -webkit-tap-highlight-color: transparent;\n}\n\n.slick-list {\n  position: relative;\n  overflow: hidden;\n  display: block;\n  margin: 0;\n  padding: 0;\n}\n\n.slick-list:focus {\n  outline: none;\n}\n\n.slick-list.dragging {\n  cursor: pointer;\n  cursor: hand;\n}\n\n.slick-slider .slick-track,\n.slick-slider .slick-list {\n  -webkit-transform: translate3d(0, 0, 0);\n  -moz-transform: translate3d(0, 0, 0);\n  -ms-transform: translate3d(0, 0, 0);\n  -o-transform: translate3d(0, 0, 0);\n  transform: translate3d(0, 0, 0);\n}\n\n.slick-track {\n  position: relative;\n  left: 0;\n  top: 0;\n  display: block;\n  margin-left: auto;\n  margin-right: auto;\n}\n\n.slick-track:before, .slick-track:after {\n  content: \"\";\n  display: table;\n}\n\n.slick-track:after {\n  clear: both;\n}\n\n.slick-loading .slick-track {\n  visibility: hidden;\n}\n\n.slick-slide {\n  float: left;\n  height: 100%;\n  min-height: 1px;\n  display: none;\n}\n\n[dir=\"rtl\"] .slick-slide {\n  float: right;\n}\n\n.slick-slide img {\n  display: block;\n}\n\n.slick-slide.slick-loading img {\n  display: none;\n}\n\n.slick-slide.dragging img {\n  pointer-events: none;\n}\n\n.slick-initialized .slick-slide {\n  display: block;\n}\n\n.slick-loading .slick-slide {\n  visibility: hidden;\n}\n\n.slick-vertical .slick-slide {\n  display: block;\n  height: auto;\n  border: 1px solid transparent;\n}\n\n.slick-arrow.slick-hidden {\n  display: none;\n}\n<\/style>    <div class=\"block-slider__container\">\n        <div class=\"block-slider__wrapper block-slider__wrapper--full-width small\" data-slider=\"block_aa092df948498e5beebb867dc0202ac3\">\n                            <div class=\"single-slide single-slide--full-width\">\n                        <div class=\"single-slide__wrapper\">\n                \n                                        <div class=\"single-slide__bg\">\n                                                    <div class=\"single-slide__bg--desktop\"><img decoding=\"async\" width=\"1920\" height=\"525\" src=\"https:\/\/www.corteco.com\/wp-content\/uploads\/2024\/03\/quality_header.jpg\" class=\"attachment-full size-full\" alt=\"\" data-object-fit=\"\" srcset=\"https:\/\/www.corteco.com\/wp-content\/uploads\/2024\/03\/quality_header.jpg 1920w, https:\/\/www.corteco.com\/wp-content\/uploads\/2024\/03\/quality_header-300x82.jpg 300w, https:\/\/www.corteco.com\/wp-content\/uploads\/2024\/03\/quality_header-1024x280.jpg 1024w, https:\/\/www.corteco.com\/wp-content\/uploads\/2024\/03\/quality_header-768x210.jpg 768w, https:\/\/www.corteco.com\/wp-content\/uploads\/2024\/03\/quality_header-1536x420.jpg 1536w\" sizes=\"(max-width: 1920px) 100vw, 1920px\" \/><\/div>\n                            <div class=\"single-slide__bg--mobile\"><img decoding=\"async\" width=\"1920\" height=\"1774\" src=\"https:\/\/www.corteco.com\/wp-content\/uploads\/2024\/03\/quality_header_mobil.jpg\" class=\"attachment-full size-full\" alt=\"\" data-object-fit=\"\" srcset=\"https:\/\/www.corteco.com\/wp-content\/uploads\/2024\/03\/quality_header_mobil.jpg 1920w, https:\/\/www.corteco.com\/wp-content\/uploads\/2024\/03\/quality_header_mobil-300x277.jpg 300w, https:\/\/www.corteco.com\/wp-content\/uploads\/2024\/03\/quality_header_mobil-1024x946.jpg 1024w, https:\/\/www.corteco.com\/wp-content\/uploads\/2024\/03\/quality_header_mobil-768x710.jpg 768w, https:\/\/www.corteco.com\/wp-content\/uploads\/2024\/03\/quality_header_mobil-1536x1419.jpg 1536w, https:\/\/www.corteco.com\/wp-content\/uploads\/2024\/03\/quality_header_mobil-560x516.jpg 560w\" sizes=\"(max-width: 1920px) 100vw, 1920px\" \/><\/div>\n                                            <\/div>\n                                        \n                    <!-- Readd content wrapper if needed -->\n                <\/div>\n                    <\/div>\n        \n                <\/div>\n    <\/div>\n<\/section>\n\n\n\n<section class=\"wp-block-custom-container alignwide block-content  block-content--spacing-bottom\"><style>.block-content{position:relative}.block-content--spacing-top{padding-top:5rem}@media (min-width: 992px){.block-content--spacing-top{padding-top:9rem}}.block-content--spacing-bottom{padding-bottom:5rem}@media (min-width: 992px){.block-content--spacing-bottom{padding-bottom:9rem}}.block-content--margin-top{margin-top:5rem}@media (min-width: 992px){.block-content--margin-top{margin-top:9rem}}.block-content--margin-bottom{margin-bottom:5rem}@media (min-width: 992px){.block-content--margin-bottom{margin-bottom:9rem}}.block-content .container{position:relative;z-index:1}.block-content .container--full{padding:0}.block-content .container-overlay{position:absolute;z-index:0;top:0;right:0;bottom:0;left:0}\n<\/style><div class=\"container container--wide\"><div class=\"container__body\">\n<div class=\"wp-block-custom-spacing spacing-element spacing-mobile--small spacing-tablet--small spacing-small-desktop--medium spacing-desktop--medium\"><\/div>\n\n\n\n<h1 class=\"wp-block-heading\">Qualit\u00e0<\/h1>\n\n\n\n<p>Con Corteco scopri la qualit\u00e0 ineguagliabile dell&#8217;Aftermarket indipendente. Come divisione aftermarket indipendente di Freudenberg Sealing Technologies, ci impegniamo affinch\u00e9 i nostri ricambi garantiscano una qualit\u00e0 senza compromessi. Grazie alla nostra maggiore vicinanza alla produzione in serie rispetto alla maggior parte dei fornitori, la distinzione tra la qualit\u00e0 OEM e le alternative inferiori diventa evidente quando si visitano i laboratori di test di Freudenberg.<\/p>\n\n\n\n<p>Approfitta della nostra vasta esperienza e dei rigorosi standard della produzione in serie ereditati dalle case automobilistiche. Con tutti gli stabilimenti di produzione Freudenberg dotati della possibilit\u00e0 di test diretti e oltre 300 stazioni di collaudo dedicate alle tenute, vantiamo il pi\u00f9 grande laboratorio di questo tipo al mondo. I nostri test rigorosi garantiscono affidabilit\u00e0 e una durata di oltre 300.000 km, replicando condizioni reali in ambienti controllati. <\/p>\n<\/div><\/div><\/section>\n\n\n\n<section class=\"wp-block-custom-container alignwide block-content\"><div class=\"container container--wide\"><div class=\"container__body\">\n<section class=\"wp-block-custom-container alignwide block-content\" style=\"background-image:url(https:\/\/www.corteco.com\/wp-content\/uploads\/2024\/04\/M09A_Bau_120_Portraits_189_web.jpg);background-position:37% 0%;background-repeat:no-repeat;background-size:cover\"><div class=\"container container--wide\"><div class=\"container__body\">\n<div class=\"wp-block-custom-spacing spacing-element spacing-mobile--large spacing-tablet--none spacing-small-desktop--none spacing-desktop--none\"><\/div>\n\n\n\n<div class=\"wp-block-custom-spacing spacing-element spacing-mobile--large spacing-tablet--none spacing-small-desktop--none spacing-desktop--none\"><\/div>\n\n\n\n<div class=\"wp-block-custom-spacing spacing-element spacing-mobile--large spacing-tablet--small spacing-small-desktop--medium spacing-desktop--large\"><\/div>\n\n\n\n<div class=\"wp-block-custom-spacing spacing-element spacing-mobile--large spacing-tablet--none spacing-small-desktop--none spacing-desktop--none\"><\/div>\n\n\n\n<div class=\"wp-block-custom-spacing spacing-element spacing-mobile--large spacing-tablet--none spacing-small-desktop--none spacing-desktop--none\"><\/div>\n\n\n\n<div class=\"wp-block-custom-spacing spacing-element spacing-mobile--large spacing-tablet--none spacing-small-desktop--none spacing-desktop--none\"><\/div>\n\n\n\n<div class=\"wp-block-custom-spacing spacing-element spacing-mobile--large spacing-tablet--none spacing-small-desktop--none spacing-desktop--none\"><\/div>\n\n\n\n<div class=\"wp-block-custom-spacing spacing-element spacing-mobile--large spacing-tablet--none spacing-small-desktop--none spacing-desktop--none\"><\/div>\n\n\n\n<div class=\"wp-block-custom-columns columns-row row small-gutter\"><style>.columns-row--spacing-top{padding-top:5rem}@media (min-width: 992px){.columns-row--spacing-top{padding-top:9rem}}.columns-row--spacing-bottom{padding-bottom:5rem}@media (min-width: 992px){.columns-row--spacing-bottom{padding-bottom:9rem}}.columns-row--margin-top{margin-top:5rem}@media (min-width: 992px){.columns-row--margin-top{margin-top:9rem}}.columns-row--margin-bottom{margin-bottom:5rem}@media (min-width: 992px){.columns-row--margin-bottom{margin-bottom:9rem}}\n<\/style>\n<div class=\"wp-block-custom-column col col-12 col-lg-4 col-xl-4\">\n<p class=\"has-text-light-color has-text-color\"><\/p>\n<\/div>\n\n\n\n<div class=\"wp-block-custom-column col col-12 col-lg-4 col-xl-4\">\n<p class=\"has-text-light-color has-text-color\"><\/p>\n<\/div>\n\n\n\n<div class=\"wp-block-custom-column col col-12 col-md-6 col-lg-4 offset-md-6 offset-lg-0\">\n<p class=\"has-text-light-color has-secondary-background-color has-text-color has-background\">&#8220;Perch\u00e9 scendere a compromessi quando puoi contare su una tecnologia di serie collaudata e testata a fondo? Con Corteco otterrai un prodotto affidabile con una qualit\u00e0 senza compromessi&#8221;. <\/p>\n\n\n\n<h5 class=\"wp-block-heading has-text-light-color has-secondary-background-color has-text-color has-background\"><strong>Christian Dickopf, Vicepresidente <\/strong><br><strong>senior Corteco<\/strong><\/h5>\n<\/div>\n<\/div>\n\n\n\n<div class=\"wp-block-custom-spacing spacing-element spacing-mobile--none spacing-tablet--large spacing-small-desktop--large spacing-desktop--large\"><\/div>\n<\/div><\/div><div class=\"container-overlay\" style=\"background:linear-gradient(76deg,rgba(232,232,232,0) 16%,rgb(33,33,33) 88%);opacity:0.5\"><\/div><\/section>\n<\/div><\/div><\/section>\n\n\n\n<section class=\"wp-block-custom-container alignwide block-content  block-content--spacing-top block-content--spacing-bottom\"><div class=\"container container--wide\"><div class=\"container__body\">\n<p>Dalla simulazione dell&#8217;esposizione al fango fino ai test con composizioni di polvere specifiche per i diversi mercati, nessun dettaglio viene trascurato nel nostro impegno a garantire la massima qualit\u00e0 . La nostra esperienza va oltre le tenute e include una comprensione completa dei sistemi tribologici, per garantire lunga durata e precisa compatibilit\u00e0. <\/p>\n\n\n\n<p>Collabora con Corteco per ottenere ricambi di qualit\u00e0 superiore che soddisfano o superano gli standard del produttore originale. I rigorosi protocolli di test di Freudenberg Sealing Technologies garantiscono la soddisfazione di officine, distributori e consumatori finali. Goditi la tranquillit\u00e0 di sapere che ogni prodotto che lascia i nostri stabilimenti offre una qualit\u00e0 impeccabile, garantendo prestazioni eccellenti e la longevit\u00e0 del tuo veicolo. <\/p>\n<\/div><\/div><\/section>\n\n\n\n<section class=\"wp-block-custom-container alignwide block-content has-secondary-lightest-background-color block-content--spacing-top block-content--spacing-bottom\" style=\"background-color:#E3E3E3\"><div class=\"container container--wide\"><div class=\"container__body\">\n<h2 class=\"wp-block-heading\">Qualit\u00e0 del servizio<\/h2>\n\n\n\n<p>Con Corteco sperimenta una qualit\u00e0 e un&#8217;efficienza operativa senza pari nell&#8217;Aftermarket indipendente. Come leader del settore, diamo priorit\u00e0 non solo alla qualit\u00e0 dei nostri prodotti, ma anche all&#8217;esperienza che possiamo fornire ai nostri clienti. <\/p>\n\n\n\n<p>Attraverso TecCom, la pi\u00f9 grande piattaforma B2B per l&#8217;aftermarket e grazie ad una qualit\u00e0 impeccabile dei dati, garantiamo comunicazioni e transazioni senza intoppi dall&#8217;ordine alla fattura. Il nostro impegno per l&#8217;eccellenza \u00e8 stato dimostrato dalla partecipazione al &#8220;Programma di Eccellenza&#8221; di TecAlliance nel 2022. <\/p>\n\n\n\n<p>Avendo inizialmente ricevuto una valutazione di 3 stelle, abbiamo intrapreso un percorso di miglioramento, collaborando in maniera assidua con i nostri partner per perfezionare i nostri processi e soddisfare al meglio le esigenze dei clienti. Il risultato? Un punteggio impressionante di 4,5 punti, che riflette la nostra dedizione al miglioramento continuo. <\/p>\n<\/div><\/div><\/section>\n\n\n\n<section class=\"wp-block-custom-container alignwide block-content  block-content--spacing-top block-content--spacing-bottom\"><div class=\"container container--wide\"><div class=\"container__body\">\n<section class=\"wp-block-custom-container alignwide block-content\" style=\"background-image:url(https:\/\/www.corteco.com\/wp-content\/uploads\/2024\/04\/25Jun2021_CarstenSchwartau39_BO2I9652_web_2.jpg);background-position:74% 68%;background-repeat:no-repeat;background-size:cover\"><div class=\"container container--wide\"><div class=\"container__body\">\n<div class=\"wp-block-custom-spacing spacing-element spacing-mobile--large spacing-tablet--large spacing-small-desktop--large spacing-desktop--large\"><\/div>\n\n\n\n<div class=\"wp-block-custom-spacing spacing-element spacing-mobile--large spacing-tablet--large spacing-small-desktop--large spacing-desktop--large\"><\/div>\n\n\n\n<div class=\"wp-block-custom-spacing spacing-element spacing-mobile--large spacing-tablet--small spacing-small-desktop--medium spacing-desktop--large\"><\/div>\n\n\n\n<div class=\"wp-block-custom-spacing spacing-element spacing-mobile--large spacing-tablet--none spacing-small-desktop--none spacing-desktop--none\"><\/div>\n\n\n\n<div class=\"wp-block-custom-spacing spacing-element spacing-mobile--large spacing-tablet--none spacing-small-desktop--none spacing-desktop--none\"><\/div>\n\n\n\n<div class=\"wp-block-custom-spacing spacing-element spacing-mobile--large spacing-tablet--none spacing-small-desktop--none spacing-desktop--none\"><\/div>\n\n\n\n<div class=\"wp-block-custom-spacing spacing-element spacing-mobile--large spacing-tablet--none spacing-small-desktop--none spacing-desktop--none\"><\/div>\n\n\n\n<div class=\"wp-block-custom-columns columns-row row\">\n<div class=\"wp-block-custom-column col col-12 col-md-6 col-lg-6 col-xl-4 offset-lg-0 offset-xl-1\">\n<p class=\"has-text-light-color has-secondary-background-color has-text-color has-background\">&#8220;Il risultato finale \u00e8 un aumento dell&#8217;efficienza operativa, della qualit\u00e0 e della soddisfazione dei clienti&#8221;.<\/p>\n\n\n\n<h5 class=\"wp-block-heading has-text-light-color has-secondary-background-color has-text-color has-background\"><strong>Carsten Schwartau, Direttore Customer Care Corteco <\/strong><\/h5>\n<\/div>\n\n\n\n<div class=\"wp-block-custom-column col col-12 col-lg-4 col-xl-4\">\n<p class=\"has-text-light-color has-text-color\"><\/p>\n<\/div>\n\n\n\n<div class=\"wp-block-custom-column col col-12 col-md-6 col-lg-4 offset-md-6 offset-lg-0\">\n<p class=\"has-text-light-color has-text-color\"><\/p>\n<\/div>\n<\/div>\n\n\n\n<div class=\"wp-block-custom-spacing spacing-element spacing-mobile--none spacing-tablet--large spacing-small-desktop--large spacing-desktop--large\"><\/div>\n<\/div><\/div><div class=\"container-overlay\" style=\"background:linear-gradient(76deg,rgba(232,232,232,0) 49%,rgb(33,33,33) 100%);opacity:0.5\"><\/div><\/section>\n<\/div><\/div><\/section>\n\n\n\n<section class=\"wp-block-custom-container alignwide block-content has-secondary-lightest-background-color block-content--spacing-top block-content--spacing-bottom\" style=\"background-color:#E3E3E3\"><div class=\"container container--wide\"><div class=\"container__body\">\n<p>Tuttavia, la nostra ricerca dell&#8217;eccellenza non finisce qui. Carsten Schwartau, il nostro Direttore Customer Care, ci pone obiettivi ambiziosi, puntando a raggiungere tra le 4,7 e le 5 stelle entro il 2024. <\/p>\n\n\n\n<p>La nostra attenzione nel perfezionare i processi di scambio dei dati e nell&#8217;abbracciare la trasformazione digitale garantisce la base per un successo duraturo. Con oltre 27.000 record di dati scrupolosamente controllati, siamo sicuri di offrire un servizio e una documentazione senza pari. <\/p>\n\n\n\n<p>Siamo orgogliosi dei nostri risultati e ci aspettiamo di superare le aspettative grazie alla nostra costante ricerca dell&#8217;eccellenza nello scambio di dati e nel servizio clienti. Ringraziamo di cuore il nostro team dedicato e i nostri fedeli clienti per il loro incrollabile supporto e la loro fiducia in Corteco. <\/p>\n\n\n\n<div class=\"wp-block-custom-spacing spacing-element spacing-mobile--medium spacing-tablet--medium spacing-small-desktop--large spacing-desktop--large\"><\/div>\n<\/div><\/div><\/section>\n","protected":false},"excerpt":{"rendered":"","protected":false},"author":1,"featured_media":0,"parent":3692,"menu_order":0,"comment_status":"closed","ping_status":"closed","template":"","meta":{"_acf_changed":false,"footnotes":""},"class_list":["post-3909","page","type-page","status-publish","hentry"],"acf":[],"_links":{"self":[{"href":"https:\/\/www.corteco.com\/it\/wp-json\/wp\/v2\/pages\/3909","targetHints":{"allow":["GET"]}}],"collection":[{"href":"https:\/\/www.corteco.com\/it\/wp-json\/wp\/v2\/pages"}],"about":[{"href":"https:\/\/www.corteco.com\/it\/wp-json\/wp\/v2\/types\/page"}],"author":[{"embeddable":true,"href":"https:\/\/www.corteco.com\/it\/wp-json\/wp\/v2\/users\/1"}],"replies":[{"embeddable":true,"href":"https:\/\/www.corteco.com\/it\/wp-json\/wp\/v2\/comments?post=3909"}],"version-history":[{"count":20,"href":"https:\/\/www.corteco.com\/it\/wp-json\/wp\/v2\/pages\/3909\/revisions"}],"predecessor-version":[{"id":5462,"href":"https:\/\/www.corteco.com\/it\/wp-json\/wp\/v2\/pages\/3909\/revisions\/5462"}],"up":[{"embeddable":true,"href":"https:\/\/www.corteco.com\/it\/wp-json\/wp\/v2\/pages\/3692"}],"wp:attachment":[{"href":"https:\/\/www.corteco.com\/it\/wp-json\/wp\/v2\/media?parent=3909"}],"curies":[{"name":"wp","href":"https:\/\/api.w.org\/{rel}","templated":true}]}}