{"id":5746,"date":"2022-07-07T08:52:30","date_gmt":"2022-07-07T06:52:30","guid":{"rendered":"https:\/\/www.corteco.com\/nadruk\/"},"modified":"2026-02-03T17:00:00","modified_gmt":"2026-02-03T16:00:00","slug":"nadruk","status":"publish","type":"page","link":"https:\/\/www.corteco.com\/pl\/nadruk\/","title":{"rendered":"Nadruk"},"content":{"rendered":"\n<section class=\"wp-block-custom-container alignwide block-content  block-content--spacing-top block-content--spacing-bottom block-content--margin-top\"><style>.block-content{position:relative}.block-content--spacing-top{padding-top:5rem}@media (min-width: 992px){.block-content--spacing-top{padding-top:9rem}}.block-content--spacing-bottom{padding-bottom:5rem}@media (min-width: 992px){.block-content--spacing-bottom{padding-bottom:9rem}}.block-content--margin-top{margin-top:5rem}@media (min-width: 992px){.block-content--margin-top{margin-top:9rem}}.block-content--margin-bottom{margin-bottom:5rem}@media (min-width: 992px){.block-content--margin-bottom{margin-bottom:9rem}}.block-content .container{position:relative;z-index:1}.block-content .container--full{padding:0}.block-content .container-overlay{position:absolute;z-index:0;top:0;right:0;bottom:0;left:0}\n<\/style><div class=\"container container--wide\"><div class=\"container__body\">\n<h1 class=\"wp-block-heading\" id=\"cc-m-header-5545516462\">Nadruk<\/h1>\n\n\n\n<p>Corteco GmbH<br>Im Tiefgewann 4<br>69469 Weinheim<br>Niemcy<\/p>\n\n\n\n<p>Telefon: +49 (0) 6201 25 96 4-0<br>E-mail: <a href=\"javascript:linkTo_UnCryptMailto('jxfiql7pbosfzbXzloqbzl+ab');\">service@corteco.de<\/a><br>Internet: <a href=\"http:\/\/www.corteco.com\/\" target=\"_blank\" rel=\"noreferrer noopener\">www.corteco.com<\/a><\/p>\n\n\n\n<p>Odpowiedzialny za tre\u015b\u0107 zgodnie z \u00a7 55 Abs. 2 RStV:<br>Kerstin Borrs<br>Alexander J\u00f6rn<\/p>\n\n\n\n<p><br><strong>Nota prawna<\/strong><br>Poni\u017csze informacje prawne reguluj\u0105 dost\u0119p do naszej strony internetowej i korzystanie z niej. Prosimy o uwa\u017cne zapoznanie si\u0119 z warunkami okre\u015blonymi poni\u017cej, poniewa\u017c korzystanie z tej witryny oznacza akceptacj\u0119 tych warunk\u00f3w w ich obowi\u0105zuj\u0105cej formie.<br><br><strong>Zarz\u0105d<\/strong><br>Kerstin Borrs<br>Alexander J\u00f6rn<br><br><strong>Rejestr handlowy\/numer rejestru<\/strong><br>S\u0105d rejestrowy: S\u0105d rejonowy w Mannheim<br>Numer rejestru: HRB 432465<br>Numer identyfikacyjny VAT: DE 812054877<br><br><strong>Prawa autorskie<\/strong><br>Corteco GmbH, Weinheim, Niemcy<\/p>\n\n\n\n<p>Wykorzystywanie i powielanie tekstu lub obraz\u00f3w z tej strony internetowej jest dozwolone wy\u0142\u0105cznie za wyra\u017an\u0105 uprzedni\u0105 zgod\u0105 Corteco GmbH.<\/p>\n\n\n\n<p>Stale aktualizujemy i monitorujemy zawarto\u015b\u0107 tej witryny. Nie ponosimy odpowiedzialno\u015bci ani nie gwarantujemy aktualno\u015bci, poprawno\u015bci i kompletno\u015bci publikowanych informacji.<br>Dotyczy to r\u00f3wnie\u017c tych stron internetowych, do kt\u00f3rych udost\u0119pnili\u015bmy hiper\u0142\u0105cza. Corteco GmbH nie ponosi odpowiedzialno\u015bci za zawarto\u015b\u0107 tych stron internetowych.<\/p>\n\n\n\n<div class=\"wp-block-custom-spacing spacing-element spacing-mobile--small spacing-tablet--small spacing-small-desktop--small spacing-desktop--small\"><\/div>\n\n\n\n<div class=\"wp-block-custom-spacing spacing-element spacing-mobile--small spacing-tablet--small spacing-small-desktop--small spacing-desktop--small\"><\/div>\n\n\n\n<div class=\"wp-block-custom-spacing spacing-element spacing-mobile--small spacing-tablet--small spacing-small-desktop--small spacing-desktop--small\"><\/div>\n<\/div><\/div><\/section>\n\n\n\n<p><\/p>\n","protected":false},"excerpt":{"rendered":"","protected":false},"author":1,"featured_media":0,"parent":0,"menu_order":0,"comment_status":"closed","ping_status":"closed","template":"","meta":{"_acf_changed":false,"footnotes":""},"class_list":["post-5746","page","type-page","status-publish","hentry"],"acf":[],"_links":{"self":[{"href":"https:\/\/www.corteco.com\/pl\/wp-json\/wp\/v2\/pages\/5746","targetHints":{"allow":["GET"]}}],"collection":[{"href":"https:\/\/www.corteco.com\/pl\/wp-json\/wp\/v2\/pages"}],"about":[{"href":"https:\/\/www.corteco.com\/pl\/wp-json\/wp\/v2\/types\/page"}],"author":[{"embeddable":true,"href":"https:\/\/www.corteco.com\/pl\/wp-json\/wp\/v2\/users\/1"}],"replies":[{"embeddable":true,"href":"https:\/\/www.corteco.com\/pl\/wp-json\/wp\/v2\/comments?post=5746"}],"version-history":[{"count":8,"href":"https:\/\/www.corteco.com\/pl\/wp-json\/wp\/v2\/pages\/5746\/revisions"}],"predecessor-version":[{"id":12111,"href":"https:\/\/www.corteco.com\/pl\/wp-json\/wp\/v2\/pages\/5746\/revisions\/12111"}],"wp:attachment":[{"href":"https:\/\/www.corteco.com\/pl\/wp-json\/wp\/v2\/media?parent=5746"}],"curies":[{"name":"wp","href":"https:\/\/api.w.org\/{rel}","templated":true}]}}