{"id":5855,"date":"2024-03-21T10:26:45","date_gmt":"2024-03-21T09:26:45","guid":{"rendered":"https:\/\/www.corteco.com\/rynki\/"},"modified":"2025-10-09T13:31:59","modified_gmt":"2025-10-09T11:31:59","slug":"rynki","status":"publish","type":"page","link":"https:\/\/www.corteco.com\/pl\/rynki\/","title":{"rendered":"Rynki"},"content":{"rendered":"<section class=\"block-slider\">\n    <style>.block-slider{padding-top:6rem;position:relative;margin:0 0 2rem}@media (min-width: 1024px){.block-slider{margin:0 0 2rem}}@media (min-width: 1200px){.block-slider{padding-top:11rem}}@media (min-width: 1380px){.block-slider{margin:0}}.block-slider::before,.block-slider::after{content:'';position:absolute;right:0;bottom:2px;left:0;width:100%;height:100%;pointer-events:none}.block-slider::before{background:#fff;background:linear-gradient(180deg, #fff 0%, #cecece 50%, #000 100%);mix-blend-mode:multiply;opacity:0.5;z-index:1}.block-slider::after{bottom:-1px;background-size:contain;background-repeat:no-repeat;background-position:bottom center;background-image:url(\"https:\/\/www.corteco.com\/wp-content\/themes\/ATLAS\/images\/svg\/corteco_welle_white.svg\");z-index:2}@media (min-width: 1200px){.block-slider__wrapper--half-width .slick-dots{text-align:left}}@media (min-width: 1380px){.block-slider .slick-dots{bottom:15px}}@media (min-width: 1380px){.block-slider .slick-dots button{background-color:#fff}}.single-slide{position:relative}.single-slide:not(:first-child){display:none}.slick-initialized .single-slide{display:block}.single-slide::before{display:block;content:\"\";width:100%;height:50%;min-height:50vh}@media (min-width: 1024px){.single-slide::before{height:75%;min-height:75vh}}.small .single-slide::before{height:35%;min-height:35vh}@media (min-width: 1024px){.small .single-slide::before{height:40%;min-height:40vh}}.single-slide__wrapper{position:absolute;top:0;right:0;bottom:0;left:0}.single-slide__bg{position:absolute;top:0;right:0;bottom:0;left:0}.single-slide__bg--desktop{display:none}@media (min-width: 1024px){.single-slide__bg--desktop{display:block;height:100%}}.single-slide__bg--mobile{display:block;height:100%}@media (min-width: 1024px){.single-slide__bg--mobile{display:none}}.single-slide__bg img{width:100%;height:100%;object-fit:cover}.single-slide__bg.video{min-height:100%}.single-slide__bg-vid{min-height:100%;position:relative}.single-slide__bg-video{display:inline-block;position:absolute;top:0;left:0;right:0;bottom:0;margin:0;padding:0;width:100%;height:100%;max-width:none;max-height:none;-o-object-fit:cover;object-fit:cover;outline:none;border:none;box-shadow:none;z-index:0}.single-slide__bg-vid .mejs-controls{display:none}.single-slide__content{color:#fff}.single-slide--content-bg .single-slide__content{background:#fff}.single-slide__content .h1{margin:0 0 .6rem;font-weight:700;color:#E30613;letter-spacing:0;font-size:4.6rem;line-height:1.13043478}@media (min-width: 1380px){.single-slide__content .h1{font-size:8rem;line-height:1.175}}.single-slide__content-wrapper{position:absolute;top:0;right:0;bottom:0;left:0;display:flex;align-items:flex-start}@media (min-width: 1024px){.single-slide__content-wrapper{align-items:center}}.single-slide__content-container{height:100%}@media (min-width: 1380px){.single-slide__content-container{padding-bottom:10rem}}.single-slide__content-row{position:relative;display:flex;align-items:flex-start;justify-content:space-between;flex-flow:column nowrap;height:100%;width:100%;max-width:100%}@media (min-width: 1024px){.single-slide__content-row{max-width:50%;justify-content:center}}@media (min-width: 1380px){.single-slide__content-row{padding:2rem 0}}.single-slide__slogan{display:none;position:absolute;left:0;bottom:0rem;color:#ff0;font-weight:700}@media (min-width: 1024px){.single-slide__slogan{display:block}}.single-slide__buttons{display:flex;flex-wrap:wrap;align-items:center;justify-content:flex-start;margin:2rem 0 0}.single-slide__buttons .wp-block-button{margin:0 2rem 1rem 0}.single-slide--half-width{background-color:#BDBDBD}.single-slide--half-width .single-slide__bg{width:100%;right:0;left:auto}@media (min-width: 1380px){.single-slide--half-width .single-slide__bg{width:50%}}.single-slide--image-left .single-slide__bg{right:auto;left:0}\n<\/style>    <style>.slick-arrow{width:3rem;height:3rem;position:absolute;z-index:1;top:50%;margin-top:-15px;font-size:0;line-height:0;border:none;background-color:transparent;cursor:pointer;transition:background-color .2s}@media (min-width: 992px){.slick-arrow{width:5rem;height:5rem}}@media (min-width: 1200px){.slick-arrow{top:50%}}.slick-arrow:hover{background-color:#414141}html.touch-device .slick-arrow:hover{background-color:#414141}.slick-arrow:after{content:'';display:block;width:10px;height:20px;position:absolute;top:50%;left:51%;transform:translate(-50%, -50%);background-image:url(\"https:\/\/www.corteco.com\/wp-content\/themes\/ATLAS\/images\/svg\/slider_arrow-right_white.svg\");background-repeat:no-repeat;background-size:10px 20px}@media (min-width: 992px){.slick-arrow:after{width:14px;height:30px;background-position:contain;background-size:14px 30px}}.slick-arrow.slick-prev{right:auto;left:10px;transform:rotate(180deg)}@media (min-width: 992px){.slick-arrow.slick-prev{left:20px}}@media (min-width: 1380px){.slick-arrow.slick-prev{left:30px}}.slick-arrow.slick-next{right:10px;left:auto}@media (min-width: 992px){.slick-arrow.slick-next{right:20px}}@media (min-width: 1380px){.slick-arrow.slick-next{right:30px}}.slick-slide:focus{outline:none}.slick-dots{width:100%;max-width:1105px;padding:0 4rem;position:absolute;bottom:21px;left:50%;transform:translate(-50%, 0);margin:0 auto;text-align:center;list-style:none}@media (min-width: 992px){.slick-dots{bottom:27px}}.slick-dots li{display:inline-block;margin:0 7px}.slick-dots li.slick-active button{background-color:#E30613}.slick-dots button{width:15px;height:15px;font-size:0;line-height:0;border:0;border-radius:50%;background:transparent;background:#414141;box-shadow:none;transition:background-color .2s linear}.slick-autoplay-toggle-button{display:none}\n<\/style>    <style>\/* Slider *\/\n.slick-slider {\n  position: relative;\n  display: block;\n  box-sizing: border-box;\n  -webkit-touch-callout: none;\n  -webkit-user-select: none;\n  -khtml-user-select: none;\n  -moz-user-select: none;\n  -ms-user-select: none;\n  user-select: none;\n  -ms-touch-action: pan-y;\n  touch-action: pan-y;\n  -webkit-tap-highlight-color: transparent;\n}\n\n.slick-list {\n  position: relative;\n  overflow: hidden;\n  display: block;\n  margin: 0;\n  padding: 0;\n}\n\n.slick-list:focus {\n  outline: none;\n}\n\n.slick-list.dragging {\n  cursor: pointer;\n  cursor: hand;\n}\n\n.slick-slider .slick-track,\n.slick-slider .slick-list {\n  -webkit-transform: translate3d(0, 0, 0);\n  -moz-transform: translate3d(0, 0, 0);\n  -ms-transform: translate3d(0, 0, 0);\n  -o-transform: translate3d(0, 0, 0);\n  transform: translate3d(0, 0, 0);\n}\n\n.slick-track {\n  position: relative;\n  left: 0;\n  top: 0;\n  display: block;\n  margin-left: auto;\n  margin-right: auto;\n}\n\n.slick-track:before, .slick-track:after {\n  content: \"\";\n  display: table;\n}\n\n.slick-track:after {\n  clear: both;\n}\n\n.slick-loading .slick-track {\n  visibility: hidden;\n}\n\n.slick-slide {\n  float: left;\n  height: 100%;\n  min-height: 1px;\n  display: none;\n}\n\n[dir=\"rtl\"] .slick-slide {\n  float: right;\n}\n\n.slick-slide img {\n  display: block;\n}\n\n.slick-slide.slick-loading img {\n  display: none;\n}\n\n.slick-slide.dragging img {\n  pointer-events: none;\n}\n\n.slick-initialized .slick-slide {\n  display: block;\n}\n\n.slick-loading .slick-slide {\n  visibility: hidden;\n}\n\n.slick-vertical .slick-slide {\n  display: block;\n  height: auto;\n  border: 1px solid transparent;\n}\n\n.slick-arrow.slick-hidden {\n  display: none;\n}\n<\/style>    <div class=\"block-slider__container\">\n        <div class=\"block-slider__wrapper block-slider__wrapper--full-width small\" data-slider=\"block_4460f2da9dc1296537a164d982f2e3c6\">\n                            <div class=\"single-slide single-slide--full-width\">\n                        <div class=\"single-slide__wrapper\">\n                \n                                        <div class=\"single-slide__bg\">\n                                                    <div class=\"single-slide__bg--desktop\"><img decoding=\"async\" width=\"1920\" height=\"525\" src=\"https:\/\/www.corteco.com\/wp-content\/uploads\/2024\/04\/Markets_header_1920x525.jpg\" class=\"attachment-full size-full\" alt=\"\" data-object-fit=\"\" srcset=\"https:\/\/www.corteco.com\/wp-content\/uploads\/2024\/04\/Markets_header_1920x525.jpg 1920w, https:\/\/www.corteco.com\/wp-content\/uploads\/2024\/04\/Markets_header_1920x525-300x82.jpg 300w, https:\/\/www.corteco.com\/wp-content\/uploads\/2024\/04\/Markets_header_1920x525-1024x280.jpg 1024w, https:\/\/www.corteco.com\/wp-content\/uploads\/2024\/04\/Markets_header_1920x525-768x210.jpg 768w, https:\/\/www.corteco.com\/wp-content\/uploads\/2024\/04\/Markets_header_1920x525-1536x420.jpg 1536w\" sizes=\"(max-width: 1920px) 100vw, 1920px\" \/><\/div>\n                            <div class=\"single-slide__bg--mobile\"><img decoding=\"async\" width=\"1920\" height=\"1774\" src=\"https:\/\/www.corteco.com\/wp-content\/uploads\/2024\/03\/markets-header_mobil.jpg\" class=\"attachment-full size-full\" alt=\"\" data-object-fit=\"\" srcset=\"https:\/\/www.corteco.com\/wp-content\/uploads\/2024\/03\/markets-header_mobil.jpg 1920w, https:\/\/www.corteco.com\/wp-content\/uploads\/2024\/03\/markets-header_mobil-300x277.jpg 300w, https:\/\/www.corteco.com\/wp-content\/uploads\/2024\/03\/markets-header_mobil-1024x946.jpg 1024w, https:\/\/www.corteco.com\/wp-content\/uploads\/2024\/03\/markets-header_mobil-768x710.jpg 768w, https:\/\/www.corteco.com\/wp-content\/uploads\/2024\/03\/markets-header_mobil-1536x1419.jpg 1536w, https:\/\/www.corteco.com\/wp-content\/uploads\/2024\/03\/markets-header_mobil-560x516.jpg 560w\" sizes=\"(max-width: 1920px) 100vw, 1920px\" \/><\/div>\n                                            <\/div>\n                                        \n                    <!-- Readd content wrapper if needed -->\n                <\/div>\n                    <\/div>\n        \n                <\/div>\n    <\/div>\n<\/section>\n\n<div class=\"wp-block-custom-spacing spacing-element spacing-mobile--small spacing-tablet--small spacing-small-desktop--medium spacing-desktop--medium\"><\/div>\n\n<section class=\"wp-block-custom-container alignwide block-content\"><style>.block-content{position:relative}.block-content--spacing-top{padding-top:5rem}@media (min-width: 992px){.block-content--spacing-top{padding-top:9rem}}.block-content--spacing-bottom{padding-bottom:5rem}@media (min-width: 992px){.block-content--spacing-bottom{padding-bottom:9rem}}.block-content--margin-top{margin-top:5rem}@media (min-width: 992px){.block-content--margin-top{margin-top:9rem}}.block-content--margin-bottom{margin-bottom:5rem}@media (min-width: 992px){.block-content--margin-bottom{margin-bottom:9rem}}.block-content .container{position:relative;z-index:1}.block-content .container--full{padding:0}.block-content .container-overlay{position:absolute;z-index:0;top:0;right:0;bottom:0;left:0}\n<\/style><div class=\"container container--wide\"><div class=\"container__body\">\n<h2 class=\"wp-block-heading\">Rynki<\/h2>\n\n\n\n<h3 class=\"wp-block-heading\">Odkryj asortyment cz\u0119\u015bci zamiennych Corteco na ka\u017cd\u0105 podr\u00f3\u017c:  <\/h3>\n\n\n\n<p>Jako oddzia\u0142 dystrybucyjny Freudenberg na rynku wt\u00f3rnym, Corteco dostarcza cz\u0119\u015bci zamienne o jako\u015bci OE bezpo\u015brednio od producenta oryginalnego wyposa\u017cenia (OEM) &#8211; Freudenberg na niezale\u017cny rynek wt\u00f3rny. Przywraca pojazdy do ich pierwotnego stanu po naprawie. <\/p>\n\n\n\n<p>W Corteco rozumiemy zr\u00f3\u017cnicowane potrzeby kierowc\u00f3w, dlatego oferujemy cz\u0119\u015bci zamienne o jako\u015bci OE dostosowane do r\u00f3\u017cnych segment\u00f3w pojazd\u00f3w. Niezale\u017cnie od tego, czy siedzisz za kierownic\u0105 samochodu osobowego, operujesz ci\u0119\u017ckimi maszynami, je\u017adzisz na dw\u00f3ch ko\u0142ach, czy te\u017c korzystasz z przysz\u0142o\u015bci e-mobilno\u015bci, Corteco jest partnerem, kt\u00f3rego potrzebujesz. <\/p>\n\n\n\n<p>Do\u015bwiadcz przewagi Corteco w ka\u017cdym segmencie &#8211; gdzie jako\u015b\u0107, innowacyjno\u015b\u0107 i niezawodno\u015b\u0107 \u0142\u0105cz\u0105 si\u0119, aby na nowo zdefiniowa\u0107 wra\u017cenia z jazdy, niezale\u017cnie od typu pojazdu. Zaufaj Corteco w zakresie cz\u0119\u015bci zamiennych, kt\u00f3re przewy\u017cszaj\u0105 oczekiwania.  <\/p>\n<\/div><\/div><\/section>\n\n<section class=\"wp-block-custom-container alignwide block-content  block-content--spacing-top block-content--spacing-bottom\" style=\"background:linear-gradient(180deg, rgba(255,255,255,1) 0%, rgba(232,232,232,1) 60%, rgba(227,227,227,1) 100%)\"><div class=\"container container--wide\"><div class=\"container__body\">\n<div class=\"wp-block-custom-columns columns-row row small-gutter\"><style>.columns-row--spacing-top{padding-top:5rem}@media (min-width: 992px){.columns-row--spacing-top{padding-top:9rem}}.columns-row--spacing-bottom{padding-bottom:5rem}@media (min-width: 992px){.columns-row--spacing-bottom{padding-bottom:9rem}}.columns-row--margin-top{margin-top:5rem}@media (min-width: 992px){.columns-row--margin-top{margin-top:9rem}}.columns-row--margin-bottom{margin-bottom:5rem}@media (min-width: 992px){.columns-row--margin-bottom{margin-bottom:9rem}}\n<\/style>\n<div class=\"wp-block-custom-column col col-12 col-md-6 col-xl-4\"><a class=\"acf-block block-product-teaser align block-product-teaser--full\" href=\"https:\/\/www.corteco.com\/markets\/passenger-car\/\" target=\"_self\">\n\t<style>.block-product-teaser{position:relative;display:flex;min-height:100%;align-items:flex-start;background-color:#fff;padding-bottom:3rem;-webkit-box-shadow:0px 0px 15px 5px rgba(0,0,0,0.1);box-shadow:0px 0px 15px 5px rgba(0,0,0,0.1);transition:background-color 0.2s}.block-product-teaser:hover{background-color:#D20A10}.block-product-teaser:hover .block-product-teaser__title,.block-product-teaser:hover .block-product-teaser__content{color:#fff}.block-product-teaser:hover .block-product-teaser__link::after{right:-5px;background-image:url(\"https:\/\/www.corteco.com\/wp-content\/themes\/ATLAS\/images\/svg\/slider_arrow-right_white.svg\")}.block-product-teaser:hover .block-product-teaser__img-wrapper img{transform:scale(1.1)}.block-product-teaser__row{display:block;width:100%}.block-product-teaser__title{max-width:100%;text-transform:uppercase;margin:0 0 2rem}.block-product-teaser__content{margin:0 0 2rem;min-height:10rem;color:#707070}.block-product-teaser__img-wrapper{position:relative;padding-bottom:70%;max-width:100%;overflow:hidden;text-align:center}.block-product-teaser__img-wrapper img{position:absolute;top:-1px;right:-1px;left:-1px;bottom:-1px;height:102%;width:102%;object-fit:cover;transition:transform 0.2s}.block-product-teaser__content-wrapper{max-width:100%;padding:2rem 2rem;transition:background-color 0.2s}.block-product-teaser__link{display:block;position:absolute;width:calc(100% - 2rem);height:3rem;right:2rem;bottom:2rem}.block-product-teaser__link::after{content:'';position:absolute;top:50%;right:0;transform:translateY(-50%);width:1.4rem;height:3rem;background-size:contain;background-position:center center;background-repeat:no-repeat;background-image:url(\"https:\/\/www.corteco.com\/wp-content\/themes\/ATLAS\/images\/svg\/slider_arrow-right_secondary.svg\");transition:right 0.2s}\n<\/style>\t<div class=\"block-product-teaser__row\">\n\t\t\t<div class=\"block-product-teaser__img-wrapper\">\n\t\t\t<img decoding=\"async\" width=\"760\" height=\"688\" src=\"https:\/\/www.corteco.com\/wp-content\/uploads\/2024\/03\/passenger-car-header_mobile-760x688.jpg\" class=\"attachment-teaser-big size-teaser-big\" alt=\"\" data-object-fit=\"\" \/>\t\t<\/div>\n\t\t\t<div class=\"block-product-teaser__content-wrapper\">\n\t\t\t\t\t<h3 class=\"block-product-teaser__title h4\">Samochody osobowe<\/h3>\n\t\t\t\t\t\t\t<div class=\"block-product-teaser__content\"><p>Zwi\u0119ksz swoje wra\u017cenia z jazdy dzi\u0119ki precyzyjnie zaprojektowanym cz\u0119\u015bciom zamiennym Corteco zaprojektowanym specjalnie do samochod\u00f3w osobowych, w tym szerokiej gamie cz\u0119\u015bci do pojazd\u00f3w azjatyckich. Nasza kompleksowa oferta zapewnia optymaln\u0105 wydajno\u015b\u0107 i niezawodno\u015b\u0107, umo\u017cliwiaj\u0105c spokojne wyruszenie w ka\u017cd\u0105 podr\u00f3\u017c.<\/p>\n<\/div>\n\t\t\t\t\t\t\t<div class=\"block-product-teaser__link\"><\/div>\n\t\t\t\t<\/div>\n\t<\/div>\n\n<\/a>\n<\/div>\n\n\n\n<div class=\"wp-block-custom-column col col-12 col-md-6 col-xl-4\"><a class=\"acf-block block-product-teaser align block-product-teaser--full\" href=\"https:\/\/www.corteco.com\/markets\/asian-range\/\" target=\"_self\">\n\t\t<div class=\"block-product-teaser__row\">\n\t\t\t<div class=\"block-product-teaser__img-wrapper\">\n\t\t\t<img decoding=\"async\" width=\"760\" height=\"688\" src=\"https:\/\/www.corteco.com\/wp-content\/uploads\/2024\/03\/asian-range-header_mobil-760x688.jpg\" class=\"attachment-teaser-big size-teaser-big\" alt=\"\" data-object-fit=\"\" \/>\t\t<\/div>\n\t\t\t<div class=\"block-product-teaser__content-wrapper\">\n\t\t\t\t\t<h3 class=\"block-product-teaser__title h4\">Oferta dla samochod\u00f3w azjatyckich<\/h3>\n\t\t\t\t\t\t\t<div class=\"block-product-teaser__content\"><p>Wykorzystuj\u0105c partnerstwo mi\u0119dzy Freudenberg i NOK, wraz z ich innowacyjnym do\u015bwiadczeniem w zakresie rozwoju OE i wsp\u00f3\u0142pracy z azjatyckimi producentami OEM, Corteco s\u0142u\u017cy jako zaufany dostawca cz\u0119\u015bci zamiennych do pojazd\u00f3w azjatyckich, zapewniaj\u0105c p\u0142ynn\u0105 integracj\u0119 i optymaln\u0105 wydajno\u015b\u0107.<\/p>\n<\/div>\n\t\t\t\t\t\t\t<div class=\"block-product-teaser__link\"><\/div>\n\t\t\t\t<\/div>\n\t<\/div>\n\n<\/a>\n<\/div>\n\n\n\n<div class=\"wp-block-custom-column col col-12 col-md-6 col-xl-4\"><a class=\"acf-block block-product-teaser align block-product-teaser--full\" href=\"https:\/\/www.corteco.com\/markets\/e-mobility\/\" target=\"_self\">\n\t\t<div class=\"block-product-teaser__row\">\n\t\t\t<div class=\"block-product-teaser__img-wrapper\">\n\t\t\t<img decoding=\"async\" width=\"760\" height=\"688\" src=\"https:\/\/www.corteco.com\/wp-content\/uploads\/2024\/03\/e-mobility-header_mobil-760x688.jpg\" class=\"attachment-teaser-big size-teaser-big\" alt=\"\" data-object-fit=\"\" \/>\t\t<\/div>\n\t\t\t<div class=\"block-product-teaser__content-wrapper\">\n\t\t\t\t\t<h3 class=\"block-product-teaser__title h4\">E-Mobilno\u015b\u0107<\/h3>\n\t\t\t\t\t\t\t<div class=\"block-product-teaser__content\"><p>We wsp\u00f3\u0142pracy z Freudenberg, Corteco jest liderem innowacji, szczeg\u00f3lnie w dziedzinie elektromobilno\u015bci dla sektora motoryzacyjnego. Asortyment produkt\u00f3w Corteco jest stale aktualizowany o najnowsze technologie pozyskiwane od Freudenberg. Wkrocz w przysz\u0142o\u015b\u0107 transportu z cz\u0119\u015bciami zamiennymi Corteco od Freudenberg.<\/p>\n<\/div>\n\t\t\t\t\t\t\t<div class=\"block-product-teaser__link\"><\/div>\n\t\t\t\t<\/div>\n\t<\/div>\n\n<\/a>\n<\/div>\n\n\n\n<div class=\"wp-block-custom-column col col-12 col-md-6 col-xl-4\"><a class=\"acf-block block-product-teaser align block-product-teaser--full\" href=\"https:\/\/www.corteco.com\/markets\/heavy-duty\/\" target=\"_self\">\n\t\t<div class=\"block-product-teaser__row\">\n\t\t\t<div class=\"block-product-teaser__img-wrapper\">\n\t\t\t<img decoding=\"async\" width=\"760\" height=\"688\" src=\"https:\/\/www.corteco.com\/wp-content\/uploads\/2024\/05\/22052024_HD_Header_small-760x688.jpeg\" class=\"attachment-teaser-big size-teaser-big\" alt=\"\" data-object-fit=\"\" \/>\t\t<\/div>\n\t\t\t<div class=\"block-product-teaser__content-wrapper\">\n\t\t\t\t\t<h3 class=\"block-product-teaser__title h4\">Heavy-Duty<\/h3>\n\t\t\t\t\t\t\t<div class=\"block-product-teaser__content\"><p>Je\u015bli chodzi o radzenie sobie z najtrudniejszymi zadaniami i najtrudniejszymi warunkami, Corteco dostarcza wytrzyma\u0142e cz\u0119\u015bci zamienne, kt\u00f3re sprostaj\u0105 wyzwaniu. Zbudowane z my\u015bl\u0105 o pracy w trudnych warunkach, nasze produkty gwarantuj\u0105 p\u0142ynn\u0105 prac\u0119 maszyn o du\u017cym obci\u0105\u017ceniu.<\/p>\n<\/div>\n\t\t\t\t\t\t\t<div class=\"block-product-teaser__link\"><\/div>\n\t\t\t\t<\/div>\n\t<\/div>\n\n<\/a>\n<\/div>\n\n\n\n<div class=\"wp-block-custom-column col col-12 col-md-6 col-xl-4\"><a class=\"acf-block block-product-teaser align block-product-teaser--full\" href=\"https:\/\/www.corteco.com\/markets\/two-wheeler\/\" target=\"_self\">\n\t\t<div class=\"block-product-teaser__row\">\n\t\t\t<div class=\"block-product-teaser__img-wrapper\">\n\t\t\t<img decoding=\"async\" width=\"760\" height=\"688\" src=\"https:\/\/www.corteco.com\/wp-content\/uploads\/2024\/03\/two-wheeler-header-mobil-760x688.jpg\" class=\"attachment-teaser-big size-teaser-big\" alt=\"\" data-object-fit=\"\" \/>\t\t<\/div>\n\t\t\t<div class=\"block-product-teaser__content-wrapper\">\n\t\t\t\t\t<h3 class=\"block-product-teaser__title h4\">Dwuko\u0142owiec<\/h3>\n\t\t\t\t\t\t\t<div class=\"block-product-teaser__content\"><p>Poruszaj si\u0119 po drogach pewnie i precyzyjnie dzi\u0119ki cz\u0119\u015bciom zamiennym Corteco przeznaczonym do pojazd\u00f3w dwuko\u0142owych. Zaprojektowane z g\u0142\u0119bokim zrozumieniem unikalnych wymaga\u0144 motocykli, nasze produkty zwi\u0119kszaj\u0105 zar\u00f3wno wydajno\u015b\u0107, jak i bezpiecze\u0144stwo.<\/p>\n<\/div>\n\t\t\t\t\t\t\t<div class=\"block-product-teaser__link\"><\/div>\n\t\t\t\t<\/div>\n\t<\/div>\n\n<\/a>\n<\/div>\n<\/div>\n<\/div><\/div><\/section>\n\n<section class=\"wp-block-custom-container alignwide block-content  block-content--spacing-top block-content--spacing-bottom block-content--margin-bottom\"><div class=\"container container--wide\"><div class=\"container__body\">\n<figure class=\"wp-block-embed is-type-video is-provider-youtube wp-block-embed-youtube wp-embed-aspect-16-9 wp-has-aspect-ratio\"><div class=\"wp-block-embed__wrapper\">\n<div class=\"epyt-video-wrapper\"><iframe loading=\"lazy\"  id=\"_ytid_44132\"  width=\"1280\" height=\"720\"  data-origwidth=\"1280\" data-origheight=\"720\"  data-relstop=\"1\" src=\"https:\/\/www.youtube.com\/embed\/QfnNwVYf0iE?enablejsapi=1&#038;autoplay=0&#038;cc_load_policy=0&#038;cc_lang_pref=&#038;iv_load_policy=1&#038;loop=0&#038;rel=0&#038;fs=1&#038;playsinline=0&#038;autohide=2&#038;theme=dark&#038;color=red&#038;controls=1&#038;disablekb=0&#038;\" class=\"__youtube_prefs__  epyt-is-override  no-lazyload\" title=\"YouTube player\"  allow=\"fullscreen; accelerometer; autoplay; clipboard-write; encrypted-media; gyroscope; picture-in-picture; web-share\" referrerpolicy=\"strict-origin-when-cross-origin\" allowfullscreen data-no-lazy=\"1\" data-skipgform_ajax_framebjll=\"\"><\/iframe><\/div>\n<\/div><\/figure>\n<\/div><\/div><\/section>\n\n<p><\/p>\n","protected":false},"excerpt":{"rendered":"","protected":false},"author":1,"featured_media":0,"parent":0,"menu_order":0,"comment_status":"closed","ping_status":"closed","template":"","meta":{"_acf_changed":false,"footnotes":""},"class_list":["post-5855","page","type-page","status-publish","hentry"],"acf":[],"_links":{"self":[{"href":"https:\/\/www.corteco.com\/pl\/wp-json\/wp\/v2\/pages\/5855","targetHints":{"allow":["GET"]}}],"collection":[{"href":"https:\/\/www.corteco.com\/pl\/wp-json\/wp\/v2\/pages"}],"about":[{"href":"https:\/\/www.corteco.com\/pl\/wp-json\/wp\/v2\/types\/page"}],"author":[{"embeddable":true,"href":"https:\/\/www.corteco.com\/pl\/wp-json\/wp\/v2\/users\/1"}],"replies":[{"embeddable":true,"href":"https:\/\/www.corteco.com\/pl\/wp-json\/wp\/v2\/comments?post=5855"}],"version-history":[{"count":5,"href":"https:\/\/www.corteco.com\/pl\/wp-json\/wp\/v2\/pages\/5855\/revisions"}],"predecessor-version":[{"id":6405,"href":"https:\/\/www.corteco.com\/pl\/wp-json\/wp\/v2\/pages\/5855\/revisions\/6405"}],"wp:attachment":[{"href":"https:\/\/www.corteco.com\/pl\/wp-json\/wp\/v2\/media?parent=5855"}],"curies":[{"name":"wp","href":"https:\/\/api.w.org\/{rel}","templated":true}]}}