{"id":5955,"date":"2024-03-20T15:15:09","date_gmt":"2024-03-20T14:15:09","guid":{"rendered":"https:\/\/www.corteco.com\/firma\/jakosc\/"},"modified":"2024-07-25T12:53:33","modified_gmt":"2024-07-25T10:53:33","slug":"jakosc","status":"publish","type":"page","link":"https:\/\/www.corteco.com\/pl\/firma\/jakosc\/","title":{"rendered":"Jako\u015b\u0107"},"content":{"rendered":"<section class=\"block-slider\">\n    <style>.block-slider{padding-top:6rem;position:relative;margin:0 0 2rem}@media (min-width: 1024px){.block-slider{margin:0 0 2rem}}@media (min-width: 1200px){.block-slider{padding-top:11rem}}@media (min-width: 1380px){.block-slider{margin:0}}.block-slider::before,.block-slider::after{content:'';position:absolute;right:0;bottom:2px;left:0;width:100%;height:100%;pointer-events:none}.block-slider::before{background:#fff;background:linear-gradient(180deg, #fff 0%, #cecece 50%, #000 100%);mix-blend-mode:multiply;opacity:0.5;z-index:1}.block-slider::after{bottom:-1px;background-size:contain;background-repeat:no-repeat;background-position:bottom center;background-image:url(\"https:\/\/www.corteco.com\/wp-content\/themes\/ATLAS\/images\/svg\/corteco_welle_white.svg\");z-index:2}@media (min-width: 1200px){.block-slider__wrapper--half-width .slick-dots{text-align:left}}@media (min-width: 1380px){.block-slider .slick-dots{bottom:15px}}@media (min-width: 1380px){.block-slider .slick-dots button{background-color:#fff}}.single-slide{position:relative}.single-slide:not(:first-child){display:none}.slick-initialized .single-slide{display:block}.single-slide::before{display:block;content:\"\";width:100%;height:50%;min-height:50vh}@media (min-width: 1024px){.single-slide::before{height:75%;min-height:75vh}}.small .single-slide::before{height:35%;min-height:35vh}@media (min-width: 1024px){.small .single-slide::before{height:40%;min-height:40vh}}.single-slide__wrapper{position:absolute;top:0;right:0;bottom:0;left:0}.single-slide__bg{position:absolute;top:0;right:0;bottom:0;left:0}.single-slide__bg--desktop{display:none}@media (min-width: 1024px){.single-slide__bg--desktop{display:block;height:100%}}.single-slide__bg--mobile{display:block;height:100%}@media (min-width: 1024px){.single-slide__bg--mobile{display:none}}.single-slide__bg img{width:100%;height:100%;object-fit:cover}.single-slide__bg.video{min-height:100%}.single-slide__bg-vid{min-height:100%;position:relative}.single-slide__bg-video{display:inline-block;position:absolute;top:0;left:0;right:0;bottom:0;margin:0;padding:0;width:100%;height:100%;max-width:none;max-height:none;-o-object-fit:cover;object-fit:cover;outline:none;border:none;box-shadow:none;z-index:0}.single-slide__bg-vid .mejs-controls{display:none}.single-slide__content{color:#fff}.single-slide--content-bg .single-slide__content{background:#fff}.single-slide__content .h1{margin:0 0 .6rem;font-weight:700;color:#E30613;letter-spacing:0;font-size:4.6rem;line-height:1.13043478}@media (min-width: 1380px){.single-slide__content .h1{font-size:8rem;line-height:1.175}}.single-slide__content-wrapper{position:absolute;top:0;right:0;bottom:0;left:0;display:flex;align-items:flex-start}@media (min-width: 1024px){.single-slide__content-wrapper{align-items:center}}.single-slide__content-container{height:100%}@media (min-width: 1380px){.single-slide__content-container{padding-bottom:10rem}}.single-slide__content-row{position:relative;display:flex;align-items:flex-start;justify-content:space-between;flex-flow:column nowrap;height:100%;width:100%;max-width:100%}@media (min-width: 1024px){.single-slide__content-row{max-width:50%;justify-content:center}}@media (min-width: 1380px){.single-slide__content-row{padding:2rem 0}}.single-slide__slogan{display:none;position:absolute;left:0;bottom:0rem;color:#ff0;font-weight:700}@media (min-width: 1024px){.single-slide__slogan{display:block}}.single-slide__buttons{display:flex;flex-wrap:wrap;align-items:center;justify-content:flex-start;margin:2rem 0 0}.single-slide__buttons .wp-block-button{margin:0 2rem 1rem 0}.single-slide--half-width{background-color:#BDBDBD}.single-slide--half-width .single-slide__bg{width:100%;right:0;left:auto}@media (min-width: 1380px){.single-slide--half-width .single-slide__bg{width:50%}}.single-slide--image-left .single-slide__bg{right:auto;left:0}\n<\/style>    <style>.slick-arrow{width:3rem;height:3rem;position:absolute;z-index:1;top:50%;margin-top:-15px;font-size:0;line-height:0;border:none;background-color:transparent;cursor:pointer;transition:background-color .2s}@media (min-width: 992px){.slick-arrow{width:5rem;height:5rem}}@media (min-width: 1200px){.slick-arrow{top:50%}}.slick-arrow:hover{background-color:#414141}html.touch-device .slick-arrow:hover{background-color:#414141}.slick-arrow:after{content:'';display:block;width:10px;height:20px;position:absolute;top:50%;left:51%;transform:translate(-50%, -50%);background-image:url(\"https:\/\/www.corteco.com\/wp-content\/themes\/ATLAS\/images\/svg\/slider_arrow-right_white.svg\");background-repeat:no-repeat;background-size:10px 20px}@media (min-width: 992px){.slick-arrow:after{width:14px;height:30px;background-position:contain;background-size:14px 30px}}.slick-arrow.slick-prev{right:auto;left:10px;transform:rotate(180deg)}@media (min-width: 992px){.slick-arrow.slick-prev{left:20px}}@media (min-width: 1380px){.slick-arrow.slick-prev{left:30px}}.slick-arrow.slick-next{right:10px;left:auto}@media (min-width: 992px){.slick-arrow.slick-next{right:20px}}@media (min-width: 1380px){.slick-arrow.slick-next{right:30px}}.slick-slide:focus{outline:none}.slick-dots{width:100%;max-width:1105px;padding:0 4rem;position:absolute;bottom:21px;left:50%;transform:translate(-50%, 0);margin:0 auto;text-align:center;list-style:none}@media (min-width: 992px){.slick-dots{bottom:27px}}.slick-dots li{display:inline-block;margin:0 7px}.slick-dots li.slick-active button{background-color:#E30613}.slick-dots button{width:15px;height:15px;font-size:0;line-height:0;border:0;border-radius:50%;background:transparent;background:#414141;box-shadow:none;transition:background-color .2s linear}.slick-autoplay-toggle-button{display:none}\n<\/style>    <style>\/* Slider *\/\n.slick-slider {\n  position: relative;\n  display: block;\n  box-sizing: border-box;\n  -webkit-touch-callout: none;\n  -webkit-user-select: none;\n  -khtml-user-select: none;\n  -moz-user-select: none;\n  -ms-user-select: none;\n  user-select: none;\n  -ms-touch-action: pan-y;\n  touch-action: pan-y;\n  -webkit-tap-highlight-color: transparent;\n}\n\n.slick-list {\n  position: relative;\n  overflow: hidden;\n  display: block;\n  margin: 0;\n  padding: 0;\n}\n\n.slick-list:focus {\n  outline: none;\n}\n\n.slick-list.dragging {\n  cursor: pointer;\n  cursor: hand;\n}\n\n.slick-slider .slick-track,\n.slick-slider .slick-list {\n  -webkit-transform: translate3d(0, 0, 0);\n  -moz-transform: translate3d(0, 0, 0);\n  -ms-transform: translate3d(0, 0, 0);\n  -o-transform: translate3d(0, 0, 0);\n  transform: translate3d(0, 0, 0);\n}\n\n.slick-track {\n  position: relative;\n  left: 0;\n  top: 0;\n  display: block;\n  margin-left: auto;\n  margin-right: auto;\n}\n\n.slick-track:before, .slick-track:after {\n  content: \"\";\n  display: table;\n}\n\n.slick-track:after {\n  clear: both;\n}\n\n.slick-loading .slick-track {\n  visibility: hidden;\n}\n\n.slick-slide {\n  float: left;\n  height: 100%;\n  min-height: 1px;\n  display: none;\n}\n\n[dir=\"rtl\"] .slick-slide {\n  float: right;\n}\n\n.slick-slide img {\n  display: block;\n}\n\n.slick-slide.slick-loading img {\n  display: none;\n}\n\n.slick-slide.dragging img {\n  pointer-events: none;\n}\n\n.slick-initialized .slick-slide {\n  display: block;\n}\n\n.slick-loading .slick-slide {\n  visibility: hidden;\n}\n\n.slick-vertical .slick-slide {\n  display: block;\n  height: auto;\n  border: 1px solid transparent;\n}\n\n.slick-arrow.slick-hidden {\n  display: none;\n}\n<\/style>    <div class=\"block-slider__container\">\n        <div class=\"block-slider__wrapper block-slider__wrapper--full-width small\" data-slider=\"block_b5eed5fe7f5dc480e14a669a3d678b50\">\n                            <div class=\"single-slide single-slide--full-width\">\n                        <div class=\"single-slide__wrapper\">\n                \n                                        <div class=\"single-slide__bg\">\n                                                    <div class=\"single-slide__bg--desktop\"><img decoding=\"async\" width=\"1920\" height=\"525\" src=\"https:\/\/www.corteco.com\/wp-content\/uploads\/2024\/03\/quality_header.jpg\" class=\"attachment-full size-full\" alt=\"\" data-object-fit=\"\" srcset=\"https:\/\/www.corteco.com\/wp-content\/uploads\/2024\/03\/quality_header.jpg 1920w, https:\/\/www.corteco.com\/wp-content\/uploads\/2024\/03\/quality_header-300x82.jpg 300w, https:\/\/www.corteco.com\/wp-content\/uploads\/2024\/03\/quality_header-1024x280.jpg 1024w, https:\/\/www.corteco.com\/wp-content\/uploads\/2024\/03\/quality_header-768x210.jpg 768w, https:\/\/www.corteco.com\/wp-content\/uploads\/2024\/03\/quality_header-1536x420.jpg 1536w\" sizes=\"(max-width: 1920px) 100vw, 1920px\" \/><\/div>\n                            <div class=\"single-slide__bg--mobile\"><img decoding=\"async\" width=\"1920\" height=\"1774\" src=\"https:\/\/www.corteco.com\/wp-content\/uploads\/2024\/03\/quality_header_mobil.jpg\" class=\"attachment-full size-full\" alt=\"\" data-object-fit=\"\" srcset=\"https:\/\/www.corteco.com\/wp-content\/uploads\/2024\/03\/quality_header_mobil.jpg 1920w, https:\/\/www.corteco.com\/wp-content\/uploads\/2024\/03\/quality_header_mobil-300x277.jpg 300w, https:\/\/www.corteco.com\/wp-content\/uploads\/2024\/03\/quality_header_mobil-1024x946.jpg 1024w, https:\/\/www.corteco.com\/wp-content\/uploads\/2024\/03\/quality_header_mobil-768x710.jpg 768w, https:\/\/www.corteco.com\/wp-content\/uploads\/2024\/03\/quality_header_mobil-1536x1419.jpg 1536w, https:\/\/www.corteco.com\/wp-content\/uploads\/2024\/03\/quality_header_mobil-560x516.jpg 560w\" sizes=\"(max-width: 1920px) 100vw, 1920px\" \/><\/div>\n                                            <\/div>\n                                        \n                    <!-- Readd content wrapper if needed -->\n                <\/div>\n                    <\/div>\n        \n                <\/div>\n    <\/div>\n<\/section>\n\n<section class=\"wp-block-custom-container alignwide block-content  block-content--spacing-bottom\"><style>.block-content{position:relative}.block-content--spacing-top{padding-top:5rem}@media (min-width: 992px){.block-content--spacing-top{padding-top:9rem}}.block-content--spacing-bottom{padding-bottom:5rem}@media (min-width: 992px){.block-content--spacing-bottom{padding-bottom:9rem}}.block-content--margin-top{margin-top:5rem}@media (min-width: 992px){.block-content--margin-top{margin-top:9rem}}.block-content--margin-bottom{margin-bottom:5rem}@media (min-width: 992px){.block-content--margin-bottom{margin-bottom:9rem}}.block-content .container{position:relative;z-index:1}.block-content .container--full{padding:0}.block-content .container-overlay{position:absolute;z-index:0;top:0;right:0;bottom:0;left:0}\n<\/style><div class=\"container container--wide\"><div class=\"container__body\">\n<div class=\"wp-block-custom-spacing spacing-element spacing-mobile--small spacing-tablet--small spacing-small-desktop--medium spacing-desktop--medium\"><\/div>\n\n\n\n<h1 class=\"wp-block-heading\">Jako\u015b\u0107<\/h1>\n\n\n\n<p>Odkryj niezr\u00f3wnan\u0105 jako\u015b\u0107 na niezale\u017cnym rynku cz\u0119\u015bci zamiennych z Corteco. Jako niezale\u017cny oddzia\u0142 Freudenberg Sealing Technologies zajmuj\u0105cy si\u0119 rynkiem wt\u00f3rnym, stawiamy na doskona\u0142o\u015b\u0107 cz\u0119\u015bci zamiennych bez \u017cadnych kompromis\u00f3w. Dzi\u0119ki temu, \u017ce Freudenberg jest bli\u017cej rozwoju produktu ni\u017c wi\u0119kszo\u015b\u0107 dostawc\u00f3w, rozr\u00f3\u017cnienie mi\u0119dzy jako\u015bci\u0105 OEM a gorszymi alternatywami staje si\u0119 jasne podczas wizyty w najnowocze\u015bniejszych obiektach testowych Freudenberg. <\/p>\n\n\n\n<p>Skorzystaj z naszego bogatego do\u015bwiadczenia i rygorystycznych standard\u00f3w odziedziczonych dzi\u0119ki produkcji seryjnej przemys\u0142u motoryzacyjnego Z ka\u017cdym zak\u0142adem produkcyjnym Freudenberg wyposa\u017conym w mo\u017cliwo\u015bci bezpo\u015bredniego testowania i ponad 300 stanowiskami testowymi dedykowanymi uszczelniaczom olejowym, mo\u017cemy pochwali\u0107 si\u0119 najwi\u0119kszym tego typu laboratorium na \u015bwiecie. Nasze rygorystyczne testy zapewniaj\u0105 niezawodno\u015b\u0107 przez ca\u0142y okres eksploatacji wynosz\u0105cy 300 000 km, odwzorowuj\u0105c rzeczywiste warunki w kontrolowanych \u015brodowiskach.  <\/p>\n<\/div><\/div><\/section>\n\n<section class=\"wp-block-custom-container alignwide block-content\"><div class=\"container container--wide\"><div class=\"container__body\">\n<section class=\"wp-block-custom-container alignwide block-content\" style=\"background-image:url(https:\/\/www.corteco.com\/wp-content\/uploads\/2024\/04\/M09A_Bau_120_Portraits_189_web.jpg);background-position:37% 0%;background-repeat:no-repeat;background-size:cover\"><div class=\"container container--wide\"><div class=\"container__body\">\n<div class=\"wp-block-custom-spacing spacing-element spacing-mobile--large spacing-tablet--none spacing-small-desktop--none spacing-desktop--none\"><\/div>\n\n\n\n<div class=\"wp-block-custom-spacing spacing-element spacing-mobile--large spacing-tablet--none spacing-small-desktop--none spacing-desktop--none\"><\/div>\n\n\n\n<div class=\"wp-block-custom-spacing spacing-element spacing-mobile--large spacing-tablet--small spacing-small-desktop--medium spacing-desktop--large\"><\/div>\n\n\n\n<div class=\"wp-block-custom-spacing spacing-element spacing-mobile--large spacing-tablet--none spacing-small-desktop--none spacing-desktop--none\"><\/div>\n\n\n\n<div class=\"wp-block-custom-spacing spacing-element spacing-mobile--large spacing-tablet--none spacing-small-desktop--none spacing-desktop--none\"><\/div>\n\n\n\n<div class=\"wp-block-custom-spacing spacing-element spacing-mobile--large spacing-tablet--none spacing-small-desktop--none spacing-desktop--none\"><\/div>\n\n\n\n<div class=\"wp-block-custom-spacing spacing-element spacing-mobile--large spacing-tablet--none spacing-small-desktop--none spacing-desktop--none\"><\/div>\n\n\n\n<div class=\"wp-block-custom-spacing spacing-element spacing-mobile--large spacing-tablet--none spacing-small-desktop--none spacing-desktop--none\"><\/div>\n\n\n\n<div class=\"wp-block-custom-columns columns-row row small-gutter\"><style>.columns-row--spacing-top{padding-top:5rem}@media (min-width: 992px){.columns-row--spacing-top{padding-top:9rem}}.columns-row--spacing-bottom{padding-bottom:5rem}@media (min-width: 992px){.columns-row--spacing-bottom{padding-bottom:9rem}}.columns-row--margin-top{margin-top:5rem}@media (min-width: 992px){.columns-row--margin-top{margin-top:9rem}}.columns-row--margin-bottom{margin-bottom:5rem}@media (min-width: 992px){.columns-row--margin-bottom{margin-bottom:9rem}}\n<\/style>\n<div class=\"wp-block-custom-column col col-12 col-lg-4 col-xl-4\">\n<p class=\"has-text-light-color has-text-color\"><\/p>\n<\/div>\n\n\n\n<div class=\"wp-block-custom-column col col-12 col-lg-4 col-xl-4\">\n<p class=\"has-text-light-color has-text-color\"><\/p>\n<\/div>\n\n\n\n<div class=\"wp-block-custom-column col col-12 col-md-6 col-lg-4 offset-md-6 offset-lg-0\">\n<p class=\"has-text-light-color has-secondary-background-color has-text-color has-background\">&#8222;Po co i\u015b\u0107 na kompromis, skoro mo\u017cna polega\u0107 na sprawdzonej technologii produkcji seryjnej, kt\u00f3ra zosta\u0142a dok\u0142adnie przetestowana? W Corteco otrzymasz niezawodny produkt o bezkompromisowej jako\u015bci serii&#8221;. <\/p>\n\n\n\n<h5 class=\"wp-block-heading has-text-light-color has-secondary-background-color has-text-color has-background\"><strong>Christian Dickopf, wiceprezes Corteco<\/strong><\/h5>\n<\/div>\n<\/div>\n\n\n\n<div class=\"wp-block-custom-spacing spacing-element spacing-mobile--none spacing-tablet--large spacing-small-desktop--large spacing-desktop--large\"><\/div>\n<\/div><\/div><div class=\"container-overlay\" style=\"background:linear-gradient(76deg,rgba(232,232,232,0) 16%,rgb(33,33,33) 88%);opacity:0.5\"><\/div><\/section>\n<\/div><\/div><\/section>\n\n<section class=\"wp-block-custom-container alignwide block-content  block-content--spacing-top block-content--spacing-bottom\"><div class=\"container container--wide\"><div class=\"container__body\">\n<p>Od symulacji ekspozycji na b\u0142oto po testy z okre\u015blonymi sk\u0142adami py\u0142u dostosowanymi do globalnych rynk\u00f3w, \u017caden szczeg\u00f3\u0142 nie jest pomijany w naszym zaanga\u017cowaniu w zapewnienie jako\u015bci. Nasza wiedza specjalistyczna wykracza poza uszczelnienia, obejmuj\u0105c kompleksowe zrozumienie system\u00f3w trybologicznych, zapewniaj\u0105c precyzj\u0119 i d\u0142ugowieczno\u015b\u0107. <\/p>\n\n\n\n<p>Wsp\u00f3\u0142pracuj z Corteco, aby uzyska\u0107 najwy\u017cszej jako\u015bci cz\u0119\u015bci zamienne, kt\u00f3re spe\u0142niaj\u0105 lub przewy\u017cszaj\u0105 oryginalne standardy producenta. Rygorystyczne testy Freudenberg Sealing Technologies zapewniaj\u0105 satysfakcj\u0119 zar\u00f3wno warsztatom naprawczym, dystrybutorom, jak i konsumentom ko\u0144cowym. Ciesz si\u0119 spokojem ducha, wiedz\u0105c, \u017ce ka\u017cdy produkt opuszczaj\u0105cy nasze zak\u0142ady zachowuje bezkompromisow\u0105 jako\u015b\u0107 produkcji seryjnej, zapewniaj\u0105c wydajno\u015b\u0107 i trwa\u0142o\u015b\u0107 pojazdu. <\/p>\n<\/div><\/div><\/section>\n\n<section class=\"wp-block-custom-container alignwide block-content has-secondary-lightest-background-color block-content--spacing-top block-content--spacing-bottom\" style=\"background-color:#E3E3E3\"><div class=\"container container--wide\"><div class=\"container__body\">\n<h2 class=\"wp-block-heading\">Jako\u015b\u0107 us\u0142ug<\/h2>\n\n\n\n<p>Do\u015bwiadcz niezr\u00f3wnanej jako\u015bci i wydajno\u015bci operacyjnej z Corteco na niezale\u017cnym rynku cz\u0119\u015bci zamiennych. Jako lider w bran\u017cy, priorytetowo traktujemy nie tylko jako\u015b\u0107 naszych produkt\u00f3w, ale tak\u017ce bezproblemow\u0105 obs\u0142ug\u0119 naszych klient\u00f3w.  <\/p>\n\n\n\n<p>Dzi\u0119ki najwi\u0119kszej platformie B2B na rynku wt\u00f3rnym, TecCom, zapewniamy p\u0142ynn\u0105 komunikacj\u0119 i transakcje od zam\u00f3wienia do faktury, poparte nienagann\u0105 jako\u015bci\u0105 danych. Nasze d\u0105\u017cenie do doskona\u0142o\u015bci znalaz\u0142o odzwierciedlenie w naszym udziale w &#8222;Programie Doskona\u0142o\u015bci&#8221; TecAlliance w 2022 roku.  <\/p>\n\n\n\n<p>Pocz\u0105tkowo otrzymali\u015bmy ocen\u0119 3 gwiazdek i rozpocz\u0119li\u015bmy podr\u00f3\u017c w kierunku poprawy, \u015bci\u015ble wsp\u00f3\u0142pracuj\u0105c z naszymi partnerami w celu udoskonalenia naszych proces\u00f3w i lepszego zaspokojenia potrzeb klient\u00f3w. Rezultat? Imponuj\u0105ca ocena 4,5 punktu odzwierciedla nasze zaanga\u017cowanie w ci\u0105g\u0142e doskonalenie.  <\/p>\n<\/div><\/div><\/section>\n\n<section class=\"wp-block-custom-container alignwide block-content  block-content--spacing-top block-content--spacing-bottom\"><div class=\"container container--wide\"><div class=\"container__body\">\n<section class=\"wp-block-custom-container alignwide block-content\" style=\"background-image:url(https:\/\/www.corteco.com\/wp-content\/uploads\/2024\/04\/25Jun2021_CarstenSchwartau39_BO2I9652_web_2.jpg);background-position:74% 68%;background-repeat:no-repeat;background-size:cover\"><div class=\"container container--wide\"><div class=\"container__body\">\n<div class=\"wp-block-custom-spacing spacing-element spacing-mobile--large spacing-tablet--large spacing-small-desktop--large spacing-desktop--large\"><\/div>\n\n\n\n<div class=\"wp-block-custom-spacing spacing-element spacing-mobile--large spacing-tablet--large spacing-small-desktop--large spacing-desktop--large\"><\/div>\n\n\n\n<div class=\"wp-block-custom-spacing spacing-element spacing-mobile--large spacing-tablet--small spacing-small-desktop--medium spacing-desktop--large\"><\/div>\n\n\n\n<div class=\"wp-block-custom-spacing spacing-element spacing-mobile--large spacing-tablet--none spacing-small-desktop--none spacing-desktop--none\"><\/div>\n\n\n\n<div class=\"wp-block-custom-spacing spacing-element spacing-mobile--large spacing-tablet--none spacing-small-desktop--none spacing-desktop--none\"><\/div>\n\n\n\n<div class=\"wp-block-custom-spacing spacing-element spacing-mobile--large spacing-tablet--none spacing-small-desktop--none spacing-desktop--none\"><\/div>\n\n\n\n<div class=\"wp-block-custom-spacing spacing-element spacing-mobile--large spacing-tablet--none spacing-small-desktop--none spacing-desktop--none\"><\/div>\n\n\n\n<div class=\"wp-block-custom-columns columns-row row\">\n<div class=\"wp-block-custom-column col col-12 col-md-6 col-lg-6 col-xl-4 offset-lg-0 offset-xl-1\">\n<p class=\"has-text-light-color has-secondary-background-color has-text-color has-background\">&#8222;Efekt ko\u0144cowy &#8211; wzrost wydajno\u015bci operacyjnej, jako\u015bci i zadowolenia klient\u00f3w&#8221;.<\/p>\n\n\n\n<h5 class=\"wp-block-heading has-text-light-color has-secondary-background-color has-text-color has-background\"><strong>Carsten Schwartau, dyrektor ds. obs\u0142ugi klienta Corteco  <\/strong><\/h5>\n<\/div>\n\n\n\n<div class=\"wp-block-custom-column col col-12 col-lg-4 col-xl-4\">\n<p class=\"has-text-light-color has-text-color\"><\/p>\n<\/div>\n\n\n\n<div class=\"wp-block-custom-column col col-12 col-md-6 col-lg-4 offset-md-6 offset-lg-0\">\n<p class=\"has-text-light-color has-text-color\"><\/p>\n<\/div>\n<\/div>\n\n\n\n<div class=\"wp-block-custom-spacing spacing-element spacing-mobile--none spacing-tablet--large spacing-small-desktop--large spacing-desktop--large\"><\/div>\n<\/div><\/div><div class=\"container-overlay\" style=\"background:linear-gradient(76deg,rgba(232,232,232,0) 49%,rgb(33,33,33) 100%);opacity:0.5\"><\/div><\/section>\n<\/div><\/div><\/section>\n\n<section class=\"wp-block-custom-container alignwide block-content has-secondary-lightest-background-color block-content--spacing-top block-content--spacing-bottom\" style=\"background-color:#E3E3E3\"><div class=\"container container--wide\"><div class=\"container__body\">\n<p>Jednak nasze d\u0105\u017cenie do doskona\u0142o\u015bci na tym si\u0119 nie ko\u0144czy. Carsten Schwartau, nasz dyrektor ds. obs\u0142ugi klienta, wyznacza nam ambitne cele, d\u0105\u017c\u0105c do osi\u0105gni\u0119cia od 4,7 do 5 gwiazdek do 2024 roku.  <\/p>\n\n\n\n<p>Koncentrujemy si\u0119 na udoskonalaniu proces\u00f3w wymiany danych i wdra\u017caniu transformacji cyfrowej, co stanowi podstaw\u0119 trwa\u0142ego sukcesu. Dzi\u0119ki skrupulatnemu sprawdzeniu ponad 27 000 pozycji &#8211; jeste\u015bmy pewni, \u017ce dostarczamy niezr\u00f3wnane us\u0142ugi i dokumentacj\u0119. <\/p>\n\n\n\n<p>Jeste\u015bmy dumni z naszych osi\u0105gni\u0119\u0107 i z niecierpliwo\u015bci\u0105 oczekujemy przekroczenia oczekiwa\u0144, poniewa\u017c nieustannie d\u0105\u017cymy do doskona\u0142o\u015bci w wymianie danych i obs\u0142udze klienta. Serdecznie dzi\u0119kujemy naszemu oddanemu zespo\u0142owi i lojalnym klientom za ich niezachwiane wsparcie i zaufanie do Corteco. <\/p>\n\n\n\n<div class=\"wp-block-custom-spacing spacing-element spacing-mobile--medium spacing-tablet--medium spacing-small-desktop--large spacing-desktop--large\"><\/div>\n<\/div><\/div><\/section>\n","protected":false},"excerpt":{"rendered":"","protected":false},"author":1,"featured_media":0,"parent":5856,"menu_order":0,"comment_status":"closed","ping_status":"closed","template":"","meta":{"_acf_changed":false,"footnotes":""},"class_list":["post-5955","page","type-page","status-publish","hentry"],"acf":[],"_links":{"self":[{"href":"https:\/\/www.corteco.com\/pl\/wp-json\/wp\/v2\/pages\/5955","targetHints":{"allow":["GET"]}}],"collection":[{"href":"https:\/\/www.corteco.com\/pl\/wp-json\/wp\/v2\/pages"}],"about":[{"href":"https:\/\/www.corteco.com\/pl\/wp-json\/wp\/v2\/types\/page"}],"author":[{"embeddable":true,"href":"https:\/\/www.corteco.com\/pl\/wp-json\/wp\/v2\/users\/1"}],"replies":[{"embeddable":true,"href":"https:\/\/www.corteco.com\/pl\/wp-json\/wp\/v2\/comments?post=5955"}],"version-history":[{"count":3,"href":"https:\/\/www.corteco.com\/pl\/wp-json\/wp\/v2\/pages\/5955\/revisions"}],"predecessor-version":[{"id":6371,"href":"https:\/\/www.corteco.com\/pl\/wp-json\/wp\/v2\/pages\/5955\/revisions\/6371"}],"up":[{"embeddable":true,"href":"https:\/\/www.corteco.com\/pl\/wp-json\/wp\/v2\/pages\/5856"}],"wp:attachment":[{"href":"https:\/\/www.corteco.com\/pl\/wp-json\/wp\/v2\/media?parent=5955"}],"curies":[{"name":"wp","href":"https:\/\/api.w.org\/{rel}","templated":true}]}}