{"id":6037,"date":"2024-05-17T11:10:22","date_gmt":"2024-05-17T09:10:22","guid":{"rendered":"https:\/\/www.corteco.com\/bezpieczenstwo-danych-uslugi-microsoft\/"},"modified":"2024-07-25T12:57:45","modified_gmt":"2024-07-25T10:57:45","slug":"bezpieczenstwo-danych-uslugi-microsoft","status":"publish","type":"page","link":"https:\/\/www.corteco.com\/pl\/bezpieczenstwo-danych-uslugi-microsoft\/","title":{"rendered":"Bezpiecze\u0144stwo danych &#8211; us\u0142ugi Microsoft"},"content":{"rendered":"\n<section class=\"wp-block-custom-container alignwide block-content  block-content--spacing-top block-content--spacing-bottom block-content--margin-top\"><style>.block-content{position:relative}.block-content--spacing-top{padding-top:5rem}@media (min-width: 992px){.block-content--spacing-top{padding-top:9rem}}.block-content--spacing-bottom{padding-bottom:5rem}@media (min-width: 992px){.block-content--spacing-bottom{padding-bottom:9rem}}.block-content--margin-top{margin-top:5rem}@media (min-width: 992px){.block-content--margin-top{margin-top:9rem}}.block-content--margin-bottom{margin-bottom:5rem}@media (min-width: 992px){.block-content--margin-bottom{margin-bottom:9rem}}.block-content .container{position:relative;z-index:1}.block-content .container--full{padding:0}.block-content .container-overlay{position:absolute;z-index:0;top:0;right:0;bottom:0;left:0}\n<\/style><div class=\"container container--wide\"><div class=\"container__body\">\n<h1 class=\"wp-block-heading\"><strong>Informacje o ochronie danych dla us\u0142ug Microsoft<\/strong><\/h1>\n<\/div><\/div><\/section>\n\n<section class=\"wp-block-custom-container alignwide block-content  block-content--spacing-bottom block-content--margin-bottom\"><div class=\"container container--wide\"><div class=\"container__body\">\n<p>Corteco wykorzystuje produkty z pakietu M365 firmy Microsoft\u00ae Corporation do przechowywania danych w europejskich centrach danych. Corteco zawar\u0142o w tym celu umow\u0119 o przetwarzanie danych z Microsoft\u00ae. Podczas korzystania z tych us\u0142ug online r\u00f3\u017cne dane pracownik\u00f3w Corteco, a tak\u017ce dane klient\u00f3w lub potencjalnych klient\u00f3w s\u0105 przetwarzane przez Microsoft\u00ae i Corteco. Corteco wype\u0142nia sw\u00f3j obowi\u0105zek informowania pracownik\u00f3w i klient\u00f3w zgodnie z art. 13 RODO, publikuj\u0105c te informacje na stronie internetowej Grupy. 13 RODO, publikuj\u0105c te informacje na stronie internetowej Grupy.<\/p>\n\n\n\n<p><strong>Us\u0142ugi te s\u0142u\u017c\u0105 r\u00f3\u017cnym celom:<\/strong><\/p>\n\n\n\n<p>&#8211; Komunikacja z klientami i pracownikami w formie wideokonferencji za po\u015brednictwem MS Teams\u00ae<\/p>\n\n\n\n<p>&#8211; Ankiety satysfakcji klient\u00f3w i pracownik\u00f3w za po\u015brednictwem MS Forms\u00ae<\/p>\n\n\n\n<p>&#8211; Zarz\u0105dzanie spotkaniami i go\u015b\u0107mi za pomoc\u0105 Bookings\u00ae i FindTime\u00ae<\/p>\n\n\n\n<p>&#8211; Wsp\u00f3\u0142praca z klientami i dostawcami za po\u015brednictwem SharedChannels\u00ae i MS Teams\u00ae<\/p>\n\n\n\n<p>W przypadku wszystkich poni\u017cszych operacji przetwarzania danych administratorem zgodnie z art. 4 (7) og\u00f3lnego rozporz\u0105dzenia UE o ochronie danych (RODO) jest<\/p>\n\n\n\n<p>Corteco GmbH<br\/>Badener Str. 4<br\/>69493 Hirschberg, Niemcy<\/p>\n\n\n\n<p>Telefon: +49 6201 25964 0<br\/>Faks: +49 6201 25964-11<br\/>E-mail: service@corteco.de<\/p>\n\n\n\n<p>Z naszym inspektorem ochrony danych mo\u017cna skontaktowa\u0107 si\u0119 pod adresem<\/p>\n\n\n\n<p>legitimis GmbH<br\/>Pi\u0142ka 1<br\/>51429 Bergisch Gladbach, Niemcy<br\/><br\/>Telefon: +49 2202 28 941-0<br\/>E-mail: datenschutz-corteco@legitimis.com<\/p>\n\n\n\n<p><strong>1. Prawa u\u017cytkownika jako osoby, kt\u00f3rej dane dotycz\u0105<\/strong><\/p>\n\n\n\n<p>U\u017cytkownik ma prawo do informacji na temat dotycz\u0105cych go danych osobowych. Mo\u017cesz skontaktowa\u0107 si\u0119 z nami w dowolnym momencie w celu uzyskania informacji. W przypadku wniosku o udzielenie informacji, kt\u00f3ry nie zosta\u0142 z\u0142o\u017cony na pi\u015bmie, prosimy o zrozumienie, \u017ce mo\u017cemy wymaga\u0107 od u\u017cytkownika dowodu, \u017ce jest osob\u0105, za kt\u00f3r\u0105 si\u0119 podaje. Ponadto u\u017cytkownik ma prawo do sprostowania, usuni\u0119cia lub ograniczenia przetwarzania danych, o ile jest do tego prawnie upowa\u017cniony. Wreszcie, u\u017cytkownik ma prawo sprzeciwi\u0107 si\u0119 przetwarzaniu w zakresie okre\u015blonym przepisami ustawowymi. U\u017cytkownik ma r\u00f3wnie\u017c prawo do przenoszenia danych w ramach przepis\u00f3w o ochronie danych.<\/p>\n\n\n\n<p><strong>2. Usuwanie danych<\/strong><\/p>\n\n\n\n<p>Zasadniczo usuwamy dane osobowe, gdy nie ma potrzeby ich dalszego przechowywania. Wym\u00f3g mo\u017ce istnie\u0107 w szczeg\u00f3lno\u015bci, je\u015bli dane s\u0105 nadal potrzebne do \u015bwiadczenia us\u0142ug umownych, sprawdzania i przyznawania lub obrony przed roszczeniami z tytu\u0142u r\u0119kojmi i gwarancji. W przypadku ustawowych obowi\u0105zk\u00f3w przechowywania danych, usuni\u0119cie zostanie rozwa\u017cone dopiero po wyga\u015bni\u0119ciu odpowiedniego obowi\u0105zku przechowywania danych.<\/p>\n\n\n\n<p><strong>3. Odbiorcy \/ przekazywanie danych<\/strong><\/p>\n\n\n\n<p>Dane osobowe przetwarzane w zwi\u0105zku z uczestnictwem w wideokonferencjach nie s\u0105 przekazywane osobom trzecim, chyba \u017ce jest to zamierzone. Nale\u017cy pami\u0119ta\u0107, \u017ce tre\u015bci z opisanych us\u0142ug, a tak\u017ce podczas bezpo\u015brednich spotka\u0144, s\u0105 cz\u0119sto wykorzystywane do dzielenia si\u0119 informacjami z klientami, zainteresowanymi stronami lub dostawcami, a zatem s\u0105 przeznaczone do przekazywania.<\/p>\n\n\n\n<p>Dostawca wspomnianych us\u0142ug Microsoft\u00ae, w tym przypadku Microsoft Corporation, z konieczno\u015bci uzyskuje wiedz\u0119 o opisanych danych, o ile jest to przewidziane w naszej umowie o przetwarzanie zam\u00f3wie\u0144 z Microsoft.<\/p>\n\n\n\n<p><strong>4. Przetwarzanie danych poza Uni\u0105 Europejsk\u0105<\/strong><\/p>\n\n\n\n<p>Przetwarzanie danych poza Uni\u0105 Europejsk\u0105 (UE) zasadniczo nie ma miejsca, poniewa\u017c ograniczyli\u015bmy nasz\u0105 lokalizacj\u0119 przechowywania danych do centr\u00f3w danych w Unii Europejskiej. Nie mo\u017cemy jednak wykluczy\u0107, \u017ce dane mog\u0105 by\u0107 przesy\u0142ane za po\u015brednictwem serwer\u00f3w internetowych znajduj\u0105cych si\u0119 poza UE. Mo\u017ce to mie\u0107 miejsce w szczeg\u00f3lno\u015bci w przypadku, gdy uczestnicy &#8222;us\u0142ug Microsoft&#8221; znajduj\u0105 si\u0119 w pa\u0144stwie trzecim. Ponadto dane telemetryczne mog\u0105 by\u0107 analizowane przez Microsoft. W takim przypadku nie mo\u017cna wykluczy\u0107 transferu do kraju trzeciego, np. do USA. Microsoft stara si\u0119 przestrzega\u0107 mechanizm\u00f3w ochrony, takich jak certyfikacja DataPrivacyFramework<a href=\"https:\/\/www.dataprivacyframework.gov\/s\/participant-search\/participant-detail?id=a2zt0000000KzNaAAK&amp;status=Active\" target=\"_blank\" rel=\"noopener\">(https:\/\/www.dataprivacyframework.gov\/s\/participant-search\/participant-detail?id=a2zt0000000KzNaAAK&amp;status=Active)<\/a>. Wi\u0119cej informacji mo\u017cna znale\u017a\u0107 tutaj <a href=\"https:\/\/privacy.microsoft.com\/de-de\/privacystatement\" target=\"_blank\" rel=\"noopener\">https:\/\/privacy.microsoft.com\/de-de\/privacystatement<\/a>.  <\/p>\n\n\n\n<p>Dane s\u0105 jednak szyfrowane podczas transportu przez Internet i dlatego s\u0105 w du\u017cej mierze chronione przed nieautoryzowanym dost\u0119pem os\u00f3b trzecich.<\/p>\n\n\n\n<p><strong>5. Prawo do z\u0142o\u017cenia skargi do organu nadzorczego<\/strong><\/p>\n\n\n\n<p>U\u017cytkownik ma prawo wnie\u015b\u0107 skarg\u0119 do organu nadzorczego ds. ochrony danych w zwi\u0105zku z przetwarzaniem przez nas danych osobowych. Przegl\u0105d organ\u00f3w nadzoruj\u0105cych ochron\u0119 danych w Niemczech mo\u017cna znale\u017a\u0107 na stronie internetowej Federalnego Komisarza ds.<\/p>\n\n\n\n<figure class=\"wp-block-embed\"><div class=\"wp-block-embed__wrapper\">\nhttps:\/\/www.bfdi.bund.de\/DE\/Service\/Anschriften\/Laender\/Laender-node.html\n<\/div><\/figure>\n\n\n\n<p><strong>6. Prowadzenie spotka\u0144 online, po\u0142\u0105cze\u0144 konferencyjnych i webinari\u00f3w za po\u015brednictwem Microsoft\u00ae Teams\u00ae.<\/strong><\/p>\n\n\n\n<p><strong>Cel przetwarzania danych<\/strong><\/p>\n\n\n\n<p>U\u017cywamy narz\u0119dzia Teams\u00ae do prowadzenia konferencji telefonicznych, wideokonferencji i\/lub webinari\u00f3w (zwanych dalej &#8222;wideokonferencjami&#8221;). Je\u015bli uzyskujesz dost\u0119p do strony internetowej Teams\u00ae, dostawca Teams\u00ae jest odpowiedzialny za przetwarzanie danych. Dost\u0119p do strony internetowej jest jednak niezb\u0119dny wy\u0142\u0105cznie do korzystania z Teams\u00ae w celu pobrania oprogramowania do korzystania z Teams\u00ae.<\/p>\n\n\n\n<p>Je\u015bli nie chcesz lub nie mo\u017cesz korzysta\u0107 z aplikacji Microsoft\u00ae Teams\u00ae, mo\u017cesz r\u00f3wnie\u017c korzysta\u0107 z Teams\u00ae za po\u015brednictwem przegl\u0105darki. Us\u0142uga jest nast\u0119pnie \u015bwiadczona r\u00f3wnie\u017c za po\u015brednictwem witryny internetowej Microsoft.<\/p>\n\n\n\n<p><strong>Przetwarzanie danych osobowych<\/strong><\/p>\n\n\n\n<p>Podczas korzystania z Microsoft\u00ae Teams\u00ae przetwarzane s\u0105 r\u00f3\u017cne rodzaje danych. Zakres danych zale\u017cy r\u00f3wnie\u017c od danych podanych przez u\u017cytkownika przed lub w trakcie udzia\u0142u w wideokonferencji. Zasadniczo przetwarzane s\u0105 nast\u0119puj\u0105ce dane osobowe:<\/p>\n\n\n\n<p>&#8211; <strong>Dane u\u017cytkownika<\/strong>: np. wy\u015bwietlana nazwa, adres e-mail, zdj\u0119cie profilowe (opcjonalnie), preferowany j\u0119zyk.<\/p>\n\n\n\n<p>&#8211; <strong>Metadane spotkania<\/strong>: np. data, godzina, identyfikator spotkania, numery telefon\u00f3w, lokalizacja.<\/p>\n\n\n\n<p>&#8211; <strong>Dane tekstowe, audio i wideo<\/strong>: Istnieje mo\u017cliwo\u015b\u0107 korzystania z funkcji czatu podczas wideokonferencji. W zwi\u0105zku z tym wprowadzane wpisy tekstowe s\u0105 przetwarzane w celu wy\u015bwietlenia ich podczas wideokonferencji. Aby umo\u017cliwi\u0107 wy\u015bwietlanie obrazu i odtwarzanie d\u017awi\u0119ku, dane z mikrofonu urz\u0105dzenia ko\u0144cowego i kamery wideo urz\u0105dzenia ko\u0144cowego b\u0119d\u0105 odpowiednio przetwarzane przez czas trwania spotkania. Kamer\u0119 lub mikrofon mo\u017cna wy\u0142\u0105czy\u0107 lub wyciszy\u0107 w dowolnym momencie za po\u015brednictwem aplikacji Teams\u00ae.<\/p>\n\n\n\n<p><strong>Zakres przetwarzania<\/strong><\/p>\n\n\n\n<p>Je\u015bli b\u0119dziemy chcieli nagrywa\u0107 wideokonferencje, poinformujemy o tym u\u017cytkownika z wyprzedzeniem i &#8211; w razie potrzeby &#8211; poprosimy go o zgod\u0119. Je\u015bli jest to konieczne do cel\u00f3w rejestrowania wynik\u00f3w wideokonferencji, b\u0119dziemy rejestrowa\u0107 zawarto\u015b\u0107 czatu. Zazwyczaj jednak tak si\u0119 nie dzieje. Zautomatyzowane podejmowanie decyzji w rozumieniu art. 22 RODO nie jest stosowane.<\/p>\n\n\n\n<p><strong>Podstawa prawna<\/strong><\/p>\n\n\n\n<p>W zakresie, w jakim przetwarzane s\u0105 dane osobowe pracownik\u00f3w Corteco, nasz\u0105 podstaw\u0105 prawn\u0105 jest art. 6 ust. 1 lit. a) RODO. 6 (1) b) umowy o prac\u0119. Dotyczy to r\u00f3wnie\u017c rozm\u00f3w kwalifikacyjnych z potencjalnymi kandydatami, je\u017celi celem jest zawarcie umowy o prac\u0119 z CORTECO. Ponadto art. 6 par. 1 f) RODO, nasz uzasadniony interes, mo\u017ce stanowi\u0107 podstaw\u0119 prawn\u0105 przetwarzania danych. W tym przypadku mamy uzasadniony interes w zapewnianiu wideokonferencji w ramach komunikacji z klientami i pracownikami. Uczestnictwo lub wykorzystanie odbywa si\u0119 na zasadzie dobrowolno\u015bci zgodnie z Art. 6 par. 1 a) je\u015bli u\u017cytkownik korzysta z us\u0142ugi jako osoba zewn\u0119trzna.<\/p>\n\n\n\n<p><strong>7. Przeprowadzanie ankiet za po\u015brednictwem Microsoft Forms\u00ae<\/strong><\/p>\n\n\n\n<p>U\u017cywamy informacji zebranych przez Forms\u00ae do ulepszania naszych produkt\u00f3w, przeprowadzania ankiet w\u015br\u00f3d klient\u00f3w i zwi\u0119kszania ich zadowolenia. Staramy si\u0119, aby ankiety by\u0142y anonimowe i przyjazne dla ochrony danych, np. poprzez predefiniowane opcje odpowiedzi.  <\/p>\n\n\n\n<p><strong>Cel przetwarzania danych<\/strong><\/p>\n\n\n\n<p>U\u017cywamy Forms\u00ae do ulepszania naszych produkt\u00f3w i zwi\u0119kszania zadowolenia klient\u00f3w i pracownik\u00f3w. Microsoft\u00ae Forms\u00ae jest us\u0142ug\u0105 Microsoft Corporation. W przypadku wywo\u0142ania Forms\u00ae, Microsoft jest wsp\u00f3\u0142odpowiedzialny za przetwarzanie danych. Informacje na temat korzystania z Forms\u00ae mo\u017cna znale\u017a\u0107 na stronach: <a href=\"https:\/\/www.microsoft.com\/de-de\/servicesagreement\/default.aspx\" target=\"_blank\" rel=\"noopener\">https:\/\/www.microsoft.com\/de-de\/servicesagreement\/default.aspx<\/a> i <a href=\"https:\/\/support.microsoft.com\/de-de\/office\/sicherheit-und-datenschutz-in-microsoft-forms-7e57f9ba-4aeb-4b1b-9e21-b75318532cd9\" target=\"_blank\" rel=\"noopener\">https:\/\/support.microsoft.com\/de-de\/office\/sicherheit-und-datenschutz-in-microsoft-forms-7e57f9ba-4aeb-4b1b-9e21-b75318532cd9<\/a>.<\/p>\n\n\n\n<p><strong>Przetwarzanie danych osobowych<\/strong><\/p>\n\n\n\n<p>Podczas korzystania z Forms\u00ae przetwarzane s\u0105 r\u00f3\u017cne rodzaje danych. Zakres danych zale\u017cy mi\u0119dzy innymi od tego, jakie dane wprowadzi u\u017cytkownik. Nie jest mo\u017cliwe stworzenie wyczerpuj\u0105cej listy, poniewa\u017c zawsze istnieje mo\u017cliwo\u015b\u0107 przes\u0142ania nam danych osobowych, na przyk\u0142ad podczas udzielania odpowiedzi na pytania otwarte. Przetwarzaniu podlegaj\u0105 nast\u0119puj\u0105ce dane osobowe:<\/p>\n\n\n\n<p>&#8211; <strong>Dane u\u017cytkownika<\/strong>: np. informacje profilowe, adres e-mail (w przypadku u\u017cytku wewn\u0119trznego w Corteco)<\/p>\n\n\n\n<p>&#8211; <strong>Dane dotycz\u0105ce u\u017cytkowania<\/strong>: np. data i godzina wej\u015bcia.<\/p>\n\n\n\n<p>&#8211; <strong>Dane tekstowe<\/strong> w polach odpowiedzi: U\u017cytkownik decyduje, jakie dane osobowe nam przesy\u0142a.<\/p>\n\n\n\n<p><strong>Zakres przetwarzania<\/strong><\/p>\n\n\n\n<p>U\u017cywamy Forms\u00ae do zbierania opinii od naszych klient\u00f3w i pracownik\u00f3w. Mog\u0105 to by\u0107 informacje o produktach i us\u0142ugach Corteco lub do wewn\u0119trznych cel\u00f3w administracyjnych. Zautomatyzowane podejmowanie decyzji w rozumieniu art. 22 RODO nie jest stosowane.<\/p>\n\n\n\n<p><strong>Podstawa prawna<\/strong><\/p>\n\n\n\n<p>W zakresie, w jakim przetwarzane s\u0105 dane osobowe pracownik\u00f3w Corteco, nasz\u0105 podstaw\u0105 prawn\u0105 jest art. 6 ust. 1 lit. a) RODO. 6 (1) b) umowy o prac\u0119. Mog\u0105 to by\u0107 wspomniane wy\u017cej cele administracyjne. Ponadto art. 6 par. 1 f) RODO, nasz uzasadniony interes, mo\u017ce stanowi\u0107 podstaw\u0119 prawn\u0105 przetwarzania danych. W takich przypadkach jeste\u015bmy zainteresowani ulepszeniem produktu oraz zadowoleniem klient\u00f3w i pracownik\u00f3w. Udzia\u0142 u\u017cytkownika w takich ankietach jest dobrowolny zgodnie z art. 6 ust. 1 lit. a) RODO. 6 (1) a) RODO, je\u015bli u\u017cytkownik korzysta z us\u0142ugi jako osoba zewn\u0119trzna.<\/p>\n\n\n\n<p><strong>8. Umawianie spotka\u0144 za po\u015brednictwem Microsoft\u00ae Bookings\u00ae i FindTime\u00ae<\/strong><\/p>\n\n\n\n<p>Oferujemy klientom, pracownikom, kandydatom i dostawcom planowanie spotka\u0144 za po\u015brednictwem Microsoft\u00ae Bookings\u00ae lub Microsoft FindTime\u00ae. Dzi\u0119ki temu mo\u017cemy oferowa\u0107 spotkania twarz\u0105 w twarz, wideokonferencje, rozmowy telefoniczne lub webinaria.  <\/p>\n\n\n\n<p><strong>Cel przetwarzania danych<\/strong><\/p>\n\n\n\n<p>U\u017cywamy Bookings\u00ae i FindTime\u00ae do efektywnego planowania spotka\u0144 i wydarze\u0144. Je\u015bli u\u017cytkownik uzyskuje dost\u0119p do us\u0142ugi Bookings\u00ae lub FindTime\u00ae online, firma Microsoft\u00ae jest wsp\u00f3\u0142odpowiedzialna za przetwarzanie danych. Informacje na temat korzystania z Bookings\u00ae mo\u017cna znale\u017a\u0107 na stronie: https:\/\/learn.microsoft.com\/de-de\/microsoft-365\/bookings\/bookings-faq?view=o365-worldwide, a FindTime\u00ae mo\u017cna znale\u017a\u0107 tutaj: <a href=\"https:\/\/support.microsoft.com\/de-de\/office\/datenschutz-und-schutz-personenbezogener-daten-in-findtime-7dbbeb41-245c-4573-97ea-50fcb8610cde\" target=\"_blank\" rel=\"noopener\">https:\/\/support.microsoft.com\/de-de\/office\/datenschutz-und-schutz-personenbezogener-daten-in-findtime-7dbbeb41-245c-4573-97ea-50fcb8610cde<\/a>.  <\/p>\n\n\n\n<p><strong>Przetwarzanie danych osobowych<\/strong><\/p>\n\n\n\n<p>Podczas korzystania z Bookings\u00ae i FindTime\u00ae przetwarzane s\u0105 przede wszystkim dane kontaktowe i dane dotycz\u0105ce spotka\u0144. Przetwarzane s\u0105 nast\u0119puj\u0105ce dane osobowe:<\/p>\n\n\n\n<p>&#8211; <strong>Dane u\u017cytkownika: <\/strong>np. informacje profilowe, adres e-mail, informacje o firmie<strong><\/strong><\/p>\n\n\n\n<p>&#8211; <strong>Dane daty: <\/strong>np. wybrany okres, data i dane wydarzenia, takie jak lokalizacja, organizator itp.<strong><\/strong><\/p>\n\n\n\n<p><strong>Zakres przetwarzania<\/strong><\/p>\n\n\n\n<p>U\u017cywamy Bookings\u00ae i FindTime\u00ae do efektywnej wsp\u00f3\u0142pracy i planowania spotka\u0144. Zautomatyzowane podejmowanie decyzji w rozumieniu art. 22 RODO nie jest stosowane.<\/p>\n\n\n\n<p><strong>Podstawa prawna<\/strong><\/p>\n\n\n\n<p>W zakresie, w jakim przetwarzane s\u0105 dane osobowe pracownik\u00f3w Corteco, nasz\u0105 podstaw\u0105 prawn\u0105 jest art. 6 ust. 1 lit. a) RODO. 6 (1) b) umowy o prac\u0119. Mo\u017ce to s\u0142u\u017cy\u0107 celom administracyjnym i szkoleniowym. Ponadto art. 6 par. 1 f) RODO, nasz uzasadniony interes, mo\u017ce stanowi\u0107 podstaw\u0119 prawn\u0105 przetwarzania danych. W takich przypadkach jeste\u015bmy zainteresowani optymalizacj\u0105 proces\u00f3w i oszcz\u0119dno\u015bci\u0105 czasu w koordynacji. Udzia\u0142 u\u017cytkownika w planowaniu spotka\u0144 jest dobrowolny zgodnie z Art. 6 par. 1 a) RODO, je\u015bli u\u017cytkownik korzysta z us\u0142ugi jako osoba zewn\u0119trzna.<\/p>\n\n\n\n<p><strong>9. Wsp\u00f3\u0142praca w kontek\u015bcie dost\u0119pu go\u015bci za po\u015brednictwem SharedChannels\u00ae<\/strong><\/p>\n\n\n\n<p>Wsp\u00f3\u0142pracujemy z partnerami biznesowymi w kontek\u015bcie wsp\u00f3\u0142pracy produktowej i badawczej, z pracownikami innych Corteco i innymi dostawcami us\u0142ug. W razie potrzeby mo\u017cna utworzy\u0107 dost\u0119p go\u015bcinny do system\u00f3w takich jak Teams\u00ae.<\/p>\n\n\n\n<p><strong>Cel przetwarzania danych<\/strong><\/p>\n\n\n\n<p>SharedChannels\u00ae jest funkcj\u0105 Teams\u00ae, a zatem us\u0142ug\u0105 Microsoft Corporation. S\u0142u\u017cy do wydajnej wsp\u00f3\u0142pracy w oparciu o pakiet M365 Suite i jego zintegrowane aplikacje. Wi\u0119cej informacji mo\u017cna znale\u017a\u0107 na stronie: <a href=\"https:\/\/support.microsoft.com\/en-us\/office\/what-is-a-shared-channel-in-microsoft-teams-e70a8c22-fee4-4d6e-986f-9e0781d7d11d\" target=\"_blank\" rel=\"noopener\">https:\/\/support.microsoft.com\/en-us\/office\/what-is-a-shared-channel-in-microsoft-teams-e70a8c22-fee4-4d6e-986f-9e0781d7d11d<\/a> <\/p>\n\n\n\n<p><strong>Przetwarzanie danych osobowych<\/strong><\/p>\n\n\n\n<p>Podczas korzystania z SharedChannels\u00ae przetwarzane s\u0105 r\u00f3\u017cne rodzaje danych. Zakres danych zale\u017cy mi\u0119dzy innymi od tego, jakie uprawnienia i role zosta\u0142y przypisane u\u017cytkownikowi. Nie jest mo\u017cliwe stworzenie wyczerpuj\u0105cej listy, poniewa\u017c zawsze zale\u017cy to od sytuacji. Zasadniczo przetwarzane s\u0105 nast\u0119puj\u0105ce dane osobowe:<\/p>\n\n\n\n<p>&#8211; <strong>Dane u\u017cytkownika<\/strong>: np. informacje profilowe, dane kontaktowe<\/p>\n\n\n\n<p>&#8211; <strong>Dane u\u017cytkowania<\/strong>: np. dane logowania, zmiany w dokumentach<\/p>\n\n\n\n<p>&#8211; <strong>Dane projektu<\/strong>: Dokumenty, prezentacje, dane audio i wideo (niewyczerpuj\u0105ce)<\/p>\n\n\n\n<p><strong>Zakres przetwarzania<\/strong><\/p>\n\n\n\n<p>U\u017cywamy SharedChannels\u00ae i Teams\u00ae do wspomnianej wsp\u00f3\u0142pracy w kontek\u015bcie dzia\u0142alno\u015bci biznesowej Corteco Business Group. Zautomatyzowane podejmowanie decyzji w rozumieniu art. 22 RODO nie jest stosowane.<\/p>\n\n\n\n<p><strong>Podstawa prawna<\/strong> W zakresie, w jakim przetwarzane s\u0105 dane osobowe pracownik\u00f3w CORTECO, nasz\u0105 podstaw\u0105 prawn\u0105 jest Art. 6 par. 1 b) RODO, umowa o prac\u0119. Ponadto art. 6 par. 1 f) RODO, nasz uzasadniony interes, mo\u017ce stanowi\u0107 podstaw\u0119 prawn\u0105 przetwarzania danych. W takich przypadkach jeste\u015bmy zainteresowani wsp\u00f3\u0142prac\u0105 w ramach grupy sp\u00f3\u0142ek oraz z naszymi klientami, dostawcami i us\u0142ugodawcami.<\/p>\n<\/div><\/div><\/section>\n","protected":false},"excerpt":{"rendered":"","protected":false},"author":13,"featured_media":0,"parent":0,"menu_order":0,"comment_status":"closed","ping_status":"closed","template":"","meta":{"_acf_changed":false,"footnotes":""},"class_list":["post-6037","page","type-page","status-publish","hentry"],"acf":[],"_links":{"self":[{"href":"https:\/\/www.corteco.com\/pl\/wp-json\/wp\/v2\/pages\/6037","targetHints":{"allow":["GET"]}}],"collection":[{"href":"https:\/\/www.corteco.com\/pl\/wp-json\/wp\/v2\/pages"}],"about":[{"href":"https:\/\/www.corteco.com\/pl\/wp-json\/wp\/v2\/types\/page"}],"author":[{"embeddable":true,"href":"https:\/\/www.corteco.com\/pl\/wp-json\/wp\/v2\/users\/13"}],"replies":[{"embeddable":true,"href":"https:\/\/www.corteco.com\/pl\/wp-json\/wp\/v2\/comments?post=6037"}],"version-history":[{"count":3,"href":"https:\/\/www.corteco.com\/pl\/wp-json\/wp\/v2\/pages\/6037\/revisions"}],"predecessor-version":[{"id":6377,"href":"https:\/\/www.corteco.com\/pl\/wp-json\/wp\/v2\/pages\/6037\/revisions\/6377"}],"wp:attachment":[{"href":"https:\/\/www.corteco.com\/pl\/wp-json\/wp\/v2\/media?parent=6037"}],"curies":[{"name":"wp","href":"https:\/\/api.w.org\/{rel}","templated":true}]}}