{"id":6072,"date":"2024-06-11T11:30:44","date_gmt":"2024-06-11T09:30:44","guid":{"rendered":"https:\/\/www.corteco.com\/wymagana-weryfikacja-adresu-e-mail\/"},"modified":"2024-07-25T13:25:09","modified_gmt":"2024-07-25T11:25:09","slug":"wymagana-weryfikacja-adresu-e-mail","status":"publish","type":"page","link":"https:\/\/www.corteco.com\/pl\/wymagana-weryfikacja-adresu-e-mail\/","title":{"rendered":"Wymagana weryfikacja adresu e-mail"},"content":{"rendered":"\n<section class=\"wp-block-custom-container alignwide block-content  block-content--spacing-top block-content--spacing-bottom block-content--margin-top\"><style>.block-content{position:relative}.block-content--spacing-top{padding-top:5rem}@media (min-width: 992px){.block-content--spacing-top{padding-top:9rem}}.block-content--spacing-bottom{padding-bottom:5rem}@media (min-width: 992px){.block-content--spacing-bottom{padding-bottom:9rem}}.block-content--margin-top{margin-top:5rem}@media (min-width: 992px){.block-content--margin-top{margin-top:9rem}}.block-content--margin-bottom{margin-bottom:5rem}@media (min-width: 992px){.block-content--margin-bottom{margin-bottom:9rem}}.block-content .container{position:relative;z-index:1}.block-content .container--full{padding:0}.block-content .container-overlay{position:absolute;z-index:0;top:0;right:0;bottom:0;left:0}\n<\/style><div class=\"container container--wide\"><div class=\"container__body\">\n<h1 class=\"wp-block-heading\">Wymagana weryfikacja adresu e-mail<\/h1>\n<\/div><\/div><\/section>\n\n<section class=\"wp-block-custom-container alignwide block-content  block-content--spacing-bottom block-content--margin-bottom\"><div class=\"container container--wide\"><div class=\"container__body\">\n<p class=\"has-secondary-lightest-background-color has-background\">Otrzyma\u0142e\u015b od nas wiadomo\u015b\u0107 e-mail. Kliknij podany link, aby potwierdzi\u0107 sw\u00f3j adres e-mail.<\/p>\n<\/div><\/div><\/section>\n","protected":false},"excerpt":{"rendered":"","protected":false},"author":13,"featured_media":0,"parent":0,"menu_order":0,"comment_status":"closed","ping_status":"closed","template":"","meta":{"_acf_changed":false,"footnotes":""},"class_list":["post-6072","page","type-page","status-publish","hentry"],"acf":[],"_links":{"self":[{"href":"https:\/\/www.corteco.com\/pl\/wp-json\/wp\/v2\/pages\/6072","targetHints":{"allow":["GET"]}}],"collection":[{"href":"https:\/\/www.corteco.com\/pl\/wp-json\/wp\/v2\/pages"}],"about":[{"href":"https:\/\/www.corteco.com\/pl\/wp-json\/wp\/v2\/types\/page"}],"author":[{"embeddable":true,"href":"https:\/\/www.corteco.com\/pl\/wp-json\/wp\/v2\/users\/13"}],"replies":[{"embeddable":true,"href":"https:\/\/www.corteco.com\/pl\/wp-json\/wp\/v2\/comments?post=6072"}],"version-history":[{"count":3,"href":"https:\/\/www.corteco.com\/pl\/wp-json\/wp\/v2\/pages\/6072\/revisions"}],"predecessor-version":[{"id":6389,"href":"https:\/\/www.corteco.com\/pl\/wp-json\/wp\/v2\/pages\/6072\/revisions\/6389"}],"wp:attachment":[{"href":"https:\/\/www.corteco.com\/pl\/wp-json\/wp\/v2\/media?parent=6072"}],"curies":[{"name":"wp","href":"https:\/\/api.w.org\/{rel}","templated":true}]}}