{"id":7465,"date":"2025-06-12T14:16:39","date_gmt":"2025-06-12T12:16:39","guid":{"rendered":"https:\/\/www.corteco.com\/?page_id=7465"},"modified":"2025-06-12T14:16:39","modified_gmt":"2025-06-12T12:16:39","slug":"bezpieczenstwo-danych-media-spolecznosciowe-2","status":"publish","type":"page","link":"https:\/\/www.corteco.com\/pl\/bezpieczenstwo-danych-media-spolecznosciowe-2\/","title":{"rendered":"Bezpiecze\u0144stwo danych &#8211; Media spo\u0142eczno\u015bciowe"},"content":{"rendered":"\n<section class=\"wp-block-custom-container alignwide block-content  block-content--spacing-top block-content--spacing-bottom block-content--margin-top\"><style>.block-content{position:relative}.block-content--spacing-top{padding-top:5rem}@media (min-width: 992px){.block-content--spacing-top{padding-top:9rem}}.block-content--spacing-bottom{padding-bottom:5rem}@media (min-width: 992px){.block-content--spacing-bottom{padding-bottom:9rem}}.block-content--margin-top{margin-top:5rem}@media (min-width: 992px){.block-content--margin-top{margin-top:9rem}}.block-content--margin-bottom{margin-bottom:5rem}@media (min-width: 992px){.block-content--margin-bottom{margin-bottom:9rem}}.block-content .container{position:relative;z-index:1}.block-content .container--full{padding:0}.block-content .container-overlay{position:absolute;z-index:0;top:0;right:0;bottom:0;left:0}\n<\/style><div class=\"container container--wide\"><div class=\"container__body\">\n<h1 class=\"wp-block-heading\"><strong>Informacje dotycz\u0105ce ochrony danych w mediach spo\u0142eczno\u015bciowych<\/strong><\/h1>\n<\/div><\/div><\/section>\n\n<section class=\"wp-block-custom-container alignwide block-content  block-content--spacing-bottom block-content--margin-bottom\"><div class=\"container container--wide\"><div class=\"container__body\">\n<p><strong>1. Cele przetwarzania danych:<\/strong><\/p>\n\n\n\n<p>Jeste\u015bmy obecni w r\u00f3\u017cnych mediach spo\u0142eczno\u015bciowych, aby prezentowa\u0107 si\u0119, dostarcza\u0107 informacje, kontaktowa\u0107 si\u0119 z odpowiednimi u\u017cytkownikami i komunikowa\u0107 si\u0119 z nimi.<\/p>\n\n\n\n<p>Administratorem danych zgodnie z art. 4 (7) og\u00f3lnego rozporz\u0105dzenia UE o ochronie danych (RODO) jest<\/p>\n\n\n\n<p>Corteco GmbH<br\/>Badener Str. 4<br\/>69493 Hirschberg<br\/>Hirschberg, Niemcy<\/p>\n\n\n\n<p>Tel: +49 6201 25964 0<br\/>Faks: +49 6201 25964-11<br\/>E-mail: service@corteco.de<\/p>\n\n\n\n<p>Z naszym inspektorem ochrony danych mo\u017cna skontaktowa\u0107 si\u0119 pod adresem<\/p>\n\n\n\n<p>legitimis GmbH<br\/>Pi\u0142ka 1<br\/>51429 Bergisch Gladbach, Niemcy<\/p>\n\n\n\n<p>Telefon: +49 (0) 2202 28 941-0<br\/>E-mail: datenschutz-corteco@legitimis.com<\/p>\n\n\n\n<p><strong>2. Przetwarzanie danych osobowych:<\/strong><\/p>\n\n\n\n<p>Przetwarzanie danych przez sieci spo\u0142eczno\u015bciowe<\/p>\n\n\n\n<p>Prowadzimy publicznie dost\u0119pne profile w sieciach spo\u0142eczno\u015bciowych. Poni\u017cej wymieniono poszczeg\u00f3lne sieci spo\u0142eczno\u015bciowe, z kt\u00f3rych korzystamy.<\/p>\n\n\n\n<p>Sieci spo\u0142eczno\u015bciowe, takie jak Facebook, Twitter itp., mog\u0105 zasadniczo kompleksowo analizowa\u0107 zachowanie u\u017cytkownika podczas odwiedzania ich strony internetowej lub strony internetowej ze zintegrowanymi tre\u015bciami medi\u00f3w spo\u0142eczno\u015bciowych (np. przyciskami &#8222;Lubi\u0119 to&#8221; lub banerami reklamowymi). Odwiedzanie naszych medi\u00f3w spo\u0142eczno\u015bciowych wi\u0105\u017ce si\u0119 z licznymi operacjami przetwarzania danych istotnymi z punktu widzenia ochrony danych. W szczeg\u00f3\u0142ach:<\/p>\n\n\n\n<p>Je\u015bli u\u017cytkownik jest zalogowany na swoim koncie w mediach spo\u0142eczno\u015bciowych i odwiedza nasze media spo\u0142eczno\u015bciowe, operator portalu medi\u00f3w spo\u0142eczno\u015bciowych mo\u017ce przypisa\u0107 t\u0119 wizyt\u0119 do konta u\u017cytkownika. Dane osobowe u\u017cytkownika mog\u0105 by\u0107 jednak gromadzone r\u00f3wnie\u017c wtedy, gdy u\u017cytkownik nie jest zalogowany lub nie posiada konta w danym portalu spo\u0142eczno\u015bciowym. W takim przypadku gromadzenie danych odbywa si\u0119 na przyk\u0142ad za po\u015brednictwem plik\u00f3w cookie przechowywanych na urz\u0105dzeniu ko\u0144cowym u\u017cytkownika lub przez<\/p>\n\n\n\n<p>rejestrowanie adresu IP. Za pomoc\u0105 zebranych w ten spos\u00f3b danych operatorzy portali spo\u0142eczno\u015bciowych mog\u0105 tworzy\u0107 profile u\u017cytkownik\u00f3w, w kt\u00f3rych przechowywane s\u0105 ich preferencje i zainteresowania. W ten spos\u00f3b reklamy oparte na zainteresowaniach mog\u0105 by\u0107 wy\u015bwietlane u\u017cytkownikowi wewn\u0105trz i na zewn\u0105trz odpowiednich medi\u00f3w spo\u0142eczno\u015bciowych. Je\u015bli masz<\/p>\n\n\n\n<p>w danej sieci spo\u0142eczno\u015bciowej, reklamy oparte na zainteresowaniach mog\u0105 by\u0107 wy\u015bwietlane na wszystkich urz\u0105dzeniach, na kt\u00f3rych u\u017cytkownik jest lub by\u0142 zalogowany.<\/p>\n\n\n\n<p>Nale\u017cy r\u00f3wnie\u017c pami\u0119ta\u0107, \u017ce nie mo\u017cemy \u015bledzi\u0107 wszystkich operacji przetwarzania na portalach spo\u0142eczno\u015bciowych. W zale\u017cno\u015bci od dostawcy, dalsze operacje przetwarzania mog\u0105 by\u0107 przeprowadzane przez operator\u00f3w portali spo\u0142eczno\u015bciowych. Szczeg\u00f3\u0142owe informacje mo\u017cna znale\u017a\u0107 w warunkach u\u017cytkowania i postanowieniach dotycz\u0105cych ochrony danych odpowiednich portali spo\u0142eczno\u015bciowych.<\/p>\n\n\n\n<p><strong>Podstawa prawna<\/strong><\/p>\n\n\n\n<p>Nasza obecno\u015b\u0107 w mediach spo\u0142eczno\u015bciowych ma na celu zapewnienie jak najszerszej obecno\u015bci w Internecie. Jest to uzasadniony interes w rozumieniu Art. 6 par. 1 litr. f RODO. Procesy analizy inicjowane przez sieci spo\u0142eczno\u015bciowe mog\u0105 opiera\u0107 si\u0119 na r\u00f3\u017cnych podstawach prawnych, kt\u00f3re musz\u0105 zosta\u0107 okre\u015blone przez operator\u00f3w sieci spo\u0142eczno\u015bciowych (np. zgoda w rozumieniu art. 6 ust. 1 lit. a RODO).<\/p>\n\n\n\n<p><strong>Administrator i dochodzenie praw<\/strong><\/p>\n\n\n\n<p>Je\u015bli u\u017cytkownik odwiedza jedn\u0105 z naszych witryn medi\u00f3w spo\u0142eczno\u015bciowych (np. Facebook), jeste\u015bmy wsp\u00f3lnie odpowiedzialni z operatorem platformy medi\u00f3w spo\u0142eczno\u015bciowych za operacje przetwarzania danych uruchomione podczas tej wizyty. U\u017cytkownik mo\u017ce dochodzi\u0107 swoich praw (do informacji, sprostowania, usuni\u0119cia, ograniczenia przetwarzania, przenoszenia danych i reklamacji) zar\u00f3wno wobec nas, jak i wobec operatora danego portalu spo\u0142eczno\u015bciowego (np. Facebooka).<\/p>\n\n\n\n<p>Nale\u017cy pami\u0119ta\u0107, \u017ce pomimo wsp\u00f3lnej odpowiedzialno\u015bci z operatorami portali spo\u0142eczno\u015bciowych, nie mamy pe\u0142nego wp\u0142ywu na procedury przetwarzania danych przez portale spo\u0142eczno\u015bciowe. Nasze opcje zale\u017c\u0105 w du\u017cej mierze od polityki firmy danego dostawcy.<\/p>\n\n\n\n<p><strong>Czas przechowywania<\/strong><\/p>\n\n\n\n<p>Dane zebrane bezpo\u015brednio przez nas za po\u015brednictwem medi\u00f3w spo\u0142eczno\u015bciowych zostan\u0105 usuni\u0119te z naszych system\u00f3w, gdy tylko cel ich przechowywania przestanie obowi\u0105zywa\u0107, u\u017cytkownik za\u017c\u0105da ich usuni\u0119cia, cofnie zgod\u0119 na przechowywanie lub cel przechowywania danych przestanie obowi\u0105zywa\u0107. Przechowywane pliki cookie pozostaj\u0105 na urz\u0105dzeniu ko\u0144cowym u\u017cytkownika do momentu ich usuni\u0119cia. Obowi\u0105zkowe przepisy ustawowe &#8211; w szczeg\u00f3lno\u015bci okresy przechowywania &#8211; pozostaj\u0105 nienaruszone.<\/p>\n\n\n\n<p>Nie mamy wp\u0142ywu na okres przechowywania danych u\u017cytkownika, kt\u00f3re s\u0105 przechowywane przez operator\u00f3w sieci spo\u0142eczno\u015bciowych do ich w\u0142asnych cel\u00f3w. Aby uzyska\u0107 szczeg\u00f3\u0142owe informacje, nale\u017cy skontaktowa\u0107 si\u0119 bezpo\u015brednio z operatorami sieci spo\u0142eczno\u015bciowych (np. w ich polityce prywatno\u015bci, patrz poni\u017cej).<\/p>\n\n\n\n<p><strong>3. Nasz wygl\u0105d w skr\u00f3cie:<\/strong><\/p>\n\n\n\n<p>Facebook<\/p>\n\n\n\n<p>Mamy profil na Facebooku. Dostawc\u0105 tej us\u0142ugi jest Meta Platforms Ireland Limited, Merrion Road, Dublin 4, D04 X2K5, Irlandia. Wed\u0142ug Facebooka zebrane dane s\u0105 r\u00f3wnie\u017c przekazywane do USA i innych kraj\u00f3w trzecich.<\/p>\n\n\n\n<p>Mo\u017cesz samodzielnie dostosowa\u0107 ustawienia reklam na swoim koncie u\u017cytkownika. Aby to zrobi\u0107, kliknij poni\u017cszy link i zaloguj si\u0119:<\/p>\n\n\n\n<figure class=\"wp-block-embed\"><div class=\"wp-block-embed__wrapper\">\nhttps:\/\/www.facebook.com\/settings?tab=ads.\n<\/div><\/figure>\n\n\n\n<p>Szczeg\u00f3\u0142y mo\u017cna znale\u017a\u0107 w polityce prywatno\u015bci Facebooka:<\/p>\n\n\n\n<figure class=\"wp-block-embed\"><div class=\"wp-block-embed__wrapper\">\nhttps:\/\/www.facebook.com\/about\/privacy\/.\n<\/div><\/figure>\n\n\n\n<p>WhatsApp<\/p>\n\n\n\n<p>Oferujemy naszym klientom komunikacj\u0119 z WhatsApp w ramach us\u0142ugi warsztatowej. Dostawc\u0105 jest WhatsApp Ireland Limited, Merrion Road, Dublin 4, D04 X2K5, Irlandia.<\/p>\n\n\n\n<p>Szczeg\u00f3\u0142owe informacje na temat post\u0119powania z danymi osobowymi u\u017cytkownika mo\u017cna znale\u017a\u0107 na stronie<\/p>\n\n\n\n<p>Polityk\u0119 prywatno\u015bci WhatsApp, w szczeg\u00f3lno\u015bci w odniesieniu do operacji biznesowych WhatsApp, mo\u017cna znale\u017a\u0107 tutaj: https:\/\/faq.whatsapp.com\/487873433380321 i https:\/\/www.whatsapp.com\/legal.<\/p>\n\n\n\n<p>LinkedIn<\/p>\n\n\n\n<p>Mamy profil na LinkedIn. Dostawc\u0105 jest LinkedIn Ireland Unlimited Company, Wilton Plaza, Wilton Place, Dublin 2, Irlandia. LinkedIn wykorzystuje reklamowe pliki cookie. Je\u015bli chcesz dezaktywowa\u0107 reklamowe pliki cookie LinkedIn, skorzystaj z poni\u017cszego linku<\/p>\n\n\n\n<figure class=\"wp-block-embed\"><div class=\"wp-block-embed__wrapper\">\nhttps:\/\/www.linkedin.com\/psettings\/guest-controls\/retargeting-opt-out.\n<\/div><\/figure>\n\n\n\n<p>Szczeg\u00f3\u0142owe informacje na temat post\u0119powania z danymi osobowymi mo\u017cna znale\u017a\u0107 w polityce prywatno\u015bci LinkedIn: https:\/\/www.linkedin.com\/legal\/privacy-policy.<\/p>\n\n\n\n<p>Instagram<\/p>\n\n\n\n<p>Mamy profil na Instagramie. Dostawc\u0105 jest Meta Platforms Ireland Limited, Merrion Road, Dublin 4, D04 X2K5, Irlandia.<\/p>\n\n\n\n<p>Szczeg\u00f3\u0142owe informacje na temat post\u0119powania z danymi osobowymi u\u017cytkownik\u00f3w mo\u017cna znale\u017a\u0107 w polityce prywatno\u015bci LinkedIn: https:\/\/help.instagram.com\/155833707900388.<\/p>\n\n\n\n<p>XING<\/p>\n\n\n\n<p>Mamy profil na XING. Dostawc\u0105 jest New Work SE, Dammtorstra\u00dfe 30, 20354 Hamburg, Niemcy.<\/p>\n\n\n\n<p>Szczeg\u00f3\u0142owe informacje na temat post\u0119powania z danymi osobowymi u\u017cytkownika mo\u017cna znale\u017a\u0107 w polityce prywatno\u015bci XING: https:\/\/privacy.xing.com\/de\/datenschutzerklaerung.<\/p>\n\n\n\n<p>YouTube<\/p>\n\n\n\n<p>Mamy kana\u0142 na YouTube. Dostawc\u0105 jest Google Ireland Limited, Gordon House, 4 Barrow St, Dublin, D04 E5W5, Irlandia<\/p>\n\n\n\n<p>Szczeg\u00f3\u0142owe informacje na temat post\u0119powania z danymi osobowymi u\u017cytkownika mo\u017cna znale\u017a\u0107 w polityce prywatno\u015bci na stronie https:\/\/policies.google.com\/privacy?hl=de&amp;gl=de#infocollect.<\/p>\n<\/div><\/div><\/section>\n","protected":false},"excerpt":{"rendered":"","protected":false},"author":16,"featured_media":0,"parent":0,"menu_order":0,"comment_status":"closed","ping_status":"closed","template":"","meta":{"_acf_changed":false,"footnotes":""},"class_list":["post-7465","page","type-page","status-publish","hentry"],"acf":[],"_links":{"self":[{"href":"https:\/\/www.corteco.com\/pl\/wp-json\/wp\/v2\/pages\/7465","targetHints":{"allow":["GET"]}}],"collection":[{"href":"https:\/\/www.corteco.com\/pl\/wp-json\/wp\/v2\/pages"}],"about":[{"href":"https:\/\/www.corteco.com\/pl\/wp-json\/wp\/v2\/types\/page"}],"author":[{"embeddable":true,"href":"https:\/\/www.corteco.com\/pl\/wp-json\/wp\/v2\/users\/16"}],"replies":[{"embeddable":true,"href":"https:\/\/www.corteco.com\/pl\/wp-json\/wp\/v2\/comments?post=7465"}],"version-history":[{"count":1,"href":"https:\/\/www.corteco.com\/pl\/wp-json\/wp\/v2\/pages\/7465\/revisions"}],"predecessor-version":[{"id":7478,"href":"https:\/\/www.corteco.com\/pl\/wp-json\/wp\/v2\/pages\/7465\/revisions\/7478"}],"wp:attachment":[{"href":"https:\/\/www.corteco.com\/pl\/wp-json\/wp\/v2\/media?parent=7465"}],"curies":[{"name":"wp","href":"https:\/\/api.w.org\/{rel}","templated":true}]}}