{"id":5743,"date":"2022-07-07T08:52:30","date_gmt":"2022-07-07T06:52:30","guid":{"rendered":"https:\/\/www.corteco.com\/kunye\/"},"modified":"2026-02-03T17:01:44","modified_gmt":"2026-02-03T16:01:44","slug":"kunye","status":"publish","type":"page","link":"https:\/\/www.corteco.com\/tr\/kunye\/","title":{"rendered":"K\u00fcnye"},"content":{"rendered":"\n<section class=\"wp-block-custom-container alignwide block-content  block-content--spacing-top block-content--spacing-bottom block-content--margin-top\"><style>.block-content{position:relative}.block-content--spacing-top{padding-top:5rem}@media (min-width: 992px){.block-content--spacing-top{padding-top:9rem}}.block-content--spacing-bottom{padding-bottom:5rem}@media (min-width: 992px){.block-content--spacing-bottom{padding-bottom:9rem}}.block-content--margin-top{margin-top:5rem}@media (min-width: 992px){.block-content--margin-top{margin-top:9rem}}.block-content--margin-bottom{margin-bottom:5rem}@media (min-width: 992px){.block-content--margin-bottom{margin-bottom:9rem}}.block-content .container{position:relative;z-index:1}.block-content .container--full{padding:0}.block-content .container-overlay{position:absolute;z-index:0;top:0;right:0;bottom:0;left:0}\n<\/style><div class=\"container container--wide\"><div class=\"container__body\">\n<h1 class=\"wp-block-heading\" id=\"cc-m-header-5545516462\">K\u00fcnye<\/h1>\n\n\n\n<p>Corteco GmbH<br>Im Tiefgewann 4<br>69469 Weinheim<br>Almanya<\/p>\n\n\n\n<p>Telefon numaras\u0131: +49 (0) 6201 25 96 4-0<br>E-Mail: <a href=\"javascript:linkTo_UnCryptMailto('jxfiql7pbosfzbXzloqbzl+ab');\">service@corteco.de<\/a><br>\u0130nternet: <a href=\"http:\/\/www.corteco.com\/\" target=\"_blank\" rel=\"noreferrer noopener\">www.corteco.com<\/a><\/p>\n\n\n\n<p>\u00a7 55 Abs. uyar\u0131nca i\u00e7erikten sorumludur. 2 RStV:<br>Kerstin Borrs<br>Alexander J\u00f6rn<\/p>\n\n\n\n<p><br><strong>Yasal Uyar\u0131<\/strong><br>A\u015fa\u011f\u0131daki yasal uyar\u0131lar web sitemize eri\u015fimi ve web sitemizin kullan\u0131m\u0131n\u0131 d\u00fczenler. Bu sitenin kullan\u0131m\u0131, bu h\u00fck\u00fcm ve ko\u015fullar\u0131n ge\u00e7erli haliyle kabul edildi\u011fi anlam\u0131na geldi\u011finden, l\u00fctfen a\u015fa\u011f\u0131da belirtilen h\u00fck\u00fcm ve ko\u015fullar\u0131 dikkatlice okuyun.<br><br><strong>Y\u00f6netim Kurulu<\/strong><br>Kerstin Borrs<br>Alexander J\u00f6rn<br><br><strong>Ticaret Sicili \/ Sicil Numaras\u0131<\/strong><br>Sicil Mahkemesi: Mannheim Yerel Mahkemesi<br>Kay\u0131t Numaras\u0131: HRB 432465<br>KDV Kimlik Numaras\u0131: DE 812054877<br><br><strong>Telif Hakk\u0131<\/strong><br>Corteco GmbH, Weinheim, Almanya<\/p>\n\n\n\n<p>Bu web sitesindeki metin veya g\u00f6r\u00fcnt\u00fclerin kullan\u0131m\u0131 ve \u00e7o\u011falt\u0131lmas\u0131na yaln\u0131zca Corteco GmbH&#8217;nin \u00f6nceden a\u00e7\u0131k izni ile izin verilir.<\/p>\n\n\n\n<p>Bu web sitesinin i\u00e7eri\u011fini s\u00fcrekli olarak g\u00fcncelliyor ve izliyoruz. Yay\u0131nlanan bilgilerin g\u00fcncelli\u011fi, do\u011frulu\u011fu ve eksikli\u011finden sorumlu de\u011filiz ve bunlar\u0131 garanti etmiyoruz.<br>Bu ayn\u0131 zamanda k\u00f6pr\u00fc ba\u011flant\u0131lar sa\u011flad\u0131\u011f\u0131m\u0131z web siteleri i\u00e7in de ge\u00e7erlidir. Corteco GmbH bu web sitelerinin i\u00e7eri\u011finden sorumlu de\u011fildir.<\/p>\n\n\n\n<div class=\"wp-block-custom-spacing spacing-element spacing-mobile--small spacing-tablet--small spacing-small-desktop--small spacing-desktop--small\"><\/div>\n\n\n\n<div class=\"wp-block-custom-spacing spacing-element spacing-mobile--small spacing-tablet--small spacing-small-desktop--small spacing-desktop--small\"><\/div>\n\n\n\n<div class=\"wp-block-custom-spacing spacing-element spacing-mobile--small spacing-tablet--small spacing-small-desktop--small spacing-desktop--small\"><\/div>\n<\/div><\/div><\/section>\n","protected":false},"excerpt":{"rendered":"","protected":false},"author":1,"featured_media":0,"parent":0,"menu_order":0,"comment_status":"closed","ping_status":"closed","template":"","meta":{"_acf_changed":false,"footnotes":""},"class_list":["post-5743","page","type-page","status-publish","hentry"],"acf":[],"_links":{"self":[{"href":"https:\/\/www.corteco.com\/tr\/wp-json\/wp\/v2\/pages\/5743","targetHints":{"allow":["GET"]}}],"collection":[{"href":"https:\/\/www.corteco.com\/tr\/wp-json\/wp\/v2\/pages"}],"about":[{"href":"https:\/\/www.corteco.com\/tr\/wp-json\/wp\/v2\/types\/page"}],"author":[{"embeddable":true,"href":"https:\/\/www.corteco.com\/tr\/wp-json\/wp\/v2\/users\/1"}],"replies":[{"embeddable":true,"href":"https:\/\/www.corteco.com\/tr\/wp-json\/wp\/v2\/comments?post=5743"}],"version-history":[{"count":8,"href":"https:\/\/www.corteco.com\/tr\/wp-json\/wp\/v2\/pages\/5743\/revisions"}],"predecessor-version":[{"id":12112,"href":"https:\/\/www.corteco.com\/tr\/wp-json\/wp\/v2\/pages\/5743\/revisions\/12112"}],"wp:attachment":[{"href":"https:\/\/www.corteco.com\/tr\/wp-json\/wp\/v2\/media?parent=5743"}],"curies":[{"name":"wp","href":"https:\/\/api.w.org\/{rel}","templated":true}]}}