{"id":5822,"date":"2024-03-20T15:15:09","date_gmt":"2024-03-20T14:15:09","guid":{"rendered":"https:\/\/www.corteco.com\/kalite\/"},"modified":"2024-09-04T15:49:58","modified_gmt":"2024-09-04T13:49:58","slug":"kalite","status":"publish","type":"page","link":"https:\/\/www.corteco.com\/tr\/sirket\/kalite\/","title":{"rendered":"Kalite"},"content":{"rendered":"<section class=\"block-slider\">\n    <style>.block-slider{padding-top:6rem;position:relative;margin:0 0 2rem}@media (min-width: 1024px){.block-slider{margin:0 0 2rem}}@media (min-width: 1200px){.block-slider{padding-top:11rem}}@media (min-width: 1380px){.block-slider{margin:0}}.block-slider::before,.block-slider::after{content:'';position:absolute;right:0;bottom:2px;left:0;width:100%;height:100%;pointer-events:none}.block-slider::before{background:#fff;background:linear-gradient(180deg, #fff 0%, #cecece 50%, #000 100%);mix-blend-mode:multiply;opacity:0.5;z-index:1}.block-slider::after{bottom:-1px;background-size:contain;background-repeat:no-repeat;background-position:bottom center;background-image:url(\"https:\/\/www.corteco.com\/wp-content\/themes\/ATLAS\/images\/svg\/corteco_welle_white.svg\");z-index:2}@media (min-width: 1200px){.block-slider__wrapper--half-width .slick-dots{text-align:left}}@media (min-width: 1380px){.block-slider .slick-dots{bottom:15px}}@media (min-width: 1380px){.block-slider .slick-dots button{background-color:#fff}}.single-slide{position:relative}.single-slide:not(:first-child){display:none}.slick-initialized .single-slide{display:block}.single-slide::before{display:block;content:\"\";width:100%;height:50%;min-height:50vh}@media (min-width: 1024px){.single-slide::before{height:75%;min-height:75vh}}.small .single-slide::before{height:35%;min-height:35vh}@media (min-width: 1024px){.small .single-slide::before{height:40%;min-height:40vh}}.single-slide__wrapper{position:absolute;top:0;right:0;bottom:0;left:0}.single-slide__bg{position:absolute;top:0;right:0;bottom:0;left:0}.single-slide__bg--desktop{display:none}@media (min-width: 1024px){.single-slide__bg--desktop{display:block;height:100%}}.single-slide__bg--mobile{display:block;height:100%}@media (min-width: 1024px){.single-slide__bg--mobile{display:none}}.single-slide__bg img{width:100%;height:100%;object-fit:cover}.single-slide__bg.video{min-height:100%}.single-slide__bg-vid{min-height:100%;position:relative}.single-slide__bg-video{display:inline-block;position:absolute;top:0;left:0;right:0;bottom:0;margin:0;padding:0;width:100%;height:100%;max-width:none;max-height:none;-o-object-fit:cover;object-fit:cover;outline:none;border:none;box-shadow:none;z-index:0}.single-slide__bg-vid .mejs-controls{display:none}.single-slide__content{color:#fff}.single-slide--content-bg .single-slide__content{background:#fff}.single-slide__content .h1{margin:0 0 .6rem;font-weight:700;color:#E30613;letter-spacing:0;font-size:4.6rem;line-height:1.13043478}@media (min-width: 1380px){.single-slide__content .h1{font-size:8rem;line-height:1.175}}.single-slide__content-wrapper{position:absolute;top:0;right:0;bottom:0;left:0;display:flex;align-items:flex-start}@media (min-width: 1024px){.single-slide__content-wrapper{align-items:center}}.single-slide__content-container{height:100%}@media (min-width: 1380px){.single-slide__content-container{padding-bottom:10rem}}.single-slide__content-row{position:relative;display:flex;align-items:flex-start;justify-content:space-between;flex-flow:column nowrap;height:100%;width:100%;max-width:100%}@media (min-width: 1024px){.single-slide__content-row{max-width:50%;justify-content:center}}@media (min-width: 1380px){.single-slide__content-row{padding:2rem 0}}.single-slide__slogan{display:none;position:absolute;left:0;bottom:0rem;color:#ff0;font-weight:700}@media (min-width: 1024px){.single-slide__slogan{display:block}}.single-slide__buttons{display:flex;flex-wrap:wrap;align-items:center;justify-content:flex-start;margin:2rem 0 0}.single-slide__buttons .wp-block-button{margin:0 2rem 1rem 0}.single-slide--half-width{background-color:#BDBDBD}.single-slide--half-width .single-slide__bg{width:100%;right:0;left:auto}@media (min-width: 1380px){.single-slide--half-width .single-slide__bg{width:50%}}.single-slide--image-left .single-slide__bg{right:auto;left:0}\n<\/style>    <style>.slick-arrow{width:3rem;height:3rem;position:absolute;z-index:1;top:50%;margin-top:-15px;font-size:0;line-height:0;border:none;background-color:transparent;cursor:pointer;transition:background-color .2s}@media (min-width: 992px){.slick-arrow{width:5rem;height:5rem}}@media (min-width: 1200px){.slick-arrow{top:50%}}.slick-arrow:hover{background-color:#414141}html.touch-device .slick-arrow:hover{background-color:#414141}.slick-arrow:after{content:'';display:block;width:10px;height:20px;position:absolute;top:50%;left:51%;transform:translate(-50%, -50%);background-image:url(\"https:\/\/www.corteco.com\/wp-content\/themes\/ATLAS\/images\/svg\/slider_arrow-right_white.svg\");background-repeat:no-repeat;background-size:10px 20px}@media (min-width: 992px){.slick-arrow:after{width:14px;height:30px;background-position:contain;background-size:14px 30px}}.slick-arrow.slick-prev{right:auto;left:10px;transform:rotate(180deg)}@media (min-width: 992px){.slick-arrow.slick-prev{left:20px}}@media (min-width: 1380px){.slick-arrow.slick-prev{left:30px}}.slick-arrow.slick-next{right:10px;left:auto}@media (min-width: 992px){.slick-arrow.slick-next{right:20px}}@media (min-width: 1380px){.slick-arrow.slick-next{right:30px}}.slick-slide:focus{outline:none}.slick-dots{width:100%;max-width:1105px;padding:0 4rem;position:absolute;bottom:21px;left:50%;transform:translate(-50%, 0);margin:0 auto;text-align:center;list-style:none}@media (min-width: 992px){.slick-dots{bottom:27px}}.slick-dots li{display:inline-block;margin:0 7px}.slick-dots li.slick-active button{background-color:#E30613}.slick-dots button{width:15px;height:15px;font-size:0;line-height:0;border:0;border-radius:50%;background:transparent;background:#414141;box-shadow:none;transition:background-color .2s linear}.slick-autoplay-toggle-button{display:none}\n<\/style>    <style>\/* Slider *\/\n.slick-slider {\n  position: relative;\n  display: block;\n  box-sizing: border-box;\n  -webkit-touch-callout: none;\n  -webkit-user-select: none;\n  -khtml-user-select: none;\n  -moz-user-select: none;\n  -ms-user-select: none;\n  user-select: none;\n  -ms-touch-action: pan-y;\n  touch-action: pan-y;\n  -webkit-tap-highlight-color: transparent;\n}\n\n.slick-list {\n  position: relative;\n  overflow: hidden;\n  display: block;\n  margin: 0;\n  padding: 0;\n}\n\n.slick-list:focus {\n  outline: none;\n}\n\n.slick-list.dragging {\n  cursor: pointer;\n  cursor: hand;\n}\n\n.slick-slider .slick-track,\n.slick-slider .slick-list {\n  -webkit-transform: translate3d(0, 0, 0);\n  -moz-transform: translate3d(0, 0, 0);\n  -ms-transform: translate3d(0, 0, 0);\n  -o-transform: translate3d(0, 0, 0);\n  transform: translate3d(0, 0, 0);\n}\n\n.slick-track {\n  position: relative;\n  left: 0;\n  top: 0;\n  display: block;\n  margin-left: auto;\n  margin-right: auto;\n}\n\n.slick-track:before, .slick-track:after {\n  content: \"\";\n  display: table;\n}\n\n.slick-track:after {\n  clear: both;\n}\n\n.slick-loading .slick-track {\n  visibility: hidden;\n}\n\n.slick-slide {\n  float: left;\n  height: 100%;\n  min-height: 1px;\n  display: none;\n}\n\n[dir=\"rtl\"] .slick-slide {\n  float: right;\n}\n\n.slick-slide img {\n  display: block;\n}\n\n.slick-slide.slick-loading img {\n  display: none;\n}\n\n.slick-slide.dragging img {\n  pointer-events: none;\n}\n\n.slick-initialized .slick-slide {\n  display: block;\n}\n\n.slick-loading .slick-slide {\n  visibility: hidden;\n}\n\n.slick-vertical .slick-slide {\n  display: block;\n  height: auto;\n  border: 1px solid transparent;\n}\n\n.slick-arrow.slick-hidden {\n  display: none;\n}\n<\/style>    <div class=\"block-slider__container\">\n        <div class=\"block-slider__wrapper block-slider__wrapper--full-width small\" data-slider=\"block_82643e10b1595416e6485ba10a106175\">\n                            <div class=\"single-slide single-slide--full-width\">\n                        <div class=\"single-slide__wrapper\">\n                \n                                        <div class=\"single-slide__bg\">\n                                                    <div class=\"single-slide__bg--desktop\"><img decoding=\"async\" width=\"1920\" height=\"525\" src=\"https:\/\/www.corteco.com\/wp-content\/uploads\/2024\/03\/quality_header.jpg\" class=\"attachment-full size-full\" alt=\"\" data-object-fit=\"\" srcset=\"https:\/\/www.corteco.com\/wp-content\/uploads\/2024\/03\/quality_header.jpg 1920w, https:\/\/www.corteco.com\/wp-content\/uploads\/2024\/03\/quality_header-300x82.jpg 300w, https:\/\/www.corteco.com\/wp-content\/uploads\/2024\/03\/quality_header-1024x280.jpg 1024w, https:\/\/www.corteco.com\/wp-content\/uploads\/2024\/03\/quality_header-768x210.jpg 768w, https:\/\/www.corteco.com\/wp-content\/uploads\/2024\/03\/quality_header-1536x420.jpg 1536w\" sizes=\"(max-width: 1920px) 100vw, 1920px\" \/><\/div>\n                            <div class=\"single-slide__bg--mobile\"><img decoding=\"async\" width=\"1920\" height=\"1774\" src=\"https:\/\/www.corteco.com\/wp-content\/uploads\/2024\/03\/quality_header_mobil.jpg\" class=\"attachment-full size-full\" alt=\"\" data-object-fit=\"\" srcset=\"https:\/\/www.corteco.com\/wp-content\/uploads\/2024\/03\/quality_header_mobil.jpg 1920w, https:\/\/www.corteco.com\/wp-content\/uploads\/2024\/03\/quality_header_mobil-300x277.jpg 300w, https:\/\/www.corteco.com\/wp-content\/uploads\/2024\/03\/quality_header_mobil-1024x946.jpg 1024w, https:\/\/www.corteco.com\/wp-content\/uploads\/2024\/03\/quality_header_mobil-768x710.jpg 768w, https:\/\/www.corteco.com\/wp-content\/uploads\/2024\/03\/quality_header_mobil-1536x1419.jpg 1536w, https:\/\/www.corteco.com\/wp-content\/uploads\/2024\/03\/quality_header_mobil-560x516.jpg 560w\" sizes=\"(max-width: 1920px) 100vw, 1920px\" \/><\/div>\n                                            <\/div>\n                                        \n                    <!-- Readd content wrapper if needed -->\n                <\/div>\n                    <\/div>\n        \n                <\/div>\n    <\/div>\n<\/section>\n\n<section class=\"wp-block-custom-container alignwide block-content  block-content--spacing-bottom\"><style>.block-content{position:relative}.block-content--spacing-top{padding-top:5rem}@media (min-width: 992px){.block-content--spacing-top{padding-top:9rem}}.block-content--spacing-bottom{padding-bottom:5rem}@media (min-width: 992px){.block-content--spacing-bottom{padding-bottom:9rem}}.block-content--margin-top{margin-top:5rem}@media (min-width: 992px){.block-content--margin-top{margin-top:9rem}}.block-content--margin-bottom{margin-bottom:5rem}@media (min-width: 992px){.block-content--margin-bottom{margin-bottom:9rem}}.block-content .container{position:relative;z-index:1}.block-content .container--full{padding:0}.block-content .container-overlay{position:absolute;z-index:0;top:0;right:0;bottom:0;left:0}\n<\/style><div class=\"container container--wide\"><div class=\"container__body\">\n<div class=\"wp-block-custom-spacing spacing-element spacing-mobile--small spacing-tablet--small spacing-small-desktop--medium spacing-desktop--medium\"><\/div>\n\n\n\n<h1 class=\"wp-block-heading\">Kalite<\/h1>\n\n\n\n<p>Corteco ile Ba\u011f\u0131ms\u0131z Yenileme Pazar\u0131&#8217;nda benzersiz kaliteyi ke\u015ffedin. Freudenberg Sealing Technologies&#8217;in ba\u011f\u0131ms\u0131z sat\u0131\u015f sonras\u0131 b\u00f6l\u00fcm\u00fc olarak, orijinale e\u015fde\u011fer olarak sundu\u011fumuz yedek par\u00e7alarda m\u00fckemmelli\u011fe \u00f6ncelik veriyoruz. Teknoloji ve hizmet geli\u015ftirmede \u00e7o\u011fu tedarik\u00e7iden daha uzman bir konumda bulunan Freudenberg&#8217;in son teknoloji test tesisleri ziyaret edildi\u011finde OEM kalitesi ile d\u00fc\u015f\u00fck kaliteli alternatifler aras\u0131ndaki fark net bir \u015fekilde ortaya \u00e7\u0131kmaktad\u0131r. <\/p>\n\n\n\n<p>Otomotiv yedek par\u00e7alar\u0131 geli\u015ftirme ge\u00e7mi\u015fimizden miras kalan kapsaml\u0131 deneyimimizden ve sa\u011flam standartlar\u0131m\u0131zdan yararlan\u0131n. Her Freudenberg \u00fcretim tesisinin do\u011frudan test olanaklar\u0131yla donat\u0131lm\u0131\u015f olmas\u0131 ve ya\u011f ke\u00e7elerine ayr\u0131lm\u0131\u015f 300&#8217;den fazla test istasyonlar\u0131n\u0131n bulunmas\u0131, d\u00fcnya \u00e7ap\u0131nda t\u00fcr\u00fcn\u00fcn en b\u00fcy\u00fck \u00f6rne\u011fidir. Uygulad\u0131\u011f\u0131m\u0131z titiz testler, uzmanlar\u0131m\u0131z\u0131n sa\u011flad\u0131\u011f\u0131 kontroll\u00fc ortamlar alt\u0131nda ger\u00e7ekle\u015fir. Ortalama 300.000 km&#8217;lik bir ara\u00e7 i\u00e7erisinde g\u00fcvenili hissetmenizi sa\u011flar. <\/p>\n<\/div><\/div><\/section>\n\n<section class=\"wp-block-custom-container alignwide block-content\"><div class=\"container container--wide\"><div class=\"container__body\">\n<section class=\"wp-block-custom-container alignwide block-content\" style=\"background-image:url(https:\/\/www.corteco.com\/wp-content\/uploads\/2024\/04\/M09A_Bau_120_Portraits_189_web.jpg);background-position:37% 0%;background-repeat:no-repeat;background-size:cover\"><div class=\"container container--wide\"><div class=\"container__body\">\n<div class=\"wp-block-custom-spacing spacing-element spacing-mobile--large spacing-tablet--none spacing-small-desktop--none spacing-desktop--none\"><\/div>\n\n\n\n<div class=\"wp-block-custom-spacing spacing-element spacing-mobile--large spacing-tablet--none spacing-small-desktop--none spacing-desktop--none\"><\/div>\n\n\n\n<div class=\"wp-block-custom-spacing spacing-element spacing-mobile--large spacing-tablet--small spacing-small-desktop--medium spacing-desktop--large\"><\/div>\n\n\n\n<div class=\"wp-block-custom-spacing spacing-element spacing-mobile--large spacing-tablet--none spacing-small-desktop--none spacing-desktop--none\"><\/div>\n\n\n\n<div class=\"wp-block-custom-spacing spacing-element spacing-mobile--large spacing-tablet--none spacing-small-desktop--none spacing-desktop--none\"><\/div>\n\n\n\n<div class=\"wp-block-custom-spacing spacing-element spacing-mobile--large spacing-tablet--none spacing-small-desktop--none spacing-desktop--none\"><\/div>\n\n\n\n<div class=\"wp-block-custom-spacing spacing-element spacing-mobile--large spacing-tablet--none spacing-small-desktop--none spacing-desktop--none\"><\/div>\n\n\n\n<div class=\"wp-block-custom-spacing spacing-element spacing-mobile--large spacing-tablet--none spacing-small-desktop--none spacing-desktop--none\"><\/div>\n\n\n\n<div class=\"wp-block-custom-columns columns-row row small-gutter\"><style>.columns-row--spacing-top{padding-top:5rem}@media (min-width: 992px){.columns-row--spacing-top{padding-top:9rem}}.columns-row--spacing-bottom{padding-bottom:5rem}@media (min-width: 992px){.columns-row--spacing-bottom{padding-bottom:9rem}}.columns-row--margin-top{margin-top:5rem}@media (min-width: 992px){.columns-row--margin-top{margin-top:9rem}}.columns-row--margin-bottom{margin-bottom:5rem}@media (min-width: 992px){.columns-row--margin-bottom{margin-bottom:9rem}}\n<\/style>\n<div class=\"wp-block-custom-column col col-12 col-lg-4 col-xl-4\">\n<p class=\"has-text-light-color has-text-color\"><\/p>\n<\/div>\n\n\n\n<div class=\"wp-block-custom-column col col-12 col-lg-4 col-xl-4\">\n<p class=\"has-text-light-color has-text-color\"><\/p>\n<\/div>\n\n\n\n<div class=\"wp-block-custom-column col col-12 col-md-6 col-lg-4 offset-md-6 offset-lg-0\">\n<p class=\"has-text-light-color has-secondary-background-color has-text-color has-background\">&#8220;Kapsaml\u0131 ortamlarda test edilmi\u015f, kalitesi kan\u0131tlanm\u0131\u015f ve geli\u015ftirdi\u011fi teknolojisi ile bilinen bir markay\u0131 tercih etmek istemezmisiniz? Corteco ile \u00fcst kaliteye sahip, g\u00fcvenilir bir \u00fcr\u00fcn elde edersiniz.&#8221; <\/p>\n\n\n\n<h5 class=\"wp-block-heading has-text-light-color has-secondary-background-color has-text-color has-background\"><strong>Christian Dickopf, Corteco K\u0131demli Ba\u015fkan Yard\u0131mc\u0131s\u0131<\/strong><\/h5>\n<\/div>\n<\/div>\n\n\n\n<div class=\"wp-block-custom-spacing spacing-element spacing-mobile--none spacing-tablet--large spacing-small-desktop--large spacing-desktop--large\"><\/div>\n<\/div><\/div><div class=\"container-overlay\" style=\"background:linear-gradient(76deg,rgba(232,232,232,0) 16%,rgb(33,33,33) 88%);opacity:0.5\"><\/div><\/section>\n<\/div><\/div><\/section>\n\n<section class=\"wp-block-custom-container alignwide block-content  block-content--spacing-top block-content--spacing-bottom\"><div class=\"container container--wide\"><div class=\"container__body\">\n<p>\u00c7amurlu ve tozlu ortamlara maruz kalan ara\u00e7lar\u0131 en iyi \u015fekilde koruyan, uluslararas\u0131 standartlarda \u00f6zel test i\u015flemlerine kadar bir \u00e7ok konuda kalite g\u00fcvencesine olan ba\u011fl\u0131l\u0131\u011f\u0131m\u0131zda hi\u00e7bir ayr\u0131nt\u0131 g\u00f6z ard\u0131 edilmemektedir. Uzmanl\u0131\u011f\u0131m\u0131z s\u0131zd\u0131rmazl\u0131kta d\u00fcnya standartlar\u0131n\u0131n \u00f6tesine ge\u00e7erek s\u00fcrt\u00fcnme bilimi sistemlerinin kapsaml\u0131 bir \u015fekilde anla\u015f\u0131lmas\u0131n\u0131, hassas uyumlulu\u011fun ve uzun \u00f6m\u00fcrl\u00fcl\u00fc\u011f\u00fcn sa\u011flanmas\u0131n\u0131 kapsar. <\/p>\n\n\n\n<p>Orijinal \u00fcretici standartlar\u0131n\u0131 kar\u015f\u0131layan birinci s\u0131n\u0131f yedek par\u00e7alar i\u00e7in Corteco markas\u0131n\u0131 tercih edebilirsiniz. Freudenberg Sealing Technologies&#8217;in titiz test protokolleri, tamir at\u00f6lyeleri, distrib\u00fct\u00f6rler ve son t\u00fcketiciler i\u00e7in memnuniyet ve g\u00fcven ortam\u0131 sa\u011flar. Tesislerimizden \u00e7\u0131kan her \u00fcr\u00fcn\u00fcn tavizsiz seri kalitesini korudu\u011funu, arac\u0131n\u0131z\u0131n performans\u0131n\u0131 ve uzun \u00f6m\u00fcrl\u00fcl\u00fc\u011f\u00fcn\u00fc g\u00fcvence alt\u0131na ald\u0131\u011f\u0131n\u0131 bilmenin huzurunu ya\u015fay\u0131n. <\/p>\n<\/div><\/div><\/section>\n\n<section class=\"wp-block-custom-container alignwide block-content has-secondary-lightest-background-color block-content--spacing-top block-content--spacing-bottom\" style=\"background-color:#E3E3E3\"><div class=\"container container--wide\"><div class=\"container__body\">\n<h2 class=\"wp-block-heading\">Hizmette Kalite<\/h2>\n\n\n\n<p>Ba\u011f\u0131ms\u0131z Yenileme Pazar\u0131&#8217;nda Corteco ile benzersiz kalite ve operasyonel verimlili\u011fi deneyimleyin. Sekt\u00f6rde bir lider olarak, yaln\u0131zca \u00fcr\u00fcnlerimizin kalitesine de\u011fil, ayn\u0131 zamanda m\u00fc\u015fterilerimiz i\u00e7in sorunsuz bir deneyime de \u00f6ncelik veriyoruz. <\/p>\n\n\n\n<p>En b\u00fcy\u00fck B2B sat\u0131\u015f sonras\u0131 platformu TecCom arac\u0131l\u0131\u011f\u0131yla, kusursuz veri kalitesiyle desteklenen, sipari\u015f s\u00fcrecinden faturaya kadar sorunsuz ileti\u015fim ve i\u015flemler sa\u011fl\u0131yoruz. M\u00fckemmelli\u011fe olan ba\u011fl\u0131l\u0131\u011f\u0131m\u0131z, 2022 y\u0131l\u0131nda TecAlliance taraf\u0131ndan d\u00fczenlenen &#8220;M\u00fckemmellik Program\u0131&#8221;na kat\u0131l\u0131m\u0131m\u0131zla \u00f6rneklenmi\u015ftir. <\/p>\n\n\n\n<p>Ba\u015flang\u0131\u00e7ta 3 y\u0131ld\u0131zl\u0131 bir derecelendirme alarak, s\u00fcre\u00e7lerimizi iyile\u015ftirmek ve m\u00fc\u015fteri ihtiya\u00e7lar\u0131n\u0131 daha iyi kar\u015f\u0131lamak i\u00e7in ortaklar\u0131m\u0131zla yak\u0131n i\u015fbirli\u011fi i\u00e7inde iyile\u015ftirme yolculu\u011funa \u00e7\u0131kt\u0131k. Sonu\u00e7 mu? S\u00fcrekli iyile\u015ftirme konusundaki kararl\u0131l\u0131\u011f\u0131m\u0131z\u0131 yans\u0131tan 4,5 puanl\u0131k etkileyici bir derecelendirme. <\/p>\n<\/div><\/div><\/section>\n\n<section class=\"wp-block-custom-container alignwide block-content  block-content--spacing-top block-content--spacing-bottom\"><div class=\"container container--wide\"><div class=\"container__body\">\n<section class=\"wp-block-custom-container alignwide block-content\" style=\"background-image:url(https:\/\/www.corteco.com\/wp-content\/uploads\/2024\/04\/25Jun2021_CarstenSchwartau39_BO2I9652_web_2.jpg);background-position:74% 68%;background-repeat:no-repeat;background-size:cover\"><div class=\"container container--wide\"><div class=\"container__body\">\n<div class=\"wp-block-custom-spacing spacing-element spacing-mobile--large spacing-tablet--large spacing-small-desktop--large spacing-desktop--large\"><\/div>\n\n\n\n<div class=\"wp-block-custom-spacing spacing-element spacing-mobile--large spacing-tablet--large spacing-small-desktop--large spacing-desktop--large\"><\/div>\n\n\n\n<div class=\"wp-block-custom-spacing spacing-element spacing-mobile--large spacing-tablet--small spacing-small-desktop--medium spacing-desktop--large\"><\/div>\n\n\n\n<div class=\"wp-block-custom-spacing spacing-element spacing-mobile--large spacing-tablet--none spacing-small-desktop--none spacing-desktop--none\"><\/div>\n\n\n\n<div class=\"wp-block-custom-spacing spacing-element spacing-mobile--large spacing-tablet--none spacing-small-desktop--none spacing-desktop--none\"><\/div>\n\n\n\n<div class=\"wp-block-custom-spacing spacing-element spacing-mobile--large spacing-tablet--none spacing-small-desktop--none spacing-desktop--none\"><\/div>\n\n\n\n<div class=\"wp-block-custom-spacing spacing-element spacing-mobile--large spacing-tablet--none spacing-small-desktop--none spacing-desktop--none\"><\/div>\n\n\n\n<div class=\"wp-block-custom-columns columns-row row\">\n<div class=\"wp-block-custom-column col col-12 col-md-6 col-lg-6 col-xl-4 offset-lg-0 offset-xl-1\">\n<p class=\"has-text-light-color has-secondary-background-color has-text-color has-background\">&#8220;Sonu\u00e7; operasyonel verimlilik, kalite ve m\u00fc\u015fteri memnuniyetinde art\u0131\u015f.&#8221;<\/p>\n\n\n\n<h5 class=\"wp-block-heading has-text-light-color has-secondary-background-color has-text-color has-background\"><strong>Carsten Schwartau, Corteco M\u00fc\u015fteri Hizmetleri Direkt\u00f6r\u00fc <\/strong><\/h5>\n<\/div>\n\n\n\n<div class=\"wp-block-custom-column col col-12 col-lg-4 col-xl-4\">\n<p class=\"has-text-light-color has-text-color\"><\/p>\n<\/div>\n\n\n\n<div class=\"wp-block-custom-column col col-12 col-md-6 col-lg-4 offset-md-6 offset-lg-0\">\n<p class=\"has-text-light-color has-text-color\"><\/p>\n<\/div>\n<\/div>\n\n\n\n<div class=\"wp-block-custom-spacing spacing-element spacing-mobile--none spacing-tablet--large spacing-small-desktop--large spacing-desktop--large\"><\/div>\n<\/div><\/div><div class=\"container-overlay\" style=\"background:linear-gradient(76deg,rgba(232,232,232,0) 49%,rgb(33,33,33) 100%);opacity:0.5\"><\/div><\/section>\n<\/div><\/div><\/section>\n\n<section class=\"wp-block-custom-container alignwide block-content has-secondary-lightest-background-color block-content--spacing-top block-content--spacing-bottom\" style=\"background-color:#E3E3E3\"><div class=\"container container--wide\"><div class=\"container__body\">\n<p>M\u00fckemmellik aray\u0131\u015f\u0131m\u0131z burada bitmiyor&#8230; M\u00fc\u015fteri Hizmetleri Direkt\u00f6r\u00fcm\u00fcz Carsten Schwartau, 2024 y\u0131l\u0131na kadar 4,7 ila 5 y\u0131ld\u0131z elde etmeyi ama\u00e7layarak bizim i\u00e7in iddial\u0131 hedefler belirledi. <\/p>\n\n\n\n<p>Veri al\u0131\u015fveri\u015fi s\u00fcre\u00e7lerini iyile\u015ftirmeye ve dijital d\u00f6n\u00fc\u015f\u00fcm\u00fc benimsemeye odaklanmam\u0131z, s\u00fcrd\u00fcr\u00fclebilir ba\u015far\u0131 i\u00e7in bir temel sa\u011flar. Titizlikle kontrol edilen 27.000&#8217;den fazla veri kayd\u0131yla, benzersiz hizmet ve dok\u00fcmantasyon sunma konusunda kendimize g\u00fcveniyoruz. <\/p>\n\n\n\n<p>Ba\u015far\u0131lar\u0131m\u0131zla gurur duyuyor, veri al\u0131\u015fveri\u015fi ve m\u00fc\u015fteri hizmetlerinde m\u00fckemmellik i\u00e7in \u0131srarla \u00e7abalarken beklentileri a\u015fmay\u0131 hevesle bekliyoruz. Kendini i\u015fine adam\u0131\u015f ekibimize ve sad\u0131k m\u00fc\u015fterilerimize Corteco&#8217;ya olan sars\u0131lmaz destekleri ve g\u00fcvenleri i\u00e7in en i\u00e7ten \u015f\u00fckranlar\u0131m\u0131z\u0131 sunuyoruz. <\/p>\n\n\n\n<div class=\"wp-block-custom-spacing spacing-element spacing-mobile--medium spacing-tablet--medium spacing-small-desktop--large spacing-desktop--large\"><\/div>\n<\/div><\/div><\/section>\n","protected":false},"excerpt":{"rendered":"","protected":false},"author":1,"featured_media":0,"parent":5939,"menu_order":0,"comment_status":"closed","ping_status":"closed","template":"","meta":{"_acf_changed":false,"footnotes":""},"class_list":["post-5822","page","type-page","status-publish","hentry"],"acf":[],"_links":{"self":[{"href":"https:\/\/www.corteco.com\/tr\/wp-json\/wp\/v2\/pages\/5822","targetHints":{"allow":["GET"]}}],"collection":[{"href":"https:\/\/www.corteco.com\/tr\/wp-json\/wp\/v2\/pages"}],"about":[{"href":"https:\/\/www.corteco.com\/tr\/wp-json\/wp\/v2\/types\/page"}],"author":[{"embeddable":true,"href":"https:\/\/www.corteco.com\/tr\/wp-json\/wp\/v2\/users\/1"}],"replies":[{"embeddable":true,"href":"https:\/\/www.corteco.com\/tr\/wp-json\/wp\/v2\/comments?post=5822"}],"version-history":[{"count":3,"href":"https:\/\/www.corteco.com\/tr\/wp-json\/wp\/v2\/pages\/5822\/revisions"}],"predecessor-version":[{"id":6669,"href":"https:\/\/www.corteco.com\/tr\/wp-json\/wp\/v2\/pages\/5822\/revisions\/6669"}],"up":[{"embeddable":true,"href":"https:\/\/www.corteco.com\/tr\/wp-json\/wp\/v2\/pages\/5939"}],"wp:attachment":[{"href":"https:\/\/www.corteco.com\/tr\/wp-json\/wp\/v2\/media?parent=5822"}],"curies":[{"name":"wp","href":"https:\/\/api.w.org\/{rel}","templated":true}]}}