{"id":6046,"date":"2024-05-17T11:10:22","date_gmt":"2024-05-17T09:10:22","guid":{"rendered":"https:\/\/www.corteco.com\/veri-guvenligi-microsoft-hizmetleri\/"},"modified":"2024-11-19T08:23:59","modified_gmt":"2024-11-19T07:23:59","slug":"veri-guvenligi-microsoft-hizmetleri","status":"publish","type":"page","link":"https:\/\/www.corteco.com\/tr\/veri-guvenligi-microsoft-hizmetleri\/","title":{"rendered":"Veri G\u00fcvenli\u011fi &#8211; Microsoft Hizmetleri"},"content":{"rendered":"\n<section class=\"wp-block-custom-container alignwide block-content  block-content--spacing-top block-content--spacing-bottom block-content--margin-top\"><style>.block-content{position:relative}.block-content--spacing-top{padding-top:5rem}@media (min-width: 992px){.block-content--spacing-top{padding-top:9rem}}.block-content--spacing-bottom{padding-bottom:5rem}@media (min-width: 992px){.block-content--spacing-bottom{padding-bottom:9rem}}.block-content--margin-top{margin-top:5rem}@media (min-width: 992px){.block-content--margin-top{margin-top:9rem}}.block-content--margin-bottom{margin-bottom:5rem}@media (min-width: 992px){.block-content--margin-bottom{margin-bottom:9rem}}.block-content .container{position:relative;z-index:1}.block-content .container--full{padding:0}.block-content .container-overlay{position:absolute;z-index:0;top:0;right:0;bottom:0;left:0}\n<\/style><div class=\"container container--wide\"><div class=\"container__body\">\n<h1 class=\"wp-block-heading\"><strong>Microsoft Hizmetleri i\u00e7in veri koruma bilgileri<\/strong><\/h1>\n<\/div><\/div><\/section>\n\n<section class=\"wp-block-custom-container alignwide block-content  block-content--spacing-bottom block-content--margin-bottom\"><div class=\"container container--wide\"><div class=\"container__body\">\n<p>Corteco, Avrupa veri merkezlerinde veri depolama ile Microsoft\u00ae Corporation&#8217;\u0131n M365 paketindeki \u00fcr\u00fcnleri kullanmaktad\u0131r. Corteco bu ama\u00e7la Microsoft\u00ae ile bir veri i\u015fleme anla\u015fmas\u0131 imzalam\u0131\u015ft\u0131r. Bu \u00e7evrimi\u00e7i tabanl\u0131 hizmetleri kullan\u0131rken, Corteco \u00e7al\u0131\u015fanlar\u0131n\u0131n \u00e7e\u015fitli verilerinin yan\u0131 s\u0131ra m\u00fc\u015fteri veya potansiyel m\u00fc\u015fteri verileri Microsoft\u00ae ve Corteco taraf\u0131ndan i\u015flenir. Corteco, Madde 13 GDPR uyar\u0131nca \u00e7al\u0131\u015fanlar\u0131 ve m\u00fc\u015fterileri bilgilendirme g\u00f6revini yerine getirir. 13 GDPR uyar\u0131nca bu bilgileri Grubun web sitesinde yay\u0131nlayarak yerine getirir.<\/p>\n\n\n\n<p><strong>Bu hizmetler \u00e7e\u015fitli ama\u00e7lara hizmet etmektedir:<\/strong><\/p>\n\n\n\n<p>&#8211; MS Teams\u00ae arac\u0131l\u0131\u011f\u0131yla video konferans \u015feklinde m\u00fc\u015fteri ve \u00e7al\u0131\u015fan ileti\u015fimi<\/p>\n\n\n\n<p>&#8211; MS Forms\u00ae arac\u0131l\u0131\u011f\u0131yla m\u00fc\u015fteri ve \u00e7al\u0131\u015fan memnuniyeti anketleri<\/p>\n\n\n\n<p>&#8211; Bookings\u00ae ve FindTime\u00ae arac\u0131l\u0131\u011f\u0131yla randevu ve ziyaret\u00e7i y\u00f6netimi<\/p>\n\n\n\n<p>&#8211; MS Teams\u00ae arac\u0131l\u0131\u011f\u0131yla SharedChannels\u00ae \u00fczerinden m\u00fc\u015fteri ve tedarik\u00e7i i\u015fbirli\u011fi<\/p>\n\n\n\n<p>A\u015fa\u011f\u0131daki i\u015fleme faaliyetlerinin t\u00fcm\u00fc i\u00e7in, AB Genel Veri Koruma T\u00fcz\u00fc\u011f\u00fc&#8217;n\u00fcn (GDPR) AB Genel Veri Koruma Y\u00f6netmeli\u011fi&#8217;nin (GDPR) 4 (7) maddesi uyar\u0131nca<\/p>\n\n\n\n<p>Corteco GmbH<br\/>Badener Str. 4<br\/>69493 Hirschberg, Almanya<\/p>\n\n\n\n<p>Telefon numaras\u0131: +49 6201 25964 0<br\/>Faks: +49 6201 25964-11<br\/>E-Mail: service@corteco.de<\/p>\n\n\n\n<p>Veri koruma g\u00f6revlimize \u015fu adresten ula\u015fabilirsiniz<\/p>\n\n\n\n<p>legitimis GmbH<br\/>Top 1<br\/>51429 Bergisch Gladbach, Almanya<br\/><br\/>Telefon numaras\u0131: +49 2202 28 941-0<br\/>E-Mail: datenschutz-corteco@legitimis.com<\/p>\n\n\n\n<p><strong>1. Veri sahibi olarak haklar\u0131n\u0131z<\/strong><\/p>\n\n\n\n<p>Sizinle ilgili ki\u015fisel veriler hakk\u0131nda bilgi alma hakk\u0131na sahipsiniz. Bilgi almak i\u00e7in istedi\u011finiz zaman bizimle ileti\u015fime ge\u00e7ebilirsiniz. Yaz\u0131l\u0131 olarak yap\u0131lmayan bir bilgi talebi durumunda, iddia etti\u011finiz ki\u015fi oldu\u011funuza dair sizden kan\u0131t isteyebilece\u011fimizi anlay\u0131\u015fla kar\u015f\u0131laman\u0131z\u0131 rica ederiz. Ayr\u0131ca, yasal olarak buna hakk\u0131n\u0131z oldu\u011fu s\u00fcrece, d\u00fczeltme veya silme ya da i\u015flemenin k\u0131s\u0131tlanmas\u0131 hakk\u0131na sahipsiniz. Son olarak, yasal h\u00fck\u00fcmler kapsam\u0131nda i\u015flemeye itiraz etme hakk\u0131na sahipsiniz. Veri koruma d\u00fczenlemeleri \u00e7er\u00e7evesinde veri ta\u015f\u0131nabilirli\u011fi hakk\u0131na da sahipsiniz.<\/p>\n\n\n\n<p><strong>2. Verilerin silinmesi<\/strong><\/p>\n\n\n\n<p>Ki\u015fisel verileri genellikle daha fazla depolamaya gerek kalmad\u0131\u011f\u0131nda sileriz. Verilere \u00f6zellikle s\u00f6zle\u015fmeye dayal\u0131 hizmetlerin yerine getirilmesi, garanti ve teminat taleplerinin kontrol edilmesi ve verilmesi ya da bunlara kar\u015f\u0131 savunma yap\u0131lmas\u0131 i\u00e7in ihtiya\u00e7 duyulmas\u0131 halinde bir gereklilik s\u00f6z konusu olabilir. Yasal saklama y\u00fck\u00fcml\u00fcl\u00fckleri s\u00f6z konusu oldu\u011funda, silme i\u015flemi yaln\u0131zca ilgili saklama y\u00fck\u00fcml\u00fcl\u00fc\u011f\u00fcn\u00fcn sona ermesinden sonra dikkate al\u0131nacakt\u0131r.<\/p>\n\n\n\n<p><strong>3. Al\u0131c\u0131lar \/ veri aktar\u0131m\u0131<\/strong><\/p>\n\n\n\n<p>Video konferanslara kat\u0131l\u0131mla ba\u011flant\u0131l\u0131 olarak i\u015flenen ki\u015fisel veriler, aktar\u0131lmas\u0131 ama\u00e7lanmad\u0131\u011f\u0131 s\u00fcrece \u00fc\u00e7\u00fcnc\u00fc taraflara aktar\u0131lmaz. A\u00e7\u0131klanan hizmetlerden ve y\u00fcz y\u00fcze g\u00f6r\u00fc\u015fmelerden elde edilen i\u00e7eri\u011fin genellikle m\u00fc\u015fterilerle, ilgili taraflarla veya tedarik\u00e7ilerle bilgi payla\u015fmak i\u00e7in kullan\u0131ld\u0131\u011f\u0131n\u0131 ve bu nedenle aktar\u0131lmas\u0131 ama\u00e7land\u0131\u011f\u0131n\u0131 l\u00fctfen unutmay\u0131n.<\/p>\n\n\n\n<p>S\u00f6z konusu Microsoft\u00ae hizmetlerinin sa\u011flay\u0131c\u0131s\u0131, bu durumda Microsoft Corporation, Microsoft ile sipari\u015f i\u015fleme s\u00f6zle\u015fmemizde \u00f6ng\u00f6r\u00fcld\u00fc\u011f\u00fc \u00f6l\u00e7\u00fcde, a\u00e7\u0131klanan veriler hakk\u0131nda zorunlu olarak bilgi sahibi olur.<\/p>\n\n\n\n<p><strong>4. Avrupa Birli\u011fi d\u0131\u015f\u0131nda veri i\u015fleme<\/strong><\/p>\n\n\n\n<p>Depolama konumumuzu Avrupa Birli\u011fi&#8217;ndeki veri merkezleriyle s\u0131n\u0131rland\u0131rd\u0131\u011f\u0131m\u0131z i\u00e7in Avrupa Birli\u011fi (AB) d\u0131\u015f\u0131nda veri i\u015fleme genellikle ger\u00e7ekle\u015fmez. Ancak, verilerin AB d\u0131\u015f\u0131nda bulunan internet sunucular\u0131 \u00fczerinden y\u00f6nlendirilmesi olas\u0131l\u0131\u011f\u0131n\u0131 g\u00f6z ard\u0131 edemeyiz. Bu durum \u00f6zellikle &#8220;Microsoft hizmetleri&#8221; kat\u0131l\u0131mc\u0131lar\u0131n\u0131n \u00fc\u00e7\u00fcnc\u00fc bir \u00fclkede bulunmas\u0131 halinde s\u00f6z konusu olabilir. Ayr\u0131ca, telemetri verileri Microsoft taraf\u0131ndan analiz edilebilir. Bu durumda, \u00fc\u00e7\u00fcnc\u00fc bir \u00fclkeye, \u00f6rne\u011fin ABD&#8217;ye nakil olas\u0131l\u0131\u011f\u0131 g\u00f6z ard\u0131 edilemez. Microsoft, DataPrivacyFramework<a href=\"https:\/\/www.dataprivacyframework.gov\/s\/participant-search\/participant-detail?id=a2zt0000000KzNaAAK&amp;status=Active\" target=\"_blank\" rel=\"noopener\">(https:\/\/www.dataprivacyframework.gov\/s\/participant-search\/participant-detail?id=a2zt0000000KzNaAAK&amp;status=Active)<\/a> taraf\u0131ndan sertifikaland\u0131rma gibi koruma mekanizmalar\u0131na uymaya \u00e7al\u0131\u015fmaktad\u0131r. Daha fazla bilgiye <a href=\"https:\/\/privacy.microsoft.com\/de-de\/privacystatement\" target=\"_blank\" rel=\"noopener\">https:\/\/privacy.microsoft.com\/de-de\/privacystatement<\/a> adresinden ula\u015fabilirsiniz.  <\/p>\n\n\n\n<p>Bununla birlikte, veriler \u0130nternet \u00fczerinden ta\u015f\u0131n\u0131rken \u015fifrelenir ve bu nedenle \u00fc\u00e7\u00fcnc\u00fc taraflar\u0131n yetkisiz eri\u015fimine kar\u015f\u0131 b\u00fcy\u00fck \u00f6l\u00e7\u00fcde korunur.<\/p>\n\n\n\n<p><strong>5. Bir denetim makam\u0131na \u015fikayette bulunma hakk\u0131<\/strong><\/p>\n\n\n\n<p>Ki\u015fisel verilerin taraf\u0131m\u0131zca i\u015flenmesi hakk\u0131nda bir veri koruma denetim makam\u0131na \u015fikayette bulunma hakk\u0131na sahipsiniz. Federal Veri Koruma Komiserli\u011fi&#8217;nin web sitesinde Almanya&#8217;daki veri koruma denetim makamlar\u0131na ili\u015fkin \u00e7evrimi\u00e7i bir genel bak\u0131\u015f bulabilirsiniz.<\/p>\n\n\n\n<figure class=\"wp-block-embed\"><div class=\"wp-block-embed__wrapper\">\nhttps:\/\/www.bfdi.bund.de\/DE\/Service\/Anschriften\/Laender\/Laender-node.html\n<\/div><\/figure>\n\n\n\n<p><strong>6. Microsoft\u00ae Teams\u00ae arac\u0131l\u0131\u011f\u0131yla \u00e7evrimi\u00e7i toplant\u0131lar, konferans g\u00f6r\u00fc\u015fmeleri ve web seminerleri d\u00fczenlemek<\/strong><\/p>\n\n\n\n<p><strong>Veri i\u015flemenin amac\u0131<\/strong><\/p>\n\n\n\n<p>Teams\u00ae arac\u0131n\u0131 telefon konferanslar\u0131, video konferanslar ve\/veya web seminerleri (bundan b\u00f6yle &#8220;video konferanslar&#8221; olarak an\u0131lacakt\u0131r) d\u00fczenlemek i\u00e7in kullan\u0131r\u0131z. Teams\u00ae web sitesine eri\u015firseniz, Teams\u00ae sa\u011flay\u0131c\u0131s\u0131 veri i\u015flemeden sorumludur. Ancak, web sitesine eri\u015fim yaln\u0131zca Teams\u00ae kullan\u0131m\u0131 i\u00e7in yaz\u0131l\u0131m\u0131 indirmek amac\u0131yla Teams\u00ae kullan\u0131m\u0131 i\u00e7in gereklidir.<\/p>\n\n\n\n<p>Microsoft\u00ae Teams\u00ae uygulamas\u0131n\u0131 kullanmak istemiyorsan\u0131z veya kullanam\u0131yorsan\u0131z, Teams\u00ae uygulamas\u0131n\u0131 taray\u0131c\u0131n\u0131z \u00fczerinden de kullanabilirsiniz. Hizmet daha sonra Microsoft web sitesi \u00fczerinden de sa\u011flan\u0131r.<\/p>\n\n\n\n<p><strong>Ki\u015fisel verilerin i\u015flenmesi<\/strong><\/p>\n\n\n\n<p>Microsoft\u00ae Teams\u00ae kullan\u0131l\u0131rken \u00e7e\u015fitli veri t\u00fcrleri i\u015flenir. Verilerin kapsam\u0131, bir video konferansa kat\u0131lmadan \u00f6nce veya kat\u0131l\u0131m s\u0131ras\u0131nda sa\u011flad\u0131\u011f\u0131n\u0131z verilere de ba\u011fl\u0131d\u0131r. Genel olarak a\u015fa\u011f\u0131daki ki\u015fisel veriler i\u015flenmektedir:<\/p>\n\n\n\n<p>&#8211; <strong>Kullan\u0131c\u0131 verileri<\/strong>: \u00f6rn. g\u00f6r\u00fcnen ad, e-posta adresi, profil resmi (iste\u011fe ba\u011fl\u0131), tercih edilen dil<\/p>\n\n\n\n<p>&#8211; <strong>Toplant\u0131 meta verileri<\/strong>: \u00f6rne\u011fin tarih, saat, toplant\u0131 kimli\u011fi, telefon numaralar\u0131, konum<\/p>\n\n\n\n<p>&#8211; <strong>Metin, ses ve video verileri<\/strong>: Bir video konferansta sohbet i\u015flevini kullanma se\u00e7ene\u011finiz olabilir. Bu ba\u011flamda, yapt\u0131\u011f\u0131n\u0131z metin giri\u015fleri video konferanslarda g\u00f6r\u00fcnt\u00fclenmek \u00fczere i\u015flenir. Videonun g\u00f6r\u00fcnt\u00fclenmesini ve sesin oynat\u0131lmas\u0131n\u0131 sa\u011flamak i\u00e7in, son cihaz\u0131n\u0131z\u0131n mikrofonundan ve son cihaz\u0131n herhangi bir video kameras\u0131ndan gelen veriler toplant\u0131 s\u00fcresince uygun \u015fekilde i\u015flenecektir. Teams\u00ae uygulamalar\u0131 arac\u0131l\u0131\u011f\u0131yla kameray\u0131 veya mikrofonu istedi\u011finiz zaman kendiniz kapatabilir veya sessize alabilirsiniz.<\/p>\n\n\n\n<p><strong>\u0130\u015fleme kapsam\u0131<\/strong><\/p>\n\n\n\n<p>Video konferanslar\u0131 kaydetmek istiyorsak, sizi \u00f6nceden \u015feffaf bir \u015fekilde bilgilendirece\u011fiz ve &#8211; gerekirse &#8211; onay\u0131n\u0131z\u0131 isteyece\u011fiz. Bir video konferans\u0131n sonu\u00e7lar\u0131n\u0131 kaydetmek amac\u0131yla gerekli olmas\u0131 halinde, sohbet i\u00e7eri\u011fini kaydedece\u011fiz. Ancak, durum genellikle b\u00f6yle olmayacakt\u0131r. Madde anlam\u0131nda otomatik karar verme. 22 GDPR kullan\u0131lmamaktad\u0131r.<\/p>\n\n\n\n<p><strong>Yasal dayanak<\/strong><\/p>\n\n\n\n<p>Corteco \u00e7al\u0131\u015fanlar\u0131n\u0131n ki\u015fisel verileri i\u015flendi\u011fi s\u00fcrece, yasal dayana\u011f\u0131m\u0131z Madde 6&#8217;d\u0131r. 6 (1) b) i\u015f s\u00f6zle\u015fmesi. Bu ayn\u0131 zamanda, ama\u00e7 CORTECO ile bir i\u015f s\u00f6zle\u015fmesi ba\u015flatmaksa, potansiyel ba\u015fvuru sahipleriyle yap\u0131lan g\u00f6r\u00fc\u015fmeler i\u00e7in de ge\u00e7erlidir. Buna ek olarak, Madde 6. paragraf. 1 f), GDPR, me\u015fru menfaatimiz, veri i\u015fleme i\u00e7in yasal dayanak olabilir. Bu durumda, m\u00fc\u015fteri ve \u00e7al\u0131\u015fan ileti\u015fiminin bir par\u00e7as\u0131 olarak video konferanslar sa\u011flama konusunda me\u015fru bir menfaatimiz bulunmaktad\u0131r. Kat\u0131l\u0131m\u0131n\u0131z veya kullan\u0131m\u0131n\u0131z, Madde 6 uyar\u0131nca g\u00f6n\u00fcll\u00fcl\u00fck esas\u0131na g\u00f6re ger\u00e7ekle\u015fir. 6 para. 1 a) hizmeti harici bir ki\u015fi olarak kullan\u0131yorsan\u0131z.<\/p>\n\n\n\n<p><strong>7. Microsoft Forms\u00ae arac\u0131l\u0131\u011f\u0131yla anketlerin y\u00fcr\u00fct\u00fclmesi<\/strong><\/p>\n\n\n\n<p>Forms\u00ae taraf\u0131ndan toplanan bilgileri \u00fcr\u00fcnlerimizi geli\u015ftirmek, m\u00fc\u015fteri anketleri yapmak ve m\u00fc\u015fteri memnuniyetini art\u0131rmak i\u00e7in kullan\u0131r\u0131z. Anketleri, \u00f6rne\u011fin \u00f6nceden tan\u0131mlanm\u0131\u015f yan\u0131t se\u00e7enekleri arac\u0131l\u0131\u011f\u0131yla anonim ve veri koruma dostu hale getirmeye \u00e7al\u0131\u015f\u0131yoruz.  <\/p>\n\n\n\n<p><strong>Veri i\u015flemenin amac\u0131<\/strong><\/p>\n\n\n\n<p>Forms\u00ae&#8217;u \u00fcr\u00fcnlerimizi geli\u015ftirmek, m\u00fc\u015fteri ve \u00e7al\u0131\u015fan memnuniyetini art\u0131rmak i\u00e7in kullan\u0131yoruz. Microsoft\u00ae Forms\u00ae, Microsoft Corporation&#8217;\u0131n bir hizmetidir. Forms\u00ae&#8217;u \u00e7a\u011f\u0131r\u0131rsan\u0131z, Microsoft veri i\u015flemeden m\u00fc\u015ftereken sorumludur. Forms\u00ae kullan\u0131m\u0131na ili\u015fkin bilgiler <a href=\"https:\/\/www.microsoft.com\/de-de\/servicesagreement\/default.aspx\" target=\"_blank\" rel=\"noopener\">https:\/\/www.microsoft.com\/de-de\/servicesagreement\/default.aspx<\/a> ve <a href=\"https:\/\/support.microsoft.com\/de-de\/office\/sicherheit-und-datenschutz-in-microsoft-forms-7e57f9ba-4aeb-4b1b-9e21-b75318532cd9\" target=\"_blank\" rel=\"noopener\">https:\/\/support.microsoft.com\/de-de\/office\/sicherheit-und-datenschutz-in-microsoft-forms-7e57f9ba-4aeb-4b1b-9e21-b75318532cd9<\/a> adreslerinde bulunabilir.<\/p>\n\n\n\n<p><strong>Ki\u015fisel verilerin i\u015flenmesi<\/strong><\/p>\n\n\n\n<p>Forms\u00ae&#8217;u kulland\u0131\u011f\u0131n\u0131zda \u00e7e\u015fitli veri t\u00fcrleri i\u015flenir. Verilerin kapsam\u0131, di\u011fer \u015feylerin yan\u0131 s\u0131ra, hangi verileri girdi\u011finize ba\u011fl\u0131d\u0131r. Kapsaml\u0131 bir liste olu\u015fturmak m\u00fcmk\u00fcn de\u011fildir, \u00e7\u00fcnk\u00fc \u00f6rne\u011fin a\u00e7\u0131k sorular\u0131 yan\u0131tlad\u0131\u011f\u0131n\u0131zda bize ki\u015fisel veriler g\u00f6ndermeniz her zaman m\u00fcmk\u00fcnd\u00fcr. A\u015fa\u011f\u0131daki ki\u015fisel veriler i\u015flemeye tabidir:<\/p>\n\n\n\n<p>&#8211; <strong>Kullan\u0131c\u0131 verileri<\/strong>: \u00f6rne\u011fin profil bilgileri, e-posta adresi (Corteco&#8217;da dahili kullan\u0131m durumunda)<\/p>\n\n\n\n<p>&#8211; <strong>Kullan\u0131m verileri<\/strong>: \u00f6rne\u011fin giri\u015f tarihi ve saati<\/p>\n\n\n\n<p>&#8211; Yan\u0131t alanlar\u0131ndaki <strong>metin verileri<\/strong>: Bize hangi ki\u015fisel verileri g\u00f6nderece\u011finize siz karar verirsiniz.<\/p>\n\n\n\n<p><strong>\u0130\u015fleme kapsam\u0131<\/strong><\/p>\n\n\n\n<p>M\u00fc\u015fterilerimizden ve \u00e7al\u0131\u015fanlar\u0131m\u0131zdan geri bildirim toplamak i\u00e7in Forms\u00ae kullan\u0131yoruz. Bu, Corteco \u00fcr\u00fcnleri ve hizmetleri hakk\u0131nda veya dahili idari ama\u00e7lar i\u00e7in bilgi olabilir. Madde anlam\u0131nda otomatik karar verme. 22 GDPR kullan\u0131lmamaktad\u0131r.<\/p>\n\n\n\n<p><strong>Yasal dayanak<\/strong><\/p>\n\n\n\n<p>Corteco \u00e7al\u0131\u015fanlar\u0131n\u0131n ki\u015fisel verileri i\u015flendi\u011fi s\u00fcrece, yasal dayana\u011f\u0131m\u0131z Madde 6 (1)&#8217;dir. 6 (1) b) i\u015f s\u00f6zle\u015fmesi. Bu, yukar\u0131da belirtilen idari ama\u00e7lar olabilir. Buna ek olarak, Madde 6. paragraf. 1 f) GDPR, me\u015fru menfaatimiz, veri i\u015fleme i\u00e7in yasal dayanak olabilir. Bu durumlarda, \u00fcr\u00fcn iyile\u015ftirme ve m\u00fc\u015fteri ve \u00e7al\u0131\u015fan memnuniyeti ile ilgileniyoruz. Bu t\u00fcr anketlere kat\u0131l\u0131m\u0131n\u0131z GDPR Madde 6 (1) a) uyar\u0131nca g\u00f6n\u00fcll\u00fcl\u00fck esas\u0131na dayanmaktad\u0131r. 6 (1) a) Hizmeti harici bir ki\u015fi olarak kullan\u0131yorsan\u0131z GDPR.<\/p>\n\n\n\n<p><strong>8. Microsoft\u00ae Bookings\u00ae ve FindTime\u00ae arac\u0131l\u0131\u011f\u0131yla randevu alma<\/strong><\/p>\n\n\n\n<p>M\u00fc\u015fterilere, \u00e7al\u0131\u015fanlara, ba\u015fvuru sahiplerine ve tedarik\u00e7ilere Microsoft\u00ae Bookings\u00ae veya Microsoft FindTime\u00ae arac\u0131l\u0131\u011f\u0131yla randevu planlamas\u0131 sunuyoruz. Bu sayede size y\u00fcz y\u00fcze toplant\u0131lar, video konferanslar, telefon g\u00f6r\u00fc\u015fmeleri veya web seminerleri i\u00e7in randevular sunabiliyoruz.  <\/p>\n\n\n\n<p><strong>Veri i\u015flemenin amac\u0131<\/strong><\/p>\n\n\n\n<p>Etkin randevu ve etkinlik planlamas\u0131 i\u00e7in Bookings\u00ae ve FindTime\u00ae kullan\u0131yoruz. Bookings\u00ae veya FindTime\u00ae&#8217;a \u00e7evrimi\u00e7i olarak eri\u015firseniz, Microsoft\u00ae veri i\u015flemeden m\u00fc\u015ftereken sorumludur. Bookings\u00ae kullan\u0131m\u0131na ili\u015fkin bilgilere https:\/\/learn.microsoft.com\/de-de\/microsoft-365\/bookings\/bookings-faq?view=o365-worldwide adresinden ve FindTime\u00ae kullan\u0131m\u0131na ili\u015fkin bilgilere <a href=\"https:\/\/support.microsoft.com\/de-de\/office\/datenschutz-und-schutz-personenbezogener-daten-in-findtime-7dbbeb41-245c-4573-97ea-50fcb8610cde\" target=\"_blank\" rel=\"noopener\">https:\/\/support.microsoft.com\/de-de\/office\/datenschutz-und-schutz-personenbezogener-daten-in-findtime-7dbbeb41-245c-4573-97ea-50fcb8610cde<\/a> adresinden ula\u015fabilirsiniz.  <\/p>\n\n\n\n<p><strong>Ki\u015fisel verilerin i\u015flenmesi<\/strong><\/p>\n\n\n\n<p>Bookings\u00ae ve FindTime\u00ae kullan\u0131l\u0131rken, \u00f6ncelikle ileti\u015fim ve randevu verileri i\u015flenir. A\u015fa\u011f\u0131daki ki\u015fisel veriler i\u015flenmektedir:<\/p>\n\n\n\n<p>&#8211; <strong>Kullan\u0131c\u0131 verileri: <\/strong>\u00f6rne\u011fin profil bilgileri, e-posta adresi, \u015firket bilgileri<strong><\/strong><\/p>\n\n\n\n<p>&#8211; <strong>Tarih verileri: <\/strong>\u00f6rne\u011fin se\u00e7ilen d\u00f6nem, tarih ve konum, organizat\u00f6r vb. gibi etkinlik verileri.<strong><\/strong><\/p>\n\n\n\n<p><strong>\u0130\u015fleme kapsam\u0131<\/strong><\/p>\n\n\n\n<p>Verimli i\u015fbirli\u011fi ve randevu planlamas\u0131 i\u00e7in Bookings\u00ae ve FindTime\u00ae kullan\u0131yoruz. Madde anlam\u0131nda otomatik karar verme. 22 GDPR kullan\u0131lmamaktad\u0131r.<\/p>\n\n\n\n<p><strong>Yasal dayanak<\/strong><\/p>\n\n\n\n<p>Corteco \u00e7al\u0131\u015fanlar\u0131n\u0131n ki\u015fisel verileri i\u015flendi\u011fi s\u00fcrece, yasal dayana\u011f\u0131m\u0131z Madde 6 (1)&#8217;dir. 6 (1) b) i\u015f s\u00f6zle\u015fmesi. Bu idari ve e\u011fitim ama\u00e7l\u0131 olabilir. Buna ek olarak, Madde 6. paragraf. 1 f) GDPR, me\u015fru menfaatimiz, veri i\u015fleme i\u00e7in yasal dayanak olabilir. Bu durumlarda, s\u00fcre\u00e7leri optimize etmek ve koordinasyonda zaman kazanmakla ilgileniyoruz. Randevu planlamas\u0131na kat\u0131l\u0131m\u0131n\u0131z Madde 6 uyar\u0131nca g\u00f6n\u00fcll\u00fcl\u00fck esas\u0131na dayanmaktad\u0131r. 6 para. 1 a) Hizmeti harici bir ki\u015fi olarak kullan\u0131yorsan\u0131z GDPR.<\/p>\n\n\n\n<p><strong>9. SharedChannels\u00ae arac\u0131l\u0131\u011f\u0131yla misafir eri\u015fimi ba\u011flam\u0131nda i\u015fbirli\u011fi<\/strong><\/p>\n\n\n\n<p>\u00dcr\u00fcn ve ara\u015ft\u0131rma i\u015fbirli\u011fi ba\u011flam\u0131nda i\u015f ortaklar\u0131m\u0131zla, di\u011fer Corteco \u00e7al\u0131\u015fanlar\u0131yla ve di\u011fer hizmet sa\u011flay\u0131c\u0131larla birlikte \u00e7al\u0131\u015f\u0131yoruz. Gerekirse Teams\u00ae gibi sistemlere misafir eri\u015fimi olu\u015fturulabilir.<\/p>\n\n\n\n<p><strong>Veri i\u015flemenin amac\u0131<\/strong><\/p>\n\n\n\n<p>SharedChannels\u00ae, Teams\u00ae&#8217;in bir i\u015flevidir ve bu nedenle Microsoft Corporation&#8217;\u0131n bir hizmetidir. M365 Suite ve entegre uygulamalar\u0131 temelinde verimli i\u015fbirli\u011fi i\u00e7in kullan\u0131l\u0131r. Daha fazla bilgi i\u00e7in: <a href=\"https:\/\/support.microsoft.com\/en-us\/office\/what-is-a-shared-channel-in-microsoft-teams-e70a8c22-fee4-4d6e-986f-9e0781d7d11d\" target=\"_blank\" rel=\"noopener\">https:\/\/support.microsoft.com\/en-us\/office\/what-is-a-shared-channel-in-microsoft-teams-e70a8c22-fee4-4d6e-986f-9e0781d7d11d<\/a> <\/p>\n\n\n\n<p><strong>Ki\u015fisel verilerin i\u015flenmesi<\/strong><\/p>\n\n\n\n<p>SharedChannels\u00ae&#8217;\u0131 kulland\u0131\u011f\u0131n\u0131zda \u00e7e\u015fitli veri t\u00fcrleri i\u015flenir. Verilerin kapsam\u0131, di\u011fer \u015feylerin yan\u0131 s\u0131ra, size hangi haklar\u0131n ve rollerin atand\u0131\u011f\u0131na ba\u011fl\u0131d\u0131r. Kapsaml\u0131 bir liste olu\u015fturmak m\u00fcmk\u00fcn de\u011fildir, \u00e7\u00fcnk\u00fc bu her zaman duruma g\u00f6re de\u011fi\u015fir. Genel olarak a\u015fa\u011f\u0131daki ki\u015fisel veriler i\u015flenmektedir:<\/p>\n\n\n\n<p>&#8211; <strong>Kullan\u0131c\u0131 verileri<\/strong>: \u00f6rne\u011fin profil bilgileri, ileti\u015fim bilgileri<\/p>\n\n\n\n<p>&#8211; <strong>Kullan\u0131m verileri<\/strong>: \u00f6rne\u011fin oturum a\u00e7ma verileri, belgelerde yap\u0131lan de\u011fi\u015fiklikler<\/p>\n\n\n\n<p>&#8211; <strong>Proje verileri<\/strong>: Belgeler, sunumlar, ses ve video verileri (kapsaml\u0131 de\u011fil)<\/p>\n\n\n\n<p><strong>\u0130\u015fleme kapsam\u0131<\/strong><\/p>\n\n\n\n<p>Corteco \u0130\u015f Grubu&#8217;nun ticari faaliyetleri ba\u011flam\u0131nda s\u00f6z konusu i\u015fbirli\u011fi i\u00e7in SharedChannels\u00ae ve Teams\u00ae kullan\u0131yoruz. Madde anlam\u0131nda otomatik karar verme. 22 GDPR kullan\u0131lmamaktad\u0131r.<\/p>\n\n\n\n<p><strong>Yasal<\/strong> dayanak CORTECO \u00e7al\u0131\u015fanlar\u0131n\u0131n ki\u015fisel verileri i\u015flendi\u011fi s\u00fcrece, yasal dayana\u011f\u0131m\u0131z Art. 6 paragraf\u0131d\u0131r. 1 b) GDPR, i\u015f s\u00f6zle\u015fmesi. Buna ek olarak, Madde 6. paragraf. 1 f) GDPR, me\u015fru menfaatimiz, veri i\u015fleme i\u00e7in yasal dayanak olabilir. Bu durumlarda, \u015firketler grubu i\u00e7inde ve m\u00fc\u015fterilerimiz, tedarik\u00e7ilerimiz ve hizmet sa\u011flay\u0131c\u0131lar\u0131m\u0131zla i\u015fbirli\u011fi yapmakla ilgileniyoruz.<\/p>\n<\/div><\/div><\/section>\n","protected":false},"excerpt":{"rendered":"","protected":false},"author":13,"featured_media":0,"parent":0,"menu_order":0,"comment_status":"closed","ping_status":"closed","template":"","meta":{"_acf_changed":false,"footnotes":""},"class_list":["post-6046","page","type-page","status-publish","hentry"],"acf":[],"_links":{"self":[{"href":"https:\/\/www.corteco.com\/tr\/wp-json\/wp\/v2\/pages\/6046","targetHints":{"allow":["GET"]}}],"collection":[{"href":"https:\/\/www.corteco.com\/tr\/wp-json\/wp\/v2\/pages"}],"about":[{"href":"https:\/\/www.corteco.com\/tr\/wp-json\/wp\/v2\/types\/page"}],"author":[{"embeddable":true,"href":"https:\/\/www.corteco.com\/tr\/wp-json\/wp\/v2\/users\/13"}],"replies":[{"embeddable":true,"href":"https:\/\/www.corteco.com\/tr\/wp-json\/wp\/v2\/comments?post=6046"}],"version-history":[{"count":3,"href":"https:\/\/www.corteco.com\/tr\/wp-json\/wp\/v2\/pages\/6046\/revisions"}],"predecessor-version":[{"id":7084,"href":"https:\/\/www.corteco.com\/tr\/wp-json\/wp\/v2\/pages\/6046\/revisions\/7084"}],"wp:attachment":[{"href":"https:\/\/www.corteco.com\/tr\/wp-json\/wp\/v2\/media?parent=6046"}],"curies":[{"name":"wp","href":"https:\/\/api.w.org\/{rel}","templated":true}]}}