{"id":6061,"date":"2024-06-04T16:25:09","date_gmt":"2024-06-04T14:25:09","guid":{"rendered":"https:\/\/www.corteco.com\/talep-onaylandi\/"},"modified":"2024-09-05T14:36:24","modified_gmt":"2024-09-05T12:36:24","slug":"talep-onaylandi","status":"publish","type":"page","link":"https:\/\/www.corteco.com\/tr\/talep-onaylandi\/","title":{"rendered":"Talep onayland\u0131"},"content":{"rendered":"\n<section class=\"wp-block-custom-container alignwide block-content  block-content--spacing-top block-content--spacing-bottom block-content--margin-top\"><style>.block-content{position:relative}.block-content--spacing-top{padding-top:5rem}@media (min-width: 992px){.block-content--spacing-top{padding-top:9rem}}.block-content--spacing-bottom{padding-bottom:5rem}@media (min-width: 992px){.block-content--spacing-bottom{padding-bottom:9rem}}.block-content--margin-top{margin-top:5rem}@media (min-width: 992px){.block-content--margin-top{margin-top:9rem}}.block-content--margin-bottom{margin-bottom:5rem}@media (min-width: 992px){.block-content--margin-bottom{margin-bottom:9rem}}.block-content .container{position:relative;z-index:1}.block-content .container--full{padding:0}.block-content .container-overlay{position:absolute;z-index:0;top:0;right:0;bottom:0;left:0}\n<\/style><div class=\"container container--wide\"><div class=\"container__body\">\n<h1 class=\"wp-block-heading\">Talep onayland\u0131<\/h1>\n<\/div><\/div><\/section>\n\n<section class=\"wp-block-custom-container alignwide block-content  block-content--spacing-bottom block-content--margin-bottom\"><div class=\"container container--wide\"><div class=\"container__body\">\n<p class=\"has-vivid-green-cyan-background-color has-background\">E-posta adresinizi onaylad\u0131\u011f\u0131n\u0131z i\u00e7in te\u015fekk\u00fcr ederiz. Mesaj\u0131n\u0131za m\u00fcmk\u00fcn olan en k\u0131sa s\u00fcrede yan\u0131t verece\u011fiz.<\/p>\n<\/div><\/div><\/section>\n","protected":false},"excerpt":{"rendered":"","protected":false},"author":13,"featured_media":0,"parent":0,"menu_order":0,"comment_status":"closed","ping_status":"closed","template":"","meta":{"_acf_changed":false,"footnotes":""},"class_list":["post-6061","page","type-page","status-publish","hentry"],"acf":[],"_links":{"self":[{"href":"https:\/\/www.corteco.com\/tr\/wp-json\/wp\/v2\/pages\/6061","targetHints":{"allow":["GET"]}}],"collection":[{"href":"https:\/\/www.corteco.com\/tr\/wp-json\/wp\/v2\/pages"}],"about":[{"href":"https:\/\/www.corteco.com\/tr\/wp-json\/wp\/v2\/types\/page"}],"author":[{"embeddable":true,"href":"https:\/\/www.corteco.com\/tr\/wp-json\/wp\/v2\/users\/13"}],"replies":[{"embeddable":true,"href":"https:\/\/www.corteco.com\/tr\/wp-json\/wp\/v2\/comments?post=6061"}],"version-history":[{"count":3,"href":"https:\/\/www.corteco.com\/tr\/wp-json\/wp\/v2\/pages\/6061\/revisions"}],"predecessor-version":[{"id":6679,"href":"https:\/\/www.corteco.com\/tr\/wp-json\/wp\/v2\/pages\/6061\/revisions\/6679"}],"wp:attachment":[{"href":"https:\/\/www.corteco.com\/tr\/wp-json\/wp\/v2\/media?parent=6061"}],"curies":[{"name":"wp","href":"https:\/\/api.w.org\/{rel}","templated":true}]}}