{"id":6065,"date":"2024-06-12T12:04:44","date_gmt":"2024-06-12T10:04:44","guid":{"rendered":"https:\/\/www.corteco.com\/genel-odeme-hukum-ve-kosullari\/"},"modified":"2024-08-22T14:34:09","modified_gmt":"2024-08-22T12:34:09","slug":"genel-odeme-hukum-ve-kosullari","status":"publish","type":"page","link":"https:\/\/www.corteco.com\/tr\/genel-odeme-hukum-ve-kosullari\/","title":{"rendered":"Genel \u00d6deme ve H\u00fck\u00fcm Ko\u015fullar\u0131"},"content":{"rendered":"\n<section class=\"wp-block-custom-container alignwide block-content  block-content--spacing-top block-content--spacing-bottom block-content--margin-top\"><style>.block-content{position:relative}.block-content--spacing-top{padding-top:5rem}@media (min-width: 992px){.block-content--spacing-top{padding-top:9rem}}.block-content--spacing-bottom{padding-bottom:5rem}@media (min-width: 992px){.block-content--spacing-bottom{padding-bottom:9rem}}.block-content--margin-top{margin-top:5rem}@media (min-width: 992px){.block-content--margin-top{margin-top:9rem}}.block-content--margin-bottom{margin-bottom:5rem}@media (min-width: 992px){.block-content--margin-bottom{margin-bottom:9rem}}.block-content .container{position:relative;z-index:1}.block-content .container--full{padding:0}.block-content .container-overlay{position:absolute;z-index:0;top:0;right:0;bottom:0;left:0}\n<\/style><div class=\"container container--wide\"><div class=\"container__body\">\n<h1 class=\"wp-block-heading\"><strong>Genel \u00d6deme ve H\u00fck\u00fcm Ko\u015fullar\u0131<\/strong><\/h1>\n<\/div><\/div><\/section>\n\n<section class=\"wp-block-custom-container alignwide block-content  block-content--spacing-bottom block-content--margin-bottom\"><div class=\"container container--wide\"><div class=\"container__body\">\n<p><\/p>\n\n\n\n<div data-wp-interactive=\"core\/file\" class=\"wp-block-file\"><object data-wp-bind--hidden=\"!state.hasPdfPreview\" hidden class=\"wp-block-file__embed\" data=\"https:\/\/www.corteco.com\/wp-content\/uploads\/2024\/06\/2017_General-Terms-and-Conditions-of-Payment.pdf\" type=\"application\/pdf\" style=\"width:100%;height:600px\" aria-label=\"2017_General-Terms-and-Conditions-of-Payment g\u00f6m\u00fcs\u00fc.\"><\/object><a id=\"wp-block-file--media-cd018b14-3fa6-42c7-b519-a294bade6857\" href=\"https:\/\/www.corteco.com\/wp-content\/uploads\/2024\/06\/2017_General-Terms-and-Conditions-of-Payment.pdf\">2017 &#8211; Genel \u015eartlar ve \u00d6deme Ko\u015fullar\u0131<\/a><a href=\"https:\/\/www.corteco.com\/wp-content\/uploads\/2024\/06\/2017_General-Terms-and-Conditions-of-Payment.pdf\" class=\"wp-block-file__button wp-element-button\" download=\"\" aria-describedby=\"wp-block-file--media-cd018b14-3fa6-42c7-b519-a294bade6857\"><\/a><\/div>\n<\/div><\/div><\/section>\n","protected":false},"excerpt":{"rendered":"","protected":false},"author":13,"featured_media":0,"parent":0,"menu_order":0,"comment_status":"closed","ping_status":"closed","template":"","meta":{"_acf_changed":false,"footnotes":""},"class_list":["post-6065","page","type-page","status-publish","hentry"],"acf":[],"_links":{"self":[{"href":"https:\/\/www.corteco.com\/tr\/wp-json\/wp\/v2\/pages\/6065","targetHints":{"allow":["GET"]}}],"collection":[{"href":"https:\/\/www.corteco.com\/tr\/wp-json\/wp\/v2\/pages"}],"about":[{"href":"https:\/\/www.corteco.com\/tr\/wp-json\/wp\/v2\/types\/page"}],"author":[{"embeddable":true,"href":"https:\/\/www.corteco.com\/tr\/wp-json\/wp\/v2\/users\/13"}],"replies":[{"embeddable":true,"href":"https:\/\/www.corteco.com\/tr\/wp-json\/wp\/v2\/comments?post=6065"}],"version-history":[{"count":7,"href":"https:\/\/www.corteco.com\/tr\/wp-json\/wp\/v2\/pages\/6065\/revisions"}],"predecessor-version":[{"id":6521,"href":"https:\/\/www.corteco.com\/tr\/wp-json\/wp\/v2\/pages\/6065\/revisions\/6521"}],"wp:attachment":[{"href":"https:\/\/www.corteco.com\/tr\/wp-json\/wp\/v2\/media?parent=6065"}],"curies":[{"name":"wp","href":"https:\/\/api.w.org\/{rel}","templated":true}]}}