{"id":6101,"date":"2024-06-12T10:14:06","date_gmt":"2024-06-12T08:14:06","guid":{"rendered":"https:\/\/www.corteco.com\/standart-satin-alma-hukum-ve-kosullari\/"},"modified":"2024-10-31T12:00:00","modified_gmt":"2024-10-31T11:00:00","slug":"standart-satin-alma-hukum-ve-kosullari","status":"publish","type":"page","link":"https:\/\/www.corteco.com\/tr\/standart-satin-alma-hukum-ve-kosullari\/","title":{"rendered":"Standart Sat\u0131n Alma H\u00fck\u00fcm ve Ko\u015fullar\u0131"},"content":{"rendered":"\n<section class=\"wp-block-custom-container alignwide block-content  block-content--spacing-top block-content--spacing-bottom block-content--margin-top\"><style>.block-content{position:relative}.block-content--spacing-top{padding-top:5rem}@media (min-width: 992px){.block-content--spacing-top{padding-top:9rem}}.block-content--spacing-bottom{padding-bottom:5rem}@media (min-width: 992px){.block-content--spacing-bottom{padding-bottom:9rem}}.block-content--margin-top{margin-top:5rem}@media (min-width: 992px){.block-content--margin-top{margin-top:9rem}}.block-content--margin-bottom{margin-bottom:5rem}@media (min-width: 992px){.block-content--margin-bottom{margin-bottom:9rem}}.block-content .container{position:relative;z-index:1}.block-content .container--full{padding:0}.block-content .container-overlay{position:absolute;z-index:0;top:0;right:0;bottom:0;left:0}\n<\/style><div class=\"container container--wide\"><div class=\"container__body\">\n<h1 class=\"wp-block-heading\">Standart Sat\u0131n Alma H\u00fck\u00fcm ve Ko\u015fullar\u0131<\/h1>\n<\/div><\/div><\/section>\n\n<section class=\"wp-block-custom-container alignwide block-content  block-content--spacing-bottom block-content--margin-bottom\"><div class=\"container container--wide\"><div class=\"container__body\">\n<p><\/p>\n\n\n\n<div data-wp-interactive=\"core\/file\" class=\"wp-block-file\"><object data-wp-bind--hidden=\"!state.hasPdfPreview\" hidden class=\"wp-block-file__embed\" data=\"https:\/\/www.corteco.com\/wp-content\/uploads\/2024\/06\/EN_EKB_Corteco_final_Stand_06.2017.pdf\" type=\"application\/pdf\" style=\"width:100%;height:600px\" aria-label=\"Corteco_Conditions_of_Purchase g\u00f6m\u00fcs\u00fc.\"><\/object><a id=\"wp-block-file--media-9e1deaeb-b98d-4954-8a58-0d260293c571\" href=\"https:\/\/www.corteco.com\/wp-content\/uploads\/2024\/06\/EN_EKB_Corteco_final_Stand_06.2017.pdf\">Standart Sat\u0131n Alma ve Ko\u015fullar\u0131<\/a><a href=\"https:\/\/www.corteco.com\/wp-content\/uploads\/2024\/06\/EN_EKB_Corteco_final_Stand_06.2017.pdf\" class=\"wp-block-file__button wp-element-button\" download=\"\" aria-describedby=\"wp-block-file--media-9e1deaeb-b98d-4954-8a58-0d260293c571\"><\/a><\/div>\n<\/div><\/div><\/section>\n","protected":false},"excerpt":{"rendered":"","protected":false},"author":13,"featured_media":0,"parent":0,"menu_order":0,"comment_status":"closed","ping_status":"closed","template":"","meta":{"_acf_changed":false,"footnotes":""},"class_list":["post-6101","page","type-page","status-publish","hentry"],"acf":[],"_links":{"self":[{"href":"https:\/\/www.corteco.com\/tr\/wp-json\/wp\/v2\/pages\/6101","targetHints":{"allow":["GET"]}}],"collection":[{"href":"https:\/\/www.corteco.com\/tr\/wp-json\/wp\/v2\/pages"}],"about":[{"href":"https:\/\/www.corteco.com\/tr\/wp-json\/wp\/v2\/types\/page"}],"author":[{"embeddable":true,"href":"https:\/\/www.corteco.com\/tr\/wp-json\/wp\/v2\/users\/13"}],"replies":[{"embeddable":true,"href":"https:\/\/www.corteco.com\/tr\/wp-json\/wp\/v2\/comments?post=6101"}],"version-history":[{"count":7,"href":"https:\/\/www.corteco.com\/tr\/wp-json\/wp\/v2\/pages\/6101\/revisions"}],"predecessor-version":[{"id":6912,"href":"https:\/\/www.corteco.com\/tr\/wp-json\/wp\/v2\/pages\/6101\/revisions\/6912"}],"wp:attachment":[{"href":"https:\/\/www.corteco.com\/tr\/wp-json\/wp\/v2\/media?parent=6101"}],"curies":[{"name":"wp","href":"https:\/\/api.w.org\/{rel}","templated":true}]}}