{"id":7466,"date":"2025-06-12T14:16:39","date_gmt":"2025-06-12T12:16:39","guid":{"rendered":"https:\/\/www.corteco.com\/?page_id=7466"},"modified":"2025-06-12T14:16:40","modified_gmt":"2025-06-12T12:16:40","slug":"veri-guvenligi-sosyal-medya-2","status":"publish","type":"page","link":"https:\/\/www.corteco.com\/tr\/veri-guvenligi-sosyal-medya-2\/","title":{"rendered":"Veri G\u00fcvenli\u011fi &#8211; Sosyal Medya"},"content":{"rendered":"\n<section class=\"wp-block-custom-container alignwide block-content  block-content--spacing-top block-content--spacing-bottom block-content--margin-top\"><style>.block-content{position:relative}.block-content--spacing-top{padding-top:5rem}@media (min-width: 992px){.block-content--spacing-top{padding-top:9rem}}.block-content--spacing-bottom{padding-bottom:5rem}@media (min-width: 992px){.block-content--spacing-bottom{padding-bottom:9rem}}.block-content--margin-top{margin-top:5rem}@media (min-width: 992px){.block-content--margin-top{margin-top:9rem}}.block-content--margin-bottom{margin-bottom:5rem}@media (min-width: 992px){.block-content--margin-bottom{margin-bottom:9rem}}.block-content .container{position:relative;z-index:1}.block-content .container--full{padding:0}.block-content .container-overlay{position:absolute;z-index:0;top:0;right:0;bottom:0;left:0}\n<\/style><div class=\"container container--wide\"><div class=\"container__body\">\n<h1 class=\"wp-block-heading\"><strong>Sosyal medya varl\u0131klar\u0131 i\u00e7in veri koruma bilgileri<\/strong><\/h1>\n<\/div><\/div><\/section>\n\n<section class=\"wp-block-custom-container alignwide block-content  block-content--spacing-bottom block-content--margin-bottom\"><div class=\"container container--wide\"><div class=\"container__body\">\n<p><strong>1. Veri i\u015fleme ama\u00e7lar\u0131:<\/strong><\/p>\n\n\n\n<p>Kendimizi tan\u0131tmak, bilgi vermek, ilgili kullan\u0131c\u0131larla temasa ge\u00e7mek ve onlarla ileti\u015fim kurmak i\u00e7in \u00e7e\u015fitli sosyal medyada kendi varl\u0131\u011f\u0131m\u0131z var.<\/p>\n\n\n\n<p>Madde uyar\u0131nca kontrol\u00f6r. AB Genel Veri Koruma Y\u00f6netmeli\u011fi&#8217;nin (GDPR) 4 (7) maddesi uyar\u0131nca<\/p>\n\n\n\n<p>Corteco GmbH<br\/>Badener Str. 4<br\/>69493 Hirschberg<br\/>Hirschberg, Almanya<\/p>\n\n\n\n<p>Tel: +49 6201 25964 0<br\/>Faks: +49 6201 25964-11<br\/>E-posta: service@corteco.de<\/p>\n\n\n\n<p>Veri koruma g\u00f6revlimize \u015fu adresten ula\u015fabilirsiniz<\/p>\n\n\n\n<p>legitimis GmbH<br\/>Top 1<br\/>51429 Bergisch Gladbach, Almanya<\/p>\n\n\n\n<p>Telefon numaras\u0131: +49 (0) 2202 28 941-0<br\/>E-posta: datenschutz-corteco@legitimis.com<\/p>\n\n\n\n<p><strong>2. Ki\u015fisel verilerin i\u015flenmesi:<\/strong><\/p>\n\n\n\n<p>Sosyal a\u011flar taraf\u0131ndan veri i\u015fleme<\/p>\n\n\n\n<p>Sosyal a\u011flarda herkesin eri\u015fimine a\u00e7\u0131k profiller bulunduruyoruz. Kulland\u0131\u011f\u0131m\u0131z bireysel sosyal a\u011flar a\u015fa\u011f\u0131da listelenmi\u015ftir.<\/p>\n\n\n\n<p>Facebook, Twitter vb. sosyal a\u011flar, web sitelerini veya entegre sosyal medya i\u00e7eri\u011fine sahip bir web sitesini (\u00f6rn. be\u011fen d\u00fc\u011fmeleri veya reklam banner&#8217;lar\u0131) ziyaret etti\u011finizde genellikle kullan\u0131c\u0131 davran\u0131\u015f\u0131n\u0131z\u0131 kapsaml\u0131 bir \u015fekilde analiz edebilir. Sosyal medya varl\u0131klar\u0131m\u0131z\u0131n ziyaret edilmesi, veri koruma ile ilgili \u00e7ok say\u0131da i\u015fleme faaliyetini tetikler. Ayr\u0131nt\u0131l\u0131 olarak:<\/p>\n\n\n\n<p>Sosyal medya hesab\u0131n\u0131zda oturum a\u00e7t\u0131ysan\u0131z ve sosyal medya varl\u0131\u011f\u0131m\u0131z\u0131 ziyaret ederseniz, sosyal medya portal\u0131n\u0131n operat\u00f6r\u00fc bu ziyareti kullan\u0131c\u0131 hesab\u0131n\u0131za atayabilir. Ancak, oturum a\u00e7mad\u0131\u011f\u0131n\u0131z veya ilgili sosyal medya portal\u0131nda bir hesab\u0131n\u0131z olmad\u0131\u011f\u0131 durumlarda da ki\u015fisel verileriniz toplanabilir. Bu durumda, bu veri toplama i\u015flemi, \u00f6rne\u011fin son cihaz\u0131n\u0131zda depolanan \u00e7erezler arac\u0131l\u0131\u011f\u0131yla veya<\/p>\n\n\n\n<p>IP adresinizi kaydediyor. Bu \u015fekilde toplanan verilerin yard\u0131m\u0131yla, sosyal medya portallar\u0131n\u0131n operat\u00f6rleri, tercihlerinizin ve ilgi alanlar\u0131n\u0131z\u0131n sakland\u0131\u011f\u0131 kullan\u0131c\u0131 profilleri olu\u015fturabilir. Bu \u015fekilde, ilgi alan\u0131na dayal\u0131 reklamlar ilgili sosyal medya varl\u0131\u011f\u0131n\u0131n i\u00e7inde ve d\u0131\u015f\u0131nda size g\u00f6sterilebilir. E\u011fer bir<\/p>\n\n\n\n<p>hesab\u0131n\u0131z varsa, ilgi alan\u0131na dayal\u0131 reklamlar oturum a\u00e7t\u0131\u011f\u0131n\u0131z veya daha \u00f6nce oturum a\u00e7m\u0131\u015f oldu\u011funuz t\u00fcm cihazlarda g\u00f6r\u00fcnt\u00fclenebilir.<\/p>\n\n\n\n<p>Sosyal medya portallar\u0131ndaki t\u00fcm i\u015fleme faaliyetlerini takip edemeyece\u011fimizi de l\u00fctfen unutmay\u0131n. Bu nedenle, sa\u011flay\u0131c\u0131ya ba\u011fl\u0131 olarak, di\u011fer i\u015fleme i\u015flemleri sosyal medya portallar\u0131n\u0131n operat\u00f6rleri taraf\u0131ndan ger\u00e7ekle\u015ftirilebilir. Ayr\u0131nt\u0131lar i\u00e7in l\u00fctfen ilgili sosyal medya portallar\u0131n\u0131n kullan\u0131m ko\u015fullar\u0131na ve veri koruma h\u00fck\u00fcmlerine bak\u0131n.<\/p>\n\n\n\n<p><strong>Yasal dayanak<\/strong><\/p>\n\n\n\n<p>Sosyal medya varl\u0131klar\u0131m\u0131z, internette m\u00fcmk\u00fcn olan en geni\u015f varl\u0131\u011f\u0131 sa\u011flamay\u0131 ama\u00e7lamaktad\u0131r. Bu, Madde 6 anlam\u0131nda me\u015fru bir menfaattir. 6 para. 1 litre. f GDPR. Sosyal a\u011flar taraf\u0131ndan ba\u015flat\u0131lan analiz s\u00fcre\u00e7leri, sosyal a\u011flar\u0131n operat\u00f6rleri taraf\u0131ndan belirtilmesi gereken farkl\u0131 yasal dayanaklara dayanabilir (\u00f6rne\u011fin, GDPR Madde 6 paragraf 1 lit. a anlam\u0131nda r\u0131za).<\/p>\n\n\n\n<p><strong>Denetleyici ve haklar\u0131n ileri s\u00fcr\u00fclmesi<\/strong><\/p>\n\n\n\n<p>Sosyal medya sitelerimizden birini (\u00f6rne\u011fin Facebook) ziyaret ederseniz, bu ziyaret s\u0131ras\u0131nda tetiklenen veri i\u015fleme i\u015flemlerinden sosyal medya platformunun operat\u00f6r\u00fc ile birlikte sorumluyuz. Haklar\u0131n\u0131z\u0131 (bilgi, d\u00fczeltme, silme, i\u015flemenin k\u0131s\u0131tlanmas\u0131, veri ta\u015f\u0131nabilirli\u011fi ve \u015fikayet) hem bize kar\u015f\u0131 hem de ilgili sosyal medya portal\u0131n\u0131n (\u00f6rne\u011fin Facebook) operat\u00f6r\u00fcne kar\u015f\u0131 ileri s\u00fcrebilirsiniz.<\/p>\n\n\n\n<p>Sosyal medya portal\u0131 operat\u00f6rleri ile ortak sorumlulu\u011fumuza ra\u011fmen, sosyal medya portallar\u0131n\u0131n veri i\u015fleme prosed\u00fcrleri \u00fczerinde tam etkiye sahip olmad\u0131\u011f\u0131m\u0131z\u0131 l\u00fctfen unutmay\u0131n. Se\u00e7eneklerimiz b\u00fcy\u00fck \u00f6l\u00e7\u00fcde ilgili sa\u011flay\u0131c\u0131n\u0131n \u015firket politikas\u0131na ba\u011fl\u0131d\u0131r.<\/p>\n\n\n\n<p><strong>Depolama s\u00fcresi<\/strong><\/p>\n\n\n\n<p>Sosyal medya varl\u0131\u011f\u0131 arac\u0131l\u0131\u011f\u0131yla do\u011frudan taraf\u0131m\u0131zdan toplanan veriler, saklama amac\u0131 art\u0131k ge\u00e7erli olmad\u0131\u011f\u0131nda, silmemizi talep etti\u011finizde, saklama izninizi iptal etti\u011finizde veya veri saklama amac\u0131 art\u0131k ge\u00e7erli olmad\u0131\u011f\u0131nda sistemlerimizden silinecektir. Saklanan \u00e7erezler, siz onlar\u0131 silene kadar son cihaz\u0131n\u0131zda kal\u0131r. Zorunlu yasal h\u00fck\u00fcmler &#8211; \u00f6zellikle saklama s\u00fcreleri &#8211; etkilenmeden kal\u0131r.<\/p>\n\n\n\n<p>Sosyal a\u011f operat\u00f6rleri taraf\u0131ndan kendi ama\u00e7lar\u0131 i\u00e7in saklanan verilerinizin saklama s\u00fcresi \u00fczerinde hi\u00e7bir etkimiz yoktur. Ayr\u0131nt\u0131lar i\u00e7in l\u00fctfen do\u011frudan sosyal a\u011flar\u0131n operat\u00f6rleriyle ileti\u015fime ge\u00e7in (\u00f6rne\u011fin, gizlilik politikalar\u0131nda, a\u015fa\u011f\u0131ya bak\u0131n).<\/p>\n\n\n\n<p><strong>3. Bir bak\u0131\u015fta g\u00f6r\u00fcn\u00fc\u015f\u00fcm\u00fcz:<\/strong><\/p>\n\n\n\n<p>Facebook<\/p>\n\n\n\n<p>Facebook&#8217;ta bir profilimiz var. Bu hizmetin sa\u011flay\u0131c\u0131s\u0131 Meta Platforms Ireland Limited, Merrion Road, Dublin 4, D04 X2K5, \u0130rlanda&#8217;d\u0131r. Facebook&#8217;a g\u00f6re, toplanan veriler ABD ve di\u011fer \u00fc\u00e7\u00fcnc\u00fc \u00fclkelere de aktar\u0131lmaktad\u0131r.<\/p>\n\n\n\n<p>Reklam ayarlar\u0131n\u0131z\u0131 kullan\u0131c\u0131 hesab\u0131n\u0131zdan kendiniz \u00f6zelle\u015ftirebilirsiniz. Bunu yapmak i\u00e7in a\u015fa\u011f\u0131daki ba\u011flant\u0131ya t\u0131klay\u0131n ve giri\u015f yap\u0131n:<\/p>\n\n\n\n<figure class=\"wp-block-embed\"><div class=\"wp-block-embed__wrapper\">\nhttps:\/\/www.facebook.com\/settings?tab=ads.\n<\/div><\/figure>\n\n\n\n<p>Ayr\u0131nt\u0131lar Facebook&#8217;un gizlilik politikas\u0131nda bulunabilir:<\/p>\n\n\n\n<figure class=\"wp-block-embed\"><div class=\"wp-block-embed__wrapper\">\nhttps:\/\/www.facebook.com\/about\/privacy\/.\n<\/div><\/figure>\n\n\n\n<p>WhatsApp<\/p>\n\n\n\n<p>M\u00fc\u015fterilerimize at\u00f6lye hizmetinin bir par\u00e7as\u0131 olarak WhatsApp ile ileti\u015fim sunuyoruz. Sa\u011flay\u0131c\u0131 WhatsApp Ireland Limited, Merrion Road, Dublin 4, D04 X2K5, \u0130rlanda&#8217;d\u0131r.<\/p>\n\n\n\n<p>Ki\u015fisel verilerinizi nas\u0131l i\u015fledikleri hakk\u0131nda ayr\u0131nt\u0131l\u0131 bilgi i\u00e7in l\u00fctfen<\/p>\n\n\n\n<p>WhatsApp&#8217;\u0131n gizlilik politikas\u0131, \u00f6zellikle WhatsApp&#8217;\u0131n ticari operasyonlar\u0131 i\u00e7in, burada bulunabilir: https:\/\/faq.whatsapp.com\/487873433380321 ve https:\/\/www.whatsapp.com\/legal.<\/p>\n\n\n\n<p>LinkedIn<\/p>\n\n\n\n<p>LinkedIn&#8217;de bir profilimiz var. Sa\u011flay\u0131c\u0131 LinkedIn Ireland Unlimited Company, Wilton Plaza, Wilton Place, Dublin 2, \u0130rlanda&#8217;d\u0131r. LinkedIn reklam \u00e7erezleri kullan\u0131r. LinkedIn reklam \u00e7erezlerini devre d\u0131\u015f\u0131 b\u0131rakmak isterseniz, l\u00fctfen a\u015fa\u011f\u0131daki ba\u011flant\u0131y\u0131 kullan\u0131n<\/p>\n\n\n\n<figure class=\"wp-block-embed\"><div class=\"wp-block-embed__wrapper\">\nhttps:\/\/www.linkedin.com\/psettings\/guest-controls\/retargeting-opt-out.\n<\/div><\/figure>\n\n\n\n<p>Ki\u015fisel verilerinizi nas\u0131l i\u015flediklerine ili\u015fkin ayr\u0131nt\u0131lar\u0131 LinkedIn&#8217;in gizlilik politikas\u0131nda bulabilirsiniz: https:\/\/www.linkedin.com\/legal\/privacy-policy.<\/p>\n\n\n\n<p>Instagram<\/p>\n\n\n\n<p>Instagram&#8217;da bir profilimiz var. Sa\u011flay\u0131c\u0131 Meta Platforms Ireland Limited, Merrion Road, Dublin 4, D04 X2K5, \u0130rlanda&#8217;d\u0131r.<\/p>\n\n\n\n<p>Ki\u015fisel verilerinizi nas\u0131l i\u015fledikleri hakk\u0131nda ayr\u0131nt\u0131l\u0131 bilgi i\u00e7in l\u00fctfen LinkedIn&#8217;in gizlilik politikas\u0131na bak\u0131n: https:\/\/help.instagram.com\/155833707900388<\/p>\n\n\n\n<p>XING<\/p>\n\n\n\n<p>XING&#8217;de bir profilimiz var. Sa\u011flay\u0131c\u0131 New Work SE, Dammtorstra\u00dfe 30, 20354 Hamburg, Almanya&#8217;d\u0131r.<\/p>\n\n\n\n<p>Ki\u015fisel verilerinizi nas\u0131l i\u015flediklerine ili\u015fkin ayr\u0131nt\u0131lar\u0131 XING&#8217;in gizlilik politikas\u0131nda bulabilirsiniz: https:\/\/privacy.xing.com\/de\/datenschutzerklaerung.<\/p>\n\n\n\n<p>YouTube<\/p>\n\n\n\n<p>YouTube&#8217;da bir kanal\u0131m\u0131z var. Sa\u011flay\u0131c\u0131 Google Ireland Limited, Gordon House, 4 Barrow St, Dublin, D04 E5W5, \u0130rlanda&#8217;d\u0131r<\/p>\n\n\n\n<p>Ki\u015fisel verilerinizi nas\u0131l i\u015flediklerine ili\u015fkin ayr\u0131nt\u0131lar\u0131 https:\/\/policies.google.com\/privacy?hl=de&amp;gl=de#infocollect adresindeki gizlilik politikas\u0131nda bulabilirsiniz.<\/p>\n<\/div><\/div><\/section>\n","protected":false},"excerpt":{"rendered":"","protected":false},"author":16,"featured_media":0,"parent":0,"menu_order":0,"comment_status":"closed","ping_status":"closed","template":"","meta":{"_acf_changed":false,"footnotes":""},"class_list":["post-7466","page","type-page","status-publish","hentry"],"acf":[],"_links":{"self":[{"href":"https:\/\/www.corteco.com\/tr\/wp-json\/wp\/v2\/pages\/7466","targetHints":{"allow":["GET"]}}],"collection":[{"href":"https:\/\/www.corteco.com\/tr\/wp-json\/wp\/v2\/pages"}],"about":[{"href":"https:\/\/www.corteco.com\/tr\/wp-json\/wp\/v2\/types\/page"}],"author":[{"embeddable":true,"href":"https:\/\/www.corteco.com\/tr\/wp-json\/wp\/v2\/users\/16"}],"replies":[{"embeddable":true,"href":"https:\/\/www.corteco.com\/tr\/wp-json\/wp\/v2\/comments?post=7466"}],"version-history":[{"count":1,"href":"https:\/\/www.corteco.com\/tr\/wp-json\/wp\/v2\/pages\/7466\/revisions"}],"predecessor-version":[{"id":7479,"href":"https:\/\/www.corteco.com\/tr\/wp-json\/wp\/v2\/pages\/7466\/revisions\/7479"}],"wp:attachment":[{"href":"https:\/\/www.corteco.com\/tr\/wp-json\/wp\/v2\/media?parent=7466"}],"curies":[{"name":"wp","href":"https:\/\/api.w.org\/{rel}","templated":true}]}}